{"id":16,"date":"2019-11-12T08:31:20","date_gmt":"2019-11-12T08:31:20","guid":{"rendered":"https:\/\/mutti-parma.com\/se\/?page_id=16"},"modified":"2024-02-27T08:08:43","modified_gmt":"2024-02-27T08:08:43","slug":"integritetspolicy","status":"publish","type":"page","link":"https:\/\/mutti-parma.com\/se\/integritetspolicy\/","title":{"rendered":"Integritetespolicy"},"content":{"rendered":"\n<h1 class=\"wp-block-heading\"><strong>INTEGRITETSPOLICY ENLIGT ALLM\u00c4NNA UPPGIFTSSKYDDSF\u00d6RORDNINGEN (GDPR) (EU) 2016\/679<\/strong><\/h1>\n\n\n\n<p>I enlighet med EU-f\u00f6rordning 679\/2016 (nedan kallad \u201d<strong>GDPR<\/strong>\u201d) och till\u00e4mplig lagstiftning, inklusive nationell lagstiftning, om skydd av personuppgifter (nedan kallad \u201d<strong>Integritetsf\u00f6rordning<\/strong>\u201d), informerar vi dig h\u00e4rmed om att personuppgifter (nedan kallade \u201d<strong>Uppgifter<\/strong>\u201d) som r\u00f6r anv\u00e4ndare av den h\u00e4r webbplatsen (nedan kallade \u201d<strong>Anv\u00e4ndare<\/strong>\u201d) kommer att behandlas p\u00e5 f\u00f6ljande s\u00e4tt och f\u00f6r f\u00f6ljande \u00e4ndam\u00e5l.<\/p>\n\n\n\n<p>Med behandling av personuppgifter avses varje \u00e5tg\u00e4rd eller \u00e5tg\u00e4rdsserie som vidtas i n\u00e4r det g\u00e4ller personuppgifter eller personuppgiftsupps\u00e4ttningar, oavsett om de lagras i en databas eller inte, oavsett om det sker automatiskt eller inte, som insamling, registrering, organisering, strukturering, lagring, bearbetning eller \u00e4ndring, h\u00e4mtning, l\u00e4sning, anv\u00e4ndning, utl\u00e4mning genom \u00f6verf\u00f6ring, spridning eller annat tillhandah\u00e5llande, justering eller sammanl\u00e4nkning, begr\u00e4nsning, radering eller f\u00f6rst\u00f6ring.<\/p>\n\n\n\n<p>I enlighet med reglerna i GDPR, kommer behandling som utf\u00f6rs av personuppgiftsansvarig att baseras p\u00e5 principerna om laglighet, r\u00e4ttvisa, \u00f6ppenhet och konfidentialitetsskydd.<\/p>\n\n\n\n<h4 class=\"wp-block-heading\"><strong>1. PERSONUPPGIFTSANSVARIGA<\/strong><\/h4>\n\n\n\n<ul class=\"wp-block-list\">\n<li>Mutti S.p.A.\u00a0 (med huvudkontro p\u00e5 Montechiarugolo, Via Traversetolo n. 28 (PR &#8211; 43022), momsregistreringsnummer 02758310342, telefon +39 (0521) 652511, fax +39 (0521) 652596, e-post\u00a0<a href=\"mailto:muttispa@muttispa.it\">muttispa@muttispa.it<\/a> och &#8221;Mutti Nordics&#8221;, med s\u00e4te p\u00e5 STOCKHOLM, CONVENDUM VASAGATAN 16 (111 20 ) P.IVA. SE559188233601, telephone +46730789969\u00e4r sj\u00e4lvst\u00e4ndiga registeransvariga f\u00f6r de uppgifter som samlas in via den h\u00e4r webbplatsen;<\/li>\n\n\n\n<li>Exklusivt i f\u00f6rh\u00e5llande till Facebook Business Tools (t.ex. knappen &#8221;Dela&#8221; eller Facebook Insight f\u00f6r omdirigering till Facebook-sidan fr\u00e5n Muttis webbplats) och Facebook Pixels, Mutti S.p.a., Mutti Nordics och Meta Platforms Ireland Ltd., med huvuskontor p\u00e5 4 Grand Canal Square, Grand Canal Harbour, Dublin 2, Irland fungerar som autonoma registeransvariga, f\u00f6r att m\u00e4ta niv\u00e5n av interaktion mellan webbplatserna som bes\u00f6ks enligt de ber\u00f6rda parternas preferenser och tillhandah\u00e5lla riktad reklam inom det sociala n\u00e4tverket. P\u00e5 l\u00e4nkarna nedan finns ytterligare information om hur uppgifter behandlas av Facebook, Instagram, Messenger och andra produkter och funktioner som erbjuds av Meta Platforms Ireland Limited (<a href=\"https:\/\/www.facebook.com\/help\/1561485474074139?ref=dp\">Metaprodukter<\/a>\u00a0eller produkter). Anv\u00e4ndaren kan hitta ytterligare verktyg och information i\u00a0<a href=\"https:\/\/www.facebook.com\/settings\">Facebook-inst\u00e4llningarna<\/a>\u00a0och i\u00a0<a href=\"https:\/\/www.instagram.com\/accounts\/privacy_and_security\/\">Instagram-inst\u00e4llningarna<\/a>inklusiveden \u00a0r\u00e4ttsliga grund som Meta Platforms Ireland Ltd. med huvudkontor p\u00e5 4 Grand Canal Square Grand Canal Harbour Dublin 2 Irland h\u00e4nvisar till och hur du ut\u00f6var dina r\u00e4ttigheter.<\/li>\n<\/ul>\n\n\n\n<h4 class=\"wp-block-heading\"><strong>2. UPPGIFTSTYPER SOM BEHANDLAS<\/strong><\/h4>\n\n\n\n<p>F\u00f6ljande uppgifter behandlas:<\/p>\n\n\n\n<ul class=\"wp-block-list\">\n<li><strong>Navigeringsuppgifter<\/strong>: s\u00e5som IP-adresser eller dom\u00e4nnamn p\u00e5 datorer som anv\u00e4nds av anv\u00e4ndare som ansluter till webbplatsen, URI (Uniform Resource Identifier) notationsadresser f\u00f6r beg\u00e4rda resurser, vars \u00f6verf\u00f6ring \u00e4r implicit vid anv\u00e4ndningen av internetkommunikationsprotokoll. Den h\u00e4r informationen samlas inte in f\u00f6r att associeras med identifierade anv\u00e4ndare men genom sin natur kan den, genom bearbetning och association med uppgifter som innehas av tredje part, g\u00f6ra det m\u00f6jligt att identifiera anv\u00e4ndare. De h\u00e4r uppgifterna anv\u00e4nds endast i syfte att erh\u00e5lla anonym statistisk information om anv\u00e4ndningen av webbplatsen och f\u00f6r att kontrollera att den fungerar korrekt och raderas omedelbart efter behandlingen. Uppgifterna skulle kunna anv\u00e4ndas f\u00f6r att fastst\u00e4lla ansvar i h\u00e4ndelse av hypotetiska dataintr\u00e5ng mot webbplatsen: i det h\u00e4r syftet skulle uppgifter om webbkontakter kunna lagras i enlighet med och begr\u00e4nsat till det h\u00e4r syftet. Fr\u00e5n IP-adressen och dom\u00e4nnamnet f\u00f6r de datorer som anv\u00e4nds kommer det att vara m\u00f6jligt, begr\u00e4nsat till syftet att fastst\u00e4lla ansvar, att sp\u00e5ra ytterligare identifieringsuppgifter f\u00f6r anv\u00e4ndaren (i synnerhet namn, efternamn, e-postadress &#8230;);<\/li>\n\n\n\n<li><strong>Uppgifter som anv\u00e4ndaren tillhandah\u00e5ller frivilligt<\/strong>: s\u00e5som identifieringsuppgifter, namn, efternamn, e-post, telefonnummer, bostadsadress eller hemvist etc.; alla andra uppgifter som tillhandah\u00e5lls, till exempel vid registrering p\u00e5 webbplatsen i relevant avsnitt, eller n\u00e4r du fyller i eventuella datainsamlingsformul\u00e4r p\u00e5 webbplatsen, eller vid k\u00f6p av Mutti-produkter eller prenumeration p\u00e5 specifika tj\u00e4nster, s\u00e5som nyhetsbrevstj\u00e4nsten eller f\u00f6r utf\u00e4rdande av rabattkuponger p\u00e5 Mutti-produkter eller kontakt med kundtj\u00e4nsten. F\u00f6r avsnittet &#8221;Arbeta med oss&#8221; p\u00e5 webbplatsen uppmanar Mutti dig att l\u00e4sa den specifika informationen om behandlingen av s\u00e5dana uppgifter;<\/li>\n\n\n\n<li><strong>Uppgifter som samlas in via cookies<\/strong>: information om cookies p\u00e5 Muttis webbplats och andra sp\u00e5rningsverktyg finns i Cookiepolicyn [l\u00e4nk till Cookiepolicyn]. Interaktioner med webbplatser som bes\u00f6ks av ber\u00f6rda parter genom anv\u00e4ndning av Facebook Business Tools inneb\u00e4r att uppgifter som r\u00f6r surfning ocks\u00e5 behandlas av Facebook, som agerar som en sj\u00e4lvst\u00e4ndig \u00e4gare som Mutti.<\/li>\n<\/ul>\n\n\n\n<h4 class=\"wp-block-heading\"><strong>3. MINDER\u00c5RIGA<\/strong><\/h4>\n\n\n\n<p>Den h\u00e4r webbplatsen och anv\u00e4ndartj\u00e4nsterna \u00e4r inte avsedda f\u00f6r barn under 16 \u00e5r och personuppgiftsansvarig samlar inte medvetet in personuppgifter fr\u00e5n barn. Om information om minder\u00e5riga oavsiktligt registreras, kommer personuppgiftsansvarig att omedelbart radera den p\u00e5 anv\u00e4ndarnas beg\u00e4ran. Att skydda barns s\u00e4kerhet och integritet \u00e4r mycket viktigt f\u00f6r oss. Genom att registrera sig p\u00e5 webbplatsen i l\u00e4mpligt avsnitt, samt genom att fylla i eventuella formul\u00e4r f\u00f6r insamling av uppgifter p\u00e5 webbplatsen eller genom att beg\u00e4ra leverans\/registrering f\u00f6r nyhetsbrevstj\u00e4nsten, bekr\u00e4ftar och f\u00f6rklarar den ber\u00f6rda personen att han\/hon \u00e4r minst 16 \u00e5r gammal eller, under alla omst\u00e4ndigheter, att han\/hon inte \u00e4r yngre \u00e4n den \u00e5lder som anges i lagstiftningen i hans\/hennes bos\u00e4ttningsland som f\u00f6reskriver andra \u00e5ldersgr\u00e4nser.<\/p>\n\n\n\n<h4 class=\"wp-block-heading\"><strong>4. \u00c4NDAM\u00c5L MED BEHANDLINGEN<\/strong><\/h4>\n\n\n\n<p>Personuppgifter som l\u00e4mnas av Registrerade via Webbplatsen samlas in och behandlas av de Personuppgiftsansvarig f\u00f6r f\u00f6ljande \u00e4ndam\u00e5l och r\u00e4ttsliga grunder:<\/p>\n\n\n\n<p><strong>A. utan f\u00f6reg\u00e5ende samtycke f\u00f6r service\u00e4ndam\u00e5l och i synnerhet f\u00f6r:<\/strong><\/p>\n\n\n\n<p>1. Fullg\u00f6randet av avtalet och\/eller \u00e5taganden f\u00f6re avtalets ing\u00e5ende, i synnerhet:<\/p>\n\n\n\n<ul class=\"wp-block-list\">\n<li>deltagande i evenemang\/t\u00e4vlingar som regleras av s\u00e4rskilda best\u00e4mmelser eller allm\u00e4nna villkor som kommer att l\u00e4ggas fram f\u00f6r godk\u00e4nnande;<\/li>\n\n\n\n<li>teknisk telefonassistans till den ber\u00f6rda personen f\u00f6r kritiska fr\u00e5gor som uppst\u00e5r i samband med anv\u00e4ndningen av webbplatsen (t.ex. visning av inneh\u00e5ll, anv\u00e4ndning av webbplatsen och vissa av dess funktioner);\u00a0<\/li>\n\n\n\n<li>hantering av en kontaktf\u00f6rfr\u00e5gan fr\u00e5n den registrerade;<\/li>\n<\/ul>\n\n\n\n<p>2. Innehavarnas uppfyllande av r\u00e4ttsliga skyldigheter, t.ex:<\/p>\n\n\n\n<ul class=\"wp-block-list\">\n<li>efterlevnad av skyldigheter som fastst\u00e4lls i lagar, f\u00f6rordningar eller nationell lagstiftning och EU-lagstiftning eller som \u00e5l\u00e4ggs av de beh\u00f6riga myndigheterna;<\/li>\n<\/ul>\n\n\n\n<p>3. F\u00f6r att tillgodose ett ber\u00e4ttigat intresse hos innehavarna, t.ex:<\/p>\n\n\n\n<ul class=\"wp-block-list\">\n<li>Drift och underh\u00e5ll av webbplatsen: Innehavarnas intresse ligger i ett f\u00f6retags allm\u00e4nna intresse att s\u00e4kerst\u00e4lla driften av f\u00f6retaget, inklusive genom driften av webbplatsen och antagandet av m\u00f6jliga effektivitetsvinster f\u00f6r tj\u00e4nsten som erbjuds;<\/li>\n\n\n\n<li>f\u00f6rebygga eller uppt\u00e4cka bedr\u00e4glig verksamhet eller missbruk som skadar webbplatsen, samt ut\u00f6va och skydda anv\u00e4ndarnas r\u00e4ttigheter i r\u00e4ttsliga f\u00f6rfaranden och tvistehantering i anv\u00e4ndarnas intresse \u00e4r det allm\u00e4nna, verkliga och aktuella intresset av att inte lida skada till f\u00f6ljd av andras olagliga beteende, som s\u00e5dant \u00f6verordnat den ber\u00f6rda individens intressen.<\/li>\n<\/ul>\n\n\n\n<p><strong>B. endast med f\u00f6rhandsgodk\u00e4nnande f\u00f6r:<\/strong><\/p>\n\n\n\n<p>1. Marknadsf\u00f6rings\u00e4ndam\u00e5l, i synnerhet f\u00f6r:<\/p>\n\n\n\n<ul class=\"wp-block-list\">\n<li>skicka kommersiella meddelanden och reklam om produkter, tj\u00e4nster, s\u00e4rskilda initiativ och inbjudningar till evenemang via nyhetsbrev och\/eller automatiserade verktyg (e-post, sociala medier, sociala chattar osv.);<\/li>\n\n\n\n<li>registrering av tj\u00e4nster och funktioner som erbjuds den enskilda anv\u00e4ndaren av webbplatsen;<\/li>\n<\/ul>\n\n\n\n<p>2. Syftet med att anv\u00e4nda Facebook-verktyg f\u00f6r att m\u00e4ta och analysera interaktioner med webbsidor som bes\u00f6ks av registrerade och tillhandah\u00e5lla riktad reklam p\u00e5 det sociala n\u00e4tverket Facebook, i synnerhet:<\/p>\n\n\n\n<ul class=\"wp-block-list\">\n<li>personuppgiftsansvarig och Facebook Ireland Limited kommer, i egenskap av sj\u00e4lvst\u00e4ndigt personuppgiftsansvariga enligt beskrivningen i avsnitt 1), att behandla uppgifter som r\u00f6r interaktionen med webbplatser som bes\u00f6ks av de registrerade genom anv\u00e4ndning av Facebooks aff\u00e4rsverktyg (t.ex. Facebook-cookies, Insight och Pixel). Mer information om hur Meta Platforms Ireland Ltd. behandlar uppgifterna, inklusive den r\u00e4ttsliga grund p\u00e5 vilken Meta Platforms Ireland Ltd. h\u00e4nvisar till och om hur du ut\u00f6var dina r\u00e4ttigheter gentemot Meta Platforms Ireland Ltd.finns i Facebook Irelands uppgiftspolicy p\u00e5 https:\/\/www.facebook.com\/privacy\/explanation;<\/li>\n\n\n\n<li>I synnerhet anv\u00e4nder personuppgiftsansvarig webbplatsens s\u00e5 kallade social plug-ins. Social Plug-ins \u00e4r specialverktyg som g\u00f6r det m\u00f6jligt att integrera funktioner f\u00f6r sociala n\u00e4tverk direkt p\u00e5 webbplatsen (t.ex. &#8221;Dela&#8221;-knappen eller Facebook-ikonen f\u00f6r att omdirigera till Facebook-sidan fr\u00e5n Muttis webbplats). Alla sociala plug-ins p\u00e5 webbplatsen \u00e4r m\u00e4rkta med respektive logotyp som \u00e4gs av den sociala n\u00e4tverksplattformen. Insamling och anv\u00e4ndning av information som erh\u00e5llits med hj\u00e4lp av plug-in regleras av de sociala n\u00e4tverkens respektive integritetspolicyer, till vilka du h\u00e4nvisas.<\/li>\n<\/ul>\n\n\n\n<p>N\u00e4r du bes\u00f6ker en sida p\u00e5 v\u00e5r webbplats och anv\u00e4nder plug-in (t.ex. genom att klicka p\u00e5 knappen &#8221;Dela&#8221; eller Facebook-ikonen f\u00f6r att omdirigera till Facebook-sidan fr\u00e5n Muttis webbplats) eller l\u00e4mnar en kommentar, \u00f6verf\u00f6rs motsvarande information fr\u00e5n din webbl\u00e4sare direkt till den sociala n\u00e4tverksplattformen (i det h\u00e4r fallet Facebook) och lagras d\u00e4r. Mer information om hur Meta Platforms Ireland Ltd. behandlar uppgifterna, inklusive den r\u00e4ttsliga grund p\u00e5 vilken Meta Platforms Ireland Ltd. h\u00e4nvisar till och om hur du ut\u00f6var dina r\u00e4ttigheter gentemot Meta Platforms Ireland Ltd.finns i uppgiftspolicyn f\u00f6r Meta Platforms Ireland Ltd. p\u00e5 https:\/\/www.facebook.com\/privacy\/explanation<\/p>\n\n\n\n<h4 class=\"wp-block-heading\"><strong>5. BIFOGENHETSTYP<\/strong><\/h4>\n\n\n\n<p>Tillhandah\u00e5llandet av uppgifter f\u00f6r de \u00e4ndam\u00e5l som anges i punkt A \u00e4r obligatoriskt och en v\u00e4gran att tillhandah\u00e5lla s\u00e5dana uppgifter kommer att g\u00f6ra det om\u00f6jligt f\u00f6r personuppgiftsansvarig att uppfylla de avtalsenliga \u00e5taganden som gjorts, eller att uppfylla anv\u00e4ndarens \u00f6nskem\u00e5l, eller att uppfylla sina r\u00e4ttsliga skyldigheter. N\u00e4r det g\u00e4ller de \u00e4ndam\u00e5l som avses i B.1) \u00e4r tillhandah\u00e5llandet av personuppgifter frivilligt och dess anv\u00e4ndning \u00e4r villkorad av den registrerades uttryckliga samtycke. En v\u00e4gran att ge samtycke har ingen annan effekt \u00e4n att det inte g\u00e5r att informera de registrerade om initiativ fr\u00e5n f\u00f6retaget som kan vara av intresse f\u00f6r dem. N\u00e4r det d\u00e4remot g\u00e4ller de \u00e4ndam\u00e5l som avses i B.2) \u00e4r tillhandah\u00e5llandet av personuppgifter frivilligt och deras anv\u00e4ndning \u00e4r f\u00f6rem\u00e5l f\u00f6r frivillig interaktion med den sociala plugin-modulen av den registrerade. Underl\u00e5tenhet att interagera medf\u00f6r inga konsekvenser och den registrerade kan forts\u00e4tta att surfa p\u00e5 webbplatsen utan att interagera direkt med den sociala n\u00e4tverksplattformen.<\/p>\n\n\n\n<h4 class=\"wp-block-heading\"><strong>6. BEHANDLINGSMETODER<\/strong><\/h4>\n\n\n\n<p>Behandlingen av anv\u00e4ndarnas uppgifter sker &#8211; p\u00e5 elektronisk v\u00e4g &#8211; genom insamling, registrering, uppdatering, organisation, lagring, samr\u00e5d, bearbetning, urval, utvinning, j\u00e4mf\u00f6relse, anv\u00e4ndning, sammankoppling, blockering, radering och f\u00f6rst\u00f6ring av uppgifter. Uppgifterna ska behandlas av f\u00f6retaget och dess anst\u00e4llda med hj\u00e4lp av datoriserade (och manuella) system i enlighet med principerna om r\u00e4ttvisa, lojalitet och \u00f6ppenhet i den till\u00e4mpliga lagstiftningen om uppgiftsskydd, och den registrerades konfidentialitet och r\u00e4ttigheter ska skyddas genom att l\u00e4mpliga tekniska och organisatoriska \u00e5tg\u00e4rder vidtas f\u00f6r att s\u00e4kerst\u00e4lla en s\u00e4kerhetsniv\u00e5 som \u00e4r l\u00e4mplig i f\u00f6rh\u00e5llande till risken. S\u00e4rskilda s\u00e4kerhets\u00e5tg\u00e4rder vidtas f\u00f6r att f\u00f6rhindra f\u00f6rlust av uppgifter, olaglig eller felaktig anv\u00e4ndning och obeh\u00f6rig \u00e5tkomst.&nbsp;<\/p>\n\n\n\n<h4 class=\"wp-block-heading\"><strong>7. UPPGIFTSLAGRING<\/strong><\/h4>\n\n\n\n<p>Med h\u00e4nvisning till de syften som anges under A) i punkt. 4 (behandlings\u00e4ndam\u00e5l), kommer uppgifterna att behandlas under hela tiden som f\u00f6rh\u00e5llandet varar f\u00f6r att uppn\u00e5 de ovan n\u00e4mnda \u00e4ndam\u00e5len och under alla omst\u00e4ndigheter inte l\u00e4ngre \u00e4n 10 \u00e5r fr\u00e5n genomf\u00f6randet av avtalet, om ett avtal har ing\u00e5tts. Navigationsuppgifterna kommer att behandlas och lagras i 7 dagar. Personuppgifterna som kr\u00e4vs f\u00f6r att uppfylla eventuella r\u00e4ttsliga skyldigheter kommer ocks\u00e5 att lagras vid ett senare tillf\u00e4lle, i enlighet med n\u00e4mnda skyldigheter och i enlighet med de lagringsperioder som f\u00f6reskrivs i de best\u00e4mmelser som g\u00e4ller f\u00f6r tillf\u00e4llet.&nbsp;<\/p>\n\n\n\n<p>F\u00f6r uppgifterna som tilldelats f\u00f6r \u00e4ndam\u00e5len som anges i B, nr 1. (marknadsf\u00f6ring) som avses i punkt. 4 (Syftet med behandlingen), uppgifterna kommer att sparas i 24 m\u00e5nader efter insamlingen f\u00f6r behandling i marknadsf\u00f6ringssyfte. Efter utg\u00e5ngen av den h\u00e4r perioden kommer uppgifterna att raderas eller anonymiseras, dessutom kan anv\u00e4ndarna alltid, n\u00e4r som helst, \u00e4ndra eller \u00e5terkalla sitt samtycke till personuppgiftsansvariges behandling av deras uppgifter f\u00f6r marknadsf\u00f6rings\u00e4ndam\u00e5l.&nbsp;<\/p>\n\n\n\n<p>F\u00f6r de uppgifter som tilldelats f\u00f6r de \u00e4ndam\u00e5l som anges i punkt B, nr 2. (anv\u00e4ndning av Facebook Business Tools) av par. 4 (\u00c4ndam\u00e5l med behandlingen), kommer uppgifterna att behandlas enligt vad som anges av Meta Platforms Ireland Ltd. &nbsp;inom Facebooks uppgiftspolicy, som kan hittas p\u00e5 https:\/\/www.facebook.com\/privacy\/explanation.&nbsp;<\/p>\n\n\n\n<h4 class=\"wp-block-heading\"><strong>8. OMFATTNING AV BEARBETNING, KOMMUNIKATION, SPRIDNING&nbsp;<\/strong><\/h4>\n\n\n\n<p>Uppgifterna om de ber\u00f6rda parterna kommer att g\u00f6ras tillg\u00e4ngliga och behandlas f\u00f6r de \u00e4ndam\u00e5l som anges i punkt 4 i detta tillk\u00e4nnagivande:<\/p>\n\n\n\n<ul class=\"wp-block-list\">\n<li>intern personal och<strong>&nbsp;<\/strong>medarbetare hos de personuppgiftsansvariga Mutti S.p.a. och Mutti Nordics (i deras egenskap av ansvariga personer och\/eller interna personuppgiftsbitr\u00e4den och\/eller systemadministrat\u00f6rer;<\/li>\n\n\n\n<li>till f\u00f6retag som tillh\u00f6r Muttis f\u00f6retagsgrupp;<\/li>\n\n\n\n<li>till tredje part som utf\u00f6r aktiviteter i outsourcing p\u00e5 uppdrag av de Personuppgiftsansvariga Mutti S.p.a och Mutti Nordics (t.ex. leverant\u00f6rer f\u00f6r hantering och underh\u00e5ll av Webbplatsen, leverant\u00f6rer, f\u00f6retag som utf\u00e4rdar kampanjkuponger, f\u00f6retag som hanterar de Personuppgiftsansvarigas t\u00e4vlingar och kampanjer etc.), med f\u00f6rbeh\u00e5ll f\u00f6r deras uppdrag som personuppgiftsbitr\u00e4den, begr\u00e4nsat till de \u00e4ndam\u00e5l som anges i detta informationsmeddelande och i enlighet med GDPR-reglerna.<\/li>\n<\/ul>\n\n\n\n<p>De insamlade uppgifterna kommer inte att spridas eller avsl\u00f6jas utan den registrerades uttryckliga samtycke.<\/p>\n\n\n\n<p>D\u00e4remot kan den personuppgiftsansvarige utan uttryckligt samtycke (i enlighet med artikel 6 i GDPR) \u00f6verf\u00f6ra dina uppgifter till tillsynsorgan, offentliga organ, kontrollmyndigheter, polisstyrkor och r\u00e4ttsliga myndigheter samt till alla de personer som enligt lag \u00e4r skyldiga att \u00f6verf\u00f6ra uppgifterna f\u00f6r att uppfylla ovann\u00e4mnda syften. De h\u00e4r parterna kommer att behandla uppgifterna i sin egenskap av sj\u00e4lvst\u00e4ndigt personuppgiftsansvarig.<\/p>\n\n\n\n<p>Den fullst\u00e4ndiga och uppdaterade listan \u00f6ver de personer som behandlar Uppgifterna i egenskap av chefer och sj\u00e4lvst\u00e4ndiga anv\u00e4ndaransvariga finns tillg\u00e4nglig p\u00e5 beg\u00e4ran fr\u00e5n Mutti S.p.A. med s\u00e4te i Montechiarugolo, Via Traversetolo n. 28 (PR &#8211; 43022) och fr\u00e5n Mutti Nordics STOCKHOLM,&nbsp; CONVENDUM VASAGATAN 16 (111 20 ).<\/p>\n\n\n\n<h4 class=\"wp-block-heading\"><strong>9. EXTRA EU-\u00d6VERF\u00d6RING&nbsp;<\/strong><\/h4>\n\n\n\n<p>Personuppgiftsansvarig kan \u00f6verf\u00f6ra uppgifter utanf\u00f6r Europeiska unionen, n\u00e4mligen till USA f\u00f6r den tekniska hanteringen av vissa behandlings\u00e5tg\u00e4rder (t.ex. hantering av e-postlistor och registrerade konton).&nbsp; F\u00f6r detta \u00e4ndam\u00e5l bed\u00f6mer de personuppgiftsansvarig Mutti S.p.a. och Mutti Nordics effekterna av uppgifts\u00f6verf\u00f6ringar och antar f\u00f6ljaktligen de l\u00e4mpligaste skydds\u00e5tg\u00e4rderna (t.ex. anv\u00e4ndning av beslut om adekvat skyddsniv\u00e5 d\u00e4r s\u00e5dana finns eller standardavtalsklausuler och, i vissa begr\u00e4nsade fall, undantag som till\u00e5ts enligt lag).&nbsp;<\/p>\n\n\n\n<p>F\u00f6r information om \u00f6verf\u00f6ring av personuppgifter som samlats in med hj\u00e4lp av cookies, inklusive cookies fr\u00e5n tredje part, se Muttis cookie-policy och varje tredje parts integritetspolicy, som finns tillg\u00e4nglig p\u00e5 deras webbplatser och som kan sp\u00e5ras via tabellerna i cookie-policyn. I synnerhet f\u00f6r dessa \u00e4ndam\u00e5l kommer sociala n\u00e4tverk att behandla anv\u00e4ndarnas uppgifter som sj\u00e4lvst\u00e4ndiga personuppgiftsansvariga. F\u00f6r mer information om uppgiftsbehandlingen som utf\u00f6rs av dessa sociala n\u00e4tverk (t.ex. Facebook, Instagram, Twitter och Youtube), uppmanar vi dig att l\u00e4sa de sekretesspolicyer som antagits av de sociala n\u00e4tverken p\u00e5 f\u00f6ljande l\u00e4nkar:<\/p>\n\n\n\n<ul class=\"wp-block-list\">\n<li><a href=\"https:\/\/www.facebook.com\/privacy\/explanation\">https:\/\/www.facebook.com\/privacy\/explanation<\/a>;<\/li>\n\n\n\n<li><a href=\"https:\/\/help.instagram.com\/519522125107875\">https:\/\/help.instagram.com\/519522125107875<\/a>;<\/li>\n\n\n\n<li><a href=\"https:\/\/twitter.com\/en\/privacy\">https:\/\/twitter.com\/en\/privacy<\/a>;<\/li>\n\n\n\n<li><a href=\"https:\/\/policies.google.com\/privacy?hl=ita\">https:\/\/policies.google.com\/privacy?hl=ita<\/a>.&nbsp;<\/li>\n<\/ul>\n\n\n\n<h4 class=\"wp-block-heading\"><strong>10. REGISTRERADES R\u00c4TTIGHETER<\/strong><\/h4>\n\n\n\n<p>Registrerade kan, i f\u00f6rh\u00e5llande till uppgiftsbehandlingen som beskrivs h\u00e4ri, ut\u00f6va de r\u00e4ttigheter som anges i artiklarna 15-22 i GDPR, och mer specifikt i:<\/p>\n\n\n\n<ul class=\"wp-block-list\">\n<li>r\u00e4tt att f\u00e5 bekr\u00e4ftelse p\u00e5 att det finns personuppgifter om dig, \u00e4ven om de \u00e4nnu inte har registrerats, och tillg\u00e5ng till inneh\u00e5llet i dessa (r\u00e4tt till tillg\u00e5ng);<\/li>\n\n\n\n<li>r\u00e4tt att f\u00e5 uppdatering, \u00e4ndring och\/eller r\u00e4ttelse av personuppgifter (r\u00e4tt till r\u00e4ttelse);<\/li>\n\n\n\n<li>r\u00e4tten att beg\u00e4ra radering av personuppgifter eller begr\u00e4nsning av behandlingen av uppgifter som behandlats olagligt, inklusive uppgifter vars lagring \u00e4r on\u00f6dig f\u00f6r de \u00e4ndam\u00e5l f\u00f6r vilka uppgifterna samlades in eller p\u00e5 annat s\u00e4tt behandlades (r\u00e4tten att bli bortgl\u00f6md och r\u00e4tten till begr\u00e4nsning);<\/li>\n\n\n\n<li>r\u00e4tt att l\u00e4mna in ett klagom\u00e5l till den beh\u00f6riga tillsynsmyndigheten i h\u00e4ndelse av \u00f6vertr\u00e4delse av best\u00e4mmelserna om uppgiftsskydd;<\/li>\n\n\n\n<li>r\u00e4tt att inv\u00e4nda mot behandling (r\u00e4tt till inv\u00e4ndning);<\/li>\n\n\n\n<li>r\u00e4tt att \u00e5terkalla samtycke, om s\u00e5dant har l\u00e4mnats, utan att det p\u00e5verkar lagligheten av den behandling som grundar sig p\u00e5 det samtycke som l\u00e4mnades f\u00f6re \u00e5terkallandet;<\/li>\n\n\n\n<li>r\u00e4tten att helt eller delvis inv\u00e4nda mot en automatiserad insamlingsprocess, inbegripet profilering;<\/li>\n\n\n\n<li>r\u00e4tt att f\u00e5 en kopia av de personuppgifter som l\u00e4mnats till den personuppgiftsansvarige i ett strukturerat, allm\u00e4nt anv\u00e4nt och maskinl\u00e4sbart format, och att beg\u00e4ra att s\u00e5dana uppgifter \u00f6verf\u00f6rs till en annan personuppgiftsansvarig, om det \u00e4r tekniskt m\u00f6jligt (r\u00e4tt till uppgiftsportabilitet).<\/li>\n<\/ul>\n\n\n\n<h4 class=\"wp-block-heading\"><strong>11. S\u00c4TT ATT UT\u00d6VA R\u00c4TTIGHETER<\/strong><\/h4>\n\n\n\n<p>Du kan n\u00e4r som helst ut\u00f6va dina r\u00e4ttigheter genom att skicka ett meddelande med rekommenderat brev till de sj\u00e4lvst\u00e4ndiga personuppgiftsansvariga p\u00e5 adressen Mutti S.p.A., Via Traversetolo n. 28, Montechiarugolo (PR &#8211; 43022), eller via e-post till adressen <a href=\"mailto:muttispa@muttispa.it\">muttispa@muttispa.it<\/a>. eller till Mutti Nordics (via STOCKHOLM, at CONVENDUM VASAGATAN 16 (111 20 ).&nbsp;<\/p>\n\n\n\n<h4 class=\"wp-block-heading\"><strong>12. \u00c4NDRINGAR AV DENNA INTEGRITETSPOLICY<\/strong><\/h4>\n\n\n\n<p>Detta informationsmeddelande kan komma att \u00e4ndras med tiden f\u00f6r att genomf\u00f6ra r\u00e4ttsliga best\u00e4mmelser som antagits inom omr\u00e5det f\u00f6r integritet. Du uppmanas d\u00e4rf\u00f6r att regelbundet kontrollera denna sida. F\u00f6r det h\u00e4r \u00e4ndam\u00e5let g\u00e4ller offentligg\u00f6randedatumet f\u00f6r uppdateringen.<\/p>\n\n\n\n<p><em>Senaste revidering oktober 2023<\/em><\/p>\n","protected":false},"excerpt":{"rendered":"<p>INTEGRITETSPOLICY ENLIGT ALLM\u00c4NNA UPPGIFTSSKYDDSF\u00d6RORDNINGEN (GDPR) (EU) 2016\/679 I enlighet med EU-f\u00f6rordning 679\/2016 (nedan kallad \u201dGDPR\u201d) och till\u00e4mplig lagstiftning, inklusive nationell lagstiftning, om skydd av personuppgifter (nedan kallad \u201dIntegritetsf\u00f6rordning\u201d), informerar vi dig h\u00e4rmed om att personuppgifter (nedan kallade \u201dUppgifter\u201d) som r\u00f6r anv\u00e4ndare av den h\u00e4r webbplatsen (nedan kallade \u201dAnv\u00e4ndare\u201d) kommer att behandlas p\u00e5 f\u00f6ljande s\u00e4tt och<\/p>\n","protected":false},"author":1,"featured_media":0,"parent":0,"menu_order":35,"comment_status":"closed","ping_status":"closed","template":"template-privacy-policy.php","meta":{"_acf_changed":false,"_relevanssi_hide_post":"","_relevanssi_hide_content":"","_relevanssi_pin_for_all":"","_relevanssi_pin_keywords":"","_relevanssi_unpin_keywords":"","_relevanssi_related_keywords":"","_relevanssi_related_include_ids":"","_relevanssi_related_exclude_ids":"","_relevanssi_related_no_append":"","_relevanssi_related_not_related":"","_relevanssi_related_posts":"","_relevanssi_noindex_reason":"","footnotes":""},"class_list":["post-16","page","type-page","status-publish","hentry"],"acf":[],"_links":{"self":[{"href":"https:\/\/mutti-parma.com\/se\/wp-json\/wp\/v2\/pages\/16","targetHints":{"allow":["GET"]}}],"collection":[{"href":"https:\/\/mutti-parma.com\/se\/wp-json\/wp\/v2\/pages"}],"about":[{"href":"https:\/\/mutti-parma.com\/se\/wp-json\/wp\/v2\/types\/page"}],"author":[{"embeddable":true,"href":"https:\/\/mutti-parma.com\/se\/wp-json\/wp\/v2\/users\/1"}],"replies":[{"embeddable":true,"href":"https:\/\/mutti-parma.com\/se\/wp-json\/wp\/v2\/comments?post=16"}],"version-history":[{"count":10,"href":"https:\/\/mutti-parma.com\/se\/wp-json\/wp\/v2\/pages\/16\/revisions"}],"predecessor-version":[{"id":8742,"href":"https:\/\/mutti-parma.com\/se\/wp-json\/wp\/v2\/pages\/16\/revisions\/8742"}],"wp:attachment":[{"href":"https:\/\/mutti-parma.com\/se\/wp-json\/wp\/v2\/media?parent=16"}],"curies":[{"name":"wp","href":"https:\/\/api.w.org\/{rel}","templated":true}]}}