{"id":1725,"date":"2020-02-12T12:55:05","date_gmt":"2020-02-12T12:55:05","guid":{"rendered":"https:\/\/mutti-parma.com\/se\/?page_id=1725"},"modified":"2026-02-18T13:43:24","modified_gmt":"2026-02-18T13:43:24","slug":"dokument","status":"publish","type":"page","link":"https:\/\/mutti-parma.com\/se\/en-lang-karlekshistoria\/dokument\/","title":{"rendered":"Hur vi skyddar v\u00e5ra konsumenter"},"content":{"rendered":"\n<div class=\"wp-block-cover alignfull\"><span aria-hidden=\"true\" class=\"wp-block-cover__background has-darkred-background-color has-background-dim-100 has-background-dim\"><\/span><div class=\"wp-block-cover__inner-container is-layout-flow wp-block-cover-is-layout-flow\"><div class=\"acf-breadcrumb my-4 md:my-8 text-center\">\n  <nav>\n  <ol class=\"list-none text-md\">\n                  <li class=\"inline\">\n                      <a class=\"text-inherit\" href=\"https:\/\/mutti-parma.com\/se\/\">\n              Mutti Parma Sverige\n            <\/a>\n                            <\/li>\n            <\/ol>\n<\/nav>\n<\/div>\n\n\n\n<h1 class=\"wp-block-heading has-text-align-center\">Hur vi skyddar v\u00e5ra konsumenter<\/h1>\n\n\n\n\n<\/div><\/div>\n\n\n\n<div class=\"wp-block-cover alignwide\"><img loading=\"lazy\" decoding=\"async\" class=\"wp-block-cover__image-background wp-image-30000038\" alt=\"\" src=\"https:\/\/mutti-parma.com\/app\/uploads\/sites\/3\/2019\/09\/section-our-way-environmental-certificates.jpg\" data-object-fit=\"cover\" srcset=\"https:\/\/mutti-parma.com\/app\/uploads\/sites\/3\/2019\/09\/section-our-way-environmental-certificates.jpg 2400w, https:\/\/mutti-parma.com\/app\/uploads\/sites\/3\/2019\/09\/section-our-way-environmental-certificates-200x133.jpg 200w, https:\/\/mutti-parma.com\/app\/uploads\/sites\/3\/2019\/09\/section-our-way-environmental-certificates-500x333.jpg 500w, https:\/\/mutti-parma.com\/app\/uploads\/sites\/3\/2019\/09\/section-our-way-environmental-certificates-768x511.jpg 768w, https:\/\/mutti-parma.com\/app\/uploads\/sites\/3\/2019\/09\/section-our-way-environmental-certificates-1024x681.jpg 1024w, https:\/\/mutti-parma.com\/app\/uploads\/sites\/3\/2019\/09\/section-our-way-environmental-certificates-150x100.jpg 150w, https:\/\/mutti-parma.com\/app\/uploads\/sites\/3\/2019\/09\/section-our-way-environmental-certificates-600x399.jpg 600w\" sizes=\"(max-width: 2400px) 100vw, 2400px\" \/><span aria-hidden=\"true\" class=\"wp-block-cover__background has-background-dim-80 has-background-dim\"><\/span><div class=\"wp-block-cover__inner-container is-layout-flow wp-block-cover-is-layout-flow\">\n<h2 class=\"wp-block-heading has-text-align-center\" id=\"environmental-certifications\">S\u00e4kerhet och ursprung<\/h2>\n\n\n\n<p class=\"has-text-align-center is-style-cursive has-xxl-font-size\">Vi skyddar v\u00e5ra konsumenter med en strikt policy.<\/p>\n\n\n\n<p class=\"has-text-align-center\">Alla de certifieringar som tilldelats v\u00e5rt f\u00f6retag fungerar som en garanti f\u00f6r v\u00e5r omsorg f\u00f6r milj\u00f6 och natur. Vi kontrollerar varje l\u00e4nk i produktionskedjan, fr\u00e5n fr\u00f6 till f\u00e4rdig produkt, f\u00f6r att ta reda p\u00e5 hur det vi g\u00f6r p\u00e5verkar v\u00e5r omgivning.<\/p>\n\n\n<div class=\"acf-image-grid alignwide\">\n  <div class=\"flex -mx-8 -my-4 md:-mt-8 flex-wrap\">\n          <div class=\" w-1\/2 sm:w-1\/3 md:w-1\/6 px-8 py-4 md:py-8\">\n                  <a href=\"https:\/\/mutti-parma.com\/app\/uploads\/2024\/02\/certificato-iso-22005-filiera-20231116.pdf\" target=\"\" class=\"hover:zoom-img\">\n        \n                  \n          <div class=\"responsive-embed is-contain\" style=\"padding-bottom: 75%;\">\n            <img decoding=\"async\" width=\"357\" height=\"496\" src=\"https:\/\/mutti-parma.com\/app\/uploads\/sites\/3\/2019\/09\/icon-certificate.svg\" class=\"wp-image-300000116 attachment-4:3 size-4:3\" alt=\"\" data-spai-crop=\"true\" loading=\"lazy\" \/>\n          <\/div>\n        \n                  <h5 class=\"text-center underline\">\n            Certifiering 100 % Italienska produkter\n                      <\/h5>\n        \n                  <\/a>\n              <\/div>\n          <div class=\" w-1\/2 sm:w-1\/3 md:w-1\/6 px-8 py-4 md:py-8\">\n                  <a href=\"https:\/\/mutti-parma.com\/app\/uploads\/2024\/12\/iso-14001-c542449-1-en-us-20241105.pdf\" target=\"_blank\" class=\"hover:zoom-img\">\n        \n                  \n          <div class=\"responsive-embed is-contain\" style=\"padding-bottom: 75%;\">\n            <img decoding=\"async\" width=\"357\" height=\"496\" src=\"https:\/\/mutti-parma.com\/app\/uploads\/sites\/3\/2019\/09\/icon-certificate.svg\" class=\"wp-image-300000116 attachment-4:3 size-4:3\" alt=\"\" data-spai-crop=\"true\" loading=\"lazy\" \/>\n          <\/div>\n        \n                  <h5 class=\"text-center underline\">\n            Certifiering ISO 14001\n                      <\/h5>\n        \n                  <\/a>\n              <\/div>\n          <div class=\" w-1\/2 sm:w-1\/3 md:w-1\/6 px-8 py-4 md:py-8\">\n                  <a href=\"https:\/\/mutti-parma.com\/app\/uploads\/2022\/01\/iso-45001-10000457019-msc-accredia-ita-1-en-us-20211230-20220104120334.pdf\" target=\"_blank\" class=\"hover:zoom-img\">\n        \n                  \n          <div class=\"responsive-embed is-contain\" style=\"padding-bottom: 75%;\">\n            <img decoding=\"async\" width=\"357\" height=\"496\" src=\"https:\/\/mutti-parma.com\/app\/uploads\/sites\/3\/2019\/09\/icon-certificate.svg\" class=\"wp-image-300000116 attachment-4:3 size-4:3\" alt=\"\" data-spai-crop=\"true\" loading=\"lazy\" \/>\n          <\/div>\n        \n                  <h5 class=\"text-center underline\">\n            Certifiering av ledningssystem f\u00f6r arbetsmilj\u00f6\n                      <\/h5>\n        \n                  <\/a>\n              <\/div>\n          <div class=\" w-1\/2 sm:w-1\/3 md:w-1\/6 px-8 py-4 md:py-8\">\n                  <a href=\"https:\/\/mutti-parma.com\/app\/uploads\/sites\/14\/2024\/11\/brc.pdf\" target=\"_blank\" class=\"hover:zoom-img\">\n        \n                  \n          <div class=\"responsive-embed is-contain\" style=\"padding-bottom: 75%;\">\n            <img decoding=\"async\" width=\"357\" height=\"496\" src=\"https:\/\/mutti-parma.com\/app\/uploads\/sites\/3\/2019\/09\/icon-certificate.svg\" class=\"wp-image-300000116 attachment-4:3 size-4:3\" alt=\"\" data-spai-crop=\"true\" loading=\"lazy\" \/>\n          <\/div>\n        \n                  <h5 class=\"text-center underline\">\n            Certifiering BRC\n                      <\/h5>\n        \n                  <\/a>\n              <\/div>\n          <div class=\" w-1\/2 sm:w-1\/3 md:w-1\/6 px-8 py-4 md:py-8\">\n                  <a href=\"https:\/\/mutti-parma.com\/app\/uploads\/sites\/14\/2024\/10\/ifs-montechiarugolo-scad.27092025-2.pdf\" target=\"_blank\" class=\"hover:zoom-img\">\n        \n                  \n          <div class=\"responsive-embed is-contain\" style=\"padding-bottom: 75%;\">\n            <img decoding=\"async\" width=\"357\" height=\"496\" src=\"https:\/\/mutti-parma.com\/app\/uploads\/sites\/3\/2019\/09\/icon-certificate.svg\" class=\"wp-image-300000116 attachment-4:3 size-4:3\" alt=\"\" data-spai-crop=\"true\" loading=\"lazy\" \/>\n          <\/div>\n        \n                  <h5 class=\"text-center underline\">\n            Certifiering IFS\n                      <\/h5>\n        \n                  <\/a>\n              <\/div>\n          <div class=\" w-1\/2 sm:w-1\/3 md:w-1\/6 px-8 py-4 md:py-8\">\n                  <a href=\"https:\/\/mutti-parma.com\/app\/uploads\/2022\/10\/crt-mutti-spa.---uni-11233-20220930-2.pdf\" target=\"_blank\" class=\"hover:zoom-img\">\n        \n                  \n          <div class=\"responsive-embed is-contain\" style=\"padding-bottom: 75%;\">\n            <img decoding=\"async\" width=\"357\" height=\"496\" src=\"https:\/\/mutti-parma.com\/app\/uploads\/sites\/3\/2019\/09\/icon-certificate.svg\" class=\"wp-image-300000116 attachment-4:3 size-4:3\" alt=\"\" data-spai-crop=\"true\" loading=\"lazy\" \/>\n          <\/div>\n        \n                  <h5 class=\"text-center underline\">\n            Integrated Crop Management UNI11233\n                      <\/h5>\n        \n                  <\/a>\n              <\/div>\n          <div class=\" w-1\/2 sm:w-1\/3 md:w-1\/6 px-8 py-4 md:py-8\">\n                  <a href=\"https:\/\/mutti-parma.com\/app\/uploads\/sites\/3\/2021\/10\/sa-8000-10000399377-msc-saas-ita-0-en-us-20210726-20210727054334.pdf\" target=\"\" class=\"hover:zoom-img\">\n        \n                  \n          <div class=\"responsive-embed is-contain\" style=\"padding-bottom: 75%;\">\n            <img decoding=\"async\" width=\"357\" height=\"496\" src=\"https:\/\/mutti-parma.com\/app\/uploads\/sites\/3\/2019\/09\/icon-certificate.svg\" class=\"wp-image-300000116 attachment-4:3 size-4:3\" alt=\"\" data-spai-crop=\"true\" loading=\"lazy\" \/>\n          <\/div>\n        \n                  <h5 class=\"text-center underline\">\n            Certifiering SA8000\n                      <\/h5>\n        \n                  <\/a>\n              <\/div>\n      <\/div>\n<\/div>\n<\/div><\/div>\n\n\n\n<p><strong>L\u00c4S MER OM V\u00c5RA ETISKA REGLER<\/strong><\/p>\n\n\n\n<ul class=\"wp-block-list\">\n<li><a href=\"https:\/\/mutti-parma.com\/app\/uploads\/sites\/8\/2020\/03\/codice-etico-se.pdf\">LADDA NER V\u00c5RA ETISKA REGLER<\/a><\/li>\n<\/ul>\n\n\n\n<h5 class=\"wp-block-heading has-black-color has-text-color\">LADDA NER ALLA DOKUMENT SOM H\u00d6R TILL MUTTI S.P.A.<\/h5>\n\n\n\n<ul class=\"wp-block-list\">\n<li><a href=\"https:\/\/cdn.mutti-parma.com\/app\/uploads\/sites\/3\/2019\/09\/mutti-spa-modello-231-organisation-management-and-control-model-pursuant-to-italian-legislative-decree-n-231.pdf\">ORGANISATION, LEDNING OCH \u00d6VERVAKNING<\/a>  (ENG)<\/li>\n\n\n\n<li><a href=\"https:\/\/cdn.mutti-parma.com\/app\/uploads\/sites\/3\/2019\/09\/mutti-spa-code-of-conduct.pdf\">LADDA NER V\u00c5R UPPF\u00d6RANDEKOD<\/a>  (ENG)<\/li>\n\n\n\n<li><a href=\"https:\/\/mutti-parma.com\/app\/uploads\/sites\/11\/2026\/02\/mutti-s.p.a.-supplier-code-of-conduct.pdf\">SUPPLIER CODE OF CONDUCT<\/a> (ENG)<\/li>\n<\/ul>\n\n\n\n<h5 class=\"wp-block-heading has-black-color has-text-color\">LADDA NER ALLA DOKUMENT SOM H\u00d6R TILL FIORDAGOSTO SRL<\/h5>\n\n\n\n<ul class=\"wp-block-list\">\n<li><a href=\"https:\/\/cdn.mutti-parma.com\/app\/uploads\/sites\/3\/2019\/09\/fiordagosto-modello-231-organisation-management-and-control-model-pursuant-to-italian-legislative-decree-n-231.pdf\">ORGANISATION, LEDNING OCH \u00d6VERVAKNING<\/a>  (ENG)<\/li>\n\n\n\n<li><a href=\"https:\/\/cdn.mutti-parma.com\/app\/uploads\/sites\/3\/2019\/09\/fiordagosto-srl-code-of-conduct.pdf\">LADDA NER V\u00c5R UPPF\u00d6RANDEKOD<\/a>  (ENG)<\/li>\n<\/ul>\n\n\n","protected":false},"excerpt":{"rendered":"<p>L\u00c4S MER OM V\u00c5RA ETISKA REGLER LADDA NER ALLA DOKUMENT SOM H\u00d6R TILL MUTTI S.P.A. LADDA NER ALLA DOKUMENT SOM H\u00d6R TILL FIORDAGOSTO SRL<\/p>\n","protected":false},"author":1,"featured_media":0,"parent":4,"menu_order":22,"comment_status":"closed","ping_status":"closed","template":"","meta":{"_acf_changed":false,"_relevanssi_hide_post":"","_relevanssi_hide_content":"","_relevanssi_pin_for_all":"","_relevanssi_pin_keywords":"","_relevanssi_unpin_keywords":"","_relevanssi_related_keywords":"","_relevanssi_related_include_ids":"","_relevanssi_related_exclude_ids":"","_relevanssi_related_no_append":"","_relevanssi_related_not_related":"","_relevanssi_related_posts":"","_relevanssi_noindex_reason":"","footnotes":""},"class_list":["post-1725","page","type-page","status-publish","hentry"],"acf":[],"_links":{"self":[{"href":"https:\/\/mutti-parma.com\/se\/wp-json\/wp\/v2\/pages\/1725","targetHints":{"allow":["GET"]}}],"collection":[{"href":"https:\/\/mutti-parma.com\/se\/wp-json\/wp\/v2\/pages"}],"about":[{"href":"https:\/\/mutti-parma.com\/se\/wp-json\/wp\/v2\/types\/page"}],"author":[{"embeddable":true,"href":"https:\/\/mutti-parma.com\/se\/wp-json\/wp\/v2\/users\/1"}],"replies":[{"embeddable":true,"href":"https:\/\/mutti-parma.com\/se\/wp-json\/wp\/v2\/comments?post=1725"}],"version-history":[{"count":16,"href":"https:\/\/mutti-parma.com\/se\/wp-json\/wp\/v2\/pages\/1725\/revisions"}],"predecessor-version":[{"id":9052,"href":"https:\/\/mutti-parma.com\/se\/wp-json\/wp\/v2\/pages\/1725\/revisions\/9052"}],"up":[{"embeddable":true,"href":"https:\/\/mutti-parma.com\/se\/wp-json\/wp\/v2\/pages\/4"}],"wp:attachment":[{"href":"https:\/\/mutti-parma.com\/se\/wp-json\/wp\/v2\/media?parent=1725"}],"curies":[{"name":"wp","href":"https:\/\/api.w.org\/{rel}","templated":true}]}}