{"id":4300,"date":"2021-08-31T08:52:38","date_gmt":"2021-08-31T08:52:38","guid":{"rendered":"https:\/\/mutti-parma.com\/se\/?page_id=4300"},"modified":"2023-02-23T17:26:05","modified_gmt":"2023-02-23T17:26:05","slug":"hallbarhet","status":"publish","type":"page","link":"https:\/\/mutti-parma.com\/se\/hallbarhet\/","title":{"rendered":"Artiklar om h\u00e5llbarhet"},"content":{"rendered":"\n<h1 class=\"has-text-align-center wp-block-heading\">Artiklar om h\u00e5llbarhet<\/h1>\n\n\n<div class=\"acf-article-listing alignwide \">\n  \n      <div class=\"flex flex-wrap justify-center -mx-8\">\n              <div class=\"w-1\/3 my-4 px-8\">\n          <div class=\"max-w-96 mx-auto\">\n      <a href=\"https:\/\/mutti-parma.com\/se\/all-articles\/hur-paverkas-tomatodlingen-av-klimatforandringar\/\" class=\"block\">\n      <div class=\"responsive-embed \" style=\"padding-bottom: 67.567567567568%;\"><img decoding=\"async\" width=\"3000\" height=\"2000\" src=\"https:\/\/mutti-parma.com\/app\/uploads\/sites\/14\/2020\/09\/mg-0012.jpg\" class=\"inline-block wp-image-2465\" alt=\"Klimatf\u00f6r\u00e4ndringarnas effekt p\u00e5 v\u00e5ra tomater\" data-spai-crop=\"true\" title=\"Klimatf\u00f6r\u00e4ndringarnas effekt p\u00e5 v\u00e5ra tomater\" srcset=\"https:\/\/mutti-parma.com\/app\/uploads\/sites\/14\/2020\/09\/mg-0012.jpg 3000w, https:\/\/mutti-parma.com\/app\/uploads\/sites\/14\/2020\/09\/mg-0012-200x133.jpg 200w, https:\/\/mutti-parma.com\/app\/uploads\/sites\/14\/2020\/09\/mg-0012-500x333.jpg 500w, https:\/\/mutti-parma.com\/app\/uploads\/sites\/14\/2020\/09\/mg-0012-768x512.jpg 768w, https:\/\/mutti-parma.com\/app\/uploads\/sites\/14\/2020\/09\/mg-0012-1024x683.jpg 1024w, https:\/\/mutti-parma.com\/app\/uploads\/sites\/14\/2020\/09\/mg-0012-150x100.jpg 150w, https:\/\/mutti-parma.com\/app\/uploads\/sites\/14\/2020\/09\/mg-0012-600x400.jpg 600w\" sizes=\"auto, (max-width: 3000px) 100vw, 3000px\" loading=\"lazy\" \/><\/div>\n    <\/a>\n  \n  <div class=\"flex h5\">\n    <div>\n      juli 13, 2021\n    <\/div>\n          <div class=\"border-r border-primary pr-3 mr-3 mb-1\"><\/div>\n      <div class=\"\">\n                  <a href=\"https:\/\/mutti-parma.com\/se\/tag\/hallbarhet\/\">#h\u00e5llbarhet<\/a>\n              <\/div>\n      <\/div>\n\n  <a class=\"block no-underline mb-2 hover:underline\" href=\"https:\/\/mutti-parma.com\/se\/all-articles\/hur-paverkas-tomatodlingen-av-klimatforandringar\/\">\n    <h3>Klimatf\u00f6r\u00e4ndringarnas effekt p\u00e5 v\u00e5ra tomater<\/h3>\n  <\/a>\n\n  <a class=\"block h5 underline\" href=\"https:\/\/mutti-parma.com\/se\/all-articles\/hur-paverkas-tomatodlingen-av-klimatforandringar\/\">\n    L\u00e4s mera\n  <\/a>\n<\/div>\n        <\/div>\n              <div class=\"w-1\/3 my-4 px-8\">\n          <div class=\"max-w-96 mx-auto\">\n      <a href=\"https:\/\/mutti-parma.com\/se\/all-articles\/respekt-for-biologisk-mangfald-skyddar-livet\/\" class=\"block\">\n      <div class=\"responsive-embed \" style=\"padding-bottom: 67.567567567568%;\"><img decoding=\"async\" width=\"1804\" height=\"1696\" src=\"https:\/\/mutti-parma.com\/app\/uploads\/sites\/14\/2021\/07\/screenshot-2021-07-13-at-12.43.57.jpg\" class=\"inline-block wp-image-4236\" alt=\"Biologiska m\u00e5ngfalden omkring v\u00e5ra tomatf\u00e4lt\" data-spai-crop=\"true\" title=\"Biologiska m\u00e5ngfalden omkring v\u00e5ra tomatf\u00e4lt\" srcset=\"https:\/\/mutti-parma.com\/app\/uploads\/sites\/14\/2021\/07\/screenshot-2021-07-13-at-12.43.57.jpg 1804w, https:\/\/mutti-parma.com\/app\/uploads\/sites\/14\/2021\/07\/screenshot-2021-07-13-at-12.43.57-500x470.jpg 500w, https:\/\/mutti-parma.com\/app\/uploads\/sites\/14\/2021\/07\/screenshot-2021-07-13-at-12.43.57-1024x963.jpg 1024w, https:\/\/mutti-parma.com\/app\/uploads\/sites\/14\/2021\/07\/screenshot-2021-07-13-at-12.43.57-200x188.jpg 200w, https:\/\/mutti-parma.com\/app\/uploads\/sites\/14\/2021\/07\/screenshot-2021-07-13-at-12.43.57-768x722.jpg 768w, https:\/\/mutti-parma.com\/app\/uploads\/sites\/14\/2021\/07\/screenshot-2021-07-13-at-12.43.57-150x141.jpg 150w, https:\/\/mutti-parma.com\/app\/uploads\/sites\/14\/2021\/07\/screenshot-2021-07-13-at-12.43.57-600x564.jpg 600w, https:\/\/mutti-parma.com\/app\/uploads\/sites\/14\/2021\/07\/screenshot-2021-07-13-at-12.43.57-1536x1444.jpg 1536w\" sizes=\"auto, (max-width: 1804px) 100vw, 1804px\" loading=\"lazy\" \/><\/div>\n    <\/a>\n  \n  <div class=\"flex h5\">\n    <div>\n      juli 13, 2021\n    <\/div>\n          <div class=\"border-r border-primary pr-3 mr-3 mb-1\"><\/div>\n      <div class=\"\">\n                  <a href=\"https:\/\/mutti-parma.com\/se\/tag\/hallbarhet\/\">#h\u00e5llbarhet<\/a>\n              <\/div>\n      <\/div>\n\n  <a class=\"block no-underline mb-2 hover:underline\" href=\"https:\/\/mutti-parma.com\/se\/all-articles\/respekt-for-biologisk-mangfald-skyddar-livet\/\">\n    <h3>Biologiska m\u00e5ngfalden omkring v\u00e5ra tomatf\u00e4lt<\/h3>\n  <\/a>\n\n  <a class=\"block h5 underline\" href=\"https:\/\/mutti-parma.com\/se\/all-articles\/respekt-for-biologisk-mangfald-skyddar-livet\/\">\n    L\u00e4s mera\n  <\/a>\n<\/div>\n        <\/div>\n              <div class=\"w-1\/3 my-4 px-8\">\n          <div class=\"max-w-96 mx-auto\">\n      <a href=\"https:\/\/mutti-parma.com\/se\/all-articles\/tomater-av-hallbar-kvalitet-smakar-battre\/\" class=\"block\">\n      <div class=\"responsive-embed \" style=\"padding-bottom: 67.567567567568%;\"><img decoding=\"async\" width=\"1802\" height=\"1206\" src=\"https:\/\/mutti-parma.com\/app\/uploads\/sites\/14\/2021\/06\/screenshot-2021-07-13-at-12.46.45.jpg\" class=\"inline-block wp-image-4240\" alt=\"Tomaternas h\u00e5llbarhet p\u00e5verkar smaken\" data-spai-crop=\"true\" title=\"Tomaternas h\u00e5llbarhet p\u00e5verkar smaken\" srcset=\"https:\/\/mutti-parma.com\/app\/uploads\/sites\/14\/2021\/06\/screenshot-2021-07-13-at-12.46.45.jpg 1802w, https:\/\/mutti-parma.com\/app\/uploads\/sites\/14\/2021\/06\/screenshot-2021-07-13-at-12.46.45-500x335.jpg 500w, https:\/\/mutti-parma.com\/app\/uploads\/sites\/14\/2021\/06\/screenshot-2021-07-13-at-12.46.45-1024x685.jpg 1024w, https:\/\/mutti-parma.com\/app\/uploads\/sites\/14\/2021\/06\/screenshot-2021-07-13-at-12.46.45-200x134.jpg 200w, https:\/\/mutti-parma.com\/app\/uploads\/sites\/14\/2021\/06\/screenshot-2021-07-13-at-12.46.45-768x514.jpg 768w, https:\/\/mutti-parma.com\/app\/uploads\/sites\/14\/2021\/06\/screenshot-2021-07-13-at-12.46.45-150x100.jpg 150w, https:\/\/mutti-parma.com\/app\/uploads\/sites\/14\/2021\/06\/screenshot-2021-07-13-at-12.46.45-600x402.jpg 600w, https:\/\/mutti-parma.com\/app\/uploads\/sites\/14\/2021\/06\/screenshot-2021-07-13-at-12.46.45-1536x1028.jpg 1536w\" sizes=\"auto, (max-width: 1802px) 100vw, 1802px\" loading=\"lazy\" \/><\/div>\n    <\/a>\n  \n  <div class=\"flex h5\">\n    <div>\n      juni 18, 2021\n    <\/div>\n          <div class=\"border-r border-primary pr-3 mr-3 mb-1\"><\/div>\n      <div class=\"\">\n                  <a href=\"https:\/\/mutti-parma.com\/se\/tag\/hallbarhet\/\">#h\u00e5llbarhet<\/a>\n              <\/div>\n      <\/div>\n\n  <a class=\"block no-underline mb-2 hover:underline\" href=\"https:\/\/mutti-parma.com\/se\/all-articles\/tomater-av-hallbar-kvalitet-smakar-battre\/\">\n    <h3>Tomaternas h\u00e5llbarhet p\u00e5verkar smaken<\/h3>\n  <\/a>\n\n  <a class=\"block h5 underline\" href=\"https:\/\/mutti-parma.com\/se\/all-articles\/tomater-av-hallbar-kvalitet-smakar-battre\/\">\n    L\u00e4s mera\n  <\/a>\n<\/div>\n        <\/div>\n          <\/div>\n  \n  <\/div>\n\n\n\n<div style=\"height:20px\" aria-hidden=\"true\" class=\"wp-block-spacer\"><\/div>\n\n\n\n<h3 class=\"has-text-align-center wp-block-heading\"><a href=\"https:\/\/mutti-parma.com\/se\/vara-varderingar\/\" data-type=\"URL\" data-id=\"https:\/\/mutti-parma.com\/se\/vara-varderingar\/\">L\u00e4s om v\u00e5ra v\u00e4rderingar<\/a><\/h3>\n","protected":false},"excerpt":{"rendered":"<p>Artiklar om h\u00e5llbarhet L\u00e4s om v\u00e5ra v\u00e4rderingar<\/p>\n","protected":false},"author":1,"featured_media":0,"parent":0,"menu_order":16,"comment_status":"closed","ping_status":"closed","template":"","meta":{"_acf_changed":false,"_relevanssi_hide_post":"","_relevanssi_hide_content":"","_relevanssi_pin_for_all":"","_relevanssi_pin_keywords":"","_relevanssi_unpin_keywords":"","_relevanssi_related_keywords":"","_relevanssi_related_include_ids":"","_relevanssi_related_exclude_ids":"","_relevanssi_related_no_append":"","_relevanssi_related_not_related":"","_relevanssi_related_posts":"","_relevanssi_noindex_reason":"","footnotes":""},"class_list":["post-4300","page","type-page","status-publish","hentry"],"acf":[],"_links":{"self":[{"href":"https:\/\/mutti-parma.com\/se\/wp-json\/wp\/v2\/pages\/4300","targetHints":{"allow":["GET"]}}],"collection":[{"href":"https:\/\/mutti-parma.com\/se\/wp-json\/wp\/v2\/pages"}],"about":[{"href":"https:\/\/mutti-parma.com\/se\/wp-json\/wp\/v2\/types\/page"}],"author":[{"embeddable":true,"href":"https:\/\/mutti-parma.com\/se\/wp-json\/wp\/v2\/users\/1"}],"replies":[{"embeddable":true,"href":"https:\/\/mutti-parma.com\/se\/wp-json\/wp\/v2\/comments?post=4300"}],"version-history":[{"count":3,"href":"https:\/\/mutti-parma.com\/se\/wp-json\/wp\/v2\/pages\/4300\/revisions"}],"predecessor-version":[{"id":5686,"href":"https:\/\/mutti-parma.com\/se\/wp-json\/wp\/v2\/pages\/4300\/revisions\/5686"}],"wp:attachment":[{"href":"https:\/\/mutti-parma.com\/se\/wp-json\/wp\/v2\/media?parent=4300"}],"curies":[{"name":"wp","href":"https:\/\/api.w.org\/{rel}","templated":true}]}}