{"id":4303,"date":"2021-08-31T08:55:48","date_gmt":"2021-08-31T08:55:48","guid":{"rendered":"https:\/\/mutti-parma.com\/se\/?page_id=4303"},"modified":"2023-02-23T17:26:08","modified_gmt":"2023-02-23T17:26:08","slug":"respekt","status":"publish","type":"page","link":"https:\/\/mutti-parma.com\/se\/respekt\/","title":{"rendered":"Artiklar om respekt"},"content":{"rendered":"\n<h1 class=\"has-text-align-center wp-block-heading\">Artiklar om respekt<\/h1>\n\n\n<div class=\"acf-article-listing alignwide \">\n  \n      <div class=\"flex flex-wrap justify-center -mx-8\">\n              <div class=\"w-1\/3 my-4 px-8\">\n          <div class=\"max-w-96 mx-auto\">\n      <a href=\"https:\/\/mutti-parma.com\/se\/all-articles\/muttis-kvalitetsutmarkelse-pomodorino-doro\/\" class=\"block\">\n      <div class=\"responsive-embed \" style=\"padding-bottom: 67.567567567568%;\"><img decoding=\"async\" width=\"2400\" height=\"1600\" src=\"https:\/\/mutti-parma.com\/app\/uploads\/sites\/3\/2019\/09\/banner-golden-tomato.jpg\" class=\"inline-block wp-image-300000162\" alt=\"goldener tomatenkoch\" data-spai-crop=\"true\" srcset=\"https:\/\/mutti-parma.com\/app\/uploads\/sites\/3\/2019\/09\/banner-golden-tomato.jpg 2400w, https:\/\/mutti-parma.com\/app\/uploads\/sites\/3\/2019\/09\/banner-golden-tomato-200x133.jpg 200w, https:\/\/mutti-parma.com\/app\/uploads\/sites\/3\/2019\/09\/banner-golden-tomato-500x333.jpg 500w, https:\/\/mutti-parma.com\/app\/uploads\/sites\/3\/2019\/09\/banner-golden-tomato-768x512.jpg 768w, https:\/\/mutti-parma.com\/app\/uploads\/sites\/3\/2019\/09\/banner-golden-tomato-1024x683.jpg 1024w, https:\/\/mutti-parma.com\/app\/uploads\/sites\/3\/2019\/09\/banner-golden-tomato-150x100.jpg 150w, https:\/\/mutti-parma.com\/app\/uploads\/sites\/3\/2019\/09\/banner-golden-tomato-600x400.jpg 600w\" sizes=\"auto, (max-width: 2400px) 100vw, 2400px\" loading=\"lazy\" \/><\/div>\n    <\/a>\n  \n  <div class=\"flex h5\">\n    <div>\n      juli 13, 2021\n    <\/div>\n          <div class=\"border-r border-primary pr-3 mr-3 mb-1\"><\/div>\n      <div class=\"\">\n                  <a href=\"https:\/\/mutti-parma.com\/se\/tag\/kvalitet\/\">#kvalitet<\/a>, \n                  <a href=\"https:\/\/mutti-parma.com\/se\/tag\/respekt\/\">#respekt<\/a>\n              <\/div>\n      <\/div>\n\n  <a class=\"block no-underline mb-2 hover:underline\" href=\"https:\/\/mutti-parma.com\/se\/all-articles\/muttis-kvalitetsutmarkelse-pomodorino-doro\/\">\n    <h3>Hur vi utser \u00e5rets b\u00e4sta odlare<\/h3>\n  <\/a>\n\n  <a class=\"block h5 underline\" href=\"https:\/\/mutti-parma.com\/se\/all-articles\/muttis-kvalitetsutmarkelse-pomodorino-doro\/\">\n    L\u00e4s mera\n  <\/a>\n<\/div>\n        <\/div>\n              <div class=\"w-1\/3 my-4 px-8\">\n          <div class=\"max-w-96 mx-auto\">\n      <a href=\"https:\/\/mutti-parma.com\/se\/all-articles\/vitsen-med-mekanisk-skord\/\" class=\"block\">\n      <div class=\"responsive-embed \" style=\"padding-bottom: 67.567567567568%;\"><img decoding=\"async\" width=\"1808\" height=\"1460\" src=\"https:\/\/mutti-parma.com\/app\/uploads\/sites\/14\/2021\/07\/screenshot-2021-07-13-at-12.44.59.jpg\" class=\"inline-block wp-image-4237\" alt=\"Varf\u00f6r tomaterna sk\u00f6rdas mekaniskt\" data-spai-crop=\"true\" title=\"Varf\u00f6r tomaterna sk\u00f6rdas mekaniskt\" srcset=\"https:\/\/mutti-parma.com\/app\/uploads\/sites\/14\/2021\/07\/screenshot-2021-07-13-at-12.44.59.jpg 1808w, https:\/\/mutti-parma.com\/app\/uploads\/sites\/14\/2021\/07\/screenshot-2021-07-13-at-12.44.59-500x404.jpg 500w, https:\/\/mutti-parma.com\/app\/uploads\/sites\/14\/2021\/07\/screenshot-2021-07-13-at-12.44.59-1024x827.jpg 1024w, https:\/\/mutti-parma.com\/app\/uploads\/sites\/14\/2021\/07\/screenshot-2021-07-13-at-12.44.59-200x162.jpg 200w, https:\/\/mutti-parma.com\/app\/uploads\/sites\/14\/2021\/07\/screenshot-2021-07-13-at-12.44.59-768x620.jpg 768w, https:\/\/mutti-parma.com\/app\/uploads\/sites\/14\/2021\/07\/screenshot-2021-07-13-at-12.44.59-150x121.jpg 150w, https:\/\/mutti-parma.com\/app\/uploads\/sites\/14\/2021\/07\/screenshot-2021-07-13-at-12.44.59-600x485.jpg 600w, https:\/\/mutti-parma.com\/app\/uploads\/sites\/14\/2021\/07\/screenshot-2021-07-13-at-12.44.59-1536x1240.jpg 1536w\" sizes=\"auto, (max-width: 1808px) 100vw, 1808px\" loading=\"lazy\" \/><\/div>\n    <\/a>\n  \n  <div class=\"flex h5\">\n    <div>\n      juli 13, 2021\n    <\/div>\n          <div class=\"border-r border-primary pr-3 mr-3 mb-1\"><\/div>\n      <div class=\"\">\n                  <a href=\"https:\/\/mutti-parma.com\/se\/tag\/respekt\/\">#respekt<\/a>\n              <\/div>\n      <\/div>\n\n  <a class=\"block no-underline mb-2 hover:underline\" href=\"https:\/\/mutti-parma.com\/se\/all-articles\/vitsen-med-mekanisk-skord\/\">\n    <h3>Varf\u00f6r tomaterna sk\u00f6rdas mekaniskt<\/h3>\n  <\/a>\n\n  <a class=\"block h5 underline\" href=\"https:\/\/mutti-parma.com\/se\/all-articles\/vitsen-med-mekanisk-skord\/\">\n    L\u00e4s mera\n  <\/a>\n<\/div>\n        <\/div>\n              <div class=\"w-1\/3 my-4 px-8\">\n          <div class=\"max-w-96 mx-auto\">\n      <a href=\"https:\/\/mutti-parma.com\/se\/all-articles\/en-produktionskedja-som-tal-att-granskas\/\" class=\"block\">\n      <div class=\"responsive-embed \" style=\"padding-bottom: 67.567567567568%;\"><img decoding=\"async\" width=\"1806\" height=\"1592\" src=\"https:\/\/mutti-parma.com\/app\/uploads\/sites\/14\/2021\/06\/screenshot-2021-07-13-at-12.45.59.jpg\" class=\"inline-block wp-image-4238\" alt=\"Tomaternas f\u00f6rstklassiga produktionskedja\" data-spai-crop=\"true\" title=\"Tomaternas f\u00f6rstklassiga produktionskedja\" srcset=\"https:\/\/mutti-parma.com\/app\/uploads\/sites\/14\/2021\/06\/screenshot-2021-07-13-at-12.45.59.jpg 1806w, https:\/\/mutti-parma.com\/app\/uploads\/sites\/14\/2021\/06\/screenshot-2021-07-13-at-12.45.59-500x441.jpg 500w, https:\/\/mutti-parma.com\/app\/uploads\/sites\/14\/2021\/06\/screenshot-2021-07-13-at-12.45.59-1024x903.jpg 1024w, https:\/\/mutti-parma.com\/app\/uploads\/sites\/14\/2021\/06\/screenshot-2021-07-13-at-12.45.59-200x176.jpg 200w, https:\/\/mutti-parma.com\/app\/uploads\/sites\/14\/2021\/06\/screenshot-2021-07-13-at-12.45.59-768x677.jpg 768w, https:\/\/mutti-parma.com\/app\/uploads\/sites\/14\/2021\/06\/screenshot-2021-07-13-at-12.45.59-150x132.jpg 150w, https:\/\/mutti-parma.com\/app\/uploads\/sites\/14\/2021\/06\/screenshot-2021-07-13-at-12.45.59-600x529.jpg 600w, https:\/\/mutti-parma.com\/app\/uploads\/sites\/14\/2021\/06\/screenshot-2021-07-13-at-12.45.59-1536x1354.jpg 1536w\" sizes=\"auto, (max-width: 1806px) 100vw, 1806px\" loading=\"lazy\" \/><\/div>\n    <\/a>\n  \n  <div class=\"flex h5\">\n    <div>\n      juni 18, 2021\n    <\/div>\n          <div class=\"border-r border-primary pr-3 mr-3 mb-1\"><\/div>\n      <div class=\"\">\n                  <a href=\"https:\/\/mutti-parma.com\/se\/tag\/kvalitet\/\">#kvalitet<\/a>, \n                  <a href=\"https:\/\/mutti-parma.com\/se\/tag\/respekt\/\">#respekt<\/a>\n              <\/div>\n      <\/div>\n\n  <a class=\"block no-underline mb-2 hover:underline\" href=\"https:\/\/mutti-parma.com\/se\/all-articles\/en-produktionskedja-som-tal-att-granskas\/\">\n    <h3>Tomaternas f\u00f6rstklassiga produktionskedja<\/h3>\n  <\/a>\n\n  <a class=\"block h5 underline\" href=\"https:\/\/mutti-parma.com\/se\/all-articles\/en-produktionskedja-som-tal-att-granskas\/\">\n    L\u00e4s mera\n  <\/a>\n<\/div>\n        <\/div>\n          <\/div>\n  \n  <\/div>\n\n\n\n<div style=\"height:20px\" aria-hidden=\"true\" class=\"wp-block-spacer\"><\/div>\n\n\n\n<h3 class=\"has-text-align-center wp-block-heading\"><a href=\"https:\/\/mutti-parma.com\/se\/vara-varderingar\/\" data-type=\"URL\" data-id=\"https:\/\/mutti-parma.com\/se\/vara-varderingar\/\">L\u00e4s om v\u00e5ra v\u00e4rderingar<\/a><\/h3>\n","protected":false},"excerpt":{"rendered":"<p>Artiklar om respekt L\u00e4s om v\u00e5ra v\u00e4rderingar<\/p>\n","protected":false},"author":1,"featured_media":0,"parent":0,"menu_order":15,"comment_status":"closed","ping_status":"closed","template":"","meta":{"_acf_changed":false,"_relevanssi_hide_post":"","_relevanssi_hide_content":"","_relevanssi_pin_for_all":"","_relevanssi_pin_keywords":"","_relevanssi_unpin_keywords":"","_relevanssi_related_keywords":"","_relevanssi_related_include_ids":"","_relevanssi_related_exclude_ids":"","_relevanssi_related_no_append":"","_relevanssi_related_not_related":"","_relevanssi_related_posts":"","_relevanssi_noindex_reason":"","footnotes":""},"class_list":["post-4303","page","type-page","status-publish","hentry"],"acf":[],"_links":{"self":[{"href":"https:\/\/mutti-parma.com\/se\/wp-json\/wp\/v2\/pages\/4303","targetHints":{"allow":["GET"]}}],"collection":[{"href":"https:\/\/mutti-parma.com\/se\/wp-json\/wp\/v2\/pages"}],"about":[{"href":"https:\/\/mutti-parma.com\/se\/wp-json\/wp\/v2\/types\/page"}],"author":[{"embeddable":true,"href":"https:\/\/mutti-parma.com\/se\/wp-json\/wp\/v2\/users\/1"}],"replies":[{"embeddable":true,"href":"https:\/\/mutti-parma.com\/se\/wp-json\/wp\/v2\/comments?post=4303"}],"version-history":[{"count":3,"href":"https:\/\/mutti-parma.com\/se\/wp-json\/wp\/v2\/pages\/4303\/revisions"}],"predecessor-version":[{"id":5702,"href":"https:\/\/mutti-parma.com\/se\/wp-json\/wp\/v2\/pages\/4303\/revisions\/5702"}],"wp:attachment":[{"href":"https:\/\/mutti-parma.com\/se\/wp-json\/wp\/v2\/media?parent=4303"}],"curies":[{"name":"wp","href":"https:\/\/api.w.org\/{rel}","templated":true}]}}