{"id":7251,"date":"2024-05-30T09:42:52","date_gmt":"2024-05-30T09:42:52","guid":{"rendered":"https:\/\/mutti-parma.com\/se\/?page_id=7251"},"modified":"2024-05-30T09:42:52","modified_gmt":"2024-05-30T09:42:52","slug":"ateranvand-med-mutti","status":"publish","type":"page","link":"https:\/\/mutti-parma.com\/se\/ateranvand-med-mutti\/","title":{"rendered":"\u00c5teranv\u00e4nd med Mutti"},"content":{"rendered":"\n<div class=\"wp-block-cover alignfull is-style-full-height\" style=\"margin-top:0;margin-bottom:0;min-height:736px;aspect-ratio:unset;\" data-hide-on=\"tablet desktop\"><span aria-hidden=\"true\" class=\"wp-block-cover__background has-background-dim-0 has-background-dim\"><\/span><img loading=\"lazy\" decoding=\"async\" class=\"wp-block-cover__image-background wp-image-9040\" alt=\"\" src=\"https:\/\/mutti-parma.com\/app\/uploads\/2023\/07\/1-hero-mobile.jpg\" data-object-fit=\"cover\" \/><div class=\"wp-block-cover__inner-container is-layout-flow wp-block-cover-is-layout-flow\">\n<h1 class=\"wp-block-heading has-text-align-center is-style-cursive has-xxl-heading-font-size\">G\u00f6r konst sj\u00e4lv<\/h1>\n\n\n\n<h2 class=\"wp-block-heading is-style-default\" style=\"text-transform:none\">\u00c5teranv\u00e4nd med Mutti<\/h2>\n\n\n\n<p class=\"has-text-align-center\">V\u00e4lkommen till v\u00e5r g\u00f6r konst sj\u00e4lv-avdelning, d\u00e4r vi utvecklar de obegr\u00e4nsade m\u00f6jligheterna att \u00e5teranv\u00e4nda Muttis produkter. Vi tror att h\u00e5llbarhet \u00e4r ett s\u00e4tt att leva p\u00e5. Finns det n\u00e5got b\u00e4ttre s\u00e4tt att \u00e5tervinna \u00e4n att ge nytt liv \u00e5t v\u00e5ra \u00e4lskade produkter?<\/p>\n\n\n\n<p class=\"has-text-align-center\">H\u00e4r kommer du att uppt\u00e4cka en skattkista med geniala id\u00e9er och projekt som f\u00f6rvandlar v\u00e5ra f\u00f6rpackningar till funktionella och estetiskt tilltalande f\u00f6rem\u00e5l. Fr\u00e5n elegant heminredning till praktiska f\u00f6rvaringsl\u00f6sningar, v\u00e5ra g\u00f6r det sj\u00e4lv-kreationer utnyttjar sk\u00f6nheten och h\u00e5llbarheten i Muttis f\u00f6rpackningar f\u00f6r att f\u00f6rh\u00f6ja dina livsmilj\u00f6er.<\/p>\n\n\n\n<div class=\"wp-block-buttons is-content-justification-center is-layout-flex wp-container-core-buttons-is-layout-16018d1d wp-block-buttons-is-layout-flex\">\n<div class=\"wp-block-button\"><a class=\"wp-block-button__link wp-element-button\" href=\"#listing\">UPPT\u00c4CK PROJEKTEN<\/a><\/div>\n<\/div>\n<\/div><\/div>\n\n\n\n<div class=\"wp-block-cover alignfull is-style-full-height\" style=\"margin-top:0;margin-bottom:0;min-height:736px;aspect-ratio:unset;\" data-hide-on=\"mobile\"><span aria-hidden=\"true\" class=\"wp-block-cover__background has-background-dim-0 has-background-dim\"><\/span><img loading=\"lazy\" decoding=\"async\" class=\"wp-block-cover__image-background wp-image-9039\" alt=\"\" src=\"https:\/\/mutti-parma.com\/app\/uploads\/2023\/07\/1-hero-desktop.jpg\" data-object-fit=\"cover\" \/><div class=\"wp-block-cover__inner-container is-layout-flow wp-block-cover-is-layout-flow\">\n<h1 class=\"wp-block-heading has-text-align-center is-style-cursive has-xxl-heading-font-size\">G\u00f6r konst sj\u00e4lv<\/h1>\n\n\n\n<h2 class=\"wp-block-heading\" style=\"text-transform:none\">\u00c5teranv\u00e4nd med Mutti<\/h2>\n\n\n\n<p class=\"has-text-align-center\">V\u00e4lkommen till v\u00e5r g\u00f6r konst sj\u00e4lv-avdelning, d\u00e4r vi utvecklar de obegr\u00e4nsade m\u00f6jligheterna att \u00e5teranv\u00e4nda Muttis produkter. Vi tror att h\u00e5llbarhet \u00e4r ett s\u00e4tt att leva p\u00e5. Finns det n\u00e5got b\u00e4ttre s\u00e4tt att \u00e5tervinna \u00e4n att ge nytt liv \u00e5t v\u00e5ra \u00e4lskade produkter?<\/p>\n\n\n\n<p class=\"has-text-align-center\">H\u00e4r kommer du att uppt\u00e4cka en skattkista med geniala id\u00e9er och projekt som f\u00f6rvandlar v\u00e5ra f\u00f6rpackningar till funktionella och estetiskt tilltalande f\u00f6rem\u00e5l. Fr\u00e5n elegant heminredning till praktiska f\u00f6rvaringsl\u00f6sningar, v\u00e5ra g\u00f6r det sj\u00e4lv-kreationer utnyttjar sk\u00f6nheten och h\u00e5llbarheten i Muttis f\u00f6rpackningar f\u00f6r att f\u00f6rh\u00f6ja dina livsmilj\u00f6er.<\/p>\n\n\n\n<div class=\"wp-block-buttons is-content-justification-center is-layout-flex wp-container-core-buttons-is-layout-16018d1d wp-block-buttons-is-layout-flex\">\n<div class=\"wp-block-button\"><a class=\"wp-block-button__link wp-element-button\" href=\"#listing\">UPPT\u00c4CK PROJEKTEN<\/a><\/div>\n<\/div>\n<\/div><\/div>\n\n\n\n<div class=\"wp-block-group alignfull has-background is-layout-constrained wp-block-group-is-layout-constrained\" style=\"background-color:#f0e9d7\"><div class=\"facetwp-facet facetwp-facet-project_category facetwp-type-radio\" data-name=\"project_category\" data-type=\"radio\"><\/div>\n<\/div>\n\n\n<div\n  class=\"acf-content-listing is-style-filtered alignwide\"\n   id=\"listing\" >\n  <div class=\"facetwp-template\">\n    <div class=\"flex -mx-6 -mt-5 md:-mt-6 flex-wrap\">\n               <div class=\"w-1\/1 sm:w-1\/2 md:w-1\/3 px-6 py-5 md:py-6\">\n          <div class=\"text-center\" data-vue-wrapper>\n      <a href=\"https:\/\/mutti-parma.com\/se\/project\/dorrkrans\/\" class=\"relative block mb-4 max-w-96 mx-auto\">\n      <div class=\"responsive-embed \" style=\"padding-bottom: 108.79765395894%;\">\n        <img decoding=\"async\" width=\"2000\" height=\"1333\" src=\"https:\/\/mutti-parma.com\/app\/uploads\/sites\/14\/2025\/11\/ghirlanda-latta-06.jpg\" class=\"inline-block wp-image-8992\" alt=\"D\u00f6rrkrans\" sizes=\"auto, (max-width: 600px) 72vw, 431px\" data-spai-crop=\"true\" title=\"D\u00f6rrkrans\" srcset=\"https:\/\/mutti-parma.com\/app\/uploads\/sites\/14\/2025\/11\/ghirlanda-latta-06.jpg 2000w, https:\/\/mutti-parma.com\/app\/uploads\/sites\/14\/2025\/11\/ghirlanda-latta-06-500x333.jpg 500w, https:\/\/mutti-parma.com\/app\/uploads\/sites\/14\/2025\/11\/ghirlanda-latta-06-1024x682.jpg 1024w, https:\/\/mutti-parma.com\/app\/uploads\/sites\/14\/2025\/11\/ghirlanda-latta-06-200x133.jpg 200w, https:\/\/mutti-parma.com\/app\/uploads\/sites\/14\/2025\/11\/ghirlanda-latta-06-768x512.jpg 768w, https:\/\/mutti-parma.com\/app\/uploads\/sites\/14\/2025\/11\/ghirlanda-latta-06-150x100.jpg 150w, https:\/\/mutti-parma.com\/app\/uploads\/sites\/14\/2025\/11\/ghirlanda-latta-06-600x400.jpg 600w, https:\/\/mutti-parma.com\/app\/uploads\/sites\/14\/2025\/11\/ghirlanda-latta-06-1536x1024.jpg 1536w\" loading=\"lazy\" \/>\n      <\/div>\n    <\/a>\n  \n  <a class=\"block mb-4\" href=\"https:\/\/mutti-parma.com\/se\/project\/dorrkrans\/\">\n    <h3>D\u00f6rrkrans<\/h3>\n  <\/a>\n\n  <rate-post\n    namespace=\"mutti\/v1\"\n    :votes=\"0\"\n    :post-id=\"8993\"\n  ><\/rate-post>\n<\/div>\n        <\/div>\n               <div class=\"w-1\/1 sm:w-1\/2 md:w-1\/3 px-6 py-5 md:py-6\">\n          <div class=\"text-center\" data-vue-wrapper>\n      <a href=\"https:\/\/mutti-parma.com\/se\/project\/snoboll\/\" class=\"relative block mb-4 max-w-96 mx-auto\">\n      <div class=\"responsive-embed \" style=\"padding-bottom: 108.79765395894%;\">\n        <img decoding=\"async\" width=\"2000\" height=\"1333\" src=\"https:\/\/mutti-parma.com\/app\/uploads\/sites\/14\/2025\/11\/palla-di-neve-vasetto-07.jpg\" class=\"inline-block wp-image-9002\" alt=\"Sn\u00f6boll\" sizes=\"auto, (max-width: 600px) 72vw, 431px\" data-spai-crop=\"true\" title=\"Sn\u00f6boll\" srcset=\"https:\/\/mutti-parma.com\/app\/uploads\/sites\/14\/2025\/11\/palla-di-neve-vasetto-07.jpg 2000w, https:\/\/mutti-parma.com\/app\/uploads\/sites\/14\/2025\/11\/palla-di-neve-vasetto-07-500x333.jpg 500w, https:\/\/mutti-parma.com\/app\/uploads\/sites\/14\/2025\/11\/palla-di-neve-vasetto-07-1024x682.jpg 1024w, https:\/\/mutti-parma.com\/app\/uploads\/sites\/14\/2025\/11\/palla-di-neve-vasetto-07-200x133.jpg 200w, https:\/\/mutti-parma.com\/app\/uploads\/sites\/14\/2025\/11\/palla-di-neve-vasetto-07-768x512.jpg 768w, https:\/\/mutti-parma.com\/app\/uploads\/sites\/14\/2025\/11\/palla-di-neve-vasetto-07-150x100.jpg 150w, https:\/\/mutti-parma.com\/app\/uploads\/sites\/14\/2025\/11\/palla-di-neve-vasetto-07-600x400.jpg 600w, https:\/\/mutti-parma.com\/app\/uploads\/sites\/14\/2025\/11\/palla-di-neve-vasetto-07-1536x1024.jpg 1536w\" loading=\"lazy\" \/>\n      <\/div>\n    <\/a>\n  \n  <a class=\"block mb-4\" href=\"https:\/\/mutti-parma.com\/se\/project\/snoboll\/\">\n    <h3>Sn\u00f6boll<\/h3>\n  <\/a>\n\n  <rate-post\n    namespace=\"mutti\/v1\"\n    :votes=\"0\"\n    :post-id=\"8995\"\n  ><\/rate-post>\n<\/div>\n        <\/div>\n               <div class=\"w-1\/1 sm:w-1\/2 md:w-1\/3 px-6 py-5 md:py-6\">\n          <div class=\"text-center\" data-vue-wrapper>\n      <a href=\"https:\/\/mutti-parma.com\/se\/project\/glasmarkorer-for-julhelgen\/\" class=\"relative block mb-4 max-w-96 mx-auto\">\n      <div class=\"responsive-embed \" style=\"padding-bottom: 108.79765395894%;\">\n        <img decoding=\"async\" width=\"2000\" height=\"1333\" src=\"https:\/\/mutti-parma.com\/app\/uploads\/sites\/14\/2025\/11\/segnaposto-tubetto-06.jpg\" class=\"inline-block wp-image-9010\" alt=\"Glasmark\u00f6rer f\u00f6r julhelgen\" sizes=\"auto, (max-width: 600px) 72vw, 431px\" data-spai-crop=\"true\" title=\"Glasmark\u00f6rer f\u00f6r julhelgen\" srcset=\"https:\/\/mutti-parma.com\/app\/uploads\/sites\/14\/2025\/11\/segnaposto-tubetto-06.jpg 2000w, https:\/\/mutti-parma.com\/app\/uploads\/sites\/14\/2025\/11\/segnaposto-tubetto-06-500x333.jpg 500w, https:\/\/mutti-parma.com\/app\/uploads\/sites\/14\/2025\/11\/segnaposto-tubetto-06-1024x682.jpg 1024w, https:\/\/mutti-parma.com\/app\/uploads\/sites\/14\/2025\/11\/segnaposto-tubetto-06-200x133.jpg 200w, https:\/\/mutti-parma.com\/app\/uploads\/sites\/14\/2025\/11\/segnaposto-tubetto-06-768x512.jpg 768w, https:\/\/mutti-parma.com\/app\/uploads\/sites\/14\/2025\/11\/segnaposto-tubetto-06-150x100.jpg 150w, https:\/\/mutti-parma.com\/app\/uploads\/sites\/14\/2025\/11\/segnaposto-tubetto-06-600x400.jpg 600w, https:\/\/mutti-parma.com\/app\/uploads\/sites\/14\/2025\/11\/segnaposto-tubetto-06-1536x1024.jpg 1536w\" loading=\"lazy\" \/>\n      <\/div>\n    <\/a>\n  \n  <a class=\"block mb-4\" href=\"https:\/\/mutti-parma.com\/se\/project\/glasmarkorer-for-julhelgen\/\">\n    <h3>Glasmark\u00f6rer f\u00f6r julhelgen<\/h3>\n  <\/a>\n\n  <rate-post\n    namespace=\"mutti\/v1\"\n    :votes=\"0\"\n    :post-id=\"9004\"\n  ><\/rate-post>\n<\/div>\n        <\/div>\n               <div class=\"w-1\/1 sm:w-1\/2 md:w-1\/3 px-6 py-5 md:py-6\">\n          <div class=\"text-center\" data-vue-wrapper>\n      <a href=\"https:\/\/mutti-parma.com\/se\/project\/recept-i-tomatflaska\/\" class=\"relative block mb-4 max-w-96 mx-auto\">\n      <div class=\"responsive-embed \" style=\"padding-bottom: 108.79765395894%;\">\n        <img decoding=\"async\" width=\"200\" height=\"200\" src=\"https:\/\/mutti-parma.com\/app\/uploads\/sites\/14\/2024\/12\/4-bottiglia-porta-ricetta-4-1-200x200-1.jpg\" class=\"inline-block wp-image-8072\" alt=\"Recept i Tomatflaska\" sizes=\"auto, (max-width: 600px) 72vw, 431px\" data-spai-crop=\"true\" title=\"Recept i Tomatflaska\" srcset=\"https:\/\/mutti-parma.com\/app\/uploads\/sites\/14\/2024\/12\/4-bottiglia-porta-ricetta-4-1-200x200-1.jpg 200w, https:\/\/mutti-parma.com\/app\/uploads\/sites\/14\/2024\/12\/4-bottiglia-porta-ricetta-4-1-200x200-1-150x150.jpg 150w, https:\/\/mutti-parma.com\/app\/uploads\/sites\/14\/2024\/12\/4-bottiglia-porta-ricetta-4-1-200x200-1-50x50.jpg 50w\" loading=\"lazy\" \/>\n      <\/div>\n    <\/a>\n  \n  <a class=\"block mb-4\" href=\"https:\/\/mutti-parma.com\/se\/project\/recept-i-tomatflaska\/\">\n    <h3>Recept i Tomatflaska<\/h3>\n  <\/a>\n\n  <rate-post\n    namespace=\"mutti\/v1\"\n    :votes=\"0\"\n    :post-id=\"8071\"\n  ><\/rate-post>\n<\/div>\n        <\/div>\n               <div class=\"w-1\/1 sm:w-1\/2 md:w-1\/3 px-6 py-5 md:py-6\">\n          <div class=\"text-center\" data-vue-wrapper>\n      <a href=\"https:\/\/mutti-parma.com\/se\/project\/festliga-dekorationer\/\" class=\"relative block mb-4 max-w-96 mx-auto\">\n      <div class=\"responsive-embed \" style=\"padding-bottom: 108.79765395894%;\">\n        <img decoding=\"async\" width=\"1000\" height=\"1000\" src=\"https:\/\/mutti-parma.com\/app\/uploads\/sites\/14\/2024\/12\/5-tubetto-decorazioni-10a-1.jpg\" class=\"inline-block wp-image-8068\" alt=\"Festliga Dekorationer\" sizes=\"auto, (max-width: 600px) 72vw, 431px\" data-spai-crop=\"true\" title=\"Festliga Dekorationer\" srcset=\"https:\/\/mutti-parma.com\/app\/uploads\/sites\/14\/2024\/12\/5-tubetto-decorazioni-10a-1.jpg 1000w, https:\/\/mutti-parma.com\/app\/uploads\/sites\/14\/2024\/12\/5-tubetto-decorazioni-10a-1-500x500.jpg 500w, https:\/\/mutti-parma.com\/app\/uploads\/sites\/14\/2024\/12\/5-tubetto-decorazioni-10a-1-200x200.jpg 200w, https:\/\/mutti-parma.com\/app\/uploads\/sites\/14\/2024\/12\/5-tubetto-decorazioni-10a-1-768x768.jpg 768w, https:\/\/mutti-parma.com\/app\/uploads\/sites\/14\/2024\/12\/5-tubetto-decorazioni-10a-1-150x150.jpg 150w, https:\/\/mutti-parma.com\/app\/uploads\/sites\/14\/2024\/12\/5-tubetto-decorazioni-10a-1-600x600.jpg 600w, https:\/\/mutti-parma.com\/app\/uploads\/sites\/14\/2024\/12\/5-tubetto-decorazioni-10a-1-50x50.jpg 50w\" loading=\"lazy\" \/>\n      <\/div>\n    <\/a>\n  \n  <a class=\"block mb-4\" href=\"https:\/\/mutti-parma.com\/se\/project\/festliga-dekorationer\/\">\n    <h3>Festliga Dekorationer<\/h3>\n  <\/a>\n\n  <rate-post\n    namespace=\"mutti\/v1\"\n    :votes=\"0\"\n    :post-id=\"8067\"\n  ><\/rate-post>\n<\/div>\n        <\/div>\n               <div class=\"w-1\/1 sm:w-1\/2 md:w-1\/3 px-6 py-5 md:py-6\">\n          <div class=\"text-center\" data-vue-wrapper>\n      <a href=\"https:\/\/mutti-parma.com\/se\/project\/mutti-passata-jojo\/\" class=\"relative block mb-4 max-w-96 mx-auto\">\n      <div class=\"responsive-embed \" style=\"padding-bottom: 108.79765395894%;\">\n        <img decoding=\"async\" width=\"1024\" height=\"1024\" src=\"https:\/\/mutti-parma.com\/app\/uploads\/sites\/14\/2024\/03\/ww-socialped-2021-08-doartyourself-04-1024x1024-1.jpg\" class=\"inline-block wp-image-7255\" alt=\"Mutti Passata jojo\" sizes=\"auto, (max-width: 600px) 72vw, 431px\" data-spai-crop=\"true\" title=\"Mutti Passata jojo\" srcset=\"https:\/\/mutti-parma.com\/app\/uploads\/sites\/14\/2024\/03\/ww-socialped-2021-08-doartyourself-04-1024x1024-1.jpg 1024w, https:\/\/mutti-parma.com\/app\/uploads\/sites\/14\/2024\/03\/ww-socialped-2021-08-doartyourself-04-1024x1024-1-500x500.jpg 500w, https:\/\/mutti-parma.com\/app\/uploads\/sites\/14\/2024\/03\/ww-socialped-2021-08-doartyourself-04-1024x1024-1-200x200.jpg 200w, https:\/\/mutti-parma.com\/app\/uploads\/sites\/14\/2024\/03\/ww-socialped-2021-08-doartyourself-04-1024x1024-1-768x768.jpg 768w, https:\/\/mutti-parma.com\/app\/uploads\/sites\/14\/2024\/03\/ww-socialped-2021-08-doartyourself-04-1024x1024-1-150x150.jpg 150w, https:\/\/mutti-parma.com\/app\/uploads\/sites\/14\/2024\/03\/ww-socialped-2021-08-doartyourself-04-1024x1024-1-600x600.jpg 600w, https:\/\/mutti-parma.com\/app\/uploads\/sites\/14\/2024\/03\/ww-socialped-2021-08-doartyourself-04-1024x1024-1-50x50.jpg 50w\" loading=\"lazy\" \/>\n      <\/div>\n    <\/a>\n  \n  <a class=\"block mb-4\" href=\"https:\/\/mutti-parma.com\/se\/project\/mutti-passata-jojo\/\">\n    <h3>Mutti Passata jojo<\/h3>\n  <\/a>\n\n  <rate-post\n    namespace=\"mutti\/v1\"\n    :votes=\"0\"\n    :post-id=\"7254\"\n  ><\/rate-post>\n<\/div>\n        <\/div>\n               <div class=\"w-1\/1 sm:w-1\/2 md:w-1\/3 px-6 py-5 md:py-6\">\n          <div class=\"text-center\" data-vue-wrapper>\n      <a href=\"https:\/\/mutti-parma.com\/se\/project\/mutti-kaktuskruka\/\" class=\"relative block mb-4 max-w-96 mx-auto\">\n      <div class=\"responsive-embed \" style=\"padding-bottom: 108.79765395894%;\">\n        <img decoding=\"async\" width=\"1024\" height=\"1024\" src=\"https:\/\/mutti-parma.com\/app\/uploads\/sites\/14\/2024\/03\/ww-socialped-2021-09-doartyourself-01-fb-ig-1024x1024-1.jpg\" class=\"inline-block wp-image-7258\" alt=\"Mutti kaktuskruka\" sizes=\"auto, (max-width: 600px) 72vw, 431px\" data-spai-crop=\"true\" title=\"Mutti kaktuskruka\" srcset=\"https:\/\/mutti-parma.com\/app\/uploads\/sites\/14\/2024\/03\/ww-socialped-2021-09-doartyourself-01-fb-ig-1024x1024-1.jpg 1024w, https:\/\/mutti-parma.com\/app\/uploads\/sites\/14\/2024\/03\/ww-socialped-2021-09-doartyourself-01-fb-ig-1024x1024-1-500x500.jpg 500w, https:\/\/mutti-parma.com\/app\/uploads\/sites\/14\/2024\/03\/ww-socialped-2021-09-doartyourself-01-fb-ig-1024x1024-1-200x200.jpg 200w, https:\/\/mutti-parma.com\/app\/uploads\/sites\/14\/2024\/03\/ww-socialped-2021-09-doartyourself-01-fb-ig-1024x1024-1-768x768.jpg 768w, https:\/\/mutti-parma.com\/app\/uploads\/sites\/14\/2024\/03\/ww-socialped-2021-09-doartyourself-01-fb-ig-1024x1024-1-150x150.jpg 150w, https:\/\/mutti-parma.com\/app\/uploads\/sites\/14\/2024\/03\/ww-socialped-2021-09-doartyourself-01-fb-ig-1024x1024-1-600x600.jpg 600w, https:\/\/mutti-parma.com\/app\/uploads\/sites\/14\/2024\/03\/ww-socialped-2021-09-doartyourself-01-fb-ig-1024x1024-1-50x50.jpg 50w\" loading=\"lazy\" \/>\n      <\/div>\n    <\/a>\n  \n  <a class=\"block mb-4\" href=\"https:\/\/mutti-parma.com\/se\/project\/mutti-kaktuskruka\/\">\n    <h3>Mutti kaktuskruka<\/h3>\n  <\/a>\n\n  <rate-post\n    namespace=\"mutti\/v1\"\n    :votes=\"0\"\n    :post-id=\"7257\"\n  ><\/rate-post>\n<\/div>\n        <\/div>\n               <div class=\"w-1\/1 sm:w-1\/2 md:w-1\/3 px-6 py-5 md:py-6\">\n          <div class=\"text-center\" data-vue-wrapper>\n      <a href=\"https:\/\/mutti-parma.com\/se\/project\/mutti-lockunderlagg\/\" class=\"relative block mb-4 max-w-96 mx-auto\">\n      <div class=\"responsive-embed \" style=\"padding-bottom: 108.79765395894%;\">\n        <img decoding=\"async\" width=\"1024\" height=\"1024\" src=\"https:\/\/mutti-parma.com\/app\/uploads\/sites\/14\/2024\/03\/ww-socialped-2021-10-doartyourself-01-1024x1024-1.jpg\" class=\"inline-block wp-image-7261\" alt=\"Mutti lockunderl\u00e4gg\" sizes=\"auto, (max-width: 600px) 72vw, 431px\" data-spai-crop=\"true\" title=\"Mutti lockunderl\u00e4gg\" srcset=\"https:\/\/mutti-parma.com\/app\/uploads\/sites\/14\/2024\/03\/ww-socialped-2021-10-doartyourself-01-1024x1024-1.jpg 1024w, https:\/\/mutti-parma.com\/app\/uploads\/sites\/14\/2024\/03\/ww-socialped-2021-10-doartyourself-01-1024x1024-1-500x500.jpg 500w, https:\/\/mutti-parma.com\/app\/uploads\/sites\/14\/2024\/03\/ww-socialped-2021-10-doartyourself-01-1024x1024-1-200x200.jpg 200w, https:\/\/mutti-parma.com\/app\/uploads\/sites\/14\/2024\/03\/ww-socialped-2021-10-doartyourself-01-1024x1024-1-768x768.jpg 768w, https:\/\/mutti-parma.com\/app\/uploads\/sites\/14\/2024\/03\/ww-socialped-2021-10-doartyourself-01-1024x1024-1-150x150.jpg 150w, https:\/\/mutti-parma.com\/app\/uploads\/sites\/14\/2024\/03\/ww-socialped-2021-10-doartyourself-01-1024x1024-1-600x600.jpg 600w, https:\/\/mutti-parma.com\/app\/uploads\/sites\/14\/2024\/03\/ww-socialped-2021-10-doartyourself-01-1024x1024-1-50x50.jpg 50w\" loading=\"lazy\" \/>\n      <\/div>\n    <\/a>\n  \n  <a class=\"block mb-4\" href=\"https:\/\/mutti-parma.com\/se\/project\/mutti-lockunderlagg\/\">\n    <h3>Mutti lockunderl\u00e4gg<\/h3>\n  <\/a>\n\n  <rate-post\n    namespace=\"mutti\/v1\"\n    :votes=\"0\"\n    :post-id=\"7260\"\n  ><\/rate-post>\n<\/div>\n        <\/div>\n               <div class=\"w-1\/1 sm:w-1\/2 md:w-1\/3 px-6 py-5 md:py-6\">\n          <div class=\"text-center\" data-vue-wrapper>\n      <a href=\"https:\/\/mutti-parma.com\/se\/project\/mutti-hjalp-i-koket\/\" class=\"relative block mb-4 max-w-96 mx-auto\">\n      <div class=\"responsive-embed \" style=\"padding-bottom: 108.79765395894%;\">\n        <img decoding=\"async\" width=\"1024\" height=\"1024\" src=\"https:\/\/mutti-parma.com\/app\/uploads\/sites\/14\/2024\/03\/ww-socialped-2021-11-doartyourself-07-1024x1024-1.jpg\" class=\"inline-block wp-image-7264\" alt=\"Mutti hj\u00e4lp i k\u00f6ket\" sizes=\"auto, (max-width: 600px) 72vw, 431px\" data-spai-crop=\"true\" title=\"Mutti hj\u00e4lp i k\u00f6ket\" srcset=\"https:\/\/mutti-parma.com\/app\/uploads\/sites\/14\/2024\/03\/ww-socialped-2021-11-doartyourself-07-1024x1024-1.jpg 1024w, https:\/\/mutti-parma.com\/app\/uploads\/sites\/14\/2024\/03\/ww-socialped-2021-11-doartyourself-07-1024x1024-1-500x500.jpg 500w, https:\/\/mutti-parma.com\/app\/uploads\/sites\/14\/2024\/03\/ww-socialped-2021-11-doartyourself-07-1024x1024-1-200x200.jpg 200w, https:\/\/mutti-parma.com\/app\/uploads\/sites\/14\/2024\/03\/ww-socialped-2021-11-doartyourself-07-1024x1024-1-768x768.jpg 768w, https:\/\/mutti-parma.com\/app\/uploads\/sites\/14\/2024\/03\/ww-socialped-2021-11-doartyourself-07-1024x1024-1-150x150.jpg 150w, https:\/\/mutti-parma.com\/app\/uploads\/sites\/14\/2024\/03\/ww-socialped-2021-11-doartyourself-07-1024x1024-1-600x600.jpg 600w, https:\/\/mutti-parma.com\/app\/uploads\/sites\/14\/2024\/03\/ww-socialped-2021-11-doartyourself-07-1024x1024-1-50x50.jpg 50w\" loading=\"lazy\" \/>\n      <\/div>\n    <\/a>\n  \n  <a class=\"block mb-4\" href=\"https:\/\/mutti-parma.com\/se\/project\/mutti-hjalp-i-koket\/\">\n    <h3>Mutti hj\u00e4lp i k\u00f6ket<\/h3>\n  <\/a>\n\n  <rate-post\n    namespace=\"mutti\/v1\"\n    :votes=\"0\"\n    :post-id=\"7263\"\n  ><\/rate-post>\n<\/div>\n        <\/div>\n                <\/div>\n  <\/div>\n\n      <div class=\"text-center\">\n      <div class=\"facetwp-pager\"><\/div>\n    <\/div>\n  <\/div>\n","protected":false},"excerpt":{"rendered":"","protected":false},"author":1,"featured_media":0,"parent":0,"menu_order":5,"comment_status":"closed","ping_status":"closed","template":"","meta":{"_acf_changed":false,"_relevanssi_hide_post":"","_relevanssi_hide_content":"","_relevanssi_pin_for_all":"","_relevanssi_pin_keywords":"","_relevanssi_unpin_keywords":"","_relevanssi_related_keywords":"","_relevanssi_related_include_ids":"","_relevanssi_related_exclude_ids":"","_relevanssi_related_no_append":"","_relevanssi_related_not_related":"","_relevanssi_related_posts":"","_relevanssi_noindex_reason":"","footnotes":""},"class_list":["post-7251","page","type-page","status-publish","hentry"],"acf":[],"_links":{"self":[{"href":"https:\/\/mutti-parma.com\/se\/wp-json\/wp\/v2\/pages\/7251","targetHints":{"allow":["GET"]}}],"collection":[{"href":"https:\/\/mutti-parma.com\/se\/wp-json\/wp\/v2\/pages"}],"about":[{"href":"https:\/\/mutti-parma.com\/se\/wp-json\/wp\/v2\/types\/page"}],"author":[{"embeddable":true,"href":"https:\/\/mutti-parma.com\/se\/wp-json\/wp\/v2\/users\/1"}],"replies":[{"embeddable":true,"href":"https:\/\/mutti-parma.com\/se\/wp-json\/wp\/v2\/comments?post=7251"}],"version-history":[{"count":2,"href":"https:\/\/mutti-parma.com\/se\/wp-json\/wp\/v2\/pages\/7251\/revisions"}],"predecessor-version":[{"id":7253,"href":"https:\/\/mutti-parma.com\/se\/wp-json\/wp\/v2\/pages\/7251\/revisions\/7253"}],"wp:attachment":[{"href":"https:\/\/mutti-parma.com\/se\/wp-json\/wp\/v2\/media?parent=7251"}],"curies":[{"name":"wp","href":"https:\/\/api.w.org\/{rel}","templated":true}]}}