{"id":7614,"date":"2024-06-13T13:08:34","date_gmt":"2024-06-13T13:08:34","guid":{"rendered":"https:\/\/mutti-parma.com\/se\/?page_id=7614"},"modified":"2024-09-05T13:33:53","modified_gmt":"2024-09-05T13:33:53","slug":"food-service","status":"publish","type":"page","link":"https:\/\/mutti-parma.com\/se\/food-service\/","title":{"rendered":"Foodservice"},"content":{"rendered":"\n<div class=\"wp-block-group alignwide has-beige-background-color has-background is-layout-constrained wp-block-group-is-layout-constrained\">\n<div class=\"wp-block-group alignfull is-style-ribbon is-style-ribbon-bottom is-layout-constrained wp-block-group-is-layout-constrained\" style=\"padding-top:0;padding-bottom:0\">\n<div class=\"wp-block-cover alignfull is-style-full-height\" style=\"padding-top:0rem;padding-bottom:0rem\"><span aria-hidden=\"true\" class=\"wp-block-cover__background has-background-dim-0 has-background-dim\"><\/span><img loading=\"lazy\" decoding=\"async\" class=\"wp-block-cover__image-background wp-image-20783\" alt=\"\" src=\"https:\/\/mutti-parma.com\/app\/uploads\/sites\/17\/2023\/12\/0-intro.jpg\" data-object-fit=\"cover\" \/><div class=\"wp-block-cover__inner-container is-layout-constrained wp-block-cover-is-layout-constrained\">\n<h1 class=\"wp-block-heading has-text-align-center is-style-default has-xl-heading-font-size\">V\u00e4lkommen till Mutti \u2013 Din partner f\u00f6r kulinarisk framg\u00e5ng i restauranger och stork\u00f6k<\/h1>\n<\/div><\/div>\n<\/div>\n\n\n\n<div class=\"wp-block-group alignwide pb-0 px-0 has-beige-background-color has-background is-layout-constrained wp-block-group-is-layout-constrained\" style=\"margin-bottom:0\">\n<h2 class=\"wp-block-heading has-text-align-center has-primary-color has-text-color\">Vad vi st\u00e5r f\u00f6r<\/h2>\n\n\n\n<p class=\"has-text-align-center\">I \u00f6ver 100 \u00e5r har Mutti varit k\u00e4nt f\u00f6r att leverera de b\u00e4sta italienska tomaterna. Fr\u00e5n f\u00f6rsta dagen har v\u00e5rt familjef\u00f6retag str\u00e4vat efter att h\u00e5lla h\u00f6gsta m\u00f6jliga kvalitet. Det \u00e4r d\u00e4rf\u00f6r s\u00e5 m\u00e5nga kockar och yrkesverksamma inom livsmedelssektorn v\u00e4rlden \u00f6ver v\u00e4ljer Mutti Pomodoro.<\/p>\n\n\n\n<h3 class=\"wp-block-heading has-text-align-center\">V\u00e5ra v\u00e4rderingar<\/h3>\n\n\n\n<div class=\"wp-block-columns alignwide is-not-stacked-on-mobile mb-0 is-layout-flex wp-container-core-columns-is-layout-9d6595d7 wp-block-columns-is-layout-flex\" data-hide-on=\"mobile\">\n<div class=\"wp-block-column is-layout-flow wp-block-column-is-layout-flow\">\n<figure class=\"wp-block-image aligncenter size-full is-resized is-style-rounded-with-shadow\"><img loading=\"lazy\" decoding=\"async\" src=\"https:\/\/mutti-parma.com\/app\/uploads\/sites\/17\/2023\/12\/1-quality.jpg\" alt=\"\" class=\"wp-image-20786\" style=\"object-fit:cover;width:200px;height:200px\" \/><\/figure>\n\n\n\n<h3 class=\"wp-block-heading has-text-align-center has-primary-color has-text-color\">Kvalitet<\/h3>\n\n\n\n<p class=\"has-text-align-center\">Mutti \u00e4r ett familjef\u00f6retag i fj\u00e4rde generationen som i \u00f6ver 120 \u00e5r har arbetat med att leverera tomater av h\u00f6gsta kvalitet. Vi vet hur man bevarar den f\u00e4rska smaken hos solmogna italienska tomater, s\u00e5 att du kan servera det b\u00e4sta till dina g\u00e4ster. L\u00e4s mer om hur vi s\u00e4kerst\u00e4ller kvalitet genom hela processen \u2013 fr\u00e5n odling till det professionella k\u00f6ket. L\u00e4s mer om Muttis kvalitet.<\/p>\n<\/div>\n\n\n\n<div class=\"wp-block-column is-layout-flow wp-block-column-is-layout-flow\">\n<figure class=\"wp-block-image aligncenter size-full is-resized is-style-rounded-with-shadow\"><img loading=\"lazy\" decoding=\"async\" src=\"https:\/\/mutti-parma.com\/app\/uploads\/sites\/17\/2023\/12\/2-sustainability.jpg\" alt=\"\" class=\"wp-image-20785\" style=\"object-fit:cover;width:200px;height:200px\" \/><\/figure>\n\n\n\n<h3 class=\"wp-block-heading has-text-align-center has-primary-color has-text-color\">&nbsp;H\u00e5llbarhet<\/h3>\n\n\n\n<p class=\"has-text-align-center\">Vi tror p\u00e5 att bra smak kommer fr\u00e5n bra r\u00e5varor. D\u00e4rf\u00f6r s\u00e4tter vi inte bara standarder f\u00f6r kvalitet utan ocks\u00e5 hur vi tar h\u00e4nsyn till milj\u00f6n. Genom att kombinera innovation med traditionella metoder arbetar vi med att \u00e4lska, respektera och v\u00e5rda v\u00e5r mark och skapa en h\u00e5llbar framtid. L\u00e4s mer om v\u00e5rt h\u00e5llbarhetsarbete.<\/p>\n<\/div>\n\n\n\n<div class=\"wp-block-column is-layout-flow wp-block-column-is-layout-flow\">\n<figure class=\"wp-block-image aligncenter size-full is-resized is-style-rounded-with-shadow\"><img loading=\"lazy\" decoding=\"async\" src=\"https:\/\/mutti-parma.com\/app\/uploads\/sites\/17\/2023\/12\/3-respect.jpg\" alt=\"\" class=\"wp-image-20784\" style=\"object-fit:cover;width:200px;height:200px\" \/><\/figure>\n\n\n\n<h3 class=\"wp-block-heading has-text-align-center has-primary-color has-text-color\">Respekt<\/h3>\n\n\n\n<p class=\"has-text-align-center\">F\u00f6r att producera tomater av h\u00f6gsta kvalitet kr\u00e4vs en h\u00e5llbar och ansvarsfull produktion. Vi v\u00e4rdes\u00e4tter starka relationer med v\u00e5ra cirka 700 odlare, som vi har samarbetat med i m\u00e5nga \u00e5r. Tillsammans str\u00e4var vi efter att n\u00e5 de h\u00f6gsta kvalitetsstandarderna genom tekniska innovationer och ekonomiska incitament. L\u00e4s mer om hur vi st\u00f6ttar v\u00e5ra producenter.<\/p>\n<\/div>\n<\/div>\n\n\n\n<div class=\"wp-block-group alignfull is-layout-constrained wp-block-group-is-layout-constrained\" data-hide-on=\"desktop tablet\"><div\n  class=\"\n    mutti-slideshow\n    \n    alignwide\n    has-multiple-slides-per-view\n  \"\n      id=\"sommes-carousel\"\n    data-vue-wrapper>\n  <slideshow\n    :pagination=\"false\"\n    :navigation=\"false\"\n    class=\"lg:-mx-8\"\n\n          :slides-per-view=\"3\"\n      :slides-per-view-md=\"3\"\n      :slides-per-view-sm=\"3\"\n                  :is-thumbnail-slider='true'\n        :options='{&quot;autoplay&quot;:false,&quot;loop&quot;:false,&quot;autoHeight&quot;:false,&quot;spaceBetween&quot;:60}'\n    :template-classes='{\"navigationGutter\":\"mx-8\",\"navigationPrevButton\":\"fa-solid fa-chevron-left text-2xl md:text-3xl text-primary\",\"navigationNextButton\":\"fa-solid fa-chevron-right text-2xl md:text-3xl text-primary\"}'\n  >\n    \n<div class=\"swiper-slide wp-block-mutti-slide\">\n    \n\n<figure class=\"wp-block-image aligncenter size-full is-style-rounded-with-shadow\"><img loading=\"lazy\" decoding=\"async\" src=\"https:\/\/mutti-parma.com\/app\/uploads\/sites\/17\/2023\/12\/1-quality.jpg\" alt=\"\" class=\"wp-image-20786\" style=\"object-fit:cover\" \/><\/figure>\n\n\n  <\/div>\n\n\n<div class=\"swiper-slide wp-block-mutti-slide\">\n    \n\n<figure class=\"wp-block-image aligncenter size-full is-style-rounded-with-shadow\"><img loading=\"lazy\" decoding=\"async\" src=\"https:\/\/mutti-parma.com\/app\/uploads\/sites\/17\/2023\/12\/2-sustainability.jpg\" alt=\"\" class=\"wp-image-20785\" style=\"object-fit:cover\" \/><\/figure>\n\n\n  <\/div>\n\n\n<div class=\"swiper-slide wp-block-mutti-slide\">\n    \n\n<figure class=\"wp-block-image aligncenter size-full is-style-rounded-with-shadow\"><img loading=\"lazy\" decoding=\"async\" src=\"https:\/\/mutti-parma.com\/app\/uploads\/sites\/17\/2023\/12\/3-respect.jpg\" alt=\"\" class=\"wp-image-20784\" style=\"object-fit:cover\" \/><\/figure>\n\n\n  <\/div>\n\n\n  <\/slideshow>\n<\/div>\n\n\n<div\n  class=\"\n    mutti-slideshow\n    \n    alignwide\n    \n  \"\n    data-vue-wrapper>\n  <slideshow\n    :pagination=\"false\"\n    :navigation=\"true\"\n    class=\"lg:-mx-8\"\n\n          :slides-per-view=\"1\"\n      :slides-per-view-md=\"1\"\n      :slides-per-view-sm=\"1\"\n              thumbs='#sommes-carousel'\n            :options='{&quot;autoplay&quot;:false,&quot;loop&quot;:false,&quot;autoHeight&quot;:true,&quot;spaceBetween&quot;:60}'\n    :template-classes='{\"navigationGutter\":\"mx-8\",\"navigationPrevButton\":\"fa-solid fa-chevron-left text-2xl md:text-3xl text-primary\",\"navigationNextButton\":\"fa-solid fa-chevron-right text-2xl md:text-3xl text-primary\"}'\n  >\n    \n<div class=\"swiper-slide wp-block-mutti-slide\">\n    \n\n<h3 class=\"wp-block-heading has-text-align-center has-primary-color has-text-color\">Kvalitet:<\/h3>\n\n\n\n<p class=\"has-text-align-center\">Mutti \u00e4r ett fj\u00e4rde generationens familjef\u00f6retag och sedan 120 \u00e5r tillbaka arbetar vi f\u00f6r att g\u00f6ra det b\u00e4sta av tomater. Tack vare detta s\u00e4rskilda engagemang har vi f\u00e5tt unik kunskap om hur smaken och f\u00e4rskheten b\u00e4st bevaras hos solmogna italienska tomater av h\u00f6gsta kvalitet, fr\u00e5n plantering till det professionella k\u00f6ket. L\u00e4s mer om Muttis kvalitet.<\/p>\n\n\n  <\/div>\n\n\n<div class=\"swiper-slide wp-block-mutti-slide\">\n    \n\n<h3 class=\"wp-block-heading has-text-align-center has-primary-color has-text-color\">&nbsp;H\u00e5llbarhet:<\/h3>\n\n\n\n<p class=\"has-text-align-center\">Smakrika och h\u00e4lsosamma r\u00e5varor \u00e4r grunden till v\u00e5ra f\u00f6rstklassiga tomatprodukter. Detta \u00e4r sk\u00e4let till att vi inte bara s\u00e4tter upp standarder f\u00f6r kvalitet, utan ocks\u00e5 m\u00e5ste ta h\u00e4nsyn till milj\u00f6n. Under \u00e5ren har vi kombinerat innovation och incitament med den traditionella metoden f\u00f6r att forts\u00e4tta \u00e4lska, respektera och odla v\u00e5r mark. L\u00e4s mer om v\u00e5rt h\u00e5llbarhetsarbete.<\/p>\n\n\n  <\/div>\n\n\n<div class=\"swiper-slide wp-block-mutti-slide\">\n    \n\n<h3 class=\"wp-block-heading has-text-align-center has-primary-color has-text-color\">Respekt:<\/h3>\n\n\n\n<p class=\"has-text-align-center\">H\u00f6gkvalitativ tomatproduktion kr\u00e4ver en h\u00e5llbar och ansvarsfull produktionskedja. Bra och h\u00e5llbara relationer \u00e4r d\u00e4rf\u00f6r lika viktiga som kvaliteten p\u00e5 r\u00e5varorna. Vi st\u00f6der en leveranskedja med omkring 700 producenter som arbetar med oss sedan m\u00e5nga \u00e5r tillbaka med hj\u00e4lp av tekniska innovationer och ekonomiska incitament f\u00f6r att uppn\u00e5 de h\u00f6gsta kvalitetsstandarder. L\u00e4s mer om hur vi visar omsorg om v\u00e5ra producenter.<\/p>\n\n\n  <\/div>\n\n\n  <\/slideshow>\n<\/div>\n<\/div>\n<\/div>\n<\/div>\n\n\n\n<h2 class=\"wp-block-heading has-text-align-center\"><strong><br><br>V\u00c5RT SORTIMENT F\u00d6R LIVSMEDELSTJ\u00c4NSTER<\/strong><br><\/h2>\n\n\n<div\n  class=\"\n    mutti-slideshow\n    mt-0\n    align\n    \n  \"\n    data-vue-wrapper>\n  <slideshow\n    :pagination=\"true\"\n    :navigation=\"true\"\n    class=\"lg:-mx-8\"\n\n          :slides-per-view=\"1\"\n      :slides-per-view-md=\"1\"\n      :slides-per-view-sm=\"1\"\n                :options='{&quot;autoplay&quot;:false,&quot;loop&quot;:false,&quot;autoHeight&quot;:true,&quot;spaceBetween&quot;:60}'\n    :template-classes='{\"navigationGutter\":\"mx-8\",\"navigationPrevButton\":\"fa-solid fa-chevron-left text-2xl md:text-3xl text-primary\",\"navigationNextButton\":\"fa-solid fa-chevron-right text-2xl md:text-3xl text-primary\"}'\n  >\n    \n<div class=\"swiper-slide wp-block-mutti-slide\">\n    \n\n<figure class=\"wp-block-image aligncenter size-large is-resized\"><img loading=\"lazy\" decoding=\"async\" width=\"1024\" height=\"768\" src=\"https:\/\/mutti-parma.com\/app\/uploads\/sites\/14\/2024\/06\/pizza-no-shade-transparent-1024x768.png\" alt=\"\" class=\"wp-image-7616\" style=\"object-fit:contain;width:300px;height:223px\" srcset=\"https:\/\/mutti-parma.com\/app\/uploads\/sites\/14\/2024\/06\/pizza-no-shade-transparent-1024x768.png 1024w, https:\/\/mutti-parma.com\/app\/uploads\/sites\/14\/2024\/06\/pizza-no-shade-transparent-500x375.png 500w, https:\/\/mutti-parma.com\/app\/uploads\/sites\/14\/2024\/06\/pizza-no-shade-transparent-200x150.png 200w, https:\/\/mutti-parma.com\/app\/uploads\/sites\/14\/2024\/06\/pizza-no-shade-transparent-768x576.png 768w, https:\/\/mutti-parma.com\/app\/uploads\/sites\/14\/2024\/06\/pizza-no-shade-transparent-150x112.png 150w, https:\/\/mutti-parma.com\/app\/uploads\/sites\/14\/2024\/06\/pizza-no-shade-transparent-600x450.png 600w, https:\/\/mutti-parma.com\/app\/uploads\/sites\/14\/2024\/06\/pizza-no-shade-transparent-1536x1152.png 1536w, https:\/\/mutti-parma.com\/app\/uploads\/sites\/14\/2024\/06\/pizza-no-shade-transparent-800x600.png 800w, https:\/\/mutti-parma.com\/app\/uploads\/sites\/14\/2024\/06\/pizza-no-shade-transparent.png 1890w\" sizes=\"(max-width: 1024px) 100vw, 1024px\" \/><\/figure>\n\n\n\n<h4 class=\"wp-block-heading has-text-align-center\">Pizzas\u00e5s<\/h4>\n\n\n\n<p class=\"has-text-align-center\">Muttis pizzas\u00e5s har en tjock, rustik konsistens och finns i tv\u00e5 smaker: aromatisk och klassisk. Den \u00e4r l\u00e4tt att dosera och breda ut och ger pizzan ett fint utseende \u00e4ven efter gr\u00e4ddning i elektrisk ugn. Den passar s\u00e4rskilt bra vid l\u00e4gre temperaturer, vilket bevarar den rika, mustiga smaken.<\/p>\n\n\n  <\/div>\n\n\n<div class=\"swiper-slide wp-block-mutti-slide\">\n    \n\n<figure class=\"wp-block-image aligncenter size-large is-resized\"><img loading=\"lazy\" decoding=\"async\" width=\"1024\" height=\"768\" src=\"https:\/\/mutti-parma.com\/app\/uploads\/sites\/14\/2024\/06\/polpa-no-shade-transparent-1024x768.png\" alt=\"\" class=\"wp-image-7617\" style=\"object-fit:contain;width:300px;height:223px\" srcset=\"https:\/\/mutti-parma.com\/app\/uploads\/sites\/14\/2024\/06\/polpa-no-shade-transparent-1024x768.png 1024w, https:\/\/mutti-parma.com\/app\/uploads\/sites\/14\/2024\/06\/polpa-no-shade-transparent-500x375.png 500w, https:\/\/mutti-parma.com\/app\/uploads\/sites\/14\/2024\/06\/polpa-no-shade-transparent-200x150.png 200w, https:\/\/mutti-parma.com\/app\/uploads\/sites\/14\/2024\/06\/polpa-no-shade-transparent-768x576.png 768w, https:\/\/mutti-parma.com\/app\/uploads\/sites\/14\/2024\/06\/polpa-no-shade-transparent-150x112.png 150w, https:\/\/mutti-parma.com\/app\/uploads\/sites\/14\/2024\/06\/polpa-no-shade-transparent-600x450.png 600w, https:\/\/mutti-parma.com\/app\/uploads\/sites\/14\/2024\/06\/polpa-no-shade-transparent-1536x1152.png 1536w, https:\/\/mutti-parma.com\/app\/uploads\/sites\/14\/2024\/06\/polpa-no-shade-transparent-800x600.png 800w, https:\/\/mutti-parma.com\/app\/uploads\/sites\/14\/2024\/06\/polpa-no-shade-transparent.png 1890w\" sizes=\"(max-width: 1024px) 100vw, 1024px\" \/><\/figure>\n\n\n\n<h4 class=\"wp-block-heading has-text-align-center\">Polpa<\/h4>\n\n\n\n<p class=\"has-text-align-center\">Muttis finhackade krossade tomater har en ljusr\u00f6d f\u00e4rg, frisk smak och fyllig konsistens. Den \u00e4r s\u00e4rskilt framtagen f\u00f6r att m\u00f6ta behoven hos pizzerior och restauranger som vill bjuda sina g\u00e4ster p\u00e5 r\u00e4tter med smak av solmogna tomater.<\/p>\n\n\n  <\/div>\n\n\n<div class=\"swiper-slide wp-block-mutti-slide\">\n    \n\n<figure class=\"wp-block-image aligncenter size-full is-resized\"><img loading=\"lazy\" decoding=\"async\" width=\"1890\" height=\"1417\" src=\"https:\/\/mutti-parma.com\/app\/uploads\/sites\/14\/2024\/06\/pelati-no-shade-transparent.png\" alt=\"\" class=\"wp-image-7618\" style=\"object-fit:contain;width:300px;height:223px\" srcset=\"https:\/\/mutti-parma.com\/app\/uploads\/sites\/14\/2024\/06\/pelati-no-shade-transparent.png 1890w, https:\/\/mutti-parma.com\/app\/uploads\/sites\/14\/2024\/06\/pelati-no-shade-transparent-500x375.png 500w, https:\/\/mutti-parma.com\/app\/uploads\/sites\/14\/2024\/06\/pelati-no-shade-transparent-1024x768.png 1024w, https:\/\/mutti-parma.com\/app\/uploads\/sites\/14\/2024\/06\/pelati-no-shade-transparent-200x150.png 200w, https:\/\/mutti-parma.com\/app\/uploads\/sites\/14\/2024\/06\/pelati-no-shade-transparent-768x576.png 768w, https:\/\/mutti-parma.com\/app\/uploads\/sites\/14\/2024\/06\/pelati-no-shade-transparent-150x112.png 150w, https:\/\/mutti-parma.com\/app\/uploads\/sites\/14\/2024\/06\/pelati-no-shade-transparent-600x450.png 600w, https:\/\/mutti-parma.com\/app\/uploads\/sites\/14\/2024\/06\/pelati-no-shade-transparent-1536x1152.png 1536w, https:\/\/mutti-parma.com\/app\/uploads\/sites\/14\/2024\/06\/pelati-no-shade-transparent-800x600.png 800w\" sizes=\"(max-width: 1890px) 100vw, 1890px\" \/><\/figure>\n\n\n\n<h4 class=\"wp-block-heading has-text-align-center\">Pelati<\/h4>\n\n\n\n<p class=\"has-text-align-center\">Muttis Pelati har en dubbel textur med k\u00f6ttiga, fasta, skalade tomater och koncentrerad och kr\u00e4mig tomatjuice. En f\u00f6rpackning inneh\u00e5ller i genomsnitt 35 tomater i enhetlig storlek (i genomsnitt 4,5 cm).&nbsp;Smaken \u00e4r uts\u00f6kt, \u00e5terger de blommiga tonerna hos mogna tomater och har en perfekt balans mellan s\u00f6tma och syra.<\/p>\n\n\n  <\/div>\n\n\n<div class=\"swiper-slide wp-block-mutti-slide\">\n    \n\n<figure class=\"wp-block-image aligncenter size-large is-resized\"><img loading=\"lazy\" decoding=\"async\" width=\"1024\" height=\"768\" src=\"https:\/\/mutti-parma.com\/app\/uploads\/sites\/14\/2024\/06\/cubi-no-shade-transparent-1024x768.png\" alt=\"\" class=\"wp-image-7615\" style=\"object-fit:cover;width:300px;height:223px\" srcset=\"https:\/\/mutti-parma.com\/app\/uploads\/sites\/14\/2024\/06\/cubi-no-shade-transparent-1024x768.png 1024w, https:\/\/mutti-parma.com\/app\/uploads\/sites\/14\/2024\/06\/cubi-no-shade-transparent-500x375.png 500w, https:\/\/mutti-parma.com\/app\/uploads\/sites\/14\/2024\/06\/cubi-no-shade-transparent-200x150.png 200w, https:\/\/mutti-parma.com\/app\/uploads\/sites\/14\/2024\/06\/cubi-no-shade-transparent-768x576.png 768w, https:\/\/mutti-parma.com\/app\/uploads\/sites\/14\/2024\/06\/cubi-no-shade-transparent-150x112.png 150w, https:\/\/mutti-parma.com\/app\/uploads\/sites\/14\/2024\/06\/cubi-no-shade-transparent-600x450.png 600w, https:\/\/mutti-parma.com\/app\/uploads\/sites\/14\/2024\/06\/cubi-no-shade-transparent-1536x1152.png 1536w, https:\/\/mutti-parma.com\/app\/uploads\/sites\/14\/2024\/06\/cubi-no-shade-transparent-800x600.png 800w, https:\/\/mutti-parma.com\/app\/uploads\/sites\/14\/2024\/06\/cubi-no-shade-transparent.png 1890w\" sizes=\"(max-width: 1024px) 100vw, 1024px\" \/><\/figure>\n\n\n\n<h4 class=\"wp-block-heading has-text-align-center\">Cubi<\/h4>\n\n\n\n<p class=\"has-text-align-center\">Muttis t\u00e4rnade tomater Cubi \u00e4r h\u00f6gkvalitativa italienska tomater, som har skurits i bitar och lagts in i en konserverande v\u00e4tska som bevarar tomaternas friskhet och f\u00e4rska smak.&nbsp;Med Cubi kan restauranger erbjuda smaken av f\u00e4rska tomater under hela \u00e5ret. Tack vare dessa egenskaper passar Cubi perfekt till bruschetta och goda aptitretare, eller f\u00f6r att tillf\u00f6ra f\u00e4rg och fr\u00e4sch\u00f6r till varmr\u00e4tter. Cubi&nbsp;\u00e4r en professionell produkt avsedd f\u00f6r cateringverksamhet, restauranger och pizzerior.<\/p>\n\n\n  <\/div>\n\n\n  <\/slideshow>\n<\/div>\n\n\n\n<p class=\"has-text-align-center\">P\u00e5 Mutti erbjuder vi ett brett sortiment av tomatprodukter som \u00e4r gjorda f\u00f6r att m\u00f6ta behoven i ditt k\u00f6k. Fr\u00e5n fyllig tomatpur\u00e9 till hela skalade tomater \u2013 v\u00e5rt sortiment \u00e4r skapat f\u00f6r att inspirera och underl\u00e4tta ditt arbete i k\u00f6ket s\u00e5 att du kan bjuda dina g\u00e4ster p\u00e5 det allra b\u00e4sta.<\/p>\n\n\n\n<div class=\"wp-block-buttons is-content-justification-center is-layout-flex wp-container-core-buttons-is-layout-16018d1d wp-block-buttons-is-layout-flex\">\n<div class=\"wp-block-button is-style-large-button\"><a class=\"wp-block-button__link has-white-color has-text-color wp-element-button\" href=\"https:\/\/mutti-parma.com\/app\/uploads\/sites\/8\/2024\/06\/food-service-nordics-a5-3.pdf\" target=\"_blank\" rel=\"noreferrer noopener\">Ladda ner hela katalogen<\/a><\/div>\n<\/div>\n\n\n\n<iframe loading=\"lazy\" src=\"\/it-foodservice\/contacts.php?lang=sv\" class=\"is-resize alignwide\"><\/iframe>\n\n\n","protected":false},"excerpt":{"rendered":"<p>Vad vi st\u00e5r f\u00f6r I \u00f6ver 100 \u00e5r har Mutti varit k\u00e4nt f\u00f6r att leverera de b\u00e4sta italienska tomaterna. Fr\u00e5n f\u00f6rsta dagen har v\u00e5rt familjef\u00f6retag str\u00e4vat efter att h\u00e5lla h\u00f6gsta m\u00f6jliga kvalitet. Det \u00e4r d\u00e4rf\u00f6r s\u00e5 m\u00e5nga kockar och yrkesverksamma inom livsmedelssektorn v\u00e4rlden \u00f6ver v\u00e4ljer Mutti Pomodoro. V\u00e5ra v\u00e4rderingar Kvalitet Mutti \u00e4r ett familjef\u00f6retag i<\/p>\n","protected":false},"author":1,"featured_media":0,"parent":0,"menu_order":4,"comment_status":"closed","ping_status":"closed","template":"","meta":{"_acf_changed":false,"_relevanssi_hide_post":"","_relevanssi_hide_content":"","_relevanssi_pin_for_all":"","_relevanssi_pin_keywords":"","_relevanssi_unpin_keywords":"","_relevanssi_related_keywords":"","_relevanssi_related_include_ids":"","_relevanssi_related_exclude_ids":"","_relevanssi_related_no_append":"","_relevanssi_related_not_related":"","_relevanssi_related_posts":"","_relevanssi_noindex_reason":"","footnotes":""},"class_list":["post-7614","page","type-page","status-publish","hentry"],"acf":[],"_links":{"self":[{"href":"https:\/\/mutti-parma.com\/se\/wp-json\/wp\/v2\/pages\/7614","targetHints":{"allow":["GET"]}}],"collection":[{"href":"https:\/\/mutti-parma.com\/se\/wp-json\/wp\/v2\/pages"}],"about":[{"href":"https:\/\/mutti-parma.com\/se\/wp-json\/wp\/v2\/types\/page"}],"author":[{"embeddable":true,"href":"https:\/\/mutti-parma.com\/se\/wp-json\/wp\/v2\/users\/1"}],"replies":[{"embeddable":true,"href":"https:\/\/mutti-parma.com\/se\/wp-json\/wp\/v2\/comments?post=7614"}],"version-history":[{"count":7,"href":"https:\/\/mutti-parma.com\/se\/wp-json\/wp\/v2\/pages\/7614\/revisions"}],"predecessor-version":[{"id":7632,"href":"https:\/\/mutti-parma.com\/se\/wp-json\/wp\/v2\/pages\/7614\/revisions\/7632"}],"wp:attachment":[{"href":"https:\/\/mutti-parma.com\/se\/wp-json\/wp\/v2\/media?parent=7614"}],"curies":[{"name":"wp","href":"https:\/\/api.w.org\/{rel}","templated":true}]}}