{"id":9,"date":"2019-10-15T11:31:23","date_gmt":"2019-10-15T11:31:23","guid":{"rendered":"https:\/\/mutti-parma.com\/se\/contact-us\/"},"modified":"2023-02-23T17:26:05","modified_gmt":"2023-02-23T17:26:05","slug":"kontakta-oss","status":"publish","type":"page","link":"https:\/\/mutti-parma.com\/se\/kontakta-oss\/","title":{"rendered":"Kontakta oss"},"content":{"rendered":"\n<div class=\"wp-block-media-text alignwide has-media-on-the-right is-stacked-on-mobile is-image-fill is-style-hero\"><figure class=\"wp-block-media-text__media\" style=\"background-image:url(https:\/\/mutti-parma.com\/app\/uploads\/sites\/3\/2019\/09\/banner-contact-us-1024x659.jpg);background-position:32.71889400921659% 75.71428571428571%\"><img loading=\"lazy\" decoding=\"async\" src=\"https:\/\/mutti-parma.com\/app\/uploads\/sites\/3\/2019\/09\/banner-contact-us-1024x659.jpg\" alt=\"\" class=\"wp-image-300000164 size-full\" srcset=\"https:\/\/mutti-parma.com\/app\/uploads\/sites\/3\/2019\/09\/banner-contact-us-1024x659.jpg 1024w, https:\/\/mutti-parma.com\/app\/uploads\/sites\/3\/2019\/09\/banner-contact-us-200x129.jpg 200w, https:\/\/mutti-parma.com\/app\/uploads\/sites\/3\/2019\/09\/banner-contact-us-500x322.jpg 500w, https:\/\/mutti-parma.com\/app\/uploads\/sites\/3\/2019\/09\/banner-contact-us-768x494.jpg 768w, https:\/\/mutti-parma.com\/app\/uploads\/sites\/3\/2019\/09\/banner-contact-us-150x97.jpg 150w, https:\/\/mutti-parma.com\/app\/uploads\/sites\/3\/2019\/09\/banner-contact-us-600x386.jpg 600w\" sizes=\"(max-width: 1024px) 100vw, 1024px\" \/><\/figure><div class=\"wp-block-media-text__content\"><div class=\"acf-breadcrumb my-4 md:my-8 text-center md:text-left\">\n  <nav>\n  <ol class=\"list-none text-md\">\n                  <li class=\"inline\">\n                      <a class=\"text-inherit\" href=\"https:\/\/mutti-parma.com\/se\/\">\n              Mutti Parma Sverige\n            <\/a>\n                            <\/li>\n            <\/ol>\n<\/nav>\n<\/div>\n\n\n\n<h1 class=\"wp-block-heading\">Kontakta oss<\/h1>\n\n\n\n<p class=\"is-style-cursive has-xxl-font-size\">Vi h\u00f6r g\u00e4rna fr\u00e5n dig!<\/p>\n<\/div><\/div>\n\n\n\n<div class=\"wp-block-group alignwide is-style-gradient has-primary-background-color has-background\"><div class=\"wp-block-group__inner-container is-layout-flow wp-block-group-is-layout-flow\">\n<h2 class=\"has-text-align-center wp-block-heading\">Kundservice<\/h2>\n\n\n\n<p class=\"has-text-align-center\">M\u00e5ndag till fredag 10-19<br> E-post consumatori@muttispa.it<\/p>\n<\/div><\/div>\n\n\n\n\n\n<div class=\"wp-block-columns alignwide is-layout-flex wp-container-core-columns-is-layout-9d6595d7 wp-block-columns-is-layout-flex\">\n\n\n<div class=\"wp-block-column is-layout-flow wp-block-column-is-layout-flow\"><div class=\"acf-mutti-map\">\n  <iframe loading=\"lazy\" src=\"https:\/\/www.google.com\/maps\/embed?pb=!1m18!1m12!1m3!1d181391.16577453975!2d10.219160329186883!3d44.73773242241586!2m3!1f0!2f0!3f0!3m2!1i1024!2i768!4f13.1!3m3!1m2!1s0x0%3A0xb59a35bb222bb57f!2sMutti%20SpA!5e0!3m2!1sen!2suy!4v1567426808617!5m2!1sen!2suy&#038;center=44.786489,10.2239671\" width=\"600\" height=\"450\" frameborder=\"0\" style=\"border:0;\" allowfullscreen=\"\"><\/iframe>\n<\/div>\n<\/div>\n<\/div>\n","protected":false},"excerpt":{"rendered":"<p>Kundservice M\u00e5ndag till fredag 10-19 E-post consumatori@muttispa.it<\/p>\n","protected":false},"author":1,"featured_media":300000164,"parent":0,"menu_order":28,"comment_status":"closed","ping_status":"closed","template":"template-contact-us.php","meta":{"_acf_changed":false,"_relevanssi_hide_post":"","_relevanssi_hide_content":"","_relevanssi_pin_for_all":"","_relevanssi_pin_keywords":"","_relevanssi_unpin_keywords":"","_relevanssi_related_keywords":"","_relevanssi_related_include_ids":"","_relevanssi_related_exclude_ids":"","_relevanssi_related_no_append":"","_relevanssi_related_not_related":"","_relevanssi_related_posts":"","_relevanssi_noindex_reason":"","footnotes":""},"class_list":["post-9","page","type-page","status-publish","has-post-thumbnail","hentry"],"acf":[],"_links":{"self":[{"href":"https:\/\/mutti-parma.com\/se\/wp-json\/wp\/v2\/pages\/9","targetHints":{"allow":["GET"]}}],"collection":[{"href":"https:\/\/mutti-parma.com\/se\/wp-json\/wp\/v2\/pages"}],"about":[{"href":"https:\/\/mutti-parma.com\/se\/wp-json\/wp\/v2\/types\/page"}],"author":[{"embeddable":true,"href":"https:\/\/mutti-parma.com\/se\/wp-json\/wp\/v2\/users\/1"}],"replies":[{"embeddable":true,"href":"https:\/\/mutti-parma.com\/se\/wp-json\/wp\/v2\/comments?post=9"}],"version-history":[{"count":9,"href":"https:\/\/mutti-parma.com\/se\/wp-json\/wp\/v2\/pages\/9\/revisions"}],"predecessor-version":[{"id":5690,"href":"https:\/\/mutti-parma.com\/se\/wp-json\/wp\/v2\/pages\/9\/revisions\/5690"}],"wp:featuredmedia":[{"embeddable":true,"href":"https:\/\/mutti-parma.com\/se\/wp-json\/wp\/v2\/media\/164"}],"wp:attachment":[{"href":"https:\/\/mutti-parma.com\/se\/wp-json\/wp\/v2\/media?parent=9"}],"curies":[{"name":"wp","href":"https:\/\/api.w.org\/{rel}","templated":true}]}}