{"id":1441,"date":"2020-01-23T13:34:35","date_gmt":"2020-01-23T13:34:35","guid":{"rendered":"https:\/\/mutti-parma.com\/se\/?post_type=product&#038;p=1441"},"modified":"2024-11-01T10:01:29","modified_gmt":"2024-11-01T10:01:29","slug":"hela-skalade-tomater-eko","status":"publish","type":"product","link":"https:\/\/mutti-parma.com\/se\/produkter\/hela-skalade-tomater-eko\/","title":{"rendered":"Hela skalade tomater eko"},"content":{"rendered":"\n<div style=\"--media-width: 50\" class=\"wp-block-media-text alignwide has-media-on-the-right is-stacked-on-mobile is-style-hero has-background-image\"><img loading=\"lazy\" decoding=\"async\" class=\"wp-block-media-text__background\" alt=\"\" data-spai-crop=\"true\" src=\"https:\/\/mutti-parma.com\/app\/uploads\/sites\/14\/2020\/01\/texture-pelati-scaled.jpg\" \/><div class=\"wp-block-media-text__content\"><div class=\"acf-breadcrumb my-4 md:my-8 text-center md:text-left\">\n  <nav>\n  <ol class=\"list-none text-md\">\n                  <li class=\"inline\">\n                      <a class=\"text-inherit\" href=\"https:\/\/mutti-parma.com\/se\/\">\n              Mutti Parma Sverige\n            <\/a>\n                                <span aria-hidden=\"true\">\/&nbsp;<\/span>\n                  <\/li>\n                        <li class=\"inline\">\n                      <a class=\"text-inherit\" href=\"https:\/\/mutti-parma.com\/se\/produkter\/\">\n              Products\n            <\/a>\n                            <\/li>\n            <\/ol>\n<\/nav>\n<\/div>\n\n\n\n<h1 class=\"wp-block-heading has-primary-color has-text-color\">Hela skalade tomater eko<\/h1>\n\n\n\n<p class=\"is-style-cursive has-xxl-font-size\">Hela skalade tomater EKO<\/p>\n\n\n\n<p class=\"has-text-align-left\">Mutti Hela skalade tomater EKO sk\u00f6rdas under h\u00f6gsommaren och skalas f\u00f6rsiktigt med hj\u00e4lp av \u00e5nga f\u00f6r att f\u00e5nga smaken och aromerna hos de f\u00e4rska tomaterna. De fasta och fylliga tomaterna omsluts av en kr\u00e4mig s\u00e5s. Skalade tomater \u00e4r mycket m\u00e5ngsidiga i k\u00f6ket \u2013 de kan anv\u00e4ndas i sin s\u00e5s, hela eller skurna i bitar eller skivor, och de l\u00e4mpar sig f\u00f6r b\u00e5de l\u00e5nga och korta koktider. De \u00e4r perfekta f\u00f6r att lyfta fram det b\u00e4sta i traditionella medelhavsr\u00e4tter och blir huvudattraktionen i dina s\u00f6ndagsmiddagar. De italienska tomaterna, som Mutti anv\u00e4nder vid framst\u00e4llning av produkten, kommer fr\u00e5n 100% ekologiska odlingar.<\/p>\n\n\n\n\n<div class=\"acf-characteristics\">\n  <div class=\"flex flex-wrap -m-2 justify-center sm:justify-between\">\n          <div class=\"m-2 w-24 text-center\">\n        <div style=\"height: 41px; width: 80px;\" class=\"mx-auto flex items-end justify-center mx-auto\">\n                      <img decoding=\"async\" width=\"220\" height=\"168\" src=\"https:\/\/mutti-parma.com\/app\/uploads\/sites\/14\/2020\/02\/mutti-product-icons-finnish-pelati-kaksi-eri-koostumusta-1-1.svg\" class=\"w-full wp-image-1504\" alt=\"\" style=\"max-height: 43px; max-width: 80px;\" loading=\"lazy\" \/>\n                  <\/div>\n        <p class=\"h6 text-inherit mt-3\">Tv\u00e5 olika konsistenser<\/p>\n      <\/div>\n          <div class=\"m-2 w-24 text-center\">\n        <div style=\"height: 41px; width: 80px;\" class=\"mx-auto flex items-end justify-center mx-auto\">\n                      <img decoding=\"async\" width=\"300\" height=\"80\" src=\"https:\/\/mutti-parma.com\/app\/uploads\/sites\/3\/2019\/09\/icon-characteristics-color-bright-red.svg\" class=\"w-full wp-image-300000115 attachment-full size-full\" alt=\"\" style=\"max-height: 43px; max-width: 80px;\" loading=\"lazy\" \/>\n                  <\/div>\n        <p class=\"h6 text-inherit mt-3\">Naturligt r\u00f6d f\u00e4rg<\/p>\n      <\/div>\n          <div class=\"m-2 w-24 text-center\">\n        <div style=\"height: 41px; width: 80px;\" class=\"mx-auto flex items-end justify-center mx-auto\">\n                      <img decoding=\"async\" width=\"209\" height=\"84\" src=\"https:\/\/mutti-parma.com\/app\/uploads\/sites\/14\/2019\/11\/mutti-product-icons-nordic-mild.svg\" class=\"w-full wp-image-880\" alt=\"\" style=\"max-height: 43px; max-width: 80px;\" loading=\"lazy\" \/>\n                  <\/div>\n        <p class=\"h6 text-inherit mt-3\">Mild smak<\/p>\n      <\/div>\n          <div class=\"m-2 w-24 text-center\">\n        <div style=\"height: 41px; width: 80px;\" class=\"mx-auto flex items-end justify-center mx-auto\">\n                      <img decoding=\"async\" width=\"300\" height=\"154\" src=\"https:\/\/mutti-parma.com\/app\/uploads\/sites\/3\/2019\/09\/icon-characteristics-cooking-time-long.svg\" class=\"w-full wp-image-300000112 attachment-full size-full\" alt=\"\" style=\"max-height: 43px; max-width: 80px;\" loading=\"lazy\" \/>\n                  <\/div>\n        <p class=\"h6 text-inherit mt-3\">\u00c4ven anpassad f\u00f6r tillagning under l\u00e5ng tid<\/p>\n      <\/div>\n      <\/div>\n<\/div>\n<\/div><figure class=\"wp-block-media-text__media\"><img loading=\"lazy\" decoding=\"async\" width=\"675\" height=\"1024\" src=\"https:\/\/mutti-parma.com\/app\/uploads\/sites\/14\/2020\/01\/pelati-biologici-400g-hires-fise-2-675x1024.png\" alt=\"\" class=\"wp-image-1442 size-full\" sizes=\"(min-width: 1440px) 528px,37vw\" data-spai-crop=\"false\" srcset=\"https:\/\/mutti-parma.com\/app\/uploads\/sites\/14\/2020\/01\/pelati-biologici-400g-hires-fise-2-675x1024.png 675w, https:\/\/mutti-parma.com\/app\/uploads\/sites\/14\/2020\/01\/pelati-biologici-400g-hires-fise-2-132x200.png 132w, https:\/\/mutti-parma.com\/app\/uploads\/sites\/14\/2020\/01\/pelati-biologici-400g-hires-fise-2-330x500.png 330w, https:\/\/mutti-parma.com\/app\/uploads\/sites\/14\/2020\/01\/pelati-biologici-400g-hires-fise-2-768x1165.png 768w, https:\/\/mutti-parma.com\/app\/uploads\/sites\/14\/2020\/01\/pelati-biologici-400g-hires-fise-2-150x228.png 150w, https:\/\/mutti-parma.com\/app\/uploads\/sites\/14\/2020\/01\/pelati-biologici-400g-hires-fise-2-600x910.png 600w, https:\/\/mutti-parma.com\/app\/uploads\/sites\/14\/2020\/01\/pelati-biologici-400g-hires-fise-2.png 1200w\" \/><\/figure><\/div>\n\n\n\n\n\n\n<div\n  class=\"acf-how-is-it-made alignwide text-center \"\n  data-vue-wrapper\n  >\n      <h2>Hur \u00e4r det lagat?<\/h2>\n  \n  <slideshow :slides-per-view=\"3\" :slides-per-view-sm=\"1\" :slides-per-view-md=\"2\" name=\"How is it made\" class=\"mb-8\">\n      <\/slideshow>\n\n      <p class=\"is-style-cursive text-5xl\">L\u00e4r dig mera om hur vi tillverkar v\u00e5ra produkter<\/p>\n  \n      <h3>Visit the <a href=\"https:\/\/mutti-parma.com\/se\/aker-till-bord\/\">Field to Table<\/a><\/h3>\n  <\/div>\n\n\n\n\n\n<hr class=\"wp-block-separator has-css-opacity alignwide\"\/>\n\n\n<div class=\"acf-comments alignwide my-8\">\n  <div class=\"flex flex-wrap mb-4 items-center text-center sm:text-left px-0 sm:px-2 md:px-0\">\n    <h3 class=\"w-full sm:w-auto is-style-cursive text-primary my-0 leading-none\">Share and review<\/h3>\n    <div class=\"w-full sm:w-auto flex-auto mt-1 sm:ml-8\">\n          <\/div>\n\n          <div class=\"mx-auto sm:ml-0 mt-3 sm:mt-0\">\n                  <div\n  class=\"shariff\"\n  data-button-style=\"icon\"\n  data-mail-body=\"https:\/\/mutti-parma.com\/se\/produkter\/hela-skalade-tomater-eko\/\"\n  data-mail-subject=\"Hela skalade tomater eko - Mutti\"\n  data-mail-url=\"mailto:\"\n  data-media-url=\"https:\/\/mutti-parma.com\/app\/uploads\/sites\/14\/2020\/01\/pelati-biologici-400g-hires-fise-2.png\"\n  data-services=\"[&#039;facebook&#039;, &#039;twitter&#039;, &#039;whatsapp&#039;, &#039;pinterest&#039;, &#039;mail&#039;]\"\n><\/div>\n              <\/div>\n      <\/div>\n\n  <div>\n                <\/div>\n<\/div>\n\n\n\n<hr class=\"wp-block-separator has-css-opacity alignwide\"\/>\n\n\n\n<div class=\"wp-block-cover alignwide has-background-dim-80 has-darkred-background-color has-background-dim\" style=\"background-image:url(https:\/\/mutti-parma.com\/app\/uploads\/sites\/3\/2019\/09\/tomatoes.jpg)\"><div class=\"wp-block-cover__inner-container is-layout-flow wp-block-cover-is-layout-flow\">\n<div class=\"wp-block-columns alignwide is-layout-flex wp-container-core-columns-is-layout-9d6595d7 wp-block-columns-is-layout-flex\">\n<div class=\"wp-block-column is-layout-flow wp-block-column-is-layout-flow\">\n<h2 class=\"wp-block-heading\" id=\"hallbarhet\"><strong>H\u00c5LLBARHET<\/strong><\/h2>\n\n\n\n<p class=\"is-style-cursive mb-0\">F\u00f6s oss betyder h\u00e5llbarhet att vi visar respekt f\u00f6r jorden<\/p>\n\n\n\n<h4 class=\"wp-block-heading\">SAMARBETE MED WWF ITALIEN<\/h4>\n\n\n\n<p>Mutti har haft ett n\u00e4ra samarbete med WWF Italien f\u00f6r att hj\u00e4lpa odlare att arbeta mera milj\u00f6v\u00e4nligt och p\u00e5 s\u00e5 vis minska b\u00e5de vattenf\u00f6rbrukning och koldioxidutsl\u00e4pp. Italienska WWF satte inte enbart upp m\u00e5l, utan involverade ocks\u00e5 odlarna f\u00f6r att de skulle kunna komma med relevanta f\u00f6rb\u00e4ttringsf\u00f6rslag. <\/p>\n\n\n\n<p>Organisationen rekommenderade till exempel speciella sensorer som m\u00e4ter vattenf\u00f6rh\u00e5llanden i marken. Det ger viktig information om hur odlarna kan minska vattenf\u00f6rbrukningen p\u00e5 ett effektivt s\u00e4tt. Mutti har investerat i teknologi, utbildning och tekniska hj\u00e4lpmedel f\u00f6r jordbrukare och jordbruksorganisationer. <\/p>\n\n\n\n<p>Trots att det fem \u00e5r l\u00e5nga samarbetsprojektet har avslutats, jobbar vi fortfarande ivrigt f\u00f6r att minska v\u00e5r milj\u00f6p\u00e5verkan och finslipa varje l\u00e4nk i produktionskedjan.<\/p>\n\n\n<\/div>\n\n\n\n<div class=\"wp-block-column is-layout-flow wp-block-column-is-layout-flow\">\n<h2 class=\"has-text-align-center wp-block-heading\">RESULTAT:<\/h2>\n\n\n\n<div class=\"wp-block-columns is-layout-flex wp-container-core-columns-is-layout-9d6595d7 wp-block-columns-is-layout-flex\">\n<div class=\"wp-block-column is-layout-flow wp-block-column-is-layout-flow\">\n<div class=\"wp-block-image\"><figure class=\"aligncenter size-large is-resized\"><img loading=\"lazy\" decoding=\"async\" src=\"https:\/\/mutti-parma.com\/app\/uploads\/sites\/3\/2019\/09\/icon-sustainable-water.svg\" alt=\"\" class=\"wp-image-30000085\" width=\"53\" height=\"91\" \/><\/figure><\/div>\n\n\n\n<h4 class=\"has-text-align-center wp-block-heading\">+1 000 MILJONER LITER VATTEN HAR SPARATS*<\/h4>\n\n\n\n<p class=\"has-text-align-center has-sm-font-size\">* mellan 2012 och 2014 (K\u00e4lla: CMCC, WWF and Mediterranean Climate Change Center i Italien)<\/p>\n<\/div>\n\n\n\n<div class=\"wp-block-column is-layout-flow wp-block-column-is-layout-flow\">\n<div class=\"wp-block-image\"><figure class=\"aligncenter size-large is-resized\"><img loading=\"lazy\" decoding=\"async\" src=\"https:\/\/mutti-parma.com\/app\/uploads\/sites\/3\/2019\/09\/icon-sustainable-co2.svg\" alt=\"\" class=\"wp-image-30000086\" width=\"114\" height=\"88\" \/><\/figure><\/div>\n\n\n\n<h4 class=\"has-text-align-center wp-block-heading\">+ 31 530 TON KOLDIOXIDUTSL\u00c4PP HAR UNDVIKITS I ATMOSF\u00c4REN*<\/h4>\n\n\n\n<p class=\"has-text-align-center has-sm-font-size\">* mellan 2010 och 2015 j\u00e4mf\u00f6rt med niv\u00e5n f\u00f6r 2009 (K\u00e4lla: Italienska WWF och organisationen Officinae Verdi med fokus p\u00e5 energieffektivitet)<\/p>\n<\/div>\n<\/div>\n<\/div>\n<\/div>\n<\/div><\/div>\n\n\n\n\n\n\n\n\n\n\n\n\n<div class=\"acf-related-products mb-8 lg:mb-16 \" data-vue-wrapper>\n      <h3 class=\"text-center\">Andra liknande produkter<\/h3>\n  \n      <slideshow :slides-per-view=\"3\" :navigation=\"true\" class=\"mx-8 lg:-mx-12\" name=\"Related Products\">\n              <div class=\"swiper-slide\">\n          <div class=\"text-center hover:lift-img mx-auto max-w-28\">\n      <a href=\"https:\/\/mutti-parma.com\/se\/produkter\/tarnade-tomater-eko\/\" class=\"block\">\n            <div class=\"responsive-embed is-contain\" style=\"padding-bottom: 188.23529411765%;\"><img decoding=\"async\" width=\"1200\" height=\"1820\" src=\"https:\/\/mutti-parma.com\/app\/uploads\/sites\/14\/2020\/01\/polpa-pezzi-biologica-400g-hires-fise-3.png\" class=\"inline-block mt-2 wp-image-1447\" alt=\"T\u00e4rnade tomater eko\" sizes=\"auto, 126px\" data-spai-crop=\"false\" title=\"T\u00e4rnade tomater eko\" srcset=\"https:\/\/mutti-parma.com\/app\/uploads\/sites\/14\/2020\/01\/polpa-pezzi-biologica-400g-hires-fise-3.png 1200w, https:\/\/mutti-parma.com\/app\/uploads\/sites\/14\/2020\/01\/polpa-pezzi-biologica-400g-hires-fise-3-132x200.png 132w, https:\/\/mutti-parma.com\/app\/uploads\/sites\/14\/2020\/01\/polpa-pezzi-biologica-400g-hires-fise-3-330x500.png 330w, https:\/\/mutti-parma.com\/app\/uploads\/sites\/14\/2020\/01\/polpa-pezzi-biologica-400g-hires-fise-3-768x1165.png 768w, https:\/\/mutti-parma.com\/app\/uploads\/sites\/14\/2020\/01\/polpa-pezzi-biologica-400g-hires-fise-3-675x1024.png 675w, https:\/\/mutti-parma.com\/app\/uploads\/sites\/14\/2020\/01\/polpa-pezzi-biologica-400g-hires-fise-3-150x228.png 150w, https:\/\/mutti-parma.com\/app\/uploads\/sites\/14\/2020\/01\/polpa-pezzi-biologica-400g-hires-fise-3-600x910.png 600w\" loading=\"lazy\" \/><\/div>\n    <\/a>\n  \n  <a class=\"block underline mb-2 mt-2\" href=\"https:\/\/mutti-parma.com\/se\/produkter\/tarnade-tomater-eko\/\">\n    <h3 class=\"h4\">T\u00e4rnade tomater eko<\/h3>\n  <\/a>\n\n      <a class=\"block hover:no-underline text-inherit\" href=\"https:\/\/mutti-parma.com\/se\/produkter\/tarnade-tomater-eko\/\">\n      Ekologiska produkter\n    <\/a>\n  <\/div>\n        <\/div>\n          <\/slideshow>\n  <\/div>\n\n\n\n<div class=\"wp-block-cover alignwide has-background-dim-20 has-background-dim\" style=\"background-image:url(https:\/\/mutti-parma.com\/app\/uploads\/sites\/3\/2020\/12\/table.jpg)\"><div class=\"wp-block-cover__inner-container is-layout-flow wp-block-cover-is-layout-flow\">\n<div class=\"wp-block-media-text alignwide is-stacked-on-mobile is-style-default\" style=\"grid-template-columns:32% auto\"><figure class=\"wp-block-media-text__media\"><img loading=\"lazy\" decoding=\"async\" src=\"https:\/\/mutti-parma.com\/app\/uploads\/sites\/3\/2020\/02\/products-essentials-e1582204403666.png\" alt=\"\" class=\"wp-image-300000352\" sizes=\"(max-width: 600px) 100vw, (min-width: 1440px) 461px,32vw\" data-spai-crop=\"false\" srcset=\"https:\/\/mutti-parma.com\/app\/uploads\/sites\/3\/2020\/02\/products-essentials-e1582204403666.png 565w, https:\/\/mutti-parma.com\/app\/uploads\/sites\/3\/2020\/02\/products-essentials-e1582204403666-200x173.png 200w, https:\/\/mutti-parma.com\/app\/uploads\/sites\/3\/2020\/02\/products-essentials-e1582204403666-500x432.png 500w, https:\/\/mutti-parma.com\/app\/uploads\/sites\/3\/2020\/02\/products-essentials-e1582204403666-150x130.png 150w\" \/><\/figure><div class=\"wp-block-media-text__content\">\n<h2 class=\"wp-block-heading\">Bekanta dig med v\u00e5ra klassiska produkter <\/h2>\n\n\n\n<p class=\"is-style-cursive\">Uppt\u00e4ck Polpa, Concentrato, Passata och Pelati.<\/p>\n\n\n\n<div class=\"wp-block-button\"><a class=\"wp-block-button__link\" href=\"https:\/\/mutti-parma.com\/se\/muttis-klassiker\/\">J\u00e4mf\u00f6r v\u00e5ra klassiska produkter<\/a><\/div>\n<\/div><\/div>\n<\/div><\/div>\n","protected":false},"excerpt":{"rendered":"","protected":false},"featured_media":1442,"comment_status":"open","ping_status":"closed","template":"","product_category":[299],"class_list":["post-1441","product","type-product","status-publish","has-post-thumbnail","hentry","product_category-product-category-1455"],"acf":[],"_links":{"self":[{"href":"https:\/\/mutti-parma.com\/se\/wp-json\/wp\/v2\/product\/1441","targetHints":{"allow":["GET"]}}],"collection":[{"href":"https:\/\/mutti-parma.com\/se\/wp-json\/wp\/v2\/product"}],"about":[{"href":"https:\/\/mutti-parma.com\/se\/wp-json\/wp\/v2\/types\/product"}],"replies":[{"embeddable":true,"href":"https:\/\/mutti-parma.com\/se\/wp-json\/wp\/v2\/comments?post=1441"}],"version-history":[{"count":12,"href":"https:\/\/mutti-parma.com\/se\/wp-json\/wp\/v2\/product\/1441\/revisions"}],"predecessor-version":[{"id":7924,"href":"https:\/\/mutti-parma.com\/se\/wp-json\/wp\/v2\/product\/1441\/revisions\/7924"}],"wp:featuredmedia":[{"embeddable":true,"href":"https:\/\/mutti-parma.com\/se\/wp-json\/wp\/v2\/media\/1442"}],"wp:attachment":[{"href":"https:\/\/mutti-parma.com\/se\/wp-json\/wp\/v2\/media?parent=1441"}],"wp:term":[{"taxonomy":"product_category","embeddable":true,"href":"https:\/\/mutti-parma.com\/se\/wp-json\/wp\/v2\/product_category?post=1441"}],"curies":[{"name":"wp","href":"https:\/\/api.w.org\/{rel}","templated":true}]}}