{"id":1678,"date":"2020-02-11T13:19:24","date_gmt":"2020-02-11T13:19:24","guid":{"rendered":"https:\/\/mutti-parma.com\/se\/?post_type=product&#038;p=1678"},"modified":"2023-06-07T07:53:59","modified_gmt":"2023-06-07T07:53:59","slug":"orange-pesto-av-tomater","status":"publish","type":"product","link":"https:\/\/mutti-parma.com\/se\/produkter\/orange-pesto-av-tomater\/","title":{"rendered":"Orange pesto av tomater"},"content":{"rendered":"\n<div style=\"--media-width: 50\" class=\"wp-block-media-text alignwide has-media-on-the-right is-stacked-on-mobile is-style-hero has-background-image\"><img loading=\"lazy\" decoding=\"async\" class=\"wp-block-media-text__background\" alt=\"\" data-spai-crop=\"true\" src=\"https:\/\/mutti-parma.com\/app\/uploads\/sites\/14\/2020\/02\/10--pesto-arancione-1.png\" \/><div class=\"wp-block-media-text__content\"><div class=\"acf-breadcrumb my-4 md:my-8 text-center md:text-left\">\n  <nav>\n  <ol class=\"list-none text-md\">\n                  <li class=\"inline\">\n                      <a class=\"text-inherit\" href=\"https:\/\/mutti-parma.com\/se\/\">\n              Mutti Parma Sverige\n            <\/a>\n                                <span aria-hidden=\"true\">\/&nbsp;<\/span>\n                  <\/li>\n                        <li class=\"inline\">\n                      <a class=\"text-inherit\" href=\"https:\/\/mutti-parma.com\/se\/produkter\/\">\n              Products\n            <\/a>\n                            <\/li>\n            <\/ol>\n<\/nav>\n<\/div>\n\n\n\n<h1 class=\"wp-block-heading has-primary-color has-text-color\">Orange pesto av tomater<\/h1>\n\n\n\n<p class=\"is-style-cursive has-xxl-font-size\">Pastas\u00e5s<\/p>\n\n\n\n<p>Mutti Tomato Pestos \u00e4r ett enkelt och gott nytillskott med alla de intensiva smakerna hos traditionell pesto, men med 45 procent mindre fett j\u00e4mf\u00f6rt med de b\u00e4sts\u00e4ljande pestos\u00e5serna p\u00e5 marknaden*, tack vare utvalda tomatsorter. Tack vare en tomathalt p\u00e5 \u00f6ver 50 procent har vi kunnat begr\u00e4nsa anv\u00e4ndningen av olja och salt och p\u00e5 s\u00e5 s\u00e4tt erbjuda smakrika pestos\u00e5ser med mindre fett och salt. Du hittar dem i tre olika varianter med tomater i olika f\u00e4rger: Green Tomato Pesto, Red Tomato Pesto och Orange Tomato Pesto. <br><a rel=\"noreferrer noopener\" aria-label=\"*IRI (opens in a new tab)\" href=\"https:\/\/mutti-parma.com\/app\/uploads\/sites\/7\/2020\/03\/mutti-pesto-comunicazioni-dati-sottoscritta.pdf\" target=\"_blank\">*IRI<\/a><\/p>\n\n\n\n\n<\/div><figure class=\"wp-block-media-text__media\"><img loading=\"lazy\" decoding=\"async\" width=\"678\" height=\"1024\" src=\"https:\/\/mutti-parma.com\/app\/uploads\/sites\/14\/2023\/03\/66458-pesto-arancione-se-fi-9310-102-07-678x1024.png\" alt=\"\" class=\"wp-image-6109 size-full\" sizes=\"(min-width: 1440px) 528px,37vw\" data-spai-crop=\"false\" srcset=\"https:\/\/mutti-parma.com\/app\/uploads\/sites\/14\/2023\/03\/66458-pesto-arancione-se-fi-9310-102-07-678x1024.png 678w, https:\/\/mutti-parma.com\/app\/uploads\/sites\/14\/2023\/03\/66458-pesto-arancione-se-fi-9310-102-07-331x500.png 331w, https:\/\/mutti-parma.com\/app\/uploads\/sites\/14\/2023\/03\/66458-pesto-arancione-se-fi-9310-102-07-132x200.png 132w, https:\/\/mutti-parma.com\/app\/uploads\/sites\/14\/2023\/03\/66458-pesto-arancione-se-fi-9310-102-07-768x1160.png 768w, https:\/\/mutti-parma.com\/app\/uploads\/sites\/14\/2023\/03\/66458-pesto-arancione-se-fi-9310-102-07-150x227.png 150w, https:\/\/mutti-parma.com\/app\/uploads\/sites\/14\/2023\/03\/66458-pesto-arancione-se-fi-9310-102-07-600x906.png 600w, https:\/\/mutti-parma.com\/app\/uploads\/sites\/14\/2023\/03\/66458-pesto-arancione-se-fi-9310-102-07-1017x1536.png 1017w, https:\/\/mutti-parma.com\/app\/uploads\/sites\/14\/2023\/03\/66458-pesto-arancione-se-fi-9310-102-07-1356x2048.png 1356w, https:\/\/mutti-parma.com\/app\/uploads\/sites\/14\/2023\/03\/66458-pesto-arancione-se-fi-9310-102-07.png 1372w\" \/><\/figure><\/div>\n\n\n\n\n\n\n<div\n  class=\"acf-how-is-it-made alignwide text-center \"\n  data-vue-wrapper\n  >\n      <h2>Hur \u00e4r det lagat?<\/h2>\n  \n  <slideshow :slides-per-view=\"3\" :slides-per-view-sm=\"1\" :slides-per-view-md=\"2\" name=\"How is it made\" class=\"mb-8\">\n      <\/slideshow>\n\n      <p class=\"is-style-cursive text-5xl\">L\u00e4r dig mera om hur vi tillverkar v\u00e5ra produkter<\/p>\n  \n      <h3>Visit the <a href=\"https:\/\/mutti-parma.com\/se\/aker-till-bord\/\">Field to Table<\/a><\/h3>\n  <\/div>\n\n\n\n\n\n<hr class=\"wp-block-separator has-css-opacity alignwide\"\/>\n\n\n<div class=\"acf-comments alignwide my-8\">\n  <div class=\"flex flex-wrap mb-4 items-center text-center sm:text-left px-0 sm:px-2 md:px-0\">\n    <h3 class=\"w-full sm:w-auto is-style-cursive text-primary my-0 leading-none\">Share and review<\/h3>\n    <div class=\"w-full sm:w-auto flex-auto mt-1 sm:ml-8\">\n          <\/div>\n\n          <div class=\"mx-auto sm:ml-0 mt-3 sm:mt-0\">\n                  <div\n  class=\"shariff\"\n  data-button-style=\"icon\"\n  data-mail-body=\"https:\/\/mutti-parma.com\/se\/produkter\/orange-pesto-av-tomater\/\"\n  data-mail-subject=\"Orange pesto av tomater - Mutti\"\n  data-mail-url=\"mailto:\"\n  data-media-url=\"https:\/\/mutti-parma.com\/app\/uploads\/sites\/14\/2023\/03\/66458-pesto-arancione-se-fi-9310-102-07.png\"\n  data-services=\"[&#039;facebook&#039;, &#039;twitter&#039;, &#039;whatsapp&#039;, &#039;pinterest&#039;, &#039;mail&#039;]\"\n><\/div>\n              <\/div>\n      <\/div>\n\n  <div>\n                <\/div>\n<\/div>\n\n\n\n<hr class=\"wp-block-separator has-css-opacity alignwide\"\/>\n\n\n\n<div class=\"wp-block-cover alignwide has-background-dim-80 has-darkred-background-color has-background-dim\" style=\"background-image:url(https:\/\/mutti-parma.com\/app\/uploads\/sites\/3\/2019\/09\/tomatoes.jpg)\"><div class=\"wp-block-cover__inner-container is-layout-flow wp-block-cover-is-layout-flow\">\n<div class=\"wp-block-columns alignwide is-layout-flex wp-container-core-columns-is-layout-9d6595d7 wp-block-columns-is-layout-flex\">\n<div class=\"wp-block-column is-layout-flow wp-block-column-is-layout-flow\">\n<h2 class=\"wp-block-heading\" id=\"hallbarhet\"><strong>H\u00c5LLBARHET<\/strong><\/h2>\n\n\n\n<p class=\"is-style-cursive mb-0\">F\u00f6s oss betyder h\u00e5llbarhet att vi visar respekt f\u00f6r jorden<\/p>\n\n\n\n<h4 class=\"wp-block-heading\">SAMARBETE MED WWF ITALIEN<\/h4>\n\n\n\n<p>Mutti har haft ett n\u00e4ra samarbete med WWF Italien f\u00f6r att hj\u00e4lpa odlare att arbeta mera milj\u00f6v\u00e4nligt och p\u00e5 s\u00e5 vis minska b\u00e5de vattenf\u00f6rbrukning och koldioxidutsl\u00e4pp. Italienska WWF satte inte enbart upp m\u00e5l, utan involverade ocks\u00e5 odlarna f\u00f6r att de skulle kunna komma med relevanta f\u00f6rb\u00e4ttringsf\u00f6rslag. <\/p>\n\n\n\n<p>Organisationen rekommenderade till exempel speciella sensorer som m\u00e4ter vattenf\u00f6rh\u00e5llanden i marken. Det ger viktig information om hur odlarna kan minska vattenf\u00f6rbrukningen p\u00e5 ett effektivt s\u00e4tt. Mutti har investerat i teknologi, utbildning och tekniska hj\u00e4lpmedel f\u00f6r jordbrukare och jordbruksorganisationer. <\/p>\n\n\n\n<p>Trots att det fem \u00e5r l\u00e5nga samarbetsprojektet har avslutats, jobbar vi fortfarande ivrigt f\u00f6r att minska v\u00e5r milj\u00f6p\u00e5verkan och finslipa varje l\u00e4nk i produktionskedjan.<\/p>\n\n\n<\/div>\n\n\n\n<div class=\"wp-block-column is-layout-flow wp-block-column-is-layout-flow\">\n<h2 class=\"has-text-align-center wp-block-heading\">RESULTAT:<\/h2>\n\n\n\n<div class=\"wp-block-columns is-layout-flex wp-container-core-columns-is-layout-9d6595d7 wp-block-columns-is-layout-flex\">\n<div class=\"wp-block-column is-layout-flow wp-block-column-is-layout-flow\">\n<div class=\"wp-block-image\"><figure class=\"aligncenter size-large is-resized\"><img loading=\"lazy\" decoding=\"async\" src=\"https:\/\/mutti-parma.com\/app\/uploads\/sites\/3\/2019\/09\/icon-sustainable-water.svg\" alt=\"\" class=\"wp-image-30000085\" width=\"53\" height=\"91\" \/><\/figure><\/div>\n\n\n\n<h4 class=\"has-text-align-center wp-block-heading\">+1 000 MILJONER LITER VATTEN HAR SPARATS*<\/h4>\n\n\n\n<p class=\"has-text-align-center has-sm-font-size\">* mellan 2012 och 2014 (K\u00e4lla: CMCC, WWF and Mediterranean Climate Change Center i Italien)<\/p>\n<\/div>\n\n\n\n<div class=\"wp-block-column is-layout-flow wp-block-column-is-layout-flow\">\n<div class=\"wp-block-image\"><figure class=\"aligncenter size-large is-resized\"><img loading=\"lazy\" decoding=\"async\" src=\"https:\/\/mutti-parma.com\/app\/uploads\/sites\/3\/2019\/09\/icon-sustainable-co2.svg\" alt=\"\" class=\"wp-image-30000086\" width=\"114\" height=\"88\" \/><\/figure><\/div>\n\n\n\n<h4 class=\"has-text-align-center wp-block-heading\">+ 31 530 TON KOLDIOXIDUTSL\u00c4PP HAR UNDVIKITS I ATMOSF\u00c4REN*<\/h4>\n\n\n\n<p class=\"has-text-align-center has-sm-font-size\">* mellan 2010 och 2015 j\u00e4mf\u00f6rt med niv\u00e5n f\u00f6r 2009 (K\u00e4lla: Italienska WWF och organisationen Officinae Verdi med fokus p\u00e5 energieffektivitet)<\/p>\n<\/div>\n<\/div>\n<\/div>\n<\/div>\n<\/div><\/div>\n\n\n\n\n\n\n\n\n\n\n<div class=\"acf-related-recipes alignwide pb-8 \" data-vue-wrapper>\n      <slideshow :slides-per-view=\"3\" :navigation=\"true\" name=\"Related Recipes\">\n              <div class=\"swiper-slide\">\n          <div class=\"teaser--recipe text-center hover:zoom-img\">\n      <a href=\"https:\/\/mutti-parma.com\/se\/tomatrecept\/pasta-med-pesto\/\" class=\"relative block mb-4 max-w-96 mx-auto\" aria-hidden=\"true\" tabindex=\"-1\">\n      <div class=\"responsive-embed \" style=\"padding-bottom: 108.79765395894%;\">\n                <img decoding=\"async\" width=\"1080\" height=\"1350\" src=\"https:\/\/mutti-parma.com\/app\/uploads\/sites\/14\/2023\/11\/muttipestopastaweb-8414.jpg\" class=\"inline-block wp-image-6678\" alt=\"Pasta med pesto\" sizes=\"auto, (max-width: 600px) 72vw, 431px\" data-spai-crop=\"true\" title=\"Pasta med pesto\" srcset=\"https:\/\/mutti-parma.com\/app\/uploads\/sites\/14\/2023\/11\/muttipestopastaweb-8414.jpg 1080w, https:\/\/mutti-parma.com\/app\/uploads\/sites\/14\/2023\/11\/muttipestopastaweb-8414-400x500.jpg 400w, https:\/\/mutti-parma.com\/app\/uploads\/sites\/14\/2023\/11\/muttipestopastaweb-8414-819x1024.jpg 819w, https:\/\/mutti-parma.com\/app\/uploads\/sites\/14\/2023\/11\/muttipestopastaweb-8414-160x200.jpg 160w, https:\/\/mutti-parma.com\/app\/uploads\/sites\/14\/2023\/11\/muttipestopastaweb-8414-768x960.jpg 768w, https:\/\/mutti-parma.com\/app\/uploads\/sites\/14\/2023\/11\/muttipestopastaweb-8414-150x188.jpg 150w, https:\/\/mutti-parma.com\/app\/uploads\/sites\/14\/2023\/11\/muttipestopastaweb-8414-600x750.jpg 600w\" loading=\"lazy\" \/>\n      <\/div>\n\n          <\/a>\n  \n  \n      <a class=\"is-style-cursive heading block text-primary leading-none\" href=\"https:\/\/mutti-parma.com\/se\/produkter\/orange-pesto-av-tomater\/\">\n      Orange pesto av tomater\n    <\/a>\n  \n  <a class=\"block my-4\" href=\"https:\/\/mutti-parma.com\/se\/tomatrecept\/pasta-med-pesto\/\">\n          <h3>Pasta med pesto<\/h3>\n      <\/a>\n\n  \n  <div class=\"flex items-center justify-center my-4\">\n    <div class=\"-ml-2 mr-2 pr-4 border-primary border-r-2 pt-2\">\n    <p class=\"flex flex-wrap items-end font-heavy text-primary leading-none justify-center\">\n      <img decoding=\"async\" alt=\"Total time\" class=\"w-10 md:w-12 mx-3 mb-2\" src=\"https:\/\/mutti-parma.com\/app\/themes\/mutti\/dist\/images\/icons\/mutti-product-icons-reduced-cooking-time.svg?id=dc737ade6befaad1eaaf\" width=\"54\" height=\"26\" loading=\"lazy\">\n      <span class=\"mb-2\">\n        15&nbsp;min\n      <\/span>\n    <\/p>\n  <\/div>\n  <div class=\"pt-2\">\n    <p class=\"flex flex-wrap items-end font-heavy uppercase text-primary leading-none justify-center\">\n      <img decoding=\"async\" alt=\"Difficulty\" class=\"w-10 md:w-12 mx-3 mb-2\" src=\"https:\/\/mutti-parma.com\/app\/themes\/mutti\/dist\/images\/icons\/mutti-product-icons-stove-top.svg?id=5f4b0df898a96e10ac63\" width=\"54\" height=\"18\" loading=\"lazy\">\n      <span class=\"mb-2\">\n        Enkel\n      <\/span>\n    <\/p>\n  <\/div>\n  <\/div>\n<\/div>\n        <\/div>\n              <div class=\"swiper-slide\">\n          <div class=\"teaser--recipe text-center hover:zoom-img\">\n      <a href=\"https:\/\/mutti-parma.com\/se\/tomatrecept\/poke-bowl-med-orange-tomatopesto\/\" class=\"relative block mb-4 max-w-96 mx-auto\" aria-hidden=\"true\" tabindex=\"-1\">\n      <div class=\"responsive-embed \" style=\"padding-bottom: 108.79765395894%;\">\n                <img decoding=\"async\" width=\"2400\" height=\"2400\" src=\"https:\/\/mutti-parma.com\/app\/uploads\/sites\/14\/2021\/07\/1a2a3019-1.jpg\" class=\"inline-block wp-image-4259\" alt=\"Poke bowl med orange tomatpesto\" sizes=\"auto, (max-width: 600px) 72vw, 431px\" data-spai-crop=\"true\" title=\"Poke bowl med orange tomatpesto\" srcset=\"https:\/\/mutti-parma.com\/app\/uploads\/sites\/14\/2021\/07\/1a2a3019-1.jpg 2400w, https:\/\/mutti-parma.com\/app\/uploads\/sites\/14\/2021\/07\/1a2a3019-1-500x500.jpg 500w, https:\/\/mutti-parma.com\/app\/uploads\/sites\/14\/2021\/07\/1a2a3019-1-1024x1024.jpg 1024w, https:\/\/mutti-parma.com\/app\/uploads\/sites\/14\/2021\/07\/1a2a3019-1-200x200.jpg 200w, https:\/\/mutti-parma.com\/app\/uploads\/sites\/14\/2021\/07\/1a2a3019-1-768x768.jpg 768w, https:\/\/mutti-parma.com\/app\/uploads\/sites\/14\/2021\/07\/1a2a3019-1-150x150.jpg 150w, https:\/\/mutti-parma.com\/app\/uploads\/sites\/14\/2021\/07\/1a2a3019-1-600x600.jpg 600w, https:\/\/mutti-parma.com\/app\/uploads\/sites\/14\/2021\/07\/1a2a3019-1-1536x1536.jpg 1536w, https:\/\/mutti-parma.com\/app\/uploads\/sites\/14\/2021\/07\/1a2a3019-1-2048x2048.jpg 2048w, https:\/\/mutti-parma.com\/app\/uploads\/sites\/14\/2021\/07\/1a2a3019-1-50x50.jpg 50w\" loading=\"lazy\" \/>\n      <\/div>\n\n          <\/a>\n  \n  \n      <a class=\"is-style-cursive heading block text-primary leading-none\" href=\"https:\/\/mutti-parma.com\/se\/produkter\/orange-pesto-av-tomater\/\">\n      Orange pesto av tomater\n    <\/a>\n  \n  <a class=\"block my-4\" href=\"https:\/\/mutti-parma.com\/se\/tomatrecept\/poke-bowl-med-orange-tomatopesto\/\">\n          <h3>Poke bowl med orange tomatpesto<\/h3>\n      <\/a>\n\n  \n  <div class=\"flex items-center justify-center my-4\">\n    <div class=\"-ml-2 mr-2 pr-4 border-primary  pt-2\">\n    <p class=\"flex flex-wrap items-end font-heavy text-primary leading-none justify-center\">\n      <img decoding=\"async\" alt=\"Total time\" class=\"w-10 md:w-12 mx-3 mb-2\" src=\"https:\/\/mutti-parma.com\/app\/themes\/mutti\/dist\/images\/icons\/mutti-product-icons-reduced-cooking-time.svg?id=dc737ade6befaad1eaaf\" width=\"54\" height=\"26\" loading=\"lazy\">\n      <span class=\"mb-2\">\n        50&nbsp;min\n      <\/span>\n    <\/p>\n  <\/div>\n  <\/div>\n<\/div>\n        <\/div>\n              <div class=\"swiper-slide\">\n          <div class=\"teaser--recipe text-center hover:zoom-img\">\n      <a href=\"https:\/\/mutti-parma.com\/se\/tomatrecept\/thailandsk-gronsakswok-med-nudlar-zucchini-salladslok-svarta-sesamfron-tofu-och-orange-pesto\/\" class=\"relative block mb-4 max-w-96 mx-auto\" aria-hidden=\"true\" tabindex=\"-1\">\n      <div class=\"responsive-embed \" style=\"padding-bottom: 108.79765395894%;\">\n                <img decoding=\"async\" width=\"2000\" height=\"3000\" src=\"https:\/\/mutti-parma.com\/app\/uploads\/sites\/14\/2021\/03\/noodles2109.jpg\" class=\"inline-block wp-image-3775\" alt=\"Thail\u00e4ndsk gr\u00f6nsakswok med nudlar och tofu\" sizes=\"auto, (max-width: 600px) 72vw, 431px\" data-spai-crop=\"true\" title=\"Thail\u00e4ndsk gr\u00f6nsakswok med nudlar och tofu\" srcset=\"https:\/\/mutti-parma.com\/app\/uploads\/sites\/14\/2021\/03\/noodles2109.jpg 2000w, https:\/\/mutti-parma.com\/app\/uploads\/sites\/14\/2021\/03\/noodles2109-133x200.jpg 133w, https:\/\/mutti-parma.com\/app\/uploads\/sites\/14\/2021\/03\/noodles2109-333x500.jpg 333w, https:\/\/mutti-parma.com\/app\/uploads\/sites\/14\/2021\/03\/noodles2109-768x1152.jpg 768w, https:\/\/mutti-parma.com\/app\/uploads\/sites\/14\/2021\/03\/noodles2109-683x1024.jpg 683w, https:\/\/mutti-parma.com\/app\/uploads\/sites\/14\/2021\/03\/noodles2109-150x225.jpg 150w, https:\/\/mutti-parma.com\/app\/uploads\/sites\/14\/2021\/03\/noodles2109-600x900.jpg 600w\" loading=\"lazy\" \/>\n      <\/div>\n\n          <\/a>\n  \n  \n      <a class=\"is-style-cursive heading block text-primary leading-none\" href=\"https:\/\/mutti-parma.com\/se\/produkter\/orange-pesto-av-tomater\/\">\n      Orange pesto av tomater\n    <\/a>\n  \n  <a class=\"block my-4\" href=\"https:\/\/mutti-parma.com\/se\/tomatrecept\/thailandsk-gronsakswok-med-nudlar-zucchini-salladslok-svarta-sesamfron-tofu-och-orange-pesto\/\">\n          <h3>Thail\u00e4ndsk gr\u00f6nsakswok med nudlar och tofu<\/h3>\n      <\/a>\n\n  \n  <div class=\"flex items-center justify-center my-4\">\n    <div class=\"-ml-2 mr-2 pr-4 border-primary border-r-2 pt-2\">\n    <p class=\"flex flex-wrap items-end font-heavy text-primary leading-none justify-center\">\n      <img decoding=\"async\" alt=\"Total time\" class=\"w-10 md:w-12 mx-3 mb-2\" src=\"https:\/\/mutti-parma.com\/app\/themes\/mutti\/dist\/images\/icons\/mutti-product-icons-reduced-cooking-time.svg?id=dc737ade6befaad1eaaf\" width=\"54\" height=\"26\" loading=\"lazy\">\n      <span class=\"mb-2\">\n        1h 25&nbsp;min\n      <\/span>\n    <\/p>\n  <\/div>\n  <div class=\"pt-2\">\n    <p class=\"flex flex-wrap items-end font-heavy uppercase text-primary leading-none justify-center\">\n      <img decoding=\"async\" alt=\"Difficulty\" class=\"w-10 md:w-12 mx-3 mb-2\" src=\"https:\/\/mutti-parma.com\/app\/themes\/mutti\/dist\/images\/icons\/mutti-product-icons-stove-top.svg?id=5f4b0df898a96e10ac63\" width=\"54\" height=\"18\" loading=\"lazy\">\n      <span class=\"mb-2\">\n        Medel\n      <\/span>\n    <\/p>\n  <\/div>\n  <\/div>\n<\/div>\n        <\/div>\n          <\/slideshow>\n  \n  <hr class=\"alignwide wp-block-separator\">\n\n      <p class=\"text-center\">\n      <a class=\"h3 underline\" href=\"https:\/\/mutti-parma.com\/se\/tomatrecept\/\">se alla v\u00e5ra goda recept<\/a>\n    <\/p>\n  <\/div>\n\n\n<div class=\"acf-related-products mb-8 lg:mb-16 \" data-vue-wrapper>\n      <h3 class=\"text-center\">Andra liknande produkter<\/h3>\n  \n      <slideshow :slides-per-view=\"3\" :navigation=\"true\" class=\"mx-8 lg:-mx-12\" name=\"Related Products\">\n              <div class=\"swiper-slide\">\n          <div class=\"text-center hover:lift-img mx-auto max-w-28\">\n      <a href=\"https:\/\/mutti-parma.com\/se\/produkter\/rod-pesto-av-tomater\/\" class=\"block\">\n            <div class=\"responsive-embed is-contain\" style=\"padding-bottom: 188.23529411765%;\"><img decoding=\"async\" width=\"1372\" height=\"2072\" src=\"https:\/\/mutti-parma.com\/app\/uploads\/sites\/14\/2020\/02\/66456-pesto-rosso-se-fi-9867-100-01.png\" class=\"inline-block mt-2 wp-image-6105\" alt=\"R\u00f6d pesto av tomater\" sizes=\"auto, 126px\" data-spai-crop=\"false\" title=\"R\u00f6d pesto av tomater\" srcset=\"https:\/\/mutti-parma.com\/app\/uploads\/sites\/14\/2020\/02\/66456-pesto-rosso-se-fi-9867-100-01.png 1372w, https:\/\/mutti-parma.com\/app\/uploads\/sites\/14\/2020\/02\/66456-pesto-rosso-se-fi-9867-100-01-331x500.png 331w, https:\/\/mutti-parma.com\/app\/uploads\/sites\/14\/2020\/02\/66456-pesto-rosso-se-fi-9867-100-01-678x1024.png 678w, https:\/\/mutti-parma.com\/app\/uploads\/sites\/14\/2020\/02\/66456-pesto-rosso-se-fi-9867-100-01-132x200.png 132w, https:\/\/mutti-parma.com\/app\/uploads\/sites\/14\/2020\/02\/66456-pesto-rosso-se-fi-9867-100-01-768x1160.png 768w, https:\/\/mutti-parma.com\/app\/uploads\/sites\/14\/2020\/02\/66456-pesto-rosso-se-fi-9867-100-01-150x227.png 150w, https:\/\/mutti-parma.com\/app\/uploads\/sites\/14\/2020\/02\/66456-pesto-rosso-se-fi-9867-100-01-600x906.png 600w, https:\/\/mutti-parma.com\/app\/uploads\/sites\/14\/2020\/02\/66456-pesto-rosso-se-fi-9867-100-01-1017x1536.png 1017w, https:\/\/mutti-parma.com\/app\/uploads\/sites\/14\/2020\/02\/66456-pesto-rosso-se-fi-9867-100-01-1356x2048.png 1356w\" loading=\"lazy\" \/><\/div>\n    <\/a>\n  \n  <a class=\"block underline mb-2 mt-2\" href=\"https:\/\/mutti-parma.com\/se\/produkter\/rod-pesto-av-tomater\/\">\n    <h3 class=\"h4\">R\u00f6d pesto av tomater<\/h3>\n  <\/a>\n\n      <a class=\"block hover:no-underline text-inherit\" href=\"https:\/\/mutti-parma.com\/se\/produkter\/rod-pesto-av-tomater\/\">\n      Pastas\u00e5s\n    <\/a>\n  <\/div>\n        <\/div>\n          <\/slideshow>\n  <\/div>\n\n\n\n<div class=\"wp-block-cover alignwide has-background-dim-20 has-background-dim\" style=\"background-image:url(https:\/\/mutti-parma.com\/app\/uploads\/sites\/3\/2020\/12\/table.jpg)\"><div class=\"wp-block-cover__inner-container is-layout-flow wp-block-cover-is-layout-flow\">\n<div class=\"wp-block-media-text alignwide is-stacked-on-mobile is-style-default\" style=\"grid-template-columns:32% auto\"><figure class=\"wp-block-media-text__media\"><img loading=\"lazy\" decoding=\"async\" src=\"https:\/\/mutti-parma.com\/app\/uploads\/sites\/3\/2020\/02\/products-essentials-e1582204403666.png\" alt=\"\" class=\"wp-image-300000352\" sizes=\"(max-width: 600px) 100vw, (min-width: 1440px) 461px,32vw\" data-spai-crop=\"false\" srcset=\"https:\/\/mutti-parma.com\/app\/uploads\/sites\/3\/2020\/02\/products-essentials-e1582204403666.png 565w, https:\/\/mutti-parma.com\/app\/uploads\/sites\/3\/2020\/02\/products-essentials-e1582204403666-200x173.png 200w, https:\/\/mutti-parma.com\/app\/uploads\/sites\/3\/2020\/02\/products-essentials-e1582204403666-500x432.png 500w, https:\/\/mutti-parma.com\/app\/uploads\/sites\/3\/2020\/02\/products-essentials-e1582204403666-150x130.png 150w\" \/><\/figure><div class=\"wp-block-media-text__content\">\n<h2 class=\"wp-block-heading\">Bekanta dig med v\u00e5ra klassiska produkter <\/h2>\n\n\n\n<p class=\"is-style-cursive\">Uppt\u00e4ck Polpa, Concentrato, Passata och Pelati.<\/p>\n\n\n\n<div class=\"wp-block-button\"><a class=\"wp-block-button__link\" href=\"https:\/\/mutti-parma.com\/se\/muttis-klassiker\/\">J\u00e4mf\u00f6r v\u00e5ra klassiska produkter<\/a><\/div>\n<\/div><\/div>\n<\/div><\/div>\n","protected":false},"excerpt":{"rendered":"","protected":false},"featured_media":6109,"comment_status":"open","ping_status":"closed","template":"","product_category":[1273],"class_list":["post-1678","product","type-product","status-publish","has-post-thumbnail","hentry","product_category-product-category-6234"],"acf":[],"_links":{"self":[{"href":"https:\/\/mutti-parma.com\/se\/wp-json\/wp\/v2\/product\/1678","targetHints":{"allow":["GET"]}}],"collection":[{"href":"https:\/\/mutti-parma.com\/se\/wp-json\/wp\/v2\/product"}],"about":[{"href":"https:\/\/mutti-parma.com\/se\/wp-json\/wp\/v2\/types\/product"}],"replies":[{"embeddable":true,"href":"https:\/\/mutti-parma.com\/se\/wp-json\/wp\/v2\/comments?post=1678"}],"version-history":[{"count":17,"href":"https:\/\/mutti-parma.com\/se\/wp-json\/wp\/v2\/product\/1678\/revisions"}],"predecessor-version":[{"id":6253,"href":"https:\/\/mutti-parma.com\/se\/wp-json\/wp\/v2\/product\/1678\/revisions\/6253"}],"wp:featuredmedia":[{"embeddable":true,"href":"https:\/\/mutti-parma.com\/se\/wp-json\/wp\/v2\/media\/6109"}],"wp:attachment":[{"href":"https:\/\/mutti-parma.com\/se\/wp-json\/wp\/v2\/media?parent=1678"}],"wp:term":[{"taxonomy":"product_category","embeddable":true,"href":"https:\/\/mutti-parma.com\/se\/wp-json\/wp\/v2\/product_category?post=1678"}],"curies":[{"name":"wp","href":"https:\/\/api.w.org\/{rel}","templated":true}]}}