{"id":224,"date":"2019-10-16T07:04:26","date_gmt":"2019-10-16T07:04:26","guid":{"rendered":"https:\/\/mutti-parma.com\/se\/?post_type=product&#038;p=224"},"modified":"2024-11-01T09:50:49","modified_gmt":"2024-11-01T09:50:49","slug":"finkrossade-tomater-med-basilika","status":"publish","type":"product","link":"https:\/\/mutti-parma.com\/se\/produkter\/finkrossade-tomater-med-basilika\/","title":{"rendered":"Finkrossade tomater med basilika"},"content":{"rendered":"\n<div style=\"--media-width: 50\" class=\"wp-block-media-text alignwide has-media-on-the-right is-stacked-on-mobile is-style-hero has-background-image\"><img loading=\"lazy\" decoding=\"async\" class=\"wp-block-media-text__background\" alt=\"\" data-spai-crop=\"true\" src=\"https:\/\/mutti-parma.com\/app\/uploads\/sites\/14\/2019\/10\/polpa-background-1200x1200-1.jpg\" \/><div class=\"wp-block-media-text__content\"><div class=\"acf-breadcrumb my-4 md:my-8 text-center md:text-left\">\n  <nav>\n  <ol class=\"list-none text-md\">\n                  <li class=\"inline\">\n                      <a class=\"text-inherit\" href=\"https:\/\/mutti-parma.com\/se\/\">\n              Mutti Parma Sverige\n            <\/a>\n                                <span aria-hidden=\"true\">\/&nbsp;<\/span>\n                  <\/li>\n                        <li class=\"inline\">\n                      <a class=\"text-inherit\" href=\"https:\/\/mutti-parma.com\/se\/produkter\/\">\n              Products\n            <\/a>\n                            <\/li>\n            <\/ol>\n<\/nav>\n<\/div>\n\n\n\n<h1 class=\"wp-block-heading has-primary-color has-text-color\">Finkrossade tomater med basilika<\/h1>\n\n\n\n<p class=\"is-style-cursive has-xxl-font-size\">Finkrossade tomater<\/p>\n\n\n\n<p>Ett enkelt s\u00e4tt att ge din mat doften av nyplockade tomater. Idealisk f\u00f6r snabb matlagning men fungerar ocks\u00e5 bra f\u00f6r r\u00e4tter som kr\u00e4ver l\u00e5ng tillagningstid. Smaksatt med f\u00e4rsk basilika.<\/p>\n\n\n\n\n<div class=\"acf-characteristics\">\n  <div class=\"flex flex-wrap -m-2 justify-center sm:justify-between\">\n          <div class=\"m-2 w-24 text-center\">\n        <div style=\"height: 41px; width: 80px;\" class=\"mx-auto flex items-end justify-center mx-auto\">\n                      <img decoding=\"async\" width=\"90\" height=\"24\" src=\"https:\/\/mutti-parma.com\/app\/uploads\/sites\/3\/2021\/04\/icon-characteristics-color-vibrant-red-v2.svg\" class=\"w-full wp-image-300000416 attachment-full size-full\" alt=\"cooking symbol\" style=\"max-height: 43px; max-width: 80px;\" loading=\"lazy\" \/>\n                  <\/div>\n        <p class=\"h6 text-inherit mt-3\">Klar r\u00f6d f\u00e4rg<\/p>\n      <\/div>\n          <div class=\"m-2 w-24 text-center\">\n        <div style=\"height: 41px; width: 80px;\" class=\"mx-auto flex items-end justify-center mx-auto\">\n                      <img decoding=\"async\" width=\"300\" height=\"154\" src=\"https:\/\/mutti-parma.com\/app\/uploads\/sites\/3\/2019\/09\/icon-characteristics-cooking-time-long.svg\" class=\"w-full wp-image-300000112 attachment-full size-full\" alt=\"\" style=\"max-height: 43px; max-width: 80px;\" loading=\"lazy\" \/>\n                  <\/div>\n        <p class=\"h6 text-inherit mt-3\">\u00c4ven anpassad f\u00f6r tillagning under l\u00e5ng tid<\/p>\n      <\/div>\n          <div class=\"m-2 w-24 text-center\">\n        <div style=\"height: 41px; width: 80px;\" class=\"mx-auto flex items-end justify-center mx-auto\">\n                      <img decoding=\"async\" width=\"220\" height=\"168\" src=\"https:\/\/mutti-parma.com\/app\/uploads\/sites\/3\/2019\/09\/icon-characteristics-texture-rich.svg\" class=\"w-full wp-image-300000104 attachment-full size-full\" alt=\"cooking symbol\" style=\"max-height: 43px; max-width: 80px;\" loading=\"lazy\" \/>\n                  <\/div>\n        <p class=\"h6 text-inherit mt-3\">Fyllig konsistens<\/p>\n      <\/div>\n          <div class=\"m-2 w-24 text-center\">\n        <div style=\"height: 41px; width: 80px;\" class=\"mx-auto flex items-end justify-center mx-auto\">\n                      <img decoding=\"async\" width=\"210\" height=\"114\" src=\"https:\/\/mutti-parma.com\/app\/uploads\/sites\/14\/2019\/11\/mutti-product-icons-nordic-frisk.svg\" class=\"w-full wp-image-877\" alt=\"\" style=\"max-height: 43px; max-width: 80px;\" loading=\"lazy\" \/>\n                  <\/div>\n        <p class=\"h6 text-inherit mt-3\">Frisk smak<\/p>\n      <\/div>\n      <\/div>\n<\/div>\n<\/div><figure class=\"wp-block-media-text__media\"><img loading=\"lazy\" decoding=\"async\" width=\"675\" height=\"1024\" src=\"https:\/\/mutti-parma.com\/app\/uploads\/sites\/14\/2019\/10\/product-update-wordpress-1-675x1024.png\" alt=\"Finkrossade tomater med basilika\" class=\"wp-image-7868 size-full\" sizes=\"(min-width: 1440px) 528px,37vw\" data-spai-crop=\"false\" srcset=\"https:\/\/mutti-parma.com\/app\/uploads\/sites\/14\/2019\/10\/product-update-wordpress-1-675x1024.png 675w, https:\/\/mutti-parma.com\/app\/uploads\/sites\/14\/2019\/10\/product-update-wordpress-1-330x500.png 330w, https:\/\/mutti-parma.com\/app\/uploads\/sites\/14\/2019\/10\/product-update-wordpress-1-132x200.png 132w, https:\/\/mutti-parma.com\/app\/uploads\/sites\/14\/2019\/10\/product-update-wordpress-1-768x1165.png 768w, https:\/\/mutti-parma.com\/app\/uploads\/sites\/14\/2019\/10\/product-update-wordpress-1-150x228.png 150w, https:\/\/mutti-parma.com\/app\/uploads\/sites\/14\/2019\/10\/product-update-wordpress-1-600x910.png 600w, https:\/\/mutti-parma.com\/app\/uploads\/sites\/14\/2019\/10\/product-update-wordpress-1-1013x1536.png 1013w, https:\/\/mutti-parma.com\/app\/uploads\/sites\/14\/2019\/10\/product-update-wordpress-1.png 1200w\" \/><\/figure><\/div>\n\n\n\n\n\n<div class=\"wp-block-media-text alignwide\" style=\"grid-template-columns:32% auto\"><figure class=\"wp-block-media-text__media\"><video\n  \n  autoplay\n  playsinline\n  muted\n  loop\n  loading=\"lazy\"\n  \n  \n  \n\n  \n      poster=\"https:\/\/mutti-parma.com\/app\/uploads\/sites\/3\/2019\/10\/product-consistency-polpa-image.jpg\"\n  >\n            <source src=\"https:\/\/cdn.mutti-parma.com\/app\/uploads\/sites\/3\/2019\/10\/product-consistency-polpa.mp4\" type=\"video\/mp4\">\n      <\/video>\n\n<\/figure><div class=\"wp-block-media-text__content\">\n<h2 class=\"wp-block-heading\">UPPT\u00c4CK POLPA<\/h2>\n\n\n\n<p class=\"is-style-cursive has-xxl-font-size\">Alltid n\u00e4r du beh\u00f6ver smak av f\u00e4rska tomater<\/p>\n\n\n\n<p>Polpa, Passata, Concentrato och Pelati utg\u00f6r grunden i Mutti-sortimentet. Varje produkt har sin egen karakt\u00e4r och personlighet i fr\u00e5ga om f\u00e4rg, smak och konsistens. Polpa har en klarr\u00f6d f\u00e4rg, en rik konsistens av finmalda bitar och en fantastiskt fr\u00e4sch smak.<\/p>\n<\/div><\/div>\n\n\n\n\n\n\n\n<hr class=\"wp-block-separator has-css-opacity alignwide\"\/>\n\n\n<div class=\"acf-comments alignwide my-8\">\n  <div class=\"flex flex-wrap mb-4 items-center text-center sm:text-left px-0 sm:px-2 md:px-0\">\n    <h3 class=\"w-full sm:w-auto is-style-cursive text-primary my-0 leading-none\">Share and review<\/h3>\n    <div class=\"w-full sm:w-auto flex-auto mt-1 sm:ml-8\">\n          <\/div>\n\n          <div class=\"mx-auto sm:ml-0 mt-3 sm:mt-0\">\n                  <div\n  class=\"shariff\"\n  data-button-style=\"icon\"\n  data-mail-body=\"https:\/\/mutti-parma.com\/se\/produkter\/finkrossade-tomater-med-basilika\/\"\n  data-mail-subject=\"Finkrossade tomater med basilika - Mutti\"\n  data-mail-url=\"mailto:\"\n  data-media-url=\"https:\/\/mutti-parma.com\/app\/uploads\/sites\/14\/2019\/10\/product-update-wordpress-1.png\"\n  data-services=\"[&#039;facebook&#039;, &#039;twitter&#039;, &#039;whatsapp&#039;, &#039;pinterest&#039;, &#039;mail&#039;]\"\n><\/div>\n              <\/div>\n      <\/div>\n\n  <div>\n                <\/div>\n<\/div>\n\n\n\n<hr class=\"wp-block-separator has-css-opacity alignwide\"\/>\n\n\n\n<div class=\"wp-block-cover alignwide has-background-dim-80 has-darkred-background-color has-background-dim\" style=\"background-image:url(https:\/\/mutti-parma.com\/app\/uploads\/sites\/3\/2019\/09\/tomatoes.jpg)\"><div class=\"wp-block-cover__inner-container is-layout-flow wp-block-cover-is-layout-flow\">\n<div class=\"wp-block-columns alignwide is-layout-flex wp-container-core-columns-is-layout-9d6595d7 wp-block-columns-is-layout-flex\">\n<div class=\"wp-block-column is-layout-flow wp-block-column-is-layout-flow\">\n<h2 class=\"wp-block-heading\" id=\"hallbarhet\"><strong>H\u00c5LLBARHET<\/strong><\/h2>\n\n\n\n<p class=\"is-style-cursive mb-0\">F\u00f6s oss betyder h\u00e5llbarhet att vi visar respekt f\u00f6r jorden<\/p>\n\n\n\n<h4 class=\"wp-block-heading\">SAMARBETE MED WWF ITALIEN<\/h4>\n\n\n\n<p>Mutti har haft ett n\u00e4ra samarbete med WWF Italien f\u00f6r att hj\u00e4lpa odlare att arbeta mera milj\u00f6v\u00e4nligt och p\u00e5 s\u00e5 vis minska b\u00e5de vattenf\u00f6rbrukning och koldioxidutsl\u00e4pp. Italienska WWF satte inte enbart upp m\u00e5l, utan involverade ocks\u00e5 odlarna f\u00f6r att de skulle kunna komma med relevanta f\u00f6rb\u00e4ttringsf\u00f6rslag. <\/p>\n\n\n\n<p>Organisationen rekommenderade till exempel speciella sensorer som m\u00e4ter vattenf\u00f6rh\u00e5llanden i marken. Det ger viktig information om hur odlarna kan minska vattenf\u00f6rbrukningen p\u00e5 ett effektivt s\u00e4tt. Mutti har investerat i teknologi, utbildning och tekniska hj\u00e4lpmedel f\u00f6r jordbrukare och jordbruksorganisationer. <\/p>\n\n\n\n<p>Trots att det fem \u00e5r l\u00e5nga samarbetsprojektet har avslutats, jobbar vi fortfarande ivrigt f\u00f6r att minska v\u00e5r milj\u00f6p\u00e5verkan och finslipa varje l\u00e4nk i produktionskedjan.<\/p>\n\n\n<\/div>\n\n\n\n<div class=\"wp-block-column is-layout-flow wp-block-column-is-layout-flow\">\n<h2 class=\"has-text-align-center wp-block-heading\">RESULTAT:<\/h2>\n\n\n\n<div class=\"wp-block-columns is-layout-flex wp-container-core-columns-is-layout-9d6595d7 wp-block-columns-is-layout-flex\">\n<div class=\"wp-block-column is-layout-flow wp-block-column-is-layout-flow\">\n<div class=\"wp-block-image\"><figure class=\"aligncenter size-large is-resized\"><img loading=\"lazy\" decoding=\"async\" src=\"https:\/\/mutti-parma.com\/app\/uploads\/sites\/3\/2019\/09\/icon-sustainable-water.svg\" alt=\"\" class=\"wp-image-30000085\" width=\"53\" height=\"91\" \/><\/figure><\/div>\n\n\n\n<h4 class=\"has-text-align-center wp-block-heading\">+1 000 MILJONER LITER VATTEN HAR SPARATS*<\/h4>\n\n\n\n<p class=\"has-text-align-center has-sm-font-size\">* mellan 2012 och 2014 (K\u00e4lla: CMCC, WWF and Mediterranean Climate Change Center i Italien)<\/p>\n<\/div>\n\n\n\n<div class=\"wp-block-column is-layout-flow wp-block-column-is-layout-flow\">\n<div class=\"wp-block-image\"><figure class=\"aligncenter size-large is-resized\"><img loading=\"lazy\" decoding=\"async\" src=\"https:\/\/mutti-parma.com\/app\/uploads\/sites\/3\/2019\/09\/icon-sustainable-co2.svg\" alt=\"\" class=\"wp-image-30000086\" width=\"114\" height=\"88\" \/><\/figure><\/div>\n\n\n\n<h4 class=\"has-text-align-center wp-block-heading\">+ 31 530 TON KOLDIOXIDUTSL\u00c4PP HAR UNDVIKITS I ATMOSF\u00c4REN*<\/h4>\n\n\n\n<p class=\"has-text-align-center has-sm-font-size\">* mellan 2010 och 2015 j\u00e4mf\u00f6rt med niv\u00e5n f\u00f6r 2009 (K\u00e4lla: Italienska WWF och organisationen Officinae Verdi med fokus p\u00e5 energieffektivitet)<\/p>\n<\/div>\n<\/div>\n<\/div>\n<\/div>\n<\/div><\/div>\n\n\n\n\n\n\n\n\n\n\n<div class=\"acf-related-recipes alignwide pb-8 \" data-vue-wrapper>\n      <slideshow :slides-per-view=\"3\" :navigation=\"true\" name=\"Related Recipes\">\n              <div class=\"swiper-slide\">\n          <div class=\"teaser--recipe text-center hover:zoom-img\">\n      <a href=\"https:\/\/mutti-parma.com\/se\/tomatrecept\/italienska-bakade-agg\/\" class=\"relative block mb-4 max-w-96 mx-auto\" aria-hidden=\"true\" tabindex=\"-1\">\n      <div class=\"responsive-embed \" style=\"padding-bottom: 108.79765395894%;\">\n                <img decoding=\"async\" width=\"2560\" height=\"1922\" src=\"https:\/\/mutti-parma.com\/app\/uploads\/sites\/14\/2025\/05\/italian-baked-eggs-landscape-fullres-scaled.jpg\" class=\"inline-block wp-image-8669\" alt=\"Italienska bakade \u00e4gg\" sizes=\"auto, (max-width: 600px) 72vw, 431px\" data-spai-crop=\"true\" title=\"Italienska bakade \u00e4gg\" srcset=\"https:\/\/mutti-parma.com\/app\/uploads\/sites\/14\/2025\/05\/italian-baked-eggs-landscape-fullres-scaled.jpg 2560w, https:\/\/mutti-parma.com\/app\/uploads\/sites\/14\/2025\/05\/italian-baked-eggs-landscape-fullres-500x375.jpg 500w, https:\/\/mutti-parma.com\/app\/uploads\/sites\/14\/2025\/05\/italian-baked-eggs-landscape-fullres-1024x769.jpg 1024w, https:\/\/mutti-parma.com\/app\/uploads\/sites\/14\/2025\/05\/italian-baked-eggs-landscape-fullres-200x150.jpg 200w, https:\/\/mutti-parma.com\/app\/uploads\/sites\/14\/2025\/05\/italian-baked-eggs-landscape-fullres-768x576.jpg 768w, https:\/\/mutti-parma.com\/app\/uploads\/sites\/14\/2025\/05\/italian-baked-eggs-landscape-fullres-150x113.jpg 150w, https:\/\/mutti-parma.com\/app\/uploads\/sites\/14\/2025\/05\/italian-baked-eggs-landscape-fullres-600x450.jpg 600w, https:\/\/mutti-parma.com\/app\/uploads\/sites\/14\/2025\/05\/italian-baked-eggs-landscape-fullres-1536x1153.jpg 1536w, https:\/\/mutti-parma.com\/app\/uploads\/sites\/14\/2025\/05\/italian-baked-eggs-landscape-fullres-2048x1537.jpg 2048w, https:\/\/mutti-parma.com\/app\/uploads\/sites\/14\/2025\/05\/italian-baked-eggs-landscape-fullres-800x600.jpg 800w\" loading=\"lazy\" \/>\n      <\/div>\n\n          <\/a>\n  \n  \n      <a class=\"is-style-cursive heading block text-primary leading-none\" href=\"https:\/\/mutti-parma.com\/se\/produkter\/finkrossade-tomater-med-basilika\/\">\n      Finkrossade tomater med basilika\n    <\/a>\n  \n  <a class=\"block my-4\" href=\"https:\/\/mutti-parma.com\/se\/tomatrecept\/italienska-bakade-agg\/\">\n          <h3>Italienska bakade \u00e4gg<\/h3>\n      <\/a>\n\n  \n  <div class=\"flex items-center justify-center my-4\">\n    <div class=\"-ml-2 mr-2 pr-4 border-primary border-r-2 pt-2\">\n    <p class=\"flex flex-wrap items-end font-heavy text-primary leading-none justify-center\">\n      <img decoding=\"async\" alt=\"Total time\" class=\"w-10 md:w-12 mx-3 mb-2\" src=\"https:\/\/mutti-parma.com\/app\/themes\/mutti\/dist\/images\/icons\/mutti-product-icons-reduced-cooking-time.svg?id=dc737ade6befaad1eaaf\" width=\"54\" height=\"26\" loading=\"lazy\">\n      <span class=\"mb-2\">\n        45&nbsp;min\n      <\/span>\n    <\/p>\n  <\/div>\n  <div class=\"pt-2\">\n    <p class=\"flex flex-wrap items-end font-heavy uppercase text-primary leading-none justify-center\">\n      <img decoding=\"async\" alt=\"Difficulty\" class=\"w-10 md:w-12 mx-3 mb-2\" src=\"https:\/\/mutti-parma.com\/app\/themes\/mutti\/dist\/images\/icons\/mutti-product-icons-stove-top.svg?id=5f4b0df898a96e10ac63\" width=\"54\" height=\"18\" loading=\"lazy\">\n      <span class=\"mb-2\">\n        Enkel\n      <\/span>\n    <\/p>\n  <\/div>\n  <\/div>\n<\/div>\n        <\/div>\n          <\/slideshow>\n  \n  <hr class=\"alignwide wp-block-separator\">\n\n      <p class=\"text-center\">\n      <a class=\"h3 underline\" href=\"https:\/\/mutti-parma.com\/se\/tomatrecept\/\">se alla v\u00e5ra goda recept<\/a>\n    <\/p>\n  <\/div>\n\n\n<div class=\"acf-related-products mb-8 lg:mb-16 \" data-vue-wrapper>\n      <h3 class=\"text-center\">Andra liknande produkter<\/h3>\n  \n      <slideshow :slides-per-view=\"3\" :navigation=\"true\" class=\"mx-8 lg:-mx-12\" name=\"Related Products\">\n              <div class=\"swiper-slide\">\n          <div class=\"text-center hover:lift-img mx-auto max-w-28\">\n      <a href=\"https:\/\/mutti-parma.com\/se\/produkter\/polpa\/\" class=\"block\">\n            <div class=\"responsive-embed is-contain\" style=\"padding-bottom: 188.23529411765%;\"><img decoding=\"async\" width=\"768\" height=\"1165\" src=\"https:\/\/mutti-parma.com\/app\/uploads\/sites\/14\/2019\/10\/polpa-400g-hires-nordic-768x1165.png\" class=\"inline-block mt-2 wp-image-105\" alt=\"Polpa\" sizes=\"auto, 126px\" data-spai-crop=\"false\" title=\"Polpa\" srcset=\"https:\/\/mutti-parma.com\/app\/uploads\/sites\/14\/2019\/10\/polpa-400g-hires-nordic-768x1165.png 768w, https:\/\/mutti-parma.com\/app\/uploads\/sites\/14\/2019\/10\/polpa-400g-hires-nordic-768x1165-132x200.png 132w, https:\/\/mutti-parma.com\/app\/uploads\/sites\/14\/2019\/10\/polpa-400g-hires-nordic-768x1165-330x500.png 330w, https:\/\/mutti-parma.com\/app\/uploads\/sites\/14\/2019\/10\/polpa-400g-hires-nordic-768x1165-675x1024.png 675w, https:\/\/mutti-parma.com\/app\/uploads\/sites\/14\/2019\/10\/polpa-400g-hires-nordic-768x1165-150x228.png 150w, https:\/\/mutti-parma.com\/app\/uploads\/sites\/14\/2019\/10\/polpa-400g-hires-nordic-768x1165-600x910.png 600w\" loading=\"lazy\" \/><\/div>\n    <\/a>\n  \n  <a class=\"block underline mb-2 mt-2\" href=\"https:\/\/mutti-parma.com\/se\/produkter\/polpa\/\">\n    <h3 class=\"h4\">Polpa<\/h3>\n  <\/a>\n\n      <a class=\"block hover:no-underline text-inherit\" href=\"https:\/\/mutti-parma.com\/se\/produkter\/polpa\/\">\n      Finkrossade tomater\n    <\/a>\n  <\/div>\n        <\/div>\n              <div class=\"swiper-slide\">\n          <div class=\"text-center hover:lift-img mx-auto max-w-28\">\n      <a href=\"https:\/\/mutti-parma.com\/se\/produkter\/finkrossade-tomater-med-vitlok\/\" class=\"block\">\n            <div class=\"responsive-embed is-contain\" style=\"padding-bottom: 188.23529411765%;\"><img decoding=\"async\" width=\"1200\" height=\"1820\" src=\"https:\/\/mutti-parma.com\/app\/uploads\/sites\/14\/2019\/10\/product-update-wordpress.png\" class=\"inline-block mt-2 wp-image-7867\" alt=\"Finkrossade tomater med vitl\u00f6k\" sizes=\"auto, 126px\" data-spai-crop=\"false\" title=\"Finkrossade tomater med vitl\u00f6k\" srcset=\"https:\/\/mutti-parma.com\/app\/uploads\/sites\/14\/2019\/10\/product-update-wordpress.png 1200w, https:\/\/mutti-parma.com\/app\/uploads\/sites\/14\/2019\/10\/product-update-wordpress-330x500.png 330w, https:\/\/mutti-parma.com\/app\/uploads\/sites\/14\/2019\/10\/product-update-wordpress-675x1024.png 675w, https:\/\/mutti-parma.com\/app\/uploads\/sites\/14\/2019\/10\/product-update-wordpress-132x200.png 132w, https:\/\/mutti-parma.com\/app\/uploads\/sites\/14\/2019\/10\/product-update-wordpress-768x1165.png 768w, https:\/\/mutti-parma.com\/app\/uploads\/sites\/14\/2019\/10\/product-update-wordpress-150x228.png 150w, https:\/\/mutti-parma.com\/app\/uploads\/sites\/14\/2019\/10\/product-update-wordpress-600x910.png 600w, https:\/\/mutti-parma.com\/app\/uploads\/sites\/14\/2019\/10\/product-update-wordpress-1013x1536.png 1013w\" loading=\"lazy\" \/><\/div>\n    <\/a>\n  \n  <a class=\"block underline mb-2 mt-2\" href=\"https:\/\/mutti-parma.com\/se\/produkter\/finkrossade-tomater-med-vitlok\/\">\n    <h3 class=\"h4\">Finkrossade tomater med vitl\u00f6k<\/h3>\n  <\/a>\n\n      <a class=\"block hover:no-underline text-inherit\" href=\"https:\/\/mutti-parma.com\/se\/produkter\/finkrossade-tomater-med-vitlok\/\">\n      Finkrossade tomater\n    <\/a>\n  <\/div>\n        <\/div>\n              <div class=\"swiper-slide\">\n          <div class=\"text-center hover:lift-img mx-auto max-w-28\">\n      <a href=\"https:\/\/mutti-parma.com\/se\/produkter\/polpa-datterini\/\" class=\"block\">\n            <div class=\"responsive-embed is-contain\" style=\"padding-bottom: 188.23529411765%;\"><img decoding=\"async\" width=\"1200\" height=\"1820\" src=\"https:\/\/mutti-parma.com\/app\/uploads\/sites\/14\/2020\/08\/product-update-wordpress-3.png\" class=\"inline-block mt-2 wp-image-7872\" alt=\"Polpa Datterini\" sizes=\"auto, 126px\" data-spai-crop=\"false\" title=\"Polpa Datterini\" srcset=\"https:\/\/mutti-parma.com\/app\/uploads\/sites\/14\/2020\/08\/product-update-wordpress-3.png 1200w, https:\/\/mutti-parma.com\/app\/uploads\/sites\/14\/2020\/08\/product-update-wordpress-3-330x500.png 330w, https:\/\/mutti-parma.com\/app\/uploads\/sites\/14\/2020\/08\/product-update-wordpress-3-675x1024.png 675w, https:\/\/mutti-parma.com\/app\/uploads\/sites\/14\/2020\/08\/product-update-wordpress-3-132x200.png 132w, https:\/\/mutti-parma.com\/app\/uploads\/sites\/14\/2020\/08\/product-update-wordpress-3-768x1165.png 768w, https:\/\/mutti-parma.com\/app\/uploads\/sites\/14\/2020\/08\/product-update-wordpress-3-150x228.png 150w, https:\/\/mutti-parma.com\/app\/uploads\/sites\/14\/2020\/08\/product-update-wordpress-3-600x910.png 600w, https:\/\/mutti-parma.com\/app\/uploads\/sites\/14\/2020\/08\/product-update-wordpress-3-1013x1536.png 1013w\" loading=\"lazy\" \/><\/div>\n    <\/a>\n  \n  <a class=\"block underline mb-2 mt-2\" href=\"https:\/\/mutti-parma.com\/se\/produkter\/polpa-datterini\/\">\n    <h3 class=\"h4\">Polpa Datterini<\/h3>\n  <\/a>\n\n      <a class=\"block hover:no-underline text-inherit\" href=\"https:\/\/mutti-parma.com\/se\/produkter\/polpa-datterini\/\">\n      Finkrossade tomater\n    <\/a>\n  <\/div>\n        <\/div>\n          <\/slideshow>\n  <\/div>\n\n\n\n<div class=\"wp-block-cover alignwide has-background-dim-20 has-background-dim\" style=\"background-image:url(https:\/\/mutti-parma.com\/app\/uploads\/sites\/3\/2020\/12\/table.jpg)\"><div class=\"wp-block-cover__inner-container is-layout-flow wp-block-cover-is-layout-flow\">\n<div class=\"wp-block-media-text alignwide is-stacked-on-mobile is-style-default\" style=\"grid-template-columns:32% auto\"><figure class=\"wp-block-media-text__media\"><img loading=\"lazy\" decoding=\"async\" src=\"https:\/\/mutti-parma.com\/app\/uploads\/sites\/3\/2020\/02\/products-essentials-e1582204403666.png\" alt=\"\" class=\"wp-image-300000352\" sizes=\"(max-width: 600px) 100vw, (min-width: 1440px) 461px,32vw\" data-spai-crop=\"false\" srcset=\"https:\/\/mutti-parma.com\/app\/uploads\/sites\/3\/2020\/02\/products-essentials-e1582204403666.png 565w, https:\/\/mutti-parma.com\/app\/uploads\/sites\/3\/2020\/02\/products-essentials-e1582204403666-200x173.png 200w, https:\/\/mutti-parma.com\/app\/uploads\/sites\/3\/2020\/02\/products-essentials-e1582204403666-500x432.png 500w, https:\/\/mutti-parma.com\/app\/uploads\/sites\/3\/2020\/02\/products-essentials-e1582204403666-150x130.png 150w\" \/><\/figure><div class=\"wp-block-media-text__content\">\n<h2 class=\"wp-block-heading\">Bekanta dig med v\u00e5ra klassiska produkter <\/h2>\n\n\n\n<p class=\"is-style-cursive\">Uppt\u00e4ck Polpa, Concentrato, Passata och Pelati.<\/p>\n\n\n\n<div class=\"wp-block-button\"><a class=\"wp-block-button__link\" href=\"https:\/\/mutti-parma.com\/se\/muttis-klassiker\/\">J\u00e4mf\u00f6r v\u00e5ra klassiska produkter<\/a><\/div>\n<\/div><\/div>\n<\/div><\/div>\n","protected":false},"excerpt":{"rendered":"<p>UPPT\u00c4CK POLPA Alltid n\u00e4r du beh\u00f6ver smak av f\u00e4rska tomater Polpa, Passata, Concentrato och Pelati utg\u00f6r grunden i Mutti-sortimentet. Varje produkt har sin egen karakt\u00e4r och personlighet i fr\u00e5ga om f\u00e4rg, smak och konsistens. Polpa har en klarr\u00f6d f\u00e4rg, en rik konsistens av finmalda bitar och en fantastiskt fr\u00e4sch smak.<\/p>\n","protected":false},"featured_media":7868,"comment_status":"open","ping_status":"closed","template":"","product_category":[59],"class_list":["post-224","product","type-product","status-publish","has-post-thumbnail","hentry","product_category-product-category-121"],"acf":[],"_links":{"self":[{"href":"https:\/\/mutti-parma.com\/se\/wp-json\/wp\/v2\/product\/224","targetHints":{"allow":["GET"]}}],"collection":[{"href":"https:\/\/mutti-parma.com\/se\/wp-json\/wp\/v2\/product"}],"about":[{"href":"https:\/\/mutti-parma.com\/se\/wp-json\/wp\/v2\/types\/product"}],"replies":[{"embeddable":true,"href":"https:\/\/mutti-parma.com\/se\/wp-json\/wp\/v2\/comments?post=224"}],"version-history":[{"count":13,"href":"https:\/\/mutti-parma.com\/se\/wp-json\/wp\/v2\/product\/224\/revisions"}],"predecessor-version":[{"id":7919,"href":"https:\/\/mutti-parma.com\/se\/wp-json\/wp\/v2\/product\/224\/revisions\/7919"}],"wp:featuredmedia":[{"embeddable":true,"href":"https:\/\/mutti-parma.com\/se\/wp-json\/wp\/v2\/media\/7868"}],"wp:attachment":[{"href":"https:\/\/mutti-parma.com\/se\/wp-json\/wp\/v2\/media?parent=224"}],"wp:term":[{"taxonomy":"product_category","embeddable":true,"href":"https:\/\/mutti-parma.com\/se\/wp-json\/wp\/v2\/product_category?post=224"}],"curies":[{"name":"wp","href":"https:\/\/api.w.org\/{rel}","templated":true}]}}