{"id":227,"date":"2019-10-16T07:05:20","date_gmt":"2019-10-16T07:05:20","guid":{"rendered":"https:\/\/mutti-parma.com\/se\/?post_type=product&#038;p=227"},"modified":"2023-03-02T14:25:03","modified_gmt":"2023-03-02T14:25:03","slug":"hela-skalade-san-marzano-tomater","status":"publish","type":"product","link":"https:\/\/mutti-parma.com\/se\/produkter\/hela-skalade-san-marzano-tomater\/","title":{"rendered":"Hela skalade San Marzano tomater"},"content":{"rendered":"\n<div style=\"--media-width: 50\" class=\"wp-block-media-text alignwide has-media-on-the-right is-stacked-on-mobile is-style-hero has-background-image\"><img loading=\"lazy\" decoding=\"async\" class=\"wp-block-media-text__background\" alt=\"\" data-spai-crop=\"true\" src=\"https:\/\/mutti-parma.com\/app\/uploads\/sites\/14\/2019\/10\/san-marzano-edited-1.jpg\" \/><figure class=\"wp-block-media-text__media\"><img loading=\"lazy\" decoding=\"async\" width=\"675\" height=\"1024\" src=\"https:\/\/mutti-parma.com\/app\/uploads\/sites\/14\/2019\/10\/san-marzano-400g-nordic-2-675x1024.png\" alt=\"\" class=\"wp-image-229\" sizes=\"(min-width: 1440px) 528px,37vw\" data-spai-crop=\"false\" srcset=\"https:\/\/mutti-parma.com\/app\/uploads\/sites\/14\/2019\/10\/san-marzano-400g-nordic-2-675x1024.png 675w, https:\/\/mutti-parma.com\/app\/uploads\/sites\/14\/2019\/10\/san-marzano-400g-nordic-2-132x200.png 132w, https:\/\/mutti-parma.com\/app\/uploads\/sites\/14\/2019\/10\/san-marzano-400g-nordic-2-330x500.png 330w, https:\/\/mutti-parma.com\/app\/uploads\/sites\/14\/2019\/10\/san-marzano-400g-nordic-2-768x1165.png 768w, https:\/\/mutti-parma.com\/app\/uploads\/sites\/14\/2019\/10\/san-marzano-400g-nordic-2-150x228.png 150w, https:\/\/mutti-parma.com\/app\/uploads\/sites\/14\/2019\/10\/san-marzano-400g-nordic-2-600x910.png 600w, https:\/\/mutti-parma.com\/app\/uploads\/sites\/14\/2019\/10\/san-marzano-400g-nordic-2.png 1200w\" \/><\/figure><div class=\"wp-block-media-text__content\"><div class=\"acf-breadcrumb my-4 md:my-8 text-center md:text-left\">\n  <nav>\n  <ol class=\"list-none text-md\">\n                  <li class=\"inline\">\n                      <a class=\"text-inherit\" href=\"https:\/\/mutti-parma.com\/se\/\">\n              Mutti Parma Sverige\n            <\/a>\n                                <span aria-hidden=\"true\">\/&nbsp;<\/span>\n                  <\/li>\n                        <li class=\"inline\">\n                      <a class=\"text-inherit\" href=\"https:\/\/mutti-parma.com\/se\/produkter\/\">\n              Products\n            <\/a>\n                            <\/li>\n            <\/ol>\n<\/nav>\n<\/div>\n\n\n\n<h1 class=\"has-primary-color wp-block-heading\">Hela skalade San Marzano tomater<\/h1>\n\n\n\n<p class=\"has-xxl-font-size is-style-cursive\">Specialiteter<\/p>\n\n\n\n<p>Tomaten San Marzano odlas enbart i regionen Agro Sarnese-Nocerino. Den h\u00e4r tomatvarianten k\u00e4nnetecknas av sin klarr\u00f6da f\u00e4rg och har en frisk och kraftig smak utan n\u00e4mnv\u00e4rd syra. San Marzano-tomaten \u00e4r ursprungsskyddad av EU (D.O.P). Skyddad ursprungsbeteckning ges till livsmedel vars speciella karakt\u00e4rsdrag till h\u00f6g grad \u00e4r beroende av milj\u00f6n d\u00e4r de produceras. Det \u00e4r allts\u00e5 inte m\u00f6jligt att uppn\u00e5 samma kvalitet i dessa livsmedel om de tillverkas n\u00e5gon annanstans.<\/p>\n\n\n\n\n<\/div><\/div>\n\n\n<div class=\"acf-product-nutrition-tabs alignwide\">\n  <div class=\"\">\n    <ul class=\"list-none flex justify-center sm:justify-left\">\n                    <li>\n          <a href=\"#howtouse\" class=\"btn-outline \" data-gtm-track data-gtm-event=\"GAevent\" data-gtm-event-id=\"13\" data-gtm-category=\"recipe_information\" data-gtm-action=\"how_to_use\" data-gtm-label=\"hela_skalade_san_marzano_tomater\">\n            Anv\u00e4ndning\n          <\/a>\n        <\/li>\n      \n          <\/ul>\n  <\/div>\n\n  <\/div>\n\n\n\n\n\n\n\n\n\n<hr class=\"wp-block-separator alignwide\"\/>\n\n\n<div class=\"acf-comments alignwide my-8\">\n  <div class=\"flex flex-wrap mb-4 items-center text-center sm:text-left px-0 sm:px-2 md:px-0\">\n    <h3 class=\"w-full sm:w-auto is-style-cursive text-primary my-0 leading-none\">Share and review<\/h3>\n    <div class=\"w-full sm:w-auto flex-auto mt-1 sm:ml-8\">\n          <\/div>\n\n          <div class=\"mx-auto sm:ml-0 mt-3 sm:mt-0\">\n                  <div\n  class=\"shariff\"\n  data-button-style=\"icon\"\n  data-mail-body=\"https:\/\/mutti-parma.com\/se\/produkter\/hela-skalade-san-marzano-tomater\/\"\n  data-mail-subject=\"Hela skalade San Marzano tomater - Mutti\"\n  data-mail-url=\"mailto:\"\n  data-media-url=\"https:\/\/mutti-parma.com\/app\/uploads\/sites\/14\/2019\/10\/san-marzano-400g-nordic-2.png\"\n  data-services=\"[&#039;facebook&#039;, &#039;twitter&#039;, &#039;whatsapp&#039;, &#039;pinterest&#039;, &#039;mail&#039;]\"\n><\/div>\n              <\/div>\n      <\/div>\n\n  <div>\n                <\/div>\n<\/div>\n\n\n\n<hr class=\"wp-block-separator alignwide\"\/>\n\n\n\n<div class=\"wp-block-cover alignwide has-background-dim-80 has-darkred-background-color has-background-dim\" style=\"background-image:url(https:\/\/mutti-parma.com\/app\/uploads\/sites\/3\/2019\/09\/tomatoes.jpg)\"><div class=\"wp-block-cover__inner-container is-layout-flow wp-block-cover-is-layout-flow\">\n<div class=\"wp-block-columns alignwide is-layout-flex wp-container-core-columns-is-layout-9d6595d7 wp-block-columns-is-layout-flex\">\n<div class=\"wp-block-column is-layout-flow wp-block-column-is-layout-flow\">\n<h2 class=\"wp-block-heading\" id=\"hallbarhet\"><strong>H\u00c5LLBARHET<\/strong><\/h2>\n\n\n\n<p class=\"is-style-cursive mb-0\">F\u00f6s oss betyder h\u00e5llbarhet att vi visar respekt f\u00f6r jorden<\/p>\n\n\n\n<h4 class=\"wp-block-heading\">SAMARBETE MED WWF ITALIEN<\/h4>\n\n\n\n<p>Mutti har haft ett n\u00e4ra samarbete med WWF Italien f\u00f6r att hj\u00e4lpa odlare att arbeta mera milj\u00f6v\u00e4nligt och p\u00e5 s\u00e5 vis minska b\u00e5de vattenf\u00f6rbrukning och koldioxidutsl\u00e4pp. Italienska WWF satte inte enbart upp m\u00e5l, utan involverade ocks\u00e5 odlarna f\u00f6r att de skulle kunna komma med relevanta f\u00f6rb\u00e4ttringsf\u00f6rslag. <\/p>\n\n\n\n<p>Organisationen rekommenderade till exempel speciella sensorer som m\u00e4ter vattenf\u00f6rh\u00e5llanden i marken. Det ger viktig information om hur odlarna kan minska vattenf\u00f6rbrukningen p\u00e5 ett effektivt s\u00e4tt. Mutti har investerat i teknologi, utbildning och tekniska hj\u00e4lpmedel f\u00f6r jordbrukare och jordbruksorganisationer. <\/p>\n\n\n\n<p>Trots att det fem \u00e5r l\u00e5nga samarbetsprojektet har avslutats, jobbar vi fortfarande ivrigt f\u00f6r att minska v\u00e5r milj\u00f6p\u00e5verkan och finslipa varje l\u00e4nk i produktionskedjan.<\/p>\n\n\n<\/div>\n\n\n\n<div class=\"wp-block-column is-layout-flow wp-block-column-is-layout-flow\">\n<h2 class=\"has-text-align-center wp-block-heading\">RESULTAT:<\/h2>\n\n\n\n<div class=\"wp-block-columns is-layout-flex wp-container-core-columns-is-layout-9d6595d7 wp-block-columns-is-layout-flex\">\n<div class=\"wp-block-column is-layout-flow wp-block-column-is-layout-flow\">\n<div class=\"wp-block-image\"><figure class=\"aligncenter size-large is-resized\"><img loading=\"lazy\" decoding=\"async\" src=\"https:\/\/mutti-parma.com\/app\/uploads\/sites\/3\/2019\/09\/icon-sustainable-water.svg\" alt=\"\" class=\"wp-image-30000085\" width=\"53\" height=\"91\" \/><\/figure><\/div>\n\n\n\n<h4 class=\"has-text-align-center wp-block-heading\">+1 000 MILJONER LITER VATTEN HAR SPARATS*<\/h4>\n\n\n\n<p class=\"has-text-align-center has-sm-font-size\">* mellan 2012 och 2014 (K\u00e4lla: CMCC, WWF and Mediterranean Climate Change Center i Italien)<\/p>\n<\/div>\n\n\n\n<div class=\"wp-block-column is-layout-flow wp-block-column-is-layout-flow\">\n<div class=\"wp-block-image\"><figure class=\"aligncenter size-large is-resized\"><img loading=\"lazy\" decoding=\"async\" src=\"https:\/\/mutti-parma.com\/app\/uploads\/sites\/3\/2019\/09\/icon-sustainable-co2.svg\" alt=\"\" class=\"wp-image-30000086\" width=\"114\" height=\"88\" \/><\/figure><\/div>\n\n\n\n<h4 class=\"has-text-align-center wp-block-heading\">+ 31 530 TON KOLDIOXIDUTSL\u00c4PP HAR UNDVIKITS I ATMOSF\u00c4REN*<\/h4>\n\n\n\n<p class=\"has-text-align-center has-sm-font-size\">* mellan 2010 och 2015 j\u00e4mf\u00f6rt med niv\u00e5n f\u00f6r 2009 (K\u00e4lla: Italienska WWF och organisationen Officinae Verdi med fokus p\u00e5 energieffektivitet)<\/p>\n<\/div>\n<\/div>\n<\/div>\n<\/div>\n<\/div><\/div>\n\n\n\n<p class=\"has-text-align-center has-xxl-font-size is-style-cursive\">Nu vet du allt om v\u00e5ra produkter. Dags att laga mat!<\/p>\n\n\n\n<h2 class=\"has-text-align-center wp-block-heading\" id=\"howtouse\">ANV\u00c4NDNINGSOMR\u00c5DEN<\/h2>\n\n\n\n<p class=\"has-text-align-center\">Vill du k\u00e4nna dig som en riktig kock? Anv\u00e4nd S. Marzano DOP tomater f\u00f6r att laga: traditionella medelhavsr\u00e4tter, grytor, gourmets\u00e5ser, fisksoppor<\/p>\n\n\n\n\n\n\n<div class=\"acf-related-products mb-8 lg:mb-16 \" data-vue-wrapper>\n      <h3 class=\"text-center\">Andra liknande produkter<\/h3>\n  \n      <slideshow :slides-per-view=\"3\" :navigation=\"true\" class=\"mx-8 lg:-mx-12\" name=\"Related Products\">\n              <div class=\"swiper-slide\">\n          <div class=\"text-center hover:lift-img mx-auto max-w-28\">\n      <a href=\"https:\/\/mutti-parma.com\/se\/produkter\/korsbarstomater\/\" class=\"block\">\n            <div class=\"responsive-embed is-contain\" style=\"padding-bottom: 188.23529411765%;\"><img decoding=\"async\" width=\"768\" height=\"1165\" src=\"https:\/\/mutti-parma.com\/app\/uploads\/sites\/14\/2019\/10\/pomodorini-400g-highres-nordic-768x1165-1.png\" class=\"inline-block mt-2 wp-image-134\" alt=\"K\u00f6rsb\u00e4rstomater\" sizes=\"auto, 126px\" data-spai-crop=\"false\" title=\"K\u00f6rsb\u00e4rstomater\" srcset=\"https:\/\/mutti-parma.com\/app\/uploads\/sites\/14\/2019\/10\/pomodorini-400g-highres-nordic-768x1165-1.png 768w, https:\/\/mutti-parma.com\/app\/uploads\/sites\/14\/2019\/10\/pomodorini-400g-highres-nordic-768x1165-1-132x200.png 132w, https:\/\/mutti-parma.com\/app\/uploads\/sites\/14\/2019\/10\/pomodorini-400g-highres-nordic-768x1165-1-330x500.png 330w, https:\/\/mutti-parma.com\/app\/uploads\/sites\/14\/2019\/10\/pomodorini-400g-highres-nordic-768x1165-1-675x1024.png 675w, https:\/\/mutti-parma.com\/app\/uploads\/sites\/14\/2019\/10\/pomodorini-400g-highres-nordic-768x1165-1-150x228.png 150w, https:\/\/mutti-parma.com\/app\/uploads\/sites\/14\/2019\/10\/pomodorini-400g-highres-nordic-768x1165-1-600x910.png 600w\" loading=\"lazy\" \/><\/div>\n    <\/a>\n  \n  <a class=\"block underline mb-2 mt-2\" href=\"https:\/\/mutti-parma.com\/se\/produkter\/korsbarstomater\/\">\n    <h3 class=\"h4\">K\u00f6rsb\u00e4rstomater<\/h3>\n  <\/a>\n\n      <a class=\"block hover:no-underline text-inherit\" href=\"https:\/\/mutti-parma.com\/se\/produkter\/korsbarstomater\/\">\n      Specialiteter\n    <\/a>\n  <\/div>\n        <\/div>\n              <div class=\"swiper-slide\">\n          <div class=\"text-center hover:lift-img mx-auto max-w-28\">\n      <a href=\"https:\/\/mutti-parma.com\/se\/produkter\/skivade-skalade-tomater\/\" class=\"block\">\n            <div class=\"responsive-embed is-contain\" style=\"padding-bottom: 188.23529411765%;\"><img decoding=\"async\" width=\"1200\" height=\"1820\" src=\"https:\/\/mutti-parma.com\/app\/uploads\/sites\/3\/2019\/09\/filetti-grafica-aggiornata-hires.png\" class=\"inline-block mt-2 wp-image-300000202\" alt=\"filetti skraellede tomatskiver\" sizes=\"auto, 126px\" data-spai-crop=\"false\" srcset=\"https:\/\/mutti-parma.com\/app\/uploads\/sites\/3\/2019\/09\/filetti-grafica-aggiornata-hires.png 1200w, https:\/\/mutti-parma.com\/app\/uploads\/sites\/3\/2019\/09\/filetti-grafica-aggiornata-hires-132x200.png 132w, https:\/\/mutti-parma.com\/app\/uploads\/sites\/3\/2019\/09\/filetti-grafica-aggiornata-hires-330x500.png 330w, https:\/\/mutti-parma.com\/app\/uploads\/sites\/3\/2019\/09\/filetti-grafica-aggiornata-hires-768x1165.png 768w, https:\/\/mutti-parma.com\/app\/uploads\/sites\/3\/2019\/09\/filetti-grafica-aggiornata-hires-675x1024.png 675w, https:\/\/mutti-parma.com\/app\/uploads\/sites\/3\/2019\/09\/filetti-grafica-aggiornata-hires-150x228.png 150w, https:\/\/mutti-parma.com\/app\/uploads\/sites\/3\/2019\/09\/filetti-grafica-aggiornata-hires-600x910.png 600w\" loading=\"lazy\" \/><\/div>\n    <\/a>\n  \n  <a class=\"block underline mb-2 mt-2\" href=\"https:\/\/mutti-parma.com\/se\/produkter\/skivade-skalade-tomater\/\">\n    <h3 class=\"h4\">Skivade skalade tomater<\/h3>\n  <\/a>\n\n      <a class=\"block hover:no-underline text-inherit\" href=\"https:\/\/mutti-parma.com\/se\/produkter\/skivade-skalade-tomater\/\">\n      Specialiteter\n    <\/a>\n  <\/div>\n        <\/div>\n              <div class=\"swiper-slide\">\n          <div class=\"text-center hover:lift-img mx-auto max-w-28\">\n      <a href=\"https:\/\/mutti-parma.com\/se\/produkter\/dadeltomater\/\" class=\"block\">\n            <div class=\"responsive-embed is-contain\" style=\"padding-bottom: 188.23529411765%;\"><img decoding=\"async\" width=\"1200\" height=\"1820\" src=\"https:\/\/mutti-parma.com\/app\/uploads\/sites\/3\/2019\/09\/datterini-400g-hires-y.png\" class=\"inline-block mt-2 wp-image-300000201\" alt=\"datterini tomater 400g\" sizes=\"auto, 126px\" data-spai-crop=\"false\" srcset=\"https:\/\/mutti-parma.com\/app\/uploads\/sites\/3\/2019\/09\/datterini-400g-hires-y.png 1200w, https:\/\/mutti-parma.com\/app\/uploads\/sites\/3\/2019\/09\/datterini-400g-hires-y-132x200.png 132w, https:\/\/mutti-parma.com\/app\/uploads\/sites\/3\/2019\/09\/datterini-400g-hires-y-330x500.png 330w, https:\/\/mutti-parma.com\/app\/uploads\/sites\/3\/2019\/09\/datterini-400g-hires-y-768x1165.png 768w, https:\/\/mutti-parma.com\/app\/uploads\/sites\/3\/2019\/09\/datterini-400g-hires-y-675x1024.png 675w, https:\/\/mutti-parma.com\/app\/uploads\/sites\/3\/2019\/09\/datterini-400g-hires-y-150x228.png 150w, https:\/\/mutti-parma.com\/app\/uploads\/sites\/3\/2019\/09\/datterini-400g-hires-y-600x910.png 600w\" loading=\"lazy\" \/><\/div>\n    <\/a>\n  \n  <a class=\"block underline mb-2 mt-2\" href=\"https:\/\/mutti-parma.com\/se\/produkter\/dadeltomater\/\">\n    <h3 class=\"h4\">Dadeltomater<\/h3>\n  <\/a>\n\n      <a class=\"block hover:no-underline text-inherit\" href=\"https:\/\/mutti-parma.com\/se\/produkter\/dadeltomater\/\">\n      Specialiteter\n    <\/a>\n  <\/div>\n        <\/div>\n          <\/slideshow>\n  <\/div>\n\n\n\n<div class=\"wp-block-cover alignwide has-background-dim-20 has-background-dim\" style=\"background-image:url(https:\/\/mutti-parma.com\/app\/uploads\/sites\/3\/2020\/12\/table.jpg)\"><div class=\"wp-block-cover__inner-container is-layout-flow wp-block-cover-is-layout-flow\">\n<div class=\"wp-block-media-text alignwide is-stacked-on-mobile is-style-default\" style=\"grid-template-columns:32% auto\"><figure class=\"wp-block-media-text__media\"><img loading=\"lazy\" decoding=\"async\" src=\"https:\/\/mutti-parma.com\/app\/uploads\/sites\/3\/2020\/02\/products-essentials-e1582204403666.png\" alt=\"\" class=\"wp-image-300000352\" sizes=\"(max-width: 600px) 100vw, (min-width: 1440px) 461px,32vw\" data-spai-crop=\"false\" srcset=\"https:\/\/mutti-parma.com\/app\/uploads\/sites\/3\/2020\/02\/products-essentials-e1582204403666.png 565w, https:\/\/mutti-parma.com\/app\/uploads\/sites\/3\/2020\/02\/products-essentials-e1582204403666-200x173.png 200w, https:\/\/mutti-parma.com\/app\/uploads\/sites\/3\/2020\/02\/products-essentials-e1582204403666-500x432.png 500w, https:\/\/mutti-parma.com\/app\/uploads\/sites\/3\/2020\/02\/products-essentials-e1582204403666-150x130.png 150w\" \/><\/figure><div class=\"wp-block-media-text__content\">\n<h2 class=\"wp-block-heading\">Bekanta dig med v\u00e5ra klassiska produkter <\/h2>\n\n\n\n<p class=\"is-style-cursive\">Uppt\u00e4ck Polpa, Concentrato, Passata och Pelati.<\/p>\n\n\n\n<div class=\"wp-block-button\"><a class=\"wp-block-button__link\" href=\"https:\/\/mutti-parma.com\/se\/muttis-klassiker\/\">J\u00e4mf\u00f6r v\u00e5ra klassiska produkter<\/a><\/div>\n<\/div><\/div>\n<\/div><\/div>\n","protected":false},"excerpt":{"rendered":"<p>Nu vet du allt om v\u00e5ra produkter. Dags att laga mat! ANV\u00c4NDNINGSOMR\u00c5DEN Vill du k\u00e4nna dig som en riktig kock? Anv\u00e4nd S. Marzano DOP tomater f\u00f6r att laga: traditionella medelhavsr\u00e4tter, grytor, gourmets\u00e5ser, fisksoppor<\/p>\n","protected":false},"featured_media":229,"comment_status":"open","ping_status":"closed","template":"","product_category":[],"class_list":["post-227","product","type-product","status-publish","has-post-thumbnail","hentry"],"acf":[],"_links":{"self":[{"href":"https:\/\/mutti-parma.com\/se\/wp-json\/wp\/v2\/product\/227","targetHints":{"allow":["GET"]}}],"collection":[{"href":"https:\/\/mutti-parma.com\/se\/wp-json\/wp\/v2\/product"}],"about":[{"href":"https:\/\/mutti-parma.com\/se\/wp-json\/wp\/v2\/types\/product"}],"replies":[{"embeddable":true,"href":"https:\/\/mutti-parma.com\/se\/wp-json\/wp\/v2\/comments?post=227"}],"version-history":[{"count":11,"href":"https:\/\/mutti-parma.com\/se\/wp-json\/wp\/v2\/product\/227\/revisions"}],"predecessor-version":[{"id":6000,"href":"https:\/\/mutti-parma.com\/se\/wp-json\/wp\/v2\/product\/227\/revisions\/6000"}],"wp:featuredmedia":[{"embeddable":true,"href":"https:\/\/mutti-parma.com\/se\/wp-json\/wp\/v2\/media\/229"}],"wp:attachment":[{"href":"https:\/\/mutti-parma.com\/se\/wp-json\/wp\/v2\/media?parent=227"}],"wp:term":[{"taxonomy":"product_category","embeddable":true,"href":"https:\/\/mutti-parma.com\/se\/wp-json\/wp\/v2\/product_category?post=227"}],"curies":[{"name":"wp","href":"https:\/\/api.w.org\/{rel}","templated":true}]}}