{"id":2317,"date":"2020-08-28T09:34:02","date_gmt":"2020-08-28T09:34:02","guid":{"rendered":"https:\/\/mutti-parma.com\/se\/?post_type=product&#038;p=2317"},"modified":"2025-03-26T13:11:10","modified_gmt":"2025-03-26T13:11:10","slug":"pizzasas-classica","status":"publish","type":"product","link":"https:\/\/mutti-parma.com\/se\/produkter\/pizzasas-classica\/","title":{"rendered":"Klassisk pizzas\u00e5s"},"content":{"rendered":"\n<div style=\"--media-width: 50\" class=\"wp-block-media-text alignwide has-media-on-the-right is-stacked-on-mobile is-style-hero has-background-image\"><img loading=\"lazy\" decoding=\"async\" class=\"wp-block-media-text__background\" alt=\"\" data-spai-crop=\"true\" src=\"https:\/\/mutti-parma.com\/app\/uploads\/sites\/14\/2020\/08\/immagine-2024-11-12-164117.png\" \/><div class=\"wp-block-media-text__content\"><div class=\"acf-breadcrumb my-4 md:my-8 text-center md:text-left\">\n  <nav>\n  <ol class=\"list-none text-md\">\n                  <li class=\"inline\">\n                      <a class=\"text-inherit\" href=\"https:\/\/mutti-parma.com\/se\/\">\n              Mutti Parma Sverige\n            <\/a>\n                                <span aria-hidden=\"true\">\/&nbsp;<\/span>\n                  <\/li>\n                        <li class=\"inline\">\n                      <a class=\"text-inherit\" href=\"https:\/\/mutti-parma.com\/se\/produkter\/\">\n              Products\n            <\/a>\n                            <\/li>\n            <\/ol>\n<\/nav>\n<\/div>\n\n\n\n<h1 class=\"wp-block-heading has-primary-color has-text-color\">Klassisk pizzas\u00e5s<\/h1>\n\n\n\n<p class=\"is-style-cursive has-xxl-font-size\"> Pizzas\u00e5s <\/p>\n\n\n\n<p class=\"has-text-align-left\"><br>I \u00f6ver 125 \u00e5r har familjen Mutti med en enorm passion producerat tomater. Bara de b\u00e4sta solmogna tomaterna v\u00e4ljs ut. Pizzas\u00e5sen Classica \u00e4r en s\u00e5s som \u00e4r klar att anv\u00e4nda och har traditionella smaker av italiensk pizza: Enbart tomat och en nypa salt. Perfekt s\u00e5s f\u00f6r dig som inte vill g\u00f6ra din egen s\u00e5s utan vill njuta av smakerna av \u00e4kta napolitansk pizza! <br><\/p>\n\n\n\n\n<\/div><figure class=\"wp-block-media-text__media\"><img loading=\"lazy\" decoding=\"async\" width=\"741\" height=\"1024\" src=\"https:\/\/mutti-parma.com\/app\/uploads\/sites\/14\/2020\/08\/65070--9328-101-pizza-sauce-classica-scand-400g-def-clip-art-png-6-2-741x1024.png\" alt=\"\" class=\"wp-image-8050 size-full\" sizes=\"(min-width: 1440px) 528px,37vw\" data-spai-crop=\"false\" srcset=\"https:\/\/mutti-parma.com\/app\/uploads\/sites\/14\/2020\/08\/65070--9328-101-pizza-sauce-classica-scand-400g-def-clip-art-png-6-2-741x1024.png 741w, https:\/\/mutti-parma.com\/app\/uploads\/sites\/14\/2020\/08\/65070--9328-101-pizza-sauce-classica-scand-400g-def-clip-art-png-6-2-362x500.png 362w, https:\/\/mutti-parma.com\/app\/uploads\/sites\/14\/2020\/08\/65070--9328-101-pizza-sauce-classica-scand-400g-def-clip-art-png-6-2-145x200.png 145w, https:\/\/mutti-parma.com\/app\/uploads\/sites\/14\/2020\/08\/65070--9328-101-pizza-sauce-classica-scand-400g-def-clip-art-png-6-2-768x1062.png 768w, https:\/\/mutti-parma.com\/app\/uploads\/sites\/14\/2020\/08\/65070--9328-101-pizza-sauce-classica-scand-400g-def-clip-art-png-6-2-150x207.png 150w, https:\/\/mutti-parma.com\/app\/uploads\/sites\/14\/2020\/08\/65070--9328-101-pizza-sauce-classica-scand-400g-def-clip-art-png-6-2-600x829.png 600w, https:\/\/mutti-parma.com\/app\/uploads\/sites\/14\/2020\/08\/65070--9328-101-pizza-sauce-classica-scand-400g-def-clip-art-png-6-2-1111x1536.png 1111w, https:\/\/mutti-parma.com\/app\/uploads\/sites\/14\/2020\/08\/65070--9328-101-pizza-sauce-classica-scand-400g-def-clip-art-png-6-2-1481x2048.png 1481w\" \/><\/figure><\/div>\n\n\n\n\n\n\n\n\n\n\n\n<hr class=\"wp-block-separator has-css-opacity alignwide\"\/>\n\n\n<div class=\"acf-comments alignwide my-8\">\n  <div class=\"flex flex-wrap mb-4 items-center text-center sm:text-left px-0 sm:px-2 md:px-0\">\n    <h3 class=\"w-full sm:w-auto is-style-cursive text-primary my-0 leading-none\">Share and review<\/h3>\n    <div class=\"w-full sm:w-auto flex-auto mt-1 sm:ml-8\">\n          <\/div>\n\n          <div class=\"mx-auto sm:ml-0 mt-3 sm:mt-0\">\n                  <div\n  class=\"shariff\"\n  data-button-style=\"icon\"\n  data-mail-body=\"https:\/\/mutti-parma.com\/se\/produkter\/pizzasas-classica\/\"\n  data-mail-subject=\"Klassisk pizzas\u00e5s - Mutti\"\n  data-mail-url=\"mailto:\"\n  data-media-url=\"https:\/\/mutti-parma.com\/app\/uploads\/sites\/14\/2020\/08\/65070--9328-101-pizza-sauce-classica-scand-400g-def-clip-art-png-6-2.png\"\n  data-services=\"[&#039;facebook&#039;, &#039;twitter&#039;, &#039;whatsapp&#039;, &#039;pinterest&#039;, &#039;mail&#039;]\"\n><\/div>\n              <\/div>\n      <\/div>\n\n  <div>\n                <\/div>\n<\/div>\n\n\n\n<hr class=\"wp-block-separator has-css-opacity alignwide\"\/>\n\n\n\n<div class=\"wp-block-cover alignwide has-background-dim-80 has-darkred-background-color has-background-dim\" style=\"background-image:url(https:\/\/mutti-parma.com\/app\/uploads\/sites\/3\/2019\/09\/tomatoes.jpg)\"><div class=\"wp-block-cover__inner-container is-layout-flow wp-block-cover-is-layout-flow\">\n<div class=\"wp-block-columns alignwide is-layout-flex wp-container-core-columns-is-layout-9d6595d7 wp-block-columns-is-layout-flex\">\n<div class=\"wp-block-column is-layout-flow wp-block-column-is-layout-flow\">\n<h2 class=\"wp-block-heading\" id=\"hallbarhet\"><strong>H\u00c5LLBARHET<\/strong><\/h2>\n\n\n\n<p class=\"is-style-cursive mb-0\">F\u00f6s oss betyder h\u00e5llbarhet att vi visar respekt f\u00f6r jorden<\/p>\n\n\n\n<h4 class=\"wp-block-heading\">SAMARBETE MED WWF ITALIEN<\/h4>\n\n\n\n<p>Mutti har haft ett n\u00e4ra samarbete med WWF Italien f\u00f6r att hj\u00e4lpa odlare att arbeta mera milj\u00f6v\u00e4nligt och p\u00e5 s\u00e5 vis minska b\u00e5de vattenf\u00f6rbrukning och koldioxidutsl\u00e4pp. Italienska WWF satte inte enbart upp m\u00e5l, utan involverade ocks\u00e5 odlarna f\u00f6r att de skulle kunna komma med relevanta f\u00f6rb\u00e4ttringsf\u00f6rslag. <\/p>\n\n\n\n<p>Organisationen rekommenderade till exempel speciella sensorer som m\u00e4ter vattenf\u00f6rh\u00e5llanden i marken. Det ger viktig information om hur odlarna kan minska vattenf\u00f6rbrukningen p\u00e5 ett effektivt s\u00e4tt. Mutti har investerat i teknologi, utbildning och tekniska hj\u00e4lpmedel f\u00f6r jordbrukare och jordbruksorganisationer. <\/p>\n\n\n\n<p>Trots att det fem \u00e5r l\u00e5nga samarbetsprojektet har avslutats, jobbar vi fortfarande ivrigt f\u00f6r att minska v\u00e5r milj\u00f6p\u00e5verkan och finslipa varje l\u00e4nk i produktionskedjan.<\/p>\n\n\n<\/div>\n\n\n\n<div class=\"wp-block-column is-layout-flow wp-block-column-is-layout-flow\">\n<h2 class=\"has-text-align-center wp-block-heading\">RESULTAT:<\/h2>\n\n\n\n<div class=\"wp-block-columns is-layout-flex wp-container-core-columns-is-layout-9d6595d7 wp-block-columns-is-layout-flex\">\n<div class=\"wp-block-column is-layout-flow wp-block-column-is-layout-flow\">\n<div class=\"wp-block-image\"><figure class=\"aligncenter size-large is-resized\"><img loading=\"lazy\" decoding=\"async\" src=\"https:\/\/mutti-parma.com\/app\/uploads\/sites\/3\/2019\/09\/icon-sustainable-water.svg\" alt=\"\" class=\"wp-image-30000085\" width=\"53\" height=\"91\" \/><\/figure><\/div>\n\n\n\n<h4 class=\"has-text-align-center wp-block-heading\">+1 000 MILJONER LITER VATTEN HAR SPARATS*<\/h4>\n\n\n\n<p class=\"has-text-align-center has-sm-font-size\">* mellan 2012 och 2014 (K\u00e4lla: CMCC, WWF and Mediterranean Climate Change Center i Italien)<\/p>\n<\/div>\n\n\n\n<div class=\"wp-block-column is-layout-flow wp-block-column-is-layout-flow\">\n<div class=\"wp-block-image\"><figure class=\"aligncenter size-large is-resized\"><img loading=\"lazy\" decoding=\"async\" src=\"https:\/\/mutti-parma.com\/app\/uploads\/sites\/3\/2019\/09\/icon-sustainable-co2.svg\" alt=\"\" class=\"wp-image-30000086\" width=\"114\" height=\"88\" \/><\/figure><\/div>\n\n\n\n<h4 class=\"has-text-align-center wp-block-heading\">+ 31 530 TON KOLDIOXIDUTSL\u00c4PP HAR UNDVIKITS I ATMOSF\u00c4REN*<\/h4>\n\n\n\n<p class=\"has-text-align-center has-sm-font-size\">* mellan 2010 och 2015 j\u00e4mf\u00f6rt med niv\u00e5n f\u00f6r 2009 (K\u00e4lla: Italienska WWF och organisationen Officinae Verdi med fokus p\u00e5 energieffektivitet)<\/p>\n<\/div>\n<\/div>\n<\/div>\n<\/div>\n<\/div><\/div>\n\n\n\n\n\n\n\n\n\n\n<div class=\"acf-related-recipes alignwide pb-8 \" data-vue-wrapper>\n      <slideshow :slides-per-view=\"3\" :navigation=\"true\" name=\"Related Recipes\">\n              <div class=\"swiper-slide\">\n          <div class=\"teaser--recipe text-center hover:zoom-img\">\n      <a href=\"https:\/\/mutti-parma.com\/se\/tomatrecept\/pizza-med-korsbar\/\" class=\"relative block mb-4 max-w-96 mx-auto\" aria-hidden=\"true\" tabindex=\"-1\">\n      <div class=\"responsive-embed \" style=\"padding-bottom: 108.79765395894%;\">\n                <img decoding=\"async\" width=\"2560\" height=\"1922\" src=\"https:\/\/mutti-parma.com\/app\/uploads\/sites\/14\/2024\/10\/cherry-pizza-scaled.jpg\" class=\"inline-block wp-image-7724\" alt=\"Pizza med k\u00f6rsb\u00e4r\" sizes=\"auto, (max-width: 600px) 72vw, 431px\" data-spai-crop=\"true\" title=\"Pizza med k\u00f6rsb\u00e4r\" srcset=\"https:\/\/mutti-parma.com\/app\/uploads\/sites\/14\/2024\/10\/cherry-pizza-scaled.jpg 2560w, https:\/\/mutti-parma.com\/app\/uploads\/sites\/14\/2024\/10\/cherry-pizza-500x375.jpg 500w, https:\/\/mutti-parma.com\/app\/uploads\/sites\/14\/2024\/10\/cherry-pizza-1024x769.jpg 1024w, https:\/\/mutti-parma.com\/app\/uploads\/sites\/14\/2024\/10\/cherry-pizza-200x150.jpg 200w, https:\/\/mutti-parma.com\/app\/uploads\/sites\/14\/2024\/10\/cherry-pizza-768x576.jpg 768w, https:\/\/mutti-parma.com\/app\/uploads\/sites\/14\/2024\/10\/cherry-pizza-150x113.jpg 150w, https:\/\/mutti-parma.com\/app\/uploads\/sites\/14\/2024\/10\/cherry-pizza-600x450.jpg 600w, https:\/\/mutti-parma.com\/app\/uploads\/sites\/14\/2024\/10\/cherry-pizza-1536x1153.jpg 1536w, https:\/\/mutti-parma.com\/app\/uploads\/sites\/14\/2024\/10\/cherry-pizza-2048x1537.jpg 2048w, https:\/\/mutti-parma.com\/app\/uploads\/sites\/14\/2024\/10\/cherry-pizza-800x600.jpg 800w\" loading=\"lazy\" \/>\n      <\/div>\n\n          <\/a>\n  \n  \n      <a class=\"is-style-cursive heading block text-primary leading-none\" href=\"https:\/\/mutti-parma.com\/se\/produkter\/pizzasas-classica\/\">\n      Klassisk pizzas\u00e5s\n    <\/a>\n  \n  <a class=\"block my-4\" href=\"https:\/\/mutti-parma.com\/se\/tomatrecept\/pizza-med-korsbar\/\">\n          <h3>Pizza med k\u00f6rsb\u00e4r<\/h3>\n      <\/a>\n\n      <a class=\"block hover:no-underline text-black\" href=\"https:\/\/mutti-parma.com\/se\/tomatrecept\/pizza-med-korsbar\/\">\n      Uppt\u00e4ck en sp\u00e4nnande twist p\u00e5 en riktig klassiker med v\u00e5r tomatpizza med k\u00f6rsb\u00e4r! Den fylliga smaken av Mutti Classic pizzas\u00e5s kombinerat med s\u00f6tman fr\u00e5n f\u00e4rska k\u00f6rsb\u00e4r, kr\u00e4mig burrata och aromatisk baslika g\u00f6r det h\u00e4r till en unik r\u00e4tt. Imponera p\u00e5 middagsg\u00e4sterna med en ov\u00e4ntad smakkombination!\n    <\/a>\n  \n  <div class=\"flex items-center justify-center my-4\">\n    <div class=\"-ml-2 mr-2 pr-4 border-primary border-r-2 pt-2\">\n    <p class=\"flex flex-wrap items-end font-heavy text-primary leading-none justify-center\">\n      <img decoding=\"async\" alt=\"Total time\" class=\"w-10 md:w-12 mx-3 mb-2\" src=\"https:\/\/mutti-parma.com\/app\/themes\/mutti\/dist\/images\/icons\/mutti-product-icons-reduced-cooking-time.svg?id=dc737ade6befaad1eaaf\" width=\"54\" height=\"26\" loading=\"lazy\">\n      <span class=\"mb-2\">\n        2h\n      <\/span>\n    <\/p>\n  <\/div>\n  <div class=\"pt-2\">\n    <p class=\"flex flex-wrap items-end font-heavy uppercase text-primary leading-none justify-center\">\n      <img decoding=\"async\" alt=\"Difficulty\" class=\"w-10 md:w-12 mx-3 mb-2\" src=\"https:\/\/mutti-parma.com\/app\/themes\/mutti\/dist\/images\/icons\/mutti-product-icons-stove-top.svg?id=5f4b0df898a96e10ac63\" width=\"54\" height=\"18\" loading=\"lazy\">\n      <span class=\"mb-2\">\n        Enkel\n      <\/span>\n    <\/p>\n  <\/div>\n  <\/div>\n<\/div>\n        <\/div>\n              <div class=\"swiper-slide\">\n          <div class=\"teaser--recipe text-center hover:zoom-img\">\n      <a href=\"https:\/\/mutti-parma.com\/se\/tomatrecept\/vegansk-pizza-med-zucchini-och-aubergine\/\" class=\"relative block mb-4 max-w-96 mx-auto\" aria-hidden=\"true\" tabindex=\"-1\">\n      <div class=\"responsive-embed \" style=\"padding-bottom: 108.79765395894%;\">\n                <img decoding=\"async\" width=\"4000\" height=\"6000\" src=\"https:\/\/mutti-parma.com\/app\/uploads\/sites\/14\/2023\/04\/mutti-edited-photos-louise5.jpg\" class=\"inline-block wp-image-6166\" alt=\"Vegansk pizza med zucchini och aubergine\" sizes=\"auto, (max-width: 600px) 72vw, 431px\" data-spai-crop=\"true\" title=\"Vegansk pizza med zucchini och aubergine\" srcset=\"https:\/\/mutti-parma.com\/app\/uploads\/sites\/14\/2023\/04\/mutti-edited-photos-louise5.jpg 4000w, https:\/\/mutti-parma.com\/app\/uploads\/sites\/14\/2023\/04\/mutti-edited-photos-louise5-333x500.jpg 333w, https:\/\/mutti-parma.com\/app\/uploads\/sites\/14\/2023\/04\/mutti-edited-photos-louise5-683x1024.jpg 683w, https:\/\/mutti-parma.com\/app\/uploads\/sites\/14\/2023\/04\/mutti-edited-photos-louise5-133x200.jpg 133w, https:\/\/mutti-parma.com\/app\/uploads\/sites\/14\/2023\/04\/mutti-edited-photos-louise5-768x1152.jpg 768w, https:\/\/mutti-parma.com\/app\/uploads\/sites\/14\/2023\/04\/mutti-edited-photos-louise5-150x225.jpg 150w, https:\/\/mutti-parma.com\/app\/uploads\/sites\/14\/2023\/04\/mutti-edited-photos-louise5-600x900.jpg 600w, https:\/\/mutti-parma.com\/app\/uploads\/sites\/14\/2023\/04\/mutti-edited-photos-louise5-1024x1536.jpg 1024w, https:\/\/mutti-parma.com\/app\/uploads\/sites\/14\/2023\/04\/mutti-edited-photos-louise5-1365x2048.jpg 1365w\" loading=\"lazy\" \/>\n      <\/div>\n\n          <\/a>\n  \n  \n      <a class=\"is-style-cursive heading block text-primary leading-none\" href=\"https:\/\/mutti-parma.com\/se\/produkter\/pizzasas-classica\/\">\n      Klassisk pizzas\u00e5s\n    <\/a>\n  \n  <a class=\"block my-4\" href=\"https:\/\/mutti-parma.com\/se\/tomatrecept\/vegansk-pizza-med-zucchini-och-aubergine\/\">\n          <h3>Vegansk pizza med zucchini och aubergine<\/h3>\n      <\/a>\n\n  \n  <div class=\"flex items-center justify-center my-4\">\n    <div class=\"pt-2\">\n    <p class=\"flex flex-wrap items-end font-heavy uppercase text-primary leading-none justify-center\">\n      <img decoding=\"async\" alt=\"Difficulty\" class=\"w-10 md:w-12 mx-3 mb-2\" src=\"https:\/\/mutti-parma.com\/app\/themes\/mutti\/dist\/images\/icons\/mutti-product-icons-stove-top.svg?id=5f4b0df898a96e10ac63\" width=\"54\" height=\"18\" loading=\"lazy\">\n      <span class=\"mb-2\">\n        Medel\n      <\/span>\n    <\/p>\n  <\/div>\n  <\/div>\n<\/div>\n        <\/div>\n              <div class=\"swiper-slide\">\n          <div class=\"teaser--recipe text-center hover:zoom-img\">\n      <a href=\"https:\/\/mutti-parma.com\/se\/tomatrecept\/fullkornpizza-med-parmaskinka-och-rucola\/\" class=\"relative block mb-4 max-w-96 mx-auto\" aria-hidden=\"true\" tabindex=\"-1\">\n      <div class=\"responsive-embed \" style=\"padding-bottom: 108.79765395894%;\">\n                <img decoding=\"async\" width=\"2000\" height=\"3000\" src=\"https:\/\/mutti-parma.com\/app\/uploads\/sites\/14\/2020\/12\/pizza-wholewheat0682-1.jpg\" class=\"inline-block wp-image-3182\" alt=\"Fullkornspizza med parmaskinka och rucola\" sizes=\"auto, (max-width: 600px) 72vw, 431px\" data-spai-crop=\"true\" title=\"Fullkornspizza med parmaskinka och rucola\" srcset=\"https:\/\/mutti-parma.com\/app\/uploads\/sites\/14\/2020\/12\/pizza-wholewheat0682-1.jpg 2000w, https:\/\/mutti-parma.com\/app\/uploads\/sites\/14\/2020\/12\/pizza-wholewheat0682-1-133x200.jpg 133w, https:\/\/mutti-parma.com\/app\/uploads\/sites\/14\/2020\/12\/pizza-wholewheat0682-1-333x500.jpg 333w, https:\/\/mutti-parma.com\/app\/uploads\/sites\/14\/2020\/12\/pizza-wholewheat0682-1-768x1152.jpg 768w, https:\/\/mutti-parma.com\/app\/uploads\/sites\/14\/2020\/12\/pizza-wholewheat0682-1-683x1024.jpg 683w, https:\/\/mutti-parma.com\/app\/uploads\/sites\/14\/2020\/12\/pizza-wholewheat0682-1-150x225.jpg 150w, https:\/\/mutti-parma.com\/app\/uploads\/sites\/14\/2020\/12\/pizza-wholewheat0682-1-600x900.jpg 600w\" loading=\"lazy\" \/>\n      <\/div>\n\n          <\/a>\n  \n  \n      <a class=\"is-style-cursive heading block text-primary leading-none\" href=\"https:\/\/mutti-parma.com\/se\/produkter\/pizzasas-classica\/\">\n      Klassisk pizzas\u00e5s\n    <\/a>\n  \n  <a class=\"block my-4\" href=\"https:\/\/mutti-parma.com\/se\/tomatrecept\/fullkornpizza-med-parmaskinka-och-rucola\/\">\n          <h3>Fullkornspizza med parmaskinka och rucola<\/h3>\n      <\/a>\n\n  \n  <div class=\"flex items-center justify-center my-4\">\n    <div class=\"pt-2\">\n    <p class=\"flex flex-wrap items-end font-heavy uppercase text-primary leading-none justify-center\">\n      <img decoding=\"async\" alt=\"Difficulty\" class=\"w-10 md:w-12 mx-3 mb-2\" src=\"https:\/\/mutti-parma.com\/app\/themes\/mutti\/dist\/images\/icons\/mutti-product-icons-stove-top.svg?id=5f4b0df898a96e10ac63\" width=\"54\" height=\"18\" loading=\"lazy\">\n      <span class=\"mb-2\">\n        Enkel\n      <\/span>\n    <\/p>\n  <\/div>\n  <\/div>\n<\/div>\n        <\/div>\n          <\/slideshow>\n  \n  <hr class=\"alignwide wp-block-separator\">\n\n      <p class=\"text-center\">\n      <a class=\"h3 underline\" href=\"https:\/\/mutti-parma.com\/se\/tomatrecept\/\">se alla v\u00e5ra goda recept<\/a>\n    <\/p>\n  <\/div>\n\n\n<div class=\"acf-related-products mb-8 lg:mb-16 \" data-vue-wrapper>\n      <h3 class=\"text-center\">Andra liknande produkter<\/h3>\n  \n      <slideshow :slides-per-view=\"3\" :navigation=\"true\" class=\"mx-8 lg:-mx-12\" name=\"Related Products\">\n              <div class=\"swiper-slide\">\n          <div class=\"text-center hover:lift-img mx-auto max-w-28\">\n      <a href=\"https:\/\/mutti-parma.com\/se\/produkter\/pizzasas\/\" class=\"block\">\n            <div class=\"responsive-embed is-contain\" style=\"padding-bottom: 188.23529411765%;\"><img decoding=\"async\" width=\"2900\" height=\"4009\" src=\"https:\/\/mutti-parma.com\/app\/uploads\/sites\/14\/2019\/10\/65053-4120-104-pizza-sauce-arom-scand-400g-def-clip-art-png-1-1.png\" class=\"inline-block mt-2 wp-image-8047\" alt=\"Aromatisk pizzas\u00e5s\" sizes=\"auto, 126px\" data-spai-crop=\"false\" title=\"Aromatisk pizzas\u00e5s\" srcset=\"https:\/\/mutti-parma.com\/app\/uploads\/sites\/14\/2019\/10\/65053-4120-104-pizza-sauce-arom-scand-400g-def-clip-art-png-1-1.png 2900w, https:\/\/mutti-parma.com\/app\/uploads\/sites\/14\/2019\/10\/65053-4120-104-pizza-sauce-arom-scand-400g-def-clip-art-png-1-1-362x500.png 362w, https:\/\/mutti-parma.com\/app\/uploads\/sites\/14\/2019\/10\/65053-4120-104-pizza-sauce-arom-scand-400g-def-clip-art-png-1-1-741x1024.png 741w, https:\/\/mutti-parma.com\/app\/uploads\/sites\/14\/2019\/10\/65053-4120-104-pizza-sauce-arom-scand-400g-def-clip-art-png-1-1-145x200.png 145w, https:\/\/mutti-parma.com\/app\/uploads\/sites\/14\/2019\/10\/65053-4120-104-pizza-sauce-arom-scand-400g-def-clip-art-png-1-1-768x1062.png 768w, https:\/\/mutti-parma.com\/app\/uploads\/sites\/14\/2019\/10\/65053-4120-104-pizza-sauce-arom-scand-400g-def-clip-art-png-1-1-150x207.png 150w, https:\/\/mutti-parma.com\/app\/uploads\/sites\/14\/2019\/10\/65053-4120-104-pizza-sauce-arom-scand-400g-def-clip-art-png-1-1-600x829.png 600w, https:\/\/mutti-parma.com\/app\/uploads\/sites\/14\/2019\/10\/65053-4120-104-pizza-sauce-arom-scand-400g-def-clip-art-png-1-1-1111x1536.png 1111w, https:\/\/mutti-parma.com\/app\/uploads\/sites\/14\/2019\/10\/65053-4120-104-pizza-sauce-arom-scand-400g-def-clip-art-png-1-1-1481x2048.png 1481w\" loading=\"lazy\" \/><\/div>\n    <\/a>\n  \n  <a class=\"block underline mb-2 mt-2\" href=\"https:\/\/mutti-parma.com\/se\/produkter\/pizzasas\/\">\n    <h3 class=\"h4\">Aromatisk pizzas\u00e5s<\/h3>\n  <\/a>\n\n      <a class=\"block hover:no-underline text-inherit\" href=\"https:\/\/mutti-parma.com\/se\/produkter\/pizzasas\/\">\n      Pizzas\u00e5s\n    <\/a>\n  <\/div>\n        <\/div>\n              <div class=\"swiper-slide\">\n          <div class=\"text-center hover:lift-img mx-auto max-w-28\">\n      <a href=\"https:\/\/mutti-parma.com\/se\/produkter\/pinsasas\/\" class=\"block\">\n            <div class=\"responsive-embed is-contain\" style=\"padding-bottom: 188.23529411765%;\"><img decoding=\"async\" width=\"1702\" height=\"1975\" src=\"https:\/\/mutti-parma.com\/app\/uploads\/sites\/14\/2025\/05\/53001-pinsa-sauce-300g-scand-10374-300-1.png\" class=\"inline-block mt-2 wp-image-8901\" alt=\"Pinsas\u00e5s\" sizes=\"auto, 126px\" data-spai-crop=\"false\" title=\"Pinsas\u00e5s\" srcset=\"https:\/\/mutti-parma.com\/app\/uploads\/sites\/14\/2025\/05\/53001-pinsa-sauce-300g-scand-10374-300-1.png 1702w, https:\/\/mutti-parma.com\/app\/uploads\/sites\/14\/2025\/05\/53001-pinsa-sauce-300g-scand-10374-300-1-431x500.png 431w, https:\/\/mutti-parma.com\/app\/uploads\/sites\/14\/2025\/05\/53001-pinsa-sauce-300g-scand-10374-300-1-882x1024.png 882w, https:\/\/mutti-parma.com\/app\/uploads\/sites\/14\/2025\/05\/53001-pinsa-sauce-300g-scand-10374-300-1-172x200.png 172w, https:\/\/mutti-parma.com\/app\/uploads\/sites\/14\/2025\/05\/53001-pinsa-sauce-300g-scand-10374-300-1-768x891.png 768w, https:\/\/mutti-parma.com\/app\/uploads\/sites\/14\/2025\/05\/53001-pinsa-sauce-300g-scand-10374-300-1-150x174.png 150w, https:\/\/mutti-parma.com\/app\/uploads\/sites\/14\/2025\/05\/53001-pinsa-sauce-300g-scand-10374-300-1-600x696.png 600w, https:\/\/mutti-parma.com\/app\/uploads\/sites\/14\/2025\/05\/53001-pinsa-sauce-300g-scand-10374-300-1-1324x1536.png 1324w\" loading=\"lazy\" \/><\/div>\n    <\/a>\n  \n  <a class=\"block underline mb-2 mt-2\" href=\"https:\/\/mutti-parma.com\/se\/produkter\/pinsasas\/\">\n    <h3 class=\"h4\">Pinsas\u00e5s<\/h3>\n  <\/a>\n\n  <\/div>\n        <\/div>\n          <\/slideshow>\n  <\/div>\n\n\n\n<div class=\"wp-block-cover alignwide has-background-dim-20 has-background-dim\" style=\"background-image:url(https:\/\/mutti-parma.com\/app\/uploads\/sites\/3\/2020\/12\/table.jpg)\"><div class=\"wp-block-cover__inner-container is-layout-flow wp-block-cover-is-layout-flow\">\n<div class=\"wp-block-media-text alignwide is-stacked-on-mobile is-style-default\" style=\"grid-template-columns:32% auto\"><figure class=\"wp-block-media-text__media\"><img loading=\"lazy\" decoding=\"async\" src=\"https:\/\/mutti-parma.com\/app\/uploads\/sites\/3\/2020\/02\/products-essentials-e1582204403666.png\" alt=\"\" class=\"wp-image-300000352\" sizes=\"(max-width: 600px) 100vw, (min-width: 1440px) 461px,32vw\" data-spai-crop=\"false\" srcset=\"https:\/\/mutti-parma.com\/app\/uploads\/sites\/3\/2020\/02\/products-essentials-e1582204403666.png 565w, https:\/\/mutti-parma.com\/app\/uploads\/sites\/3\/2020\/02\/products-essentials-e1582204403666-200x173.png 200w, https:\/\/mutti-parma.com\/app\/uploads\/sites\/3\/2020\/02\/products-essentials-e1582204403666-500x432.png 500w, https:\/\/mutti-parma.com\/app\/uploads\/sites\/3\/2020\/02\/products-essentials-e1582204403666-150x130.png 150w\" \/><\/figure><div class=\"wp-block-media-text__content\">\n<h2 class=\"wp-block-heading\">Bekanta dig med v\u00e5ra klassiska produkter <\/h2>\n\n\n\n<p class=\"is-style-cursive\">Uppt\u00e4ck Polpa, Concentrato, Passata och Pelati.<\/p>\n\n\n\n<div class=\"wp-block-button\"><a class=\"wp-block-button__link\" href=\"https:\/\/mutti-parma.com\/se\/muttis-klassiker\/\">J\u00e4mf\u00f6r v\u00e5ra klassiska produkter<\/a><\/div>\n<\/div><\/div>\n<\/div><\/div>\n","protected":false},"excerpt":{"rendered":"","protected":false},"featured_media":8050,"comment_status":"open","ping_status":"closed","template":"","product_category":[67],"class_list":["post-2317","product","type-product","status-publish","has-post-thumbnail","hentry","product_category-product-category-142"],"acf":[],"_links":{"self":[{"href":"https:\/\/mutti-parma.com\/se\/wp-json\/wp\/v2\/product\/2317","targetHints":{"allow":["GET"]}}],"collection":[{"href":"https:\/\/mutti-parma.com\/se\/wp-json\/wp\/v2\/product"}],"about":[{"href":"https:\/\/mutti-parma.com\/se\/wp-json\/wp\/v2\/types\/product"}],"replies":[{"embeddable":true,"href":"https:\/\/mutti-parma.com\/se\/wp-json\/wp\/v2\/comments?post=2317"}],"version-history":[{"count":22,"href":"https:\/\/mutti-parma.com\/se\/wp-json\/wp\/v2\/product\/2317\/revisions"}],"predecessor-version":[{"id":8349,"href":"https:\/\/mutti-parma.com\/se\/wp-json\/wp\/v2\/product\/2317\/revisions\/8349"}],"wp:featuredmedia":[{"embeddable":true,"href":"https:\/\/mutti-parma.com\/se\/wp-json\/wp\/v2\/media\/8050"}],"wp:attachment":[{"href":"https:\/\/mutti-parma.com\/se\/wp-json\/wp\/v2\/media?parent=2317"}],"wp:term":[{"taxonomy":"product_category","embeddable":true,"href":"https:\/\/mutti-parma.com\/se\/wp-json\/wp\/v2\/product_category?post=2317"}],"curies":[{"name":"wp","href":"https:\/\/api.w.org\/{rel}","templated":true}]}}