{"id":251,"date":"2019-10-16T07:15:22","date_gmt":"2019-10-16T07:15:22","guid":{"rendered":"https:\/\/mutti-parma.com\/se\/?post_type=product&#038;p=251"},"modified":"2024-11-01T09:58:04","modified_gmt":"2024-11-01T09:58:04","slug":"passerade-tomater-med-basilika","status":"publish","type":"product","link":"https:\/\/mutti-parma.com\/se\/produkter\/passerade-tomater-med-basilika\/","title":{"rendered":"Passerade tomater med basilika"},"content":{"rendered":"\n<div style=\"--media-width: 50\" class=\"wp-block-media-text alignwide has-media-on-the-right is-stacked-on-mobile is-style-hero has-background-image\"><img loading=\"lazy\" decoding=\"async\" class=\"wp-block-media-text__background\" alt=\"\" data-spai-crop=\"true\" src=\"https:\/\/mutti-parma.com\/app\/uploads\/sites\/14\/2019\/10\/5-passata-emiliana.png\" \/><div class=\"wp-block-media-text__content\"><div class=\"acf-breadcrumb my-4 md:my-8 text-center md:text-left\">\n  <nav>\n  <ol class=\"list-none text-md\">\n                  <li class=\"inline\">\n                      <a class=\"text-inherit\" href=\"https:\/\/mutti-parma.com\/se\/\">\n              Mutti Parma Sverige\n            <\/a>\n                                <span aria-hidden=\"true\">\/&nbsp;<\/span>\n                  <\/li>\n                        <li class=\"inline\">\n                      <a class=\"text-inherit\" href=\"https:\/\/mutti-parma.com\/se\/produkter\/\">\n              Products\n            <\/a>\n                            <\/li>\n            <\/ol>\n<\/nav>\n<\/div>\n\n\n\n<h1 class=\"wp-block-heading has-primary-color has-text-color\">Passerade tomater med basilika<\/h1>\n\n\n\n<p class=\"is-style-cursive has-xxl-font-size\">Passerade tomater<\/p>\n\n\n\n<p>Vi har blandat passerade tomater med basilikablad f\u00f6r en rik och fyllig smak. Perfekt f\u00f6r alla snabba tillagningar, som s\u00e5s till en pastaportion \u2013 den perfekta vardagsr\u00e4tten som \u00e4r lika enkel att tillreda som god!<\/p>\n\n\n\n\n<div class=\"acf-characteristics\">\n  <div class=\"flex flex-wrap -m-2 justify-center sm:justify-between\">\n          <div class=\"m-2 w-24 text-center\">\n        <div style=\"height: 41px; width: 80px;\" class=\"mx-auto flex items-end justify-center mx-auto\">\n                      <img decoding=\"async\" width=\"210\" height=\"134\" src=\"https:\/\/mutti-parma.com\/app\/uploads\/sites\/14\/2019\/11\/mutti-product-icons-nordic-soxxt.svg\" class=\"w-full wp-image-881\" alt=\"S\u00f6t icon\" style=\"max-height: 43px; max-width: 80px;\" loading=\"lazy\" \/>\n                  <\/div>\n        <p class=\"h6 text-inherit mt-3\">S\u00f6t smak<\/p>\n      <\/div>\n          <div class=\"m-2 w-24 text-center\">\n        <div style=\"height: 41px; width: 80px;\" class=\"mx-auto flex items-end justify-center mx-auto\">\n                      <img decoding=\"async\" width=\"300\" height=\"142\" src=\"https:\/\/mutti-parma.com\/app\/uploads\/sites\/3\/2019\/09\/icon-characteristics-cooking-time-reduced.svg\" class=\"w-full wp-image-300000111 attachment-full size-full\" alt=\"cooking sketch\" style=\"max-height: 43px; max-width: 80px;\" loading=\"lazy\" \/>\n                  <\/div>\n        <p class=\"h6 text-inherit mt-3\">L\u00e4mplig vid begr\u00e4nsad tillagningstid<\/p>\n      <\/div>\n          <div class=\"m-2 w-24 text-center\">\n        <div style=\"height: 41px; width: 80px;\" class=\"mx-auto flex items-end justify-center mx-auto\">\n                      <img decoding=\"async\" width=\"223\" height=\"169\" src=\"https:\/\/mutti-parma.com\/app\/uploads\/sites\/3\/2019\/09\/icon-characteristics-texture-velvety.svg\" class=\"w-full wp-image-300000103 attachment-full size-full\" alt=\"\" style=\"max-height: 43px; max-width: 80px;\" loading=\"lazy\" \/>\n                  <\/div>\n        <p class=\"h6 text-inherit mt-3\">Sammetslen konsistens<\/p>\n      <\/div>\n          <div class=\"m-2 w-24 text-center\">\n        <div style=\"height: 41px; width: 80px;\" class=\"mx-auto flex items-end justify-center mx-auto\">\n                      <img decoding=\"async\" width=\"90\" height=\"24\" src=\"https:\/\/mutti-parma.com\/app\/uploads\/sites\/3\/2021\/04\/icon-characteristics-color-bright-red-v2.svg\" class=\"w-full wp-image-300000417 attachment-full size-full\" alt=\"\" style=\"max-height: 43px; max-width: 80px;\" loading=\"lazy\" \/>\n                  <\/div>\n        <p class=\"h6 text-inherit mt-3\">Skinande r\u00f6d f\u00e4rg<\/p>\n      <\/div>\n      <\/div>\n<\/div>\n<\/div><figure class=\"wp-block-media-text__media\"><img loading=\"lazy\" decoding=\"async\" width=\"404\" height=\"766\" src=\"https:\/\/mutti-parma.com\/app\/uploads\/sites\/14\/2019\/10\/de-passata.png\" alt=\"\" class=\"wp-image-2145 size-full\" sizes=\"(min-width: 1440px) 528px,37vw\" data-spai-crop=\"false\" srcset=\"https:\/\/mutti-parma.com\/app\/uploads\/sites\/14\/2019\/10\/de-passata.png 404w, https:\/\/mutti-parma.com\/app\/uploads\/sites\/14\/2019\/10\/de-passata-105x200.png 105w, https:\/\/mutti-parma.com\/app\/uploads\/sites\/14\/2019\/10\/de-passata-264x500.png 264w, https:\/\/mutti-parma.com\/app\/uploads\/sites\/14\/2019\/10\/de-passata-150x284.png 150w\" \/><\/figure><\/div>\n\n\n\n\n\n<div class=\"wp-block-media-text alignwide\" style=\"grid-template-columns:32% auto\"><figure class=\"wp-block-media-text__media\"><video\n  \n  autoplay\n  playsinline\n  muted\n  loop\n  loading=\"lazy\"\n  \n  \n  \n\n  \n      poster=\"https:\/\/mutti-parma.com\/app\/uploads\/sites\/3\/2019\/10\/product-consistency-passata-image.jpg\"\n  >\n            <source src=\"https:\/\/cdn.mutti-parma.com\/app\/uploads\/sites\/3\/2019\/10\/product-consistency-passata.mp4\" type=\"video\/mp4\">\n      <\/video>\n\n<\/figure><div class=\"wp-block-media-text__content\">\n<h2 class=\"wp-block-heading\">L\u00c4R DIG MER OM PASSATA<\/h2>\n\n\n\n<p class=\"is-style-cursive has-xxl-font-size\">Passerade tomater med len konsistens<\/p>\n\n\n\n<p>Polpa, Passata, Concentrato och Trippelkoncentrerad Tomatpur\u00e9 utg\u00f6r grunden i Mutti-sortimentet. Varje produkt har sin egen karakt\u00e4r och personlighet i fr\u00e5ga om f\u00e4rg, smak och konsistens. V\u00e5r Passata har en klarr\u00f6d f\u00e4rg, en kr\u00e4mig, sammetslen konsistens och en fantastiskt s\u00f6t smak.<\/p>\n<\/div><\/div>\n\n\n\n\n\n\n\n<hr class=\"wp-block-separator has-css-opacity alignwide\"\/>\n\n\n<div class=\"acf-comments alignwide my-8\">\n  <div class=\"flex flex-wrap mb-4 items-center text-center sm:text-left px-0 sm:px-2 md:px-0\">\n    <h3 class=\"w-full sm:w-auto is-style-cursive text-primary my-0 leading-none\">Share and review<\/h3>\n    <div class=\"w-full sm:w-auto flex-auto mt-1 sm:ml-8\">\n          <\/div>\n\n          <div class=\"mx-auto sm:ml-0 mt-3 sm:mt-0\">\n                  <div\n  class=\"shariff\"\n  data-button-style=\"icon\"\n  data-mail-body=\"https:\/\/mutti-parma.com\/se\/produkter\/passerade-tomater-med-basilika\/\"\n  data-mail-subject=\"Passerade tomater med basilika - Mutti\"\n  data-mail-url=\"mailto:\"\n  data-media-url=\"https:\/\/mutti-parma.com\/app\/uploads\/sites\/14\/2019\/10\/de-passata.png\"\n  data-services=\"[&#039;facebook&#039;, &#039;twitter&#039;, &#039;whatsapp&#039;, &#039;pinterest&#039;, &#039;mail&#039;]\"\n><\/div>\n              <\/div>\n      <\/div>\n\n  <div>\n                <\/div>\n<\/div>\n\n\n\n<hr class=\"wp-block-separator has-css-opacity alignwide\"\/>\n\n\n\n<div class=\"wp-block-cover alignwide has-background-dim-80 has-darkred-background-color has-background-dim\" style=\"background-image:url(https:\/\/mutti-parma.com\/app\/uploads\/sites\/3\/2019\/09\/tomatoes.jpg)\"><div class=\"wp-block-cover__inner-container is-layout-flow wp-block-cover-is-layout-flow\">\n<div class=\"wp-block-columns alignwide is-layout-flex wp-container-core-columns-is-layout-9d6595d7 wp-block-columns-is-layout-flex\">\n<div class=\"wp-block-column is-layout-flow wp-block-column-is-layout-flow\">\n<h2 class=\"wp-block-heading\" id=\"hallbarhet\"><strong>H\u00c5LLBARHET<\/strong><\/h2>\n\n\n\n<p class=\"is-style-cursive mb-0\">F\u00f6s oss betyder h\u00e5llbarhet att vi visar respekt f\u00f6r jorden<\/p>\n\n\n\n<h4 class=\"wp-block-heading\">SAMARBETE MED WWF ITALIEN<\/h4>\n\n\n\n<p>Mutti har haft ett n\u00e4ra samarbete med WWF Italien f\u00f6r att hj\u00e4lpa odlare att arbeta mera milj\u00f6v\u00e4nligt och p\u00e5 s\u00e5 vis minska b\u00e5de vattenf\u00f6rbrukning och koldioxidutsl\u00e4pp. Italienska WWF satte inte enbart upp m\u00e5l, utan involverade ocks\u00e5 odlarna f\u00f6r att de skulle kunna komma med relevanta f\u00f6rb\u00e4ttringsf\u00f6rslag. <\/p>\n\n\n\n<p>Organisationen rekommenderade till exempel speciella sensorer som m\u00e4ter vattenf\u00f6rh\u00e5llanden i marken. Det ger viktig information om hur odlarna kan minska vattenf\u00f6rbrukningen p\u00e5 ett effektivt s\u00e4tt. Mutti har investerat i teknologi, utbildning och tekniska hj\u00e4lpmedel f\u00f6r jordbrukare och jordbruksorganisationer. <\/p>\n\n\n\n<p>Trots att det fem \u00e5r l\u00e5nga samarbetsprojektet har avslutats, jobbar vi fortfarande ivrigt f\u00f6r att minska v\u00e5r milj\u00f6p\u00e5verkan och finslipa varje l\u00e4nk i produktionskedjan.<\/p>\n\n\n<\/div>\n\n\n\n<div class=\"wp-block-column is-layout-flow wp-block-column-is-layout-flow\">\n<h2 class=\"has-text-align-center wp-block-heading\">RESULTAT:<\/h2>\n\n\n\n<div class=\"wp-block-columns is-layout-flex wp-container-core-columns-is-layout-9d6595d7 wp-block-columns-is-layout-flex\">\n<div class=\"wp-block-column is-layout-flow wp-block-column-is-layout-flow\">\n<div class=\"wp-block-image\"><figure class=\"aligncenter size-large is-resized\"><img loading=\"lazy\" decoding=\"async\" src=\"https:\/\/mutti-parma.com\/app\/uploads\/sites\/3\/2019\/09\/icon-sustainable-water.svg\" alt=\"\" class=\"wp-image-30000085\" width=\"53\" height=\"91\" \/><\/figure><\/div>\n\n\n\n<h4 class=\"has-text-align-center wp-block-heading\">+1 000 MILJONER LITER VATTEN HAR SPARATS*<\/h4>\n\n\n\n<p class=\"has-text-align-center has-sm-font-size\">* mellan 2012 och 2014 (K\u00e4lla: CMCC, WWF and Mediterranean Climate Change Center i Italien)<\/p>\n<\/div>\n\n\n\n<div class=\"wp-block-column is-layout-flow wp-block-column-is-layout-flow\">\n<div class=\"wp-block-image\"><figure class=\"aligncenter size-large is-resized\"><img loading=\"lazy\" decoding=\"async\" src=\"https:\/\/mutti-parma.com\/app\/uploads\/sites\/3\/2019\/09\/icon-sustainable-co2.svg\" alt=\"\" class=\"wp-image-30000086\" width=\"114\" height=\"88\" \/><\/figure><\/div>\n\n\n\n<h4 class=\"has-text-align-center wp-block-heading\">+ 31 530 TON KOLDIOXIDUTSL\u00c4PP HAR UNDVIKITS I ATMOSF\u00c4REN*<\/h4>\n\n\n\n<p class=\"has-text-align-center has-sm-font-size\">* mellan 2010 och 2015 j\u00e4mf\u00f6rt med niv\u00e5n f\u00f6r 2009 (K\u00e4lla: Italienska WWF och organisationen Officinae Verdi med fokus p\u00e5 energieffektivitet)<\/p>\n<\/div>\n<\/div>\n<\/div>\n<\/div>\n<\/div><\/div>\n\n\n\n\n\n\n\n\n\n\n\n\n<div class=\"acf-related-products mb-8 lg:mb-16 \" data-vue-wrapper>\n      <h3 class=\"text-center\">Andra liknande produkter<\/h3>\n  \n      <slideshow :slides-per-view=\"3\" :navigation=\"true\" class=\"mx-8 lg:-mx-12\" name=\"Related Products\">\n              <div class=\"swiper-slide\">\n          <div class=\"text-center hover:lift-img mx-auto max-w-28\">\n      <a href=\"https:\/\/mutti-parma.com\/se\/produkter\/passata\/\" class=\"block\">\n            <div class=\"responsive-embed is-contain\" style=\"padding-bottom: 188.23529411765%;\"><img decoding=\"async\" width=\"1200\" height=\"1820\" src=\"https:\/\/mutti-parma.com\/app\/uploads\/sites\/14\/2019\/10\/product-update-wordpress-8.png\" class=\"inline-block mt-2 wp-image-7882\" alt=\"Passata\" sizes=\"auto, 126px\" data-spai-crop=\"false\" title=\"Passata\" srcset=\"https:\/\/mutti-parma.com\/app\/uploads\/sites\/14\/2019\/10\/product-update-wordpress-8.png 1200w, https:\/\/mutti-parma.com\/app\/uploads\/sites\/14\/2019\/10\/product-update-wordpress-8-330x500.png 330w, https:\/\/mutti-parma.com\/app\/uploads\/sites\/14\/2019\/10\/product-update-wordpress-8-675x1024.png 675w, https:\/\/mutti-parma.com\/app\/uploads\/sites\/14\/2019\/10\/product-update-wordpress-8-132x200.png 132w, https:\/\/mutti-parma.com\/app\/uploads\/sites\/14\/2019\/10\/product-update-wordpress-8-768x1165.png 768w, https:\/\/mutti-parma.com\/app\/uploads\/sites\/14\/2019\/10\/product-update-wordpress-8-150x228.png 150w, https:\/\/mutti-parma.com\/app\/uploads\/sites\/14\/2019\/10\/product-update-wordpress-8-600x910.png 600w, https:\/\/mutti-parma.com\/app\/uploads\/sites\/14\/2019\/10\/product-update-wordpress-8-1013x1536.png 1013w\" loading=\"lazy\" \/><\/div>\n    <\/a>\n  \n  <a class=\"block underline mb-2 mt-2\" href=\"https:\/\/mutti-parma.com\/se\/produkter\/passata\/\">\n    <h3 class=\"h4\">Passata<\/h3>\n  <\/a>\n\n      <a class=\"block hover:no-underline text-inherit\" href=\"https:\/\/mutti-parma.com\/se\/produkter\/passata\/\">\n      Passerade tomater\n    <\/a>\n  <\/div>\n        <\/div>\n          <\/slideshow>\n  <\/div>\n\n\n\n<div class=\"wp-block-cover alignwide has-background-dim-20 has-background-dim\" style=\"background-image:url(https:\/\/mutti-parma.com\/app\/uploads\/sites\/3\/2020\/12\/table.jpg)\"><div class=\"wp-block-cover__inner-container is-layout-flow wp-block-cover-is-layout-flow\">\n<div class=\"wp-block-media-text alignwide is-stacked-on-mobile is-style-default\" style=\"grid-template-columns:32% auto\"><figure class=\"wp-block-media-text__media\"><img loading=\"lazy\" decoding=\"async\" src=\"https:\/\/mutti-parma.com\/app\/uploads\/sites\/3\/2020\/02\/products-essentials-e1582204403666.png\" alt=\"\" class=\"wp-image-300000352\" sizes=\"(max-width: 600px) 100vw, (min-width: 1440px) 461px,32vw\" data-spai-crop=\"false\" srcset=\"https:\/\/mutti-parma.com\/app\/uploads\/sites\/3\/2020\/02\/products-essentials-e1582204403666.png 565w, https:\/\/mutti-parma.com\/app\/uploads\/sites\/3\/2020\/02\/products-essentials-e1582204403666-200x173.png 200w, https:\/\/mutti-parma.com\/app\/uploads\/sites\/3\/2020\/02\/products-essentials-e1582204403666-500x432.png 500w, https:\/\/mutti-parma.com\/app\/uploads\/sites\/3\/2020\/02\/products-essentials-e1582204403666-150x130.png 150w\" \/><\/figure><div class=\"wp-block-media-text__content\">\n<h2 class=\"wp-block-heading\">Bekanta dig med v\u00e5ra klassiska produkter <\/h2>\n\n\n\n<p class=\"is-style-cursive\">Uppt\u00e4ck Polpa, Concentrato, Passata och Pelati.<\/p>\n\n\n\n<div class=\"wp-block-button\"><a class=\"wp-block-button__link\" href=\"https:\/\/mutti-parma.com\/se\/muttis-klassiker\/\">J\u00e4mf\u00f6r v\u00e5ra klassiska produkter<\/a><\/div>\n<\/div><\/div>\n<\/div><\/div>\n","protected":false},"excerpt":{"rendered":"<p>L\u00c4R DIG MER OM PASSATA Passerade tomater med len konsistens Polpa, Passata, Concentrato och Trippelkoncentrerad Tomatpur\u00e9 utg\u00f6r grunden i Mutti-sortimentet. Varje produkt har sin egen karakt\u00e4r och personlighet i fr\u00e5ga om f\u00e4rg, smak och konsistens. V\u00e5r Passata har en klarr\u00f6d f\u00e4rg, en kr\u00e4mig, sammetslen konsistens och en fantastiskt s\u00f6t smak.<\/p>\n","protected":false},"featured_media":2145,"comment_status":"open","ping_status":"closed","template":"","product_category":[56],"class_list":["post-251","product","type-product","status-publish","has-post-thumbnail","hentry","product_category-product-category-118"],"acf":[],"_links":{"self":[{"href":"https:\/\/mutti-parma.com\/se\/wp-json\/wp\/v2\/product\/251","targetHints":{"allow":["GET"]}}],"collection":[{"href":"https:\/\/mutti-parma.com\/se\/wp-json\/wp\/v2\/product"}],"about":[{"href":"https:\/\/mutti-parma.com\/se\/wp-json\/wp\/v2\/types\/product"}],"replies":[{"embeddable":true,"href":"https:\/\/mutti-parma.com\/se\/wp-json\/wp\/v2\/comments?post=251"}],"version-history":[{"count":12,"href":"https:\/\/mutti-parma.com\/se\/wp-json\/wp\/v2\/product\/251\/revisions"}],"predecessor-version":[{"id":7922,"href":"https:\/\/mutti-parma.com\/se\/wp-json\/wp\/v2\/product\/251\/revisions\/7922"}],"wp:featuredmedia":[{"embeddable":true,"href":"https:\/\/mutti-parma.com\/se\/wp-json\/wp\/v2\/media\/2145"}],"wp:attachment":[{"href":"https:\/\/mutti-parma.com\/se\/wp-json\/wp\/v2\/media?parent=251"}],"wp:term":[{"taxonomy":"product_category","embeddable":true,"href":"https:\/\/mutti-parma.com\/se\/wp-json\/wp\/v2\/product_category?post=251"}],"curies":[{"name":"wp","href":"https:\/\/api.w.org\/{rel}","templated":true}]}}