{"id":280,"date":"2019-10-21T05:34:07","date_gmt":"2019-10-21T05:34:07","guid":{"rendered":"https:\/\/mutti-parma.com\/se\/?post_type=product&#038;p=280"},"modified":"2023-03-02T14:25:02","modified_gmt":"2023-03-02T14:25:02","slug":"tomatmustvinager","status":"publish","type":"product","link":"https:\/\/mutti-parma.com\/se\/produkter\/tomatmustvinager\/","title":{"rendered":"Tomatmustvin\u00e4ger"},"content":{"rendered":"\n<div style=\"--media-width: 50\" class=\"wp-block-media-text alignwide has-media-on-the-right is-stacked-on-mobile is-style-hero has-background-image\"><img loading=\"lazy\" decoding=\"async\" class=\"wp-block-media-text__background\" alt=\"\" data-spai-crop=\"true\" src=\"https:\/\/mutti-parma.com\/app\/uploads\/sites\/3\/2019\/09\/texture-banner-mutti-default-gradient.jpg\" \/><figure class=\"wp-block-media-text__media\"><img loading=\"lazy\" decoding=\"async\" width=\"435\" height=\"1024\" src=\"https:\/\/mutti-parma.com\/app\/uploads\/sites\/14\/2019\/10\/tomato-vinegar-1200px-wide-435x1024.png\" alt=\"\" class=\"wp-image-373\" sizes=\"(min-width: 1440px) 528px,37vw\" data-spai-crop=\"false\" srcset=\"https:\/\/mutti-parma.com\/app\/uploads\/sites\/14\/2019\/10\/tomato-vinegar-1200px-wide-435x1024.png 435w, https:\/\/mutti-parma.com\/app\/uploads\/sites\/14\/2019\/10\/tomato-vinegar-1200px-wide-85x200.png 85w, https:\/\/mutti-parma.com\/app\/uploads\/sites\/14\/2019\/10\/tomato-vinegar-1200px-wide-213x500.png 213w, https:\/\/mutti-parma.com\/app\/uploads\/sites\/14\/2019\/10\/tomato-vinegar-1200px-wide-768x1807.png 768w, https:\/\/mutti-parma.com\/app\/uploads\/sites\/14\/2019\/10\/tomato-vinegar-1200px-wide-150x353.png 150w, https:\/\/mutti-parma.com\/app\/uploads\/sites\/14\/2019\/10\/tomato-vinegar-1200px-wide-600x1412.png 600w, https:\/\/mutti-parma.com\/app\/uploads\/sites\/14\/2019\/10\/tomato-vinegar-1200px-wide.png 1200w\" \/><\/figure><div class=\"wp-block-media-text__content\"><div class=\"acf-breadcrumb my-4 md:my-8 text-center md:text-left\">\n  <nav>\n  <ol class=\"list-none text-md\">\n                  <li class=\"inline\">\n                      <a class=\"text-inherit\" href=\"https:\/\/mutti-parma.com\/se\/\">\n              Mutti Parma Sverige\n            <\/a>\n                                <span aria-hidden=\"true\">\/&nbsp;<\/span>\n                  <\/li>\n                        <li class=\"inline\">\n                      <a class=\"text-inherit\" href=\"https:\/\/mutti-parma.com\/se\/produkter\/\">\n              Products\n            <\/a>\n                            <\/li>\n            <\/ol>\n<\/nav>\n<\/div>\n\n\n\n<h1 class=\"has-primary-color wp-block-heading\">Tomatmustvin\u00e4ger<\/h1>\n\n\n\n<p class=\"has-xxl-font-size is-style-cursive\">\u00d6vriga produkter<\/p>\n\n\n\n<p>Med \u00f6ver hundra \u00e5rs erfarenhet av tomatodling har Mutti utvecklat ett recept p\u00e5 tomatmustvin\u00e4ger som \u00e4r exklusivt, enkelt och naturligt. Produkten tillverkas av solmogna, 100 procent italienska tomater som f\u00f6r\u00e4dlats med st\u00f6rsta omsorg. Smaken \u00e4r aromatisk och alldeles unik, utan den syrlighet som ofta karakt\u00e4riserar vinvin\u00e4ger. Passar utm\u00e4rkt till sallader, kokta gr\u00f6nsaker eller i fiskmarinad.<\/p>\n\n\n\n\n<\/div><\/div>\n\n\n\n\n\n\n\n\n\n\n\n<hr class=\"wp-block-separator alignwide\"\/>\n\n\n<div class=\"acf-comments alignwide my-8\">\n  <div class=\"flex flex-wrap mb-4 items-center text-center sm:text-left px-0 sm:px-2 md:px-0\">\n    <h3 class=\"w-full sm:w-auto is-style-cursive text-primary my-0 leading-none\">Share and review<\/h3>\n    <div class=\"w-full sm:w-auto flex-auto mt-1 sm:ml-8\">\n          <\/div>\n\n          <div class=\"mx-auto sm:ml-0 mt-3 sm:mt-0\">\n                  <div\n  class=\"shariff\"\n  data-button-style=\"icon\"\n  data-mail-body=\"https:\/\/mutti-parma.com\/se\/produkter\/tomatmustvinager\/\"\n  data-mail-subject=\"Tomatmustvin\u00e4ger - Mutti\"\n  data-mail-url=\"mailto:\"\n  data-media-url=\"https:\/\/mutti-parma.com\/app\/uploads\/sites\/14\/2019\/10\/tomato-vinegar-1200px-wide.png\"\n  data-services=\"[&#039;facebook&#039;, &#039;twitter&#039;, &#039;whatsapp&#039;, &#039;pinterest&#039;, &#039;mail&#039;]\"\n><\/div>\n              <\/div>\n      <\/div>\n\n  <div>\n                <\/div>\n<\/div>\n\n\n\n<hr class=\"wp-block-separator alignwide\"\/>\n\n\n\n<div class=\"wp-block-cover alignwide has-background-dim-80 has-darkred-background-color has-background-dim\" style=\"background-image:url(https:\/\/mutti-parma.com\/app\/uploads\/sites\/3\/2019\/09\/tomatoes.jpg)\"><div class=\"wp-block-cover__inner-container is-layout-flow wp-block-cover-is-layout-flow\">\n<div class=\"wp-block-columns alignwide is-layout-flex wp-container-core-columns-is-layout-9d6595d7 wp-block-columns-is-layout-flex\">\n<div class=\"wp-block-column is-layout-flow wp-block-column-is-layout-flow\">\n<h2 class=\"wp-block-heading\" id=\"hallbarhet\"><strong>H\u00c5LLBARHET<\/strong><\/h2>\n\n\n\n<p class=\"is-style-cursive mb-0\">F\u00f6s oss betyder h\u00e5llbarhet att vi visar respekt f\u00f6r jorden<\/p>\n\n\n\n<h4 class=\"wp-block-heading\">SAMARBETE MED WWF ITALIEN<\/h4>\n\n\n\n<p>Mutti har haft ett n\u00e4ra samarbete med WWF Italien f\u00f6r att hj\u00e4lpa odlare att arbeta mera milj\u00f6v\u00e4nligt och p\u00e5 s\u00e5 vis minska b\u00e5de vattenf\u00f6rbrukning och koldioxidutsl\u00e4pp. Italienska WWF satte inte enbart upp m\u00e5l, utan involverade ocks\u00e5 odlarna f\u00f6r att de skulle kunna komma med relevanta f\u00f6rb\u00e4ttringsf\u00f6rslag. <\/p>\n\n\n\n<p>Organisationen rekommenderade till exempel speciella sensorer som m\u00e4ter vattenf\u00f6rh\u00e5llanden i marken. Det ger viktig information om hur odlarna kan minska vattenf\u00f6rbrukningen p\u00e5 ett effektivt s\u00e4tt. Mutti har investerat i teknologi, utbildning och tekniska hj\u00e4lpmedel f\u00f6r jordbrukare och jordbruksorganisationer. <\/p>\n\n\n\n<p>Trots att det fem \u00e5r l\u00e5nga samarbetsprojektet har avslutats, jobbar vi fortfarande ivrigt f\u00f6r att minska v\u00e5r milj\u00f6p\u00e5verkan och finslipa varje l\u00e4nk i produktionskedjan.<\/p>\n\n\n<\/div>\n\n\n\n<div class=\"wp-block-column is-layout-flow wp-block-column-is-layout-flow\">\n<h2 class=\"has-text-align-center wp-block-heading\">RESULTAT:<\/h2>\n\n\n\n<div class=\"wp-block-columns is-layout-flex wp-container-core-columns-is-layout-9d6595d7 wp-block-columns-is-layout-flex\">\n<div class=\"wp-block-column is-layout-flow wp-block-column-is-layout-flow\">\n<div class=\"wp-block-image\"><figure class=\"aligncenter size-large is-resized\"><img loading=\"lazy\" decoding=\"async\" src=\"https:\/\/mutti-parma.com\/app\/uploads\/sites\/3\/2019\/09\/icon-sustainable-water.svg\" alt=\"\" class=\"wp-image-30000085\" width=\"53\" height=\"91\" \/><\/figure><\/div>\n\n\n\n<h4 class=\"has-text-align-center wp-block-heading\">+1 000 MILJONER LITER VATTEN HAR SPARATS*<\/h4>\n\n\n\n<p class=\"has-text-align-center has-sm-font-size\">* mellan 2012 och 2014 (K\u00e4lla: CMCC, WWF and Mediterranean Climate Change Center i Italien)<\/p>\n<\/div>\n\n\n\n<div class=\"wp-block-column is-layout-flow wp-block-column-is-layout-flow\">\n<div class=\"wp-block-image\"><figure class=\"aligncenter size-large is-resized\"><img loading=\"lazy\" decoding=\"async\" src=\"https:\/\/mutti-parma.com\/app\/uploads\/sites\/3\/2019\/09\/icon-sustainable-co2.svg\" alt=\"\" class=\"wp-image-30000086\" width=\"114\" height=\"88\" \/><\/figure><\/div>\n\n\n\n<h4 class=\"has-text-align-center wp-block-heading\">+ 31 530 TON KOLDIOXIDUTSL\u00c4PP HAR UNDVIKITS I ATMOSF\u00c4REN*<\/h4>\n\n\n\n<p class=\"has-text-align-center has-sm-font-size\">* mellan 2010 och 2015 j\u00e4mf\u00f6rt med niv\u00e5n f\u00f6r 2009 (K\u00e4lla: Italienska WWF och organisationen Officinae Verdi med fokus p\u00e5 energieffektivitet)<\/p>\n<\/div>\n<\/div>\n<\/div>\n<\/div>\n<\/div><\/div>\n\n\n\n\n\n\n\n\n\n\n\n\n\n\n\n<div class=\"wp-block-cover alignwide has-background-dim-20 has-background-dim\" style=\"background-image:url(https:\/\/mutti-parma.com\/app\/uploads\/sites\/3\/2020\/12\/table.jpg)\"><div class=\"wp-block-cover__inner-container is-layout-flow wp-block-cover-is-layout-flow\">\n<div class=\"wp-block-media-text alignwide is-stacked-on-mobile is-style-default\" style=\"grid-template-columns:32% auto\"><figure class=\"wp-block-media-text__media\"><img loading=\"lazy\" decoding=\"async\" src=\"https:\/\/mutti-parma.com\/app\/uploads\/sites\/3\/2020\/02\/products-essentials-e1582204403666.png\" alt=\"\" class=\"wp-image-300000352\" sizes=\"(max-width: 600px) 100vw, (min-width: 1440px) 461px,32vw\" data-spai-crop=\"false\" srcset=\"https:\/\/mutti-parma.com\/app\/uploads\/sites\/3\/2020\/02\/products-essentials-e1582204403666.png 565w, https:\/\/mutti-parma.com\/app\/uploads\/sites\/3\/2020\/02\/products-essentials-e1582204403666-200x173.png 200w, https:\/\/mutti-parma.com\/app\/uploads\/sites\/3\/2020\/02\/products-essentials-e1582204403666-500x432.png 500w, https:\/\/mutti-parma.com\/app\/uploads\/sites\/3\/2020\/02\/products-essentials-e1582204403666-150x130.png 150w\" \/><\/figure><div class=\"wp-block-media-text__content\">\n<h2 class=\"wp-block-heading\">Bekanta dig med v\u00e5ra klassiska produkter <\/h2>\n\n\n\n<p class=\"is-style-cursive\">Uppt\u00e4ck Polpa, Concentrato, Passata och Pelati.<\/p>\n\n\n\n<div class=\"wp-block-button\"><a class=\"wp-block-button__link\" href=\"https:\/\/mutti-parma.com\/se\/muttis-klassiker\/\">J\u00e4mf\u00f6r v\u00e5ra klassiska produkter<\/a><\/div>\n<\/div><\/div>\n<\/div><\/div>\n","protected":false},"excerpt":{"rendered":"","protected":false},"featured_media":373,"comment_status":"open","ping_status":"closed","template":"","product_category":[69],"class_list":["post-280","product","type-product","status-publish","has-post-thumbnail","hentry","product_category-product-category-146"],"acf":[],"_links":{"self":[{"href":"https:\/\/mutti-parma.com\/se\/wp-json\/wp\/v2\/product\/280","targetHints":{"allow":["GET"]}}],"collection":[{"href":"https:\/\/mutti-parma.com\/se\/wp-json\/wp\/v2\/product"}],"about":[{"href":"https:\/\/mutti-parma.com\/se\/wp-json\/wp\/v2\/types\/product"}],"replies":[{"embeddable":true,"href":"https:\/\/mutti-parma.com\/se\/wp-json\/wp\/v2\/comments?post=280"}],"version-history":[{"count":9,"href":"https:\/\/mutti-parma.com\/se\/wp-json\/wp\/v2\/product\/280\/revisions"}],"predecessor-version":[{"id":5993,"href":"https:\/\/mutti-parma.com\/se\/wp-json\/wp\/v2\/product\/280\/revisions\/5993"}],"wp:featuredmedia":[{"embeddable":true,"href":"https:\/\/mutti-parma.com\/se\/wp-json\/wp\/v2\/media\/373"}],"wp:attachment":[{"href":"https:\/\/mutti-parma.com\/se\/wp-json\/wp\/v2\/media?parent=280"}],"wp:term":[{"taxonomy":"product_category","embeddable":true,"href":"https:\/\/mutti-parma.com\/se\/wp-json\/wp\/v2\/product_category?post=280"}],"curies":[{"name":"wp","href":"https:\/\/api.w.org\/{rel}","templated":true}]}}