{"id":11,"date":"2023-12-07T11:14:59","date_gmt":"2023-12-07T11:14:59","guid":{"rendered":"https:\/\/mutti-parma.com\/si\/?page_id=11"},"modified":"2025-12-03T17:13:24","modified_gmt":"2025-12-03T17:13:24","slug":"pomodorino-doro","status":"publish","type":"page","link":"https:\/\/mutti-parma.com\/si\/od-polja-do-mize\/pomodorino-doro\/","title":{"rendered":"Pomodorino d\u00b4Oro"},"content":{"rendered":"\n<figure class=\"wp-block-image alignfull mt-0\"><img loading=\"lazy\" decoding=\"async\" src=\"https:\/\/mutti-parma.com\/app\/uploads\/2021\/01\/1-banner-desktop.jpg\" alt=\"\" class=\"wp-image-6325\" \/><\/figure>\n\n\n\n<div class=\"wp-block-group alignwide is-layout-flow wp-block-group-is-layout-flow\">\n<h1 class=\"wp-block-heading has-text-align-center\"><strong>Uspe\u0161en cikel<\/strong><\/h1>\n\n\n\n<h2 class=\"wp-block-heading has-text-align-center is-style-cursive\">Pomodorino d&#8217;Oro: veliko ve\u010d kot nagrada<\/h2>\n\n\n\n<p class=\"has-text-align-center\">Pomodorino d&#8217;Oro (Zlati paradi\u017enik) je gospodarska spodbuda, ki jo vsako leto podeljujemo na\u0161im najbolj\u0161im kmetom kot priznanje za kakovost paradi\u017enika, ki ga pridelujejo: 100-odstotno italijanski izdelki, za katere skrbno skrbimo od semena do ploda.<\/p>\n\n\n\n<p class=\"has-text-align-center\">V zadnjih 26 letih smo podelili nagrade ve\u010d kot 800 kmetom. Nagrada je spodbuda za na\u0161e dobavitelje, da nenehno izbolj\u0161ujejo svoje izdelke in vlagajo v razvoj novih metod gojenja, obiranja in transporta. Na ta na\u010din smo ustvarili uspe\u0161en cikel, ki potro\u0161nikom zagotavlja izdelek, ki ga odlikujeta vrhunska kakovost in edinstven okus.<\/p>\n<\/div>\n\n\n\n<figure class=\"wp-block-video alignwide\"><video\n  controls\n  \n  \n  \n  \n  loading=\"lazy\"\n  \n  \n  \n\n  \n  >\n            <source src=\"https:\/\/cdn.mutti-parma.com\/app\/uploads\/sites\/35\/2023\/12\/mutti-new-main-subeng-20211116-1.mp4\" type=\"video\/mp4\">\n      <\/video>\n\n<\/figure>\n\n\n\n<div class=\"wp-block-media-text alignwide is-stacked-on-mobile\"><figure class=\"wp-block-media-text__media\"><img loading=\"lazy\" decoding=\"async\" src=\"https:\/\/mutti-parma.com\/app\/uploads\/2021\/01\/3-img.jpg\" alt=\"\" class=\"wp-image-6332 size-full\" sizes=\"(max-width: 600px) 100vw, (min-width: 1440px) 792px,55vw\" data-spai-crop=\"false\" \/><\/figure><div class=\"wp-block-media-text__content\">\n<h2 class=\"wp-block-heading\"><strong>Na\u0161a zavezanost kakovosti<\/strong><\/h2>\n\n\n\n<p>Pomodorino d&#8217;Oro pooseblja odgovorne odlo\u010ditve in konkretne ukrepe, ki jih sprejemamo vsak dan. Te odlo\u010ditve zajemajo vse ravni dobavne verige, njihov cilj pa je \u010dim bolje izkoristiti lokalna obmo\u010dja in hkrati zagotoviti spo\u0161tovanje zemlje in lokalnih prebivalcev. Na\u0161 cilj je vzpostaviti stalen in sodelovalen medsebojni odnos s kmeti, da bi lahko nenehno izbolj\u0161evali svoje izdelke. Nagrada Pomodorino d&#8217;Oro je najbolj otipljiv simbol na\u0161e zavezanosti &#8211; zavezanost pa je v podjetju Mutti merilo kakovosti.<\/p>\n<\/div><\/div>\n\n\n\n<div class=\"wp-block-group alignwide is-layout-flow wp-block-group-is-layout-flow\">\n<div class=\"wp-block-group alignwide is-layout-flow wp-block-group-is-layout-flow\">\n<h2 class=\"wp-block-heading has-text-align-center\"><strong>Zmagovalci leta 202<\/strong>5<\/h2>\n\n\n\n<h2 class=\"wp-block-heading has-text-align-center is-style-cursive\">26. izdaja<\/h2>\n\n\n\n<p class=\"has-text-align-center\">Nagrada Pomodorino d&#8217;Oro odra\u017ea eno na\u0161ih temeljnih na\u010del: idejo, da vsaka vrsta paradi\u017enika potrebuje poseben tip prsti. Zato vsako leto nagradimo ve\u010d kot 60 kmetov iz severne in ju\u017ene Italije z lo\u010denimi nagradami za tri sorte paradi\u017enika, zna\u010dilne za vsako regijo. Spoznajte tri leto\u0161nje zmagovalce!<\/p>\n\n\n\n<div class=\"wp-block-group sm:mx-32 lg:mx-48 is-content-justification-center is-nowrap is-layout-flex wp-container-core-group-is-layout-46403f35 wp-block-group-is-layout-flex\">\n<figure class=\"wp-block-image size-full is-style-default -mx-8 mb-0\"><img loading=\"lazy\" decoding=\"async\" src=\"https:\/\/mutti-parma.com\/app\/uploads\/2024\/04\/pomodorino-doro-tondo.png\" alt=\"\" class=\"wp-image-9945\" style=\"aspect-ratio:0.9003690036900369;object-fit:cover\" \/><\/figure>\n\n\n\n<figure class=\"wp-block-image size-full -mx-8 mb-0\"><img loading=\"lazy\" decoding=\"async\" src=\"https:\/\/mutti-parma.com\/app\/uploads\/2024\/04\/pomodorino-doro-lungo.png\" alt=\"\" class=\"wp-image-9944\" \/><\/figure>\n\n\n\n<figure class=\"wp-block-image size-full -mx-8 mb-0\"><img loading=\"lazy\" decoding=\"async\" src=\"https:\/\/mutti-parma.com\/app\/uploads\/2024\/04\/pomodorino-doro-ciliegino.png\" alt=\"\" class=\"wp-image-9942\" \/><\/figure>\n\n\n\n<figure class=\"wp-block-image size-full -mx-8 mb-0\"><img loading=\"lazy\" decoding=\"async\" src=\"https:\/\/mutti-parma.com\/app\/uploads\/2024\/04\/pomodorino-doro-datterino-1.png\" alt=\"\" class=\"wp-image-9946\" \/><\/figure>\n<\/div>\n<\/div>\n\n\n<div class=\"acf-custom-slideshow is-style-plain wp-block-embed is-type-video wp-embed-aspect-1-1 alignwide\" data-vue-wrapper>\n  <tab-slideshow\n    name=\"Custom Slideshow\"\n    :tabs='[\"Paradi\\u017enik Tondo di parma\",\"Slivov paradi\\u017enik\",\"\\u010ce\\u0161njev paradi\\u017enik\",\"Paradi\\u017enik Baby Roma\"]'\n    :tabs-above=\"true\"\n    :navigation=\"false\"\n    :pagination=\"true\"\n    :append-navigation=\"true\"\n    :hide-navigation-mobile=\"true\"\n    :options='{\"autoHeight\":false}'\n    navigation-class=\"\"\n    :slideshow-classes='{\"wrapper\":\"text-white py-12 md:py-32 md:pb-16 md:px-16 has-background\",\"navigationNextButton\":\"fa-solid fa-chevron-right text-primary text-2xl lg:text-4xl mr-10 md:mt-16 hidden md:block\",\"navigationPrevButton\":\"fa-solid fa-chevron-left text-primary text-2xl lg:text-4xl ml-10 md:mt-16 hidden md:block\"}'\n          slideshow-background=\"https:\/\/mutti-parma.com\/app\/uploads\/sites\/35\/2023\/12\/5-video-gallery-bkg.jpg\"\n      >\n          <div class=\"swiper-slide \">\n        <div class=\"flex flex-wrap align-stretch\">\n          <div class=\"flex-1 p-4 md:p-8 lg:pl-16 text-center md:text-left\">\n                          <h2>Luca Zavaroni<\/h2>\n<p class=\"has-xxl-font-size is-style-cursive\">\u00bbZa vse nas pomeni pridelava kakovostnih paradi\u017enikov, da si vsako leto prizadevamo vlo\u017eiti ves trud in energijo \u2013 \u0161e posebej, ko dobavljamo industriji.\u00ab<\/p>\n\n                      <\/div>\n\n                      <div\n              class=\"\n                w-full md:w-1\/2\n                order-first\n                \n                flex justify-center md:justify-end\n                content-center lg:content-start\n              \"\n                          >\n              \n                              <div class=\"wp-block-embed is-type-video wp-embed-aspect-16-9 wp-has-aspect-ratio w-full self-center\">\n                  <div class=\"wp-block-embed__wrapper\">\n                    <iframe loading=\"lazy\" loading=\"lazy\" title=\"2025 Winner for Round Tomato - Luca Zavaroni\" width=\"500\" height=\"281\" data-cookieconsent=\"marketing\" data-src=\"\/\/www.youtube-nocookie.com\/embed\/zPFkN_Qa3x0?rel=0&#038;modestbranding=1&#038;enablejsapi=1&#038;feature=oembed&#038;width=500&#038;height=750\" frameborder=\"0\" allow=\"accelerometer; autoplay; clipboard-write; encrypted-media; gyroscope; picture-in-picture; web-share\" referrerpolicy=\"strict-origin-when-cross-origin\" allowfullscreen><\/iframe><div class=\"cookieconsent-embed-approval\">\n  <p>\u010ce si \u017eelite ogledati ta videoposnetek, morate odobriti tr\u017eenjske pi\u0161kotke, da lahko uporabljamo YouTube.<\/p>\n  <button class=\"btn btn-renew-cookie-consent\">\n    Upravljanje nastavitev\n  <\/button>\n<\/div>\n<div class=\"cookieconsent-embed-approval\">\n  <p>\u010ce si \u017eelite ogledati ta videoposnetek, morate odobriti tr\u017eenjske pi\u0161kotke, da lahko uporabljamo YouTube.<\/p>\n  <button class=\"btn btn-renew-cookie-consent\">\n    Upravljanje nastavitev\n  <\/button>\n<\/div>\n\n                  <\/div>\n                <\/div>\n                          <\/div>\n                  <\/div>\n      <\/div>\n          <div class=\"swiper-slide \">\n        <div class=\"flex flex-wrap align-stretch\">\n          <div class=\"flex-1 p-4 md:p-8 lg:pl-16 text-center md:text-left\">\n                          <h2>Michele Borrelli<\/h2>\n<p class=\"has-xxl-font-size is-style-cursive\">\u00bbZelo mi je mar za \u017eetev, saj ko pridelate dober izdelek in pride \u010das za \u017eetev, ob\u010dutite vse zadovoljstvo, ki ga lahko ima pridelovalec.\u00ab<\/p>\n\n                      <\/div>\n\n                      <div\n              class=\"\n                w-full md:w-1\/2\n                order-first\n                \n                flex justify-center md:justify-end\n                content-center lg:content-start\n              \"\n                          >\n              \n                              <div class=\"wp-block-embed is-type-video wp-embed-aspect-16-9 wp-has-aspect-ratio w-full self-center\">\n                  <div class=\"wp-block-embed__wrapper\">\n                    <iframe loading=\"lazy\" loading=\"lazy\" title=\"2025 Winner for Plum Tomato - Michele Borrelli\" width=\"500\" height=\"281\" data-cookieconsent=\"marketing\" data-src=\"\/\/www.youtube-nocookie.com\/embed\/MSgYe0SFxK8?rel=0&#038;modestbranding=1&#038;enablejsapi=1&#038;feature=oembed&#038;width=500&#038;height=750\" frameborder=\"0\" allow=\"accelerometer; autoplay; clipboard-write; encrypted-media; gyroscope; picture-in-picture; web-share\" referrerpolicy=\"strict-origin-when-cross-origin\" allowfullscreen><\/iframe><div class=\"cookieconsent-embed-approval\">\n  <p>\u010ce si \u017eelite ogledati ta videoposnetek, morate odobriti tr\u017eenjske pi\u0161kotke, da lahko uporabljamo YouTube.<\/p>\n  <button class=\"btn btn-renew-cookie-consent\">\n    Upravljanje nastavitev\n  <\/button>\n<\/div>\n<div class=\"cookieconsent-embed-approval\">\n  <p>\u010ce si \u017eelite ogledati ta videoposnetek, morate odobriti tr\u017eenjske pi\u0161kotke, da lahko uporabljamo YouTube.<\/p>\n  <button class=\"btn btn-renew-cookie-consent\">\n    Upravljanje nastavitev\n  <\/button>\n<\/div>\n\n                  <\/div>\n                <\/div>\n                          <\/div>\n                  <\/div>\n      <\/div>\n          <div class=\"swiper-slide \">\n        <div class=\"flex flex-wrap align-stretch\">\n          <div class=\"flex-1 p-4 md:p-8 lg:pl-16 text-center md:text-left\">\n                          <h2>Alfonso Fantasia<\/h2>\n<p class=\"has-xxl-font-size is-style-cursive\">\u00bbMo\u010dne vrednote so tisto, kar mi je omogo\u010dilo sodelovati z Muttijem. Kakovosten paradi\u017enik je zdrav, rde\u010d in predvsem pridelan z upo\u0161tevanjem pravilnih namakalnih praks ter vpliva na okolje.\u00ab<\/p>\n\n                      <\/div>\n\n                      <div\n              class=\"\n                w-full md:w-1\/2\n                order-first\n                \n                flex justify-center md:justify-end\n                content-center lg:content-start\n              \"\n                          >\n              \n                              <div class=\"wp-block-embed is-type-video wp-embed-aspect-16-9 wp-has-aspect-ratio w-full self-center\">\n                  <div class=\"wp-block-embed__wrapper\">\n                    <iframe loading=\"lazy\" loading=\"lazy\" title=\"2025 Winner for Cherry Tomato - Alfonso Fantasia\" width=\"500\" height=\"281\" data-cookieconsent=\"marketing\" data-src=\"\/\/www.youtube-nocookie.com\/embed\/H3Ah7vvzfok?rel=0&#038;modestbranding=1&#038;enablejsapi=1&#038;feature=oembed&#038;width=500&#038;height=750\" frameborder=\"0\" allow=\"accelerometer; autoplay; clipboard-write; encrypted-media; gyroscope; picture-in-picture; web-share\" referrerpolicy=\"strict-origin-when-cross-origin\" allowfullscreen><\/iframe><div class=\"cookieconsent-embed-approval\">\n  <p>\u010ce si \u017eelite ogledati ta videoposnetek, morate odobriti tr\u017eenjske pi\u0161kotke, da lahko uporabljamo YouTube.<\/p>\n  <button class=\"btn btn-renew-cookie-consent\">\n    Upravljanje nastavitev\n  <\/button>\n<\/div>\n<div class=\"cookieconsent-embed-approval\">\n  <p>\u010ce si \u017eelite ogledati ta videoposnetek, morate odobriti tr\u017eenjske pi\u0161kotke, da lahko uporabljamo YouTube.<\/p>\n  <button class=\"btn btn-renew-cookie-consent\">\n    Upravljanje nastavitev\n  <\/button>\n<\/div>\n\n                  <\/div>\n                <\/div>\n                          <\/div>\n                  <\/div>\n      <\/div>\n          <div class=\"swiper-slide \">\n        <div class=\"flex flex-wrap align-stretch\">\n          <div class=\"flex-1 p-4 md:p-8 lg:pl-16 text-center md:text-left\">\n                          <h2>Gabriele in Marco Costa<\/h2>\n<p class=\"has-xxl-font-size is-style-cursive\">\u00bbMisao na to, da odpotuje\u0161 na drug kontinent in tam najde\u0161 kozarec Mutti, resni\u010dno prebudi \u010dustva, ko pomisli\u0161 na vse, kar je bilo storjeno, da je lahko ta kozarec nastal.\u00ab<\/p>\n\n                      <\/div>\n\n                      <div\n              class=\"\n                w-full md:w-1\/2\n                order-first\n                \n                flex justify-center md:justify-end\n                content-center lg:content-start\n              \"\n                          >\n              \n                              <div class=\"wp-block-embed is-type-video wp-embed-aspect-16-9 wp-has-aspect-ratio w-full self-center\">\n                  <div class=\"wp-block-embed__wrapper\">\n                    <iframe loading=\"lazy\" loading=\"lazy\" title=\"2025 Winners for Baby Roma - Gabriele &amp; Marco Costa\" width=\"500\" height=\"281\" data-cookieconsent=\"marketing\" data-src=\"\/\/www.youtube-nocookie.com\/embed\/ixt0vKs0uzA?rel=0&#038;modestbranding=1&#038;enablejsapi=1&#038;feature=oembed&#038;width=500&#038;height=750\" frameborder=\"0\" allow=\"accelerometer; autoplay; clipboard-write; encrypted-media; gyroscope; picture-in-picture; web-share\" referrerpolicy=\"strict-origin-when-cross-origin\" allowfullscreen><\/iframe><div class=\"cookieconsent-embed-approval\">\n  <p>\u010ce si \u017eelite ogledati ta videoposnetek, morate odobriti tr\u017eenjske pi\u0161kotke, da lahko uporabljamo YouTube.<\/p>\n  <button class=\"btn btn-renew-cookie-consent\">\n    Upravljanje nastavitev\n  <\/button>\n<\/div>\n<div class=\"cookieconsent-embed-approval\">\n  <p>\u010ce si \u017eelite ogledati ta videoposnetek, morate odobriti tr\u017eenjske pi\u0161kotke, da lahko uporabljamo YouTube.<\/p>\n  <button class=\"btn btn-renew-cookie-consent\">\n    Upravljanje nastavitev\n  <\/button>\n<\/div>\n\n                  <\/div>\n                <\/div>\n                          <\/div>\n                  <\/div>\n      <\/div>\n      <\/tab-slideshow>\n<\/div>\n<\/div>\n\n\n\n<div class=\"wp-block-cover alignwide is-light\" style=\"min-height:457px;aspect-ratio:unset;\"><img loading=\"lazy\" decoding=\"async\" class=\"wp-block-cover__image-background wp-image-6363\" alt=\"\" src=\"https:\/\/mutti-parma.com\/app\/uploads\/2021\/01\/6-parallax-banner.jpg\" data-object-fit=\"cover\" \/><span aria-hidden=\"true\" class=\"wp-block-cover__background has-background-dim-20 has-background-dim\"><\/span><div class=\"wp-block-cover__inner-container is-layout-flow wp-block-cover-is-layout-flow\">\n\n\n<h2 class=\"wp-block-heading\"><strong>Vrednote v ozadju nagrade Pomodorino d&#8217;Oro<\/strong><\/h2>\n\n\n<\/div><\/div>\n\n\n\n<div class=\"wp-block-media-text alignwide has-media-on-the-right is-stacked-on-mobile\" style=\"grid-template-columns:auto 40%\"><div class=\"wp-block-media-text__content\">\n<h2 class=\"wp-block-heading\"><strong>Skrbnost<\/strong><\/h2>\n\n\n\n<h3 class=\"wp-block-heading is-style-cursive\">Pregledi in skrbna izbira na poljih<\/h3>\n\n\n\n<p>Tudi na\u0161i pridelovalci se strinjajo, da je natan\u010dnost izjemno pomembna, zato ob obiranju izberejo le najbolj\u0161e paradi\u017enike, pri \u010demer upo\u0161tevajo zrelost, barvo, skladnost, sve\u017eino in sladkost. Le tako lahko zagotovimo, da bodo paradi\u017eniki ob prihodu na na\u0161e lokacije prestali postopek nadzora kakovosti. Nagrada se podeljuje na podlagi samodejne analize, ki se izvede ob prihodu paradi\u017enika v tovarno. Med drugim se meri sladkost, hranilne vrednosti in stopnja zrelosti.<\/p>\n\n\n\n<p>Skrbimo, da se zagotavljajo najvi\u0161ji standardi kakovosti, hkrati pa tudi spo\u0161tujejo okolje in zdravje ljudi. Delujemo v skladu s specifikacijami integrirane pridelave, kar pomeni, da si prizadevamo zmanj\u0161ati porabo vode in energije v kmetijski proizvodnji, ne da bi pri tem ogrozili kakovost paradi\u017enika. Obenem smo zavezani k ohranjanju sledljivosti v celotni dobavni verigi, vse do kon\u010dnega izdelka.<\/p>\n<\/div><figure class=\"wp-block-media-text__media\"><img loading=\"lazy\" decoding=\"async\" src=\"https:\/\/mutti-parma.com\/app\/uploads\/sites\/7\/2024\/11\/2-cura-1024x1024.jpg\" alt=\"\" class=\"wp-image-11537 size-full\" sizes=\"(max-width: 600px) 100vw, (min-width: 1440px) 576px,40vw\" data-spai-crop=\"false\" \/><\/figure><\/div>\n\n\n\n<div class=\"wp-block-media-text alignwide is-stacked-on-mobile\" style=\"grid-template-columns:40% auto\"><figure class=\"wp-block-media-text__media\"><img loading=\"lazy\" decoding=\"async\" src=\"https:\/\/mutti-parma.com\/app\/uploads\/sites\/7\/2024\/11\/3-rispetto-1024x1024.jpg\" alt=\"\" class=\"wp-image-11538 size-full\" sizes=\"(max-width: 600px) 100vw, (min-width: 1440px) 576px,40vw\" data-spai-crop=\"false\" \/><\/figure><div class=\"wp-block-media-text__content\">\n<h2 class=\"wp-block-heading\"><strong>Spo\u0161tovanje<\/strong><\/h2>\n\n\n\n<h3 class=\"wp-block-heading is-style-cursive\">Vi\u0161ja cena za bolj\u0161i paradi\u017enik<\/h3>\n\n\n\n<p>Kmetom za bolj\u0161e paradi\u017enike pla\u010dujemo nadpovpre\u010dno tr\u017eno ceno, s \u010dimer krepimo odnose z na\u0161imi dobavitelji in podpiramo njihovo rast. To za nas predstavlja bistvo spo\u0161tovanja.<\/p>\n\n\n\n<p>V preteklih letih smo prispevali k razvoju strojnega obiranja, ki se zdaj uporablja za vsa obiranja na poljih na\u0161ih kmetov v severni in ju\u017eni Italiji. Na\u0161 obvezni organizacijski model od kmetov zahteva, da nam sledijo pri izpolnjevanju strogih eti\u010dnih in dru\u017ebenih zahtev.<br><\/p>\n<\/div><\/div>\n\n\n\n<div class=\"wp-block-media-text alignwide has-media-on-the-right is-stacked-on-mobile\" style=\"grid-template-columns:auto 40%\"><div class=\"wp-block-media-text__content\">\n<h2 class=\"wp-block-heading\"><strong><strong>Sodelovanje<\/strong><\/strong><\/h2>\n\n\n\n<h3 class=\"wp-block-heading is-style-cursive\">Kakovost: skupinsko delo<\/h3>\n\n\n\n<p>Sodelovanje z na\u0161imi kmeti temelji na vzajemnem zaupanju in podpori. Gre za pregleden odnos s po\u0161tenimi pogodbenimi dogovori, ki so namenjeni krepitvi kmetov.<\/p>\n\n\n\n<p>Prek kmetijske slu\u017ebe podjetja Mutti delimo svoje znanje s kmeti in jim omogo\u010damo dostop do najbolj\u0161ih tehnolo\u0161kih platform. To pomeni, da lahko uporabljajo najbolj inovativne tehnike pridelave, krepijo svoje strokovno znanje in zagotavljajo, da izdelki, ki kon\u010dajo v kuhinjah na\u0161ih potro\u0161nikov, izpolnjujejo najvi\u0161je mo\u017ene standarde kakovosti. Vsi si prizadevamo za isti cilj: ponuditi dru\u017einam izjemen izdelek, ki predstavlja na\u0161o kulinari\u010dno identiteto in bistvo sredozemske gastronomije.<\/p>\n<\/div><figure class=\"wp-block-media-text__media\"><img loading=\"lazy\" decoding=\"async\" src=\"https:\/\/mutti-parma.com\/app\/uploads\/sites\/7\/2024\/11\/4-collaborazione-1024x1024.jpg\" alt=\"\" class=\"wp-image-11540 size-full\" sizes=\"(max-width: 600px) 100vw, (min-width: 1440px) 576px,40vw\" data-spai-crop=\"false\" \/><\/figure><\/div>\n\n\n\n<div class=\"wp-block-media-text alignwide is-stacked-on-mobile\" style=\"grid-template-columns:40% auto\"><figure class=\"wp-block-media-text__media\"><img loading=\"lazy\" decoding=\"async\" src=\"https:\/\/mutti-parma.com\/app\/uploads\/sites\/7\/2024\/11\/soddisfazione-1024x1024.jpg\" alt=\"\" class=\"wp-image-11526 size-full\" sizes=\"(max-width: 600px) 100vw, (min-width: 1440px) 576px,40vw\" data-spai-crop=\"false\" \/><\/figure><div class=\"wp-block-media-text__content\">\n<h2 class=\"wp-block-heading\"><strong>Ponos<\/strong><\/h2>\n\n\n\n<h3 class=\"wp-block-heading is-style-cursive\">S polja do va\u0161e kuhinje<\/h3>\n\n\n\n<p>Vsaka po\u0161iljka paradi\u017enika, ki prispe na na\u0161e lokacije, prina\u0161a veliko zadovoljstvo kmetom, ki ga pridelujejo. To v prvi vrsti pomeni, da so njihovi paradi\u017eniki prestali na\u0161e stroge preglede. To je vrhunec njihovega celoletnih prizadevanj.<\/p>\n\n\n\n<p>Vendar je to tudi vir zadovoljstva za nas v podjetju Mutti, saj pomeni, da smo prispevali k ustvarjanju vrednosti na vseh stopnjah dobavne verige in zagotovili izdelek, ki ni le dobrega okusa, temve\u010d je tudi rezultat eti\u010dnih odlo\u010ditev, ki zagotavljajo spo\u0161tovanje do ljudi &#8211; tako kmetov kot potro\u0161nikov.<\/p>\n\n\n\n<p>To je enak ob\u010dutek zadovoljstva, ki ga ob\u010dutimo, ko vemo, da smo vsi prispevali k temu, da smo na mizo prinesli nekaj z okusom, ki mu ni para &#8211; nekaj, kar bo narisalo nasmeh na obraze ljudi, ki jih imamo radi.<\/p>\n<\/div><\/div>\n","protected":false},"excerpt":{"rendered":"<p>Uspe\u0161en cikel Pomodorino d&#8217;Oro: veliko ve\u010d kot nagrada Pomodorino d&#8217;Oro (Zlati paradi\u017enik) je gospodarska spodbuda, ki jo vsako leto podeljujemo na\u0161im najbolj\u0161im kmetom kot priznanje za kakovost paradi\u017enika, ki ga pridelujejo: 100-odstotno italijanski izdelki, za katere skrbno skrbimo od semena do ploda. V zadnjih 26 letih smo podelili nagrade ve\u010d kot 800 kmetom. Nagrada je<\/p>\n","protected":false},"author":1,"featured_media":0,"parent":5,"menu_order":16,"comment_status":"closed","ping_status":"closed","template":"template-golden-tomato.php","meta":{"_acf_changed":false,"_relevanssi_hide_post":"","_relevanssi_hide_content":"","_relevanssi_pin_for_all":"","_relevanssi_pin_keywords":"","_relevanssi_unpin_keywords":"","_relevanssi_related_keywords":"","_relevanssi_related_include_ids":"","_relevanssi_related_exclude_ids":"","_relevanssi_related_no_append":"","_relevanssi_related_not_related":"","_relevanssi_related_posts":"","_relevanssi_noindex_reason":"","footnotes":""},"class_list":["post-11","page","type-page","status-publish","hentry"],"acf":[],"_links":{"self":[{"href":"https:\/\/mutti-parma.com\/si\/wp-json\/wp\/v2\/pages\/11","targetHints":{"allow":["GET"]}}],"collection":[{"href":"https:\/\/mutti-parma.com\/si\/wp-json\/wp\/v2\/pages"}],"about":[{"href":"https:\/\/mutti-parma.com\/si\/wp-json\/wp\/v2\/types\/page"}],"author":[{"embeddable":true,"href":"https:\/\/mutti-parma.com\/si\/wp-json\/wp\/v2\/users\/1"}],"replies":[{"embeddable":true,"href":"https:\/\/mutti-parma.com\/si\/wp-json\/wp\/v2\/comments?post=11"}],"version-history":[{"count":17,"href":"https:\/\/mutti-parma.com\/si\/wp-json\/wp\/v2\/pages\/11\/revisions"}],"predecessor-version":[{"id":413,"href":"https:\/\/mutti-parma.com\/si\/wp-json\/wp\/v2\/pages\/11\/revisions\/413"}],"up":[{"embeddable":true,"href":"https:\/\/mutti-parma.com\/si\/wp-json\/wp\/v2\/pages\/5"}],"wp:attachment":[{"href":"https:\/\/mutti-parma.com\/si\/wp-json\/wp\/v2\/media?parent=11"}],"curies":[{"name":"wp","href":"https:\/\/api.w.org\/{rel}","templated":true}]}}