{"id":13,"date":"2023-12-07T10:48:51","date_gmt":"2023-12-07T10:48:51","guid":{"rendered":"https:\/\/mutti-parma.com\/si\/?page_id=13"},"modified":"2023-12-07T14:37:51","modified_gmt":"2023-12-07T14:37:51","slug":"ogled-tovarne-mutti","status":"publish","type":"page","link":"https:\/\/mutti-parma.com\/si\/od-polja-do-mize\/ogled-tovarne-mutti\/","title":{"rendered":"Ogled tovarne Mutti"},"content":{"rendered":"\n<div class=\"wp-block-cover alignfull\"><span aria-hidden=\"true\" class=\"wp-block-cover__background has-pitchblack-background-color has-background-dim\"><\/span><img loading=\"lazy\" decoding=\"async\" class=\"wp-block-cover__image-background wp-image-300000155\" alt=\"\" src=\"https:\/\/mutti-parma.com\/app\/uploads\/sites\/3\/2019\/09\/banner-tour-of-mutti-factory.jpg\" style=\"object-position:24% 45%\" data-object-fit=\"cover\" data-object-position=\"24% 45%\" data-spai-crop=\"false\" srcset=\"https:\/\/mutti-parma.com\/app\/uploads\/sites\/3\/2019\/09\/banner-tour-of-mutti-factory.jpg 1472w, https:\/\/mutti-parma.com\/app\/uploads\/sites\/3\/2019\/09\/banner-tour-of-mutti-factory-200x200.jpg 200w, https:\/\/mutti-parma.com\/app\/uploads\/sites\/3\/2019\/09\/banner-tour-of-mutti-factory-500x500.jpg 500w, https:\/\/mutti-parma.com\/app\/uploads\/sites\/3\/2019\/09\/banner-tour-of-mutti-factory-768x768.jpg 768w, https:\/\/mutti-parma.com\/app\/uploads\/sites\/3\/2019\/09\/banner-tour-of-mutti-factory-1024x1024.jpg 1024w, https:\/\/mutti-parma.com\/app\/uploads\/sites\/3\/2019\/09\/banner-tour-of-mutti-factory-150x150.jpg 150w, https:\/\/mutti-parma.com\/app\/uploads\/sites\/3\/2019\/09\/banner-tour-of-mutti-factory-600x600.jpg 600w, https:\/\/mutti-parma.com\/app\/uploads\/sites\/3\/2019\/09\/banner-tour-of-mutti-factory-50x50.jpg 50w, https:\/\/mutti-parma.com\/app\/uploads\/sites\/3\/2019\/09\/banner-tour-of-mutti-factory-60x60.jpg 60w\" sizes=\"(max-width: 1472px) 100vw, 1472px\" \/><div class=\"wp-block-cover__inner-container is-layout-flow wp-block-cover-is-layout-flow\"><div class=\"acf-breadcrumb my-4 md:my-8 text-center\">\n  <nav>\n  <ol class=\"list-none text-md\">\n                  <li class=\"inline\">\n                      <a class=\"text-inherit\" href=\"https:\/\/mutti-parma.com\/si\/\">\n              O nas\n            <\/a>\n                            <\/li>\n            <\/ol>\n<\/nav>\n<\/div>\n\n\n\n<h1 class=\"wp-block-heading has-text-align-center\"><strong>Ogled tovarne Mutti<\/strong><\/h1>\n\n\n\n<p class=\"has-text-align-center\">Paradi\u017enik je v strogo nadzorovanih pogojih dosegel polno zrelost in se bo v manj kot 24 urah po obiranju spremenil v izdelke, ki se vsak dan uporabljajo v kuhinjah po vsem svetu.<\/p>\n\n\n\n<p class=\"has-text-align-center is-style-cursive\">Pa za\u010dnimo &#8230;<\/p>\n<\/div><\/div>\n\n\n\n<div class=\"wp-block-media-text alignwide is-stacked-on-mobile has-media-below-on-mobile\"><figure class=\"wp-block-media-text__media\"><img loading=\"lazy\" decoding=\"async\" src=\"https:\/\/mutti-parma.com\/app\/uploads\/sites\/3\/2019\/09\/section-tour-quality-control-1024x1024.jpg\" alt=\"\" class=\"wp-image-30000026 size-full\" sizes=\"(max-width: 600px) 100vw, (min-width: 1440px) 792px,55vw\" data-spai-crop=\"false\" srcset=\"https:\/\/mutti-parma.com\/app\/uploads\/sites\/3\/2019\/09\/section-tour-quality-control-1024x1024.jpg 1024w, https:\/\/mutti-parma.com\/app\/uploads\/sites\/3\/2019\/09\/section-tour-quality-control-200x200.jpg 200w, https:\/\/mutti-parma.com\/app\/uploads\/sites\/3\/2019\/09\/section-tour-quality-control-500x500.jpg 500w, https:\/\/mutti-parma.com\/app\/uploads\/sites\/3\/2019\/09\/section-tour-quality-control-768x768.jpg 768w, https:\/\/mutti-parma.com\/app\/uploads\/sites\/3\/2019\/09\/section-tour-quality-control-150x150.jpg 150w, https:\/\/mutti-parma.com\/app\/uploads\/sites\/3\/2019\/09\/section-tour-quality-control-600x600.jpg 600w, https:\/\/mutti-parma.com\/app\/uploads\/sites\/3\/2019\/09\/section-tour-quality-control-50x50.jpg 50w, https:\/\/mutti-parma.com\/app\/uploads\/sites\/3\/2019\/09\/section-tour-quality-control-60x60.jpg 60w\" \/><\/figure><div class=\"wp-block-media-text__content\">\n<h2 class=\"wp-block-heading\"><strong>Nadzor kakovosti<\/strong><\/h2>\n\n\n\n<p class=\"is-style-cursive has-xxl-font-size\">V na\u0161o tovarno prispe le najbolj\u0161i paradi\u017enik &#8230;<\/p>\n\n\n\n<p>V na\u0161o tovarno prispe le najbolj\u0161i paradi\u017enik.<br><br>Vsak tovor je natan\u010dno pregledan, da bi lahko zadostil va\u0161im visokim pri\u010dakovanjem glede kakovosti hrane. Skrbno se izmerijo vsebnost sladkorja, kislost in barva. Po\u010deni, krhki, zme\u010dkani paradi\u017eniki in paradi\u017eniki, umazani z zemljo ali kamenjem, se izlo\u010dijo iz proizvodnje in uporabijo za druge namene. Za na\u0161e kon\u010dne izdelke se uporabljajo le paradi\u017eniki, ki izpolnjujejo vse na\u0161e stroge zahteve<\/p>\n<\/div><\/div>\n\n\n\n<div class=\"wp-block-media-text alignwide has-media-on-the-right is-stacked-on-mobile\" style=\"grid-template-columns:auto 57%\"><div class=\"wp-block-media-text__content\">\n<h2 class=\"wp-block-heading\"><strong>Prihod v tovarno<\/strong><\/h2>\n\n\n\n<p class=\"is-style-cursive has-xxl-font-size\">&#8230;Tu se paradi\u017enik ponovno opere in preveri &#8230;<\/p>\n\n\n\n<p>Ko je tovor uspe\u0161no pregledan, se paradi\u017enik dovaja v rezervoarje in opere z vodnimi curki &#8211; ne\u017eno, da se ne po\u0161koduje. Vsaka serija se nato ponovno preveri s sistemom laserskih \u017earkov in kamer in izlo\u010dijo se vsi dodatno po\u0161kodovani ali pokvarjeni plodovi.<br><br>Voda je na\u0161a dragocena dobrina in ne \u017eelimo je zapravljati. Na\u0161o porabo vode nenehno spremljamo in jo izbolj\u0161ujemo.<br><br>Zmanj\u0161anje porabe vode v tovarni ni dovolj. 80 % vode, ki jo porabimo, gre na polja.<\/p>\n<\/div><figure class=\"wp-block-media-text__media\"><img loading=\"lazy\" decoding=\"async\" src=\"https:\/\/mutti-parma.com\/app\/uploads\/sites\/3\/2019\/09\/section-tour-arrival-at-the-factory-1024x683.jpg\" alt=\"\" class=\"wp-image-30000028 size-full\" sizes=\"(max-width: 600px) 100vw, (min-width: 1440px) 821px,57vw\" data-spai-crop=\"false\" srcset=\"https:\/\/mutti-parma.com\/app\/uploads\/sites\/3\/2019\/09\/section-tour-arrival-at-the-factory-1024x683.jpg 1024w, https:\/\/mutti-parma.com\/app\/uploads\/sites\/3\/2019\/09\/section-tour-arrival-at-the-factory-200x133.jpg 200w, https:\/\/mutti-parma.com\/app\/uploads\/sites\/3\/2019\/09\/section-tour-arrival-at-the-factory-500x334.jpg 500w, https:\/\/mutti-parma.com\/app\/uploads\/sites\/3\/2019\/09\/section-tour-arrival-at-the-factory-768x513.jpg 768w, https:\/\/mutti-parma.com\/app\/uploads\/sites\/3\/2019\/09\/section-tour-arrival-at-the-factory-150x100.jpg 150w, https:\/\/mutti-parma.com\/app\/uploads\/sites\/3\/2019\/09\/section-tour-arrival-at-the-factory-600x400.jpg 600w\" \/><\/figure><\/div>\n\n\n\n<div class=\"wp-block-media-text alignwide is-stacked-on-mobile\" style=\"grid-template-columns:57% auto\"><figure class=\"wp-block-media-text__media\"><img loading=\"lazy\" decoding=\"async\" src=\"https:\/\/mutti-parma.com\/app\/uploads\/sites\/3\/2019\/09\/section-tour-storage-1024x683.jpg\" alt=\"\" class=\"wp-image-30000025 size-full\" sizes=\"(max-width: 600px) 100vw, (min-width: 1440px) 821px,57vw\" data-spai-crop=\"false\" srcset=\"https:\/\/mutti-parma.com\/app\/uploads\/sites\/3\/2019\/09\/section-tour-storage-1024x683.jpg 1024w, https:\/\/mutti-parma.com\/app\/uploads\/sites\/3\/2019\/09\/section-tour-storage-200x133.jpg 200w, https:\/\/mutti-parma.com\/app\/uploads\/sites\/3\/2019\/09\/section-tour-storage-500x333.jpg 500w, https:\/\/mutti-parma.com\/app\/uploads\/sites\/3\/2019\/09\/section-tour-storage-768x512.jpg 768w, https:\/\/mutti-parma.com\/app\/uploads\/sites\/3\/2019\/09\/section-tour-storage-150x100.jpg 150w, https:\/\/mutti-parma.com\/app\/uploads\/sites\/3\/2019\/09\/section-tour-storage-600x400.jpg 600w\" \/><\/figure><div class=\"wp-block-media-text__content\">\n<h2 class=\"wp-block-heading\"><strong>Shranjevanje<\/strong><\/h2>\n\n\n\n<p class=\"is-style-cursive has-xxl-font-size\">&#8230; Zatem gredo v bazene &#8230;<\/p>\n\n\n\n<p>V naslednji fazi proizvodne verige se paradi\u017eniki prenesejo v bazene, kjer jih ponovno operemo, da se odpravijo \u0161e zadnje ne\u010disto\u010de. Tako ostanejo sade\u017ei sve\u017ei in za\u0161\u010diteni pred fermentacijo. Nato so kon\u010dno pripravljeni za predelavo.<\/p>\n<\/div><\/div>\n\n\n\n<div class=\"wp-block-media-text alignwide has-media-on-the-right is-stacked-on-mobile\" style=\"grid-template-columns:auto 56%\"><div class=\"wp-block-media-text__content\">\n<h2 class=\"wp-block-heading\"><strong>Proizvodnja<\/strong><\/h2>\n\n\n\n<p class=\"is-style-cursive has-xxl-font-size\">&#8230; Zadnji pregled pred za\u010detkom predelave &#8230;<\/p>\n\n\n\n<p>Po navdihu tradicionalne italijanske kuhinje se paradi\u017enik na teko\u010dem traku \u0161e tretji\u010d preveri. Nato se jih usmeri v razli\u010dne proizvodne linije, kjer jih predelamo v vrsto kakovostnih izdelkov Mutti. Kot smo \u017ee omenili, ima vsaka sorta paradi\u017enika svoje zna\u010dilnosti, zato vsako sorto uporabljamo v posebnih izdelkih, ki na najbolj\u0161i mo\u017eni na\u010din poudarijo njeno naravno bistvo.<\/p>\n<\/div><figure class=\"wp-block-media-text__media\"><img loading=\"lazy\" decoding=\"async\" src=\"https:\/\/mutti-parma.com\/app\/uploads\/sites\/3\/2019\/09\/section-tour-production-1024x684.jpg\" alt=\"\" class=\"wp-image-30000027 size-full\" sizes=\"(max-width: 600px) 100vw, (min-width: 1440px) 806px,56vw\" data-spai-crop=\"false\" srcset=\"https:\/\/mutti-parma.com\/app\/uploads\/sites\/3\/2019\/09\/section-tour-production-1024x684.jpg 1024w, https:\/\/mutti-parma.com\/app\/uploads\/sites\/3\/2019\/09\/section-tour-production-200x134.jpg 200w, https:\/\/mutti-parma.com\/app\/uploads\/sites\/3\/2019\/09\/section-tour-production-500x334.jpg 500w, https:\/\/mutti-parma.com\/app\/uploads\/sites\/3\/2019\/09\/section-tour-production-768x513.jpg 768w, https:\/\/mutti-parma.com\/app\/uploads\/sites\/3\/2019\/09\/section-tour-production-150x100.jpg 150w, https:\/\/mutti-parma.com\/app\/uploads\/sites\/3\/2019\/09\/section-tour-production-600x401.jpg 600w\" \/><\/figure><\/div>\n\n\n\n<p class=\"has-text-align-center is-style-cursive has-xxl-font-size\">Preberite ve\u010d<\/p>\n\n\n\n<h2 class=\"wp-block-heading has-text-align-center\"><strong>Kako izdelujemo na\u0161e osnovne izdelke<\/strong><\/h2>\n\n\n<div class=\"acf-product-listing is-style-slideshow alignwide\" data-vue-wrapper>\n      <slideshow :slides-per-view=\"5\" :slides-per-view-lg=\"4\" :slides-per-view-sm=\"1\" :slides-per-view-md=\"3\" :navigation=\"true\" class=\"mx-8 lg:-mx-12\" name=\"Products\">\n              <div class=\"swiper-slide\">\n          <div class=\"text-center hover:lift-img mx-auto max-w-28\">\n      <a href=\"https:\/\/mutti-parma.com\/si\/izdelki\/passata\/\" class=\"block\">\n            <div class=\"responsive-embed is-contain\" style=\"padding-bottom: 188.23529411765%;\"><img decoding=\"async\" width=\"962\" height=\"2400\" src=\"https:\/\/mutti-parma.com\/app\/uploads\/sites\/35\/2023\/12\/passata-700g-croatia.png\" class=\"inline-block mt-2 wp-image-89\" alt=\"Passata\" sizes=\"auto, 126px\" data-spai-crop=\"false\" title=\"Passata\" srcset=\"https:\/\/mutti-parma.com\/app\/uploads\/sites\/35\/2023\/12\/passata-700g-croatia.png 962w, https:\/\/mutti-parma.com\/app\/uploads\/sites\/35\/2023\/12\/passata-700g-croatia-200x500.png 200w, https:\/\/mutti-parma.com\/app\/uploads\/sites\/35\/2023\/12\/passata-700g-croatia-410x1024.png 410w, https:\/\/mutti-parma.com\/app\/uploads\/sites\/35\/2023\/12\/passata-700g-croatia-80x200.png 80w, https:\/\/mutti-parma.com\/app\/uploads\/sites\/35\/2023\/12\/passata-700g-croatia-768x1916.png 768w, https:\/\/mutti-parma.com\/app\/uploads\/sites\/35\/2023\/12\/passata-700g-croatia-150x374.png 150w, https:\/\/mutti-parma.com\/app\/uploads\/sites\/35\/2023\/12\/passata-700g-croatia-600x1497.png 600w, https:\/\/mutti-parma.com\/app\/uploads\/sites\/35\/2023\/12\/passata-700g-croatia-616x1536.png 616w, https:\/\/mutti-parma.com\/app\/uploads\/sites\/35\/2023\/12\/passata-700g-croatia-821x2048.png 821w\" loading=\"lazy\" \/><\/div>\n    <\/a>\n  \n  <a class=\"block underline mb-2 mt-2\" href=\"https:\/\/mutti-parma.com\/si\/izdelki\/passata\/\">\n    <h3 class=\"h4\">Passata<\/h3>\n  <\/a>\n\n      <a class=\"block hover:no-underline text-inherit\" href=\"https:\/\/mutti-parma.com\/si\/izdelki\/passata\/\">\n      Paradi\u017enikov pire\n    <\/a>\n  <\/div>\n        <\/div>\n              <div class=\"swiper-slide\">\n          <div class=\"text-center hover:lift-img mx-auto max-w-28\">\n      <a href=\"https:\/\/mutti-parma.com\/si\/izdelki\/polpa\/\" class=\"block\">\n            <div class=\"responsive-embed is-contain\" style=\"padding-bottom: 188.23529411765%;\"><img decoding=\"async\" width=\"1200\" height=\"1820\" src=\"https:\/\/mutti-parma.com\/app\/uploads\/sites\/3\/2019\/09\/polpa-400g-hires.png\" class=\"inline-block mt-2 wp-image-300000186\" alt=\"polpa finely chopped tomatoes\" sizes=\"auto, 126px\" data-spai-crop=\"false\" srcset=\"https:\/\/mutti-parma.com\/app\/uploads\/sites\/3\/2019\/09\/polpa-400g-hires.png 1200w, https:\/\/mutti-parma.com\/app\/uploads\/sites\/3\/2019\/09\/polpa-400g-hires-132x200.png 132w, https:\/\/mutti-parma.com\/app\/uploads\/sites\/3\/2019\/09\/polpa-400g-hires-330x500.png 330w, https:\/\/mutti-parma.com\/app\/uploads\/sites\/3\/2019\/09\/polpa-400g-hires-768x1165.png 768w, https:\/\/mutti-parma.com\/app\/uploads\/sites\/3\/2019\/09\/polpa-400g-hires-675x1024.png 675w, https:\/\/mutti-parma.com\/app\/uploads\/sites\/3\/2019\/09\/polpa-400g-hires-150x228.png 150w, https:\/\/mutti-parma.com\/app\/uploads\/sites\/3\/2019\/09\/polpa-400g-hires-600x910.png 600w\" loading=\"lazy\" \/><\/div>\n    <\/a>\n  \n  <a class=\"block underline mb-2 mt-2\" href=\"https:\/\/mutti-parma.com\/si\/izdelki\/polpa\/\">\n    <h3 class=\"h4\">Polpa<\/h3>\n  <\/a>\n\n      <a class=\"block hover:no-underline text-inherit\" href=\"https:\/\/mutti-parma.com\/si\/izdelki\/polpa\/\">\n      Drobno sesekljan paradi\u017enik\n    <\/a>\n  <\/div>\n        <\/div>\n              <div class=\"swiper-slide\">\n          <div class=\"text-center hover:lift-img mx-auto max-w-28\">\n      <a href=\"https:\/\/mutti-parma.com\/si\/izdelki\/dvojno-zgoscena-paradiznikova-pasta\/\" class=\"block\">\n            <div class=\"responsive-embed is-contain\" style=\"padding-bottom: 188.23529411765%;\"><img decoding=\"async\" width=\"775\" height=\"2400\" src=\"https:\/\/mutti-parma.com\/app\/uploads\/sites\/3\/2019\/09\/dubble-concentrato-200g-hires.png\" class=\"inline-block mt-2 wp-image-300000180\" alt=\"double concentrated tomato paste\" sizes=\"auto, 126px\" data-spai-crop=\"false\" srcset=\"https:\/\/mutti-parma.com\/app\/uploads\/sites\/3\/2019\/09\/dubble-concentrato-200g-hires.png 775w, https:\/\/mutti-parma.com\/app\/uploads\/sites\/3\/2019\/09\/dubble-concentrato-200g-hires-65x200.png 65w, https:\/\/mutti-parma.com\/app\/uploads\/sites\/3\/2019\/09\/dubble-concentrato-200g-hires-768x2378.png 768w, https:\/\/mutti-parma.com\/app\/uploads\/sites\/3\/2019\/09\/dubble-concentrato-200g-hires-331x1024.png 331w, https:\/\/mutti-parma.com\/app\/uploads\/sites\/3\/2019\/09\/dubble-concentrato-200g-hires-150x464.png 150w, https:\/\/mutti-parma.com\/app\/uploads\/sites\/3\/2019\/09\/dubble-concentrato-200g-hires-600x1858.png 600w\" loading=\"lazy\" \/><\/div>\n    <\/a>\n  \n  <a class=\"block underline mb-2 mt-2\" href=\"https:\/\/mutti-parma.com\/si\/izdelki\/dvojno-zgoscena-paradiznikova-pasta\/\">\n    <h3 class=\"h4\">Dvojno zgo\u0161\u010dena paradi\u017enikova pasta<\/h3>\n  <\/a>\n\n      <a class=\"block hover:no-underline text-inherit\" href=\"https:\/\/mutti-parma.com\/si\/izdelki\/dvojno-zgoscena-paradiznikova-pasta\/\">\n      Paradi\u017enikova pasta\n    <\/a>\n  <\/div>\n        <\/div>\n              <div class=\"swiper-slide\">\n          <div class=\"text-center hover:lift-img mx-auto max-w-28\">\n      <a href=\"https:\/\/mutti-parma.com\/si\/izdelki\/pelati\/\" class=\"block\">\n            <div class=\"responsive-embed is-contain\" style=\"padding-bottom: 188.23529411765%;\"><img decoding=\"async\" width=\"1200\" height=\"1820\" src=\"https:\/\/mutti-parma.com\/app\/uploads\/sites\/3\/2019\/09\/pelati-400g-hires.png\" class=\"inline-block mt-2 wp-image-300000203\" alt=\"peeled tomatoes 400g\" sizes=\"auto, 126px\" data-spai-crop=\"false\" srcset=\"https:\/\/mutti-parma.com\/app\/uploads\/sites\/3\/2019\/09\/pelati-400g-hires.png 1200w, https:\/\/mutti-parma.com\/app\/uploads\/sites\/3\/2019\/09\/pelati-400g-hires-132x200.png 132w, https:\/\/mutti-parma.com\/app\/uploads\/sites\/3\/2019\/09\/pelati-400g-hires-330x500.png 330w, https:\/\/mutti-parma.com\/app\/uploads\/sites\/3\/2019\/09\/pelati-400g-hires-768x1165.png 768w, https:\/\/mutti-parma.com\/app\/uploads\/sites\/3\/2019\/09\/pelati-400g-hires-675x1024.png 675w, https:\/\/mutti-parma.com\/app\/uploads\/sites\/3\/2019\/09\/pelati-400g-hires-150x228.png 150w, https:\/\/mutti-parma.com\/app\/uploads\/sites\/3\/2019\/09\/pelati-400g-hires-600x910.png 600w\" loading=\"lazy\" \/><\/div>\n    <\/a>\n  \n  <a class=\"block underline mb-2 mt-2\" href=\"https:\/\/mutti-parma.com\/si\/izdelki\/pelati\/\">\n    <h3 class=\"h4\">Pelati<\/h3>\n  <\/a>\n\n      <a class=\"block hover:no-underline text-inherit\" href=\"https:\/\/mutti-parma.com\/si\/izdelki\/pelati\/\">\n      Olupljen paradi\u017enik\n    <\/a>\n  <\/div>\n        <\/div>\n          <\/slideshow>\n  <\/div>\n\n\n","protected":false},"excerpt":{"rendered":"<p>Nadzor kakovosti V na\u0161o tovarno prispe le najbolj\u0161i paradi\u017enik &#8230; V na\u0161o tovarno prispe le najbolj\u0161i paradi\u017enik.Vsak tovor je natan\u010dno pregledan, da bi lahko zadostil va\u0161im visokim pri\u010dakovanjem glede kakovosti hrane. Skrbno se izmerijo vsebnost sladkorja, kislost in barva. Po\u010deni, krhki, zme\u010dkani paradi\u017eniki in paradi\u017eniki, umazani z zemljo ali kamenjem, se izlo\u010dijo iz proizvodnje in<\/p>\n","protected":false},"author":1,"featured_media":0,"parent":5,"menu_order":6,"comment_status":"closed","ping_status":"closed","template":"template-factory-tour.php","meta":{"_acf_changed":false,"_relevanssi_hide_post":"","_relevanssi_hide_content":"","_relevanssi_pin_for_all":"","_relevanssi_pin_keywords":"","_relevanssi_unpin_keywords":"","_relevanssi_related_keywords":"","_relevanssi_related_include_ids":"","_relevanssi_related_exclude_ids":"","_relevanssi_related_no_append":"","_relevanssi_related_not_related":"","_relevanssi_related_posts":"","_relevanssi_noindex_reason":"","footnotes":""},"class_list":["post-13","page","type-page","status-publish","hentry"],"acf":[],"_links":{"self":[{"href":"https:\/\/mutti-parma.com\/si\/wp-json\/wp\/v2\/pages\/13","targetHints":{"allow":["GET"]}}],"collection":[{"href":"https:\/\/mutti-parma.com\/si\/wp-json\/wp\/v2\/pages"}],"about":[{"href":"https:\/\/mutti-parma.com\/si\/wp-json\/wp\/v2\/types\/page"}],"author":[{"embeddable":true,"href":"https:\/\/mutti-parma.com\/si\/wp-json\/wp\/v2\/users\/1"}],"replies":[{"embeddable":true,"href":"https:\/\/mutti-parma.com\/si\/wp-json\/wp\/v2\/comments?post=13"}],"version-history":[{"count":8,"href":"https:\/\/mutti-parma.com\/si\/wp-json\/wp\/v2\/pages\/13\/revisions"}],"predecessor-version":[{"id":208,"href":"https:\/\/mutti-parma.com\/si\/wp-json\/wp\/v2\/pages\/13\/revisions\/208"}],"up":[{"embeddable":true,"href":"https:\/\/mutti-parma.com\/si\/wp-json\/wp\/v2\/pages\/5"}],"wp:attachment":[{"href":"https:\/\/mutti-parma.com\/si\/wp-json\/wp\/v2\/media?parent=13"}],"curies":[{"name":"wp","href":"https:\/\/api.w.org\/{rel}","templated":true}]}}