{"id":16,"date":"2024-02-26T09:42:34","date_gmt":"2024-02-26T09:42:34","guid":{"rendered":"https:\/\/mutti-parma.com\/si\/?page_id=16"},"modified":"2024-02-26T09:42:35","modified_gmt":"2024-02-26T09:42:35","slug":"privacy-policy","status":"publish","type":"page","link":"https:\/\/mutti-parma.com\/si\/privacy-policy\/","title":{"rendered":"Privacy Policy"},"content":{"rendered":"<div class=\"acf-breadcrumb my-4 md:my-8 alignwide text-center md:text-left\">\n  <nav>\n  <ol class=\"list-none text-md\">\n                  <li class=\"inline\">\n                      <a class=\"text-inherit\" href=\"https:\/\/mutti-parma.com\/si\/\">\n              O nas\n            <\/a>\n                            <\/li>\n            <\/ol>\n<\/nav>\n<\/div>\n\n\n\n<h1 class=\"wp-block-heading\"><strong>OBVESTILO O POLITIKI ZASEBNOSTI V SKLADU Z UREDBO (EU)\u00a02016\/679 \u2013 SPLO\u0160NA UREDBA O VARSTVU PODATKOV<\/strong><\/h1>\n\n\n\n<p>S tem obvestilom vas obve\u0161\u010damo, da v skladu z Uredbo (EU)&nbsp;2016\/679 (v nadaljnjem besedilu: <strong>SPLO\u0160NA UREDBA O VARSTVU PODATKOV<\/strong>) v zvezi z varstvom veljavnih osebnih podatkov (v nadaljnjem besedilu: <strong>zakonodaja o zasebnosti<\/strong>), da bodo osebni podatki (v nadaljnjem besedilu: <strong>podatki<\/strong>) uporabnikov spletnega mesta (v nadaljevanju: <strong>osebe, na katere se nana\u0161ajo osebni podatki<\/strong>) obdelani na naslednje na\u010dine in za naslednje namene.<\/p>\n\n\n\n<p>Obdelava osebnih podatkov pomeni vsak postopek ali niz postopkov, ki se izvaja z avtomatiziranimi postopki ali brez njih in se uporablja za osebne podatke ali nize osebnih podatkov, tudi \u010de niso zabele\u017eeni v zbirki podatkov, kot so zbiranje, registracija, organizacija, strukturiranje, shranjevanje, prilagajanje ali spreminjanje, pridobivanje, vpogled, uporaba, sporo\u010danje s prenosom, raz\u0161irjanjem ali katero koli drugo obliko dajanja na voljo, primerjava ali medsebojna povezava, omejitev, izbris ali uni\u010denje.<\/p>\n\n\n\n<p>V skladu s pravili Splo\u0161ne uredbe o varstvu podatkov bo obdelava, ki jo izvaja dru\u017eba Mutti S.p.A., temeljila na na\u010delih zakonitosti, pravilnosti, preglednosti in varstva zaupnosti.<\/p>\n\n\n\n<h4 class=\"wp-block-heading\"><strong>1. UPRAVLJAVCI PODATKOV<\/strong><\/h4>\n\n\n\n<ul class=\"wp-block-list\">\n<li>Dru\u017eba Mutti S.p.A. (v nadaljnjem besedilu:<strong>dru\u017eba Mutti<\/strong>), s sede\u017eem v kraju Montechiarugolo, Via Traversetolo\u00a028, 43022 \u2013 Parma, ID za DDV: 02758310342, telefon +39 (0521) 652511, faks +39 (0521) 652596, e-naslov\u00a0<a href=\"mailto:muttispa@muttispa.it\">muttispa@muttispa.it<\/a> je upravljavec podatkov, ki se zbirajo prek tega spletnega mesta;<\/li>\n\n\n\n<li>dru\u017ebi Mutti S.p.a. in Meta Platforms Ireland Ltd. s sede\u017eem na naslovu 4\u00a0Grand Canal Square Grand Canal Harbour,, Dublin\u00a02, Irska izklju\u010dno v zvezi z orodjem Febook Business Tools (na primer gumb \u00bbDeli\u00ab ali gumb \u00bbVpogled\u00ab na strani za preusmeritev na spletno mesto Facebook s spletnega mesta Mutti) in Pixel orodja Facebook nastopata kot neodvisna upravljavca podatkov, da bi izmerila stopnjo interakcije med obiskanimi spletnimi mesti v skladu z \u017eeljami posameznikov, na katere se nana\u0161ajo osebni podatki, in zagotovili ciljno ogla\u0161evanje znotraj dru\u017ebenega omre\u017eja. Ve\u010d informacijo o tem, kako podatke obdelujejo platforme Facebook, Instagram, Messenger ter drugi produkti in funkcije, ki jih ponuja dru\u017eba Meta Platforms Ireland Limited (<a href=\"https:\/\/www.facebook.com\/help\/1561485474074139?ref=dp\">produkti dru\u017ebe Meta<\/a>\u00a0ali produkti), je na voljo prek naslednje povezave. Uporabnik lahko najde dodatna orodja in informacije v\u00a0<a href=\"https:\/\/www.facebook.com\/settings\">Nastavitvah platforme Facebook<\/a>\u00a0in \u00a0<a href=\"https:\/\/www.instagram.com\/accounts\/privacy_and_security\/\">Nastavitvah platforme Instagram<\/a>, \u00a0kjer je na voljo tudi pravna podlaga, na katero se sklicuje dru\u017eba Meta Platforms Ireland Ltd. s sede\u017eem na naslovu 4\u00a0Grand Canal Square Grand Canal Harbour, Dublin 2, Irska, na voljo pa so tudi informacije o tem, kako lahko posameznik, na katerega se nana\u0161ajo osebni podatki, uveljavlja svoje pravice.<\/li>\n<\/ul>\n\n\n\n<h4 class=\"wp-block-heading\"><strong>2. VRSTE OBDELANIH PODATKOV<\/strong><\/h4>\n\n\n\n<p>Obdelujejo se naslednji podatki:<\/p>\n\n\n\n<ul class=\"wp-block-list\">\n<li><strong>PODATKI ZA BRSKANJE<\/strong>: kot so naslovi IP ali imena domen ra\u010dunalnikov, ki jih uporabljajo uporabniki, ki se pove\u017eejo s spletnim mestom, naslovi v enotnem identifikatorju virov (URI) o zahtevanih virih, katerih prenos je nujen pri uporabi internetnih komunikacijskih protokolov. Te informacije se ne zbirajo, da bi bile povezane z dolo\u010denimi posamezniki, na katere se nana\u0161ajo osebni podatki, vendar bi lahko po svoji naravi z obdelavo in povezavo s podatki, ki jih hranijo tretje osebe, omogo\u010dile identifikacijo uporabnikov. Ti podatki se uporabljajo izklju\u010dno za pridobivanje anonimnih statisti\u010dnih podatkov o uporabi spletnega mesta in za preverjanje njegovega pravilnega delovanja ter se takoj po obdelavi izbri\u0161ejo. Podatki se lahko uporabijo za ugotavljanje odgovornosti v primeru hipoteti\u010dnih ra\u010dunalni\u0161kih kaznivih dejanj zoper spletno mesto: zaradi tega bi se lahko podatki o spletnih stikih hranili v skladu s tem namenom in omejeno na ta namen. Naslov IP in domensko ime uporabljenih ra\u010dunalnikov omogo\u010data, omejeno na namen ugotavljanja prijavljene odgovornosti, izsleditev nadaljnjih identifikacijskih podatkov uporabnika (zlasti ime, priimek, elektronski naslov itd.);<\/li>\n\n\n\n<li><strong>podatki, zbrani s pi\u0161kotki<\/strong>: informacije o pi\u0161kotkih na spletnem mestu Mutti in drugih orodjih za sledenje najdete v Politiki uporabe pi\u0161kotkov [povezava na Politiko uporabe pi\u0161kotkov]. Interakcija s spletnimi mesti, ki jih obi\u0161\u010dejo posamezniki, na katere se nana\u0161ajo osebni podatki, z uporabo poslovnih orodij Facebook pomeni, da podatke o brskanju obdeluje tudi platforma Facebook, ki enako kot dru\u017eba Mutti deluje kot neodvisni upravljavec podatkov.<\/li>\n<\/ul>\n\n\n\n<h4 class=\"wp-block-heading\"><strong>3. MLADOLETNE OSEBE<\/strong><\/h4>\n\n\n\n<p>To spletno mesto in storitve upravljavca podatkov niso namenjeni osebam, mlaj\u0161im od 16&nbsp;let, in upravljavec podatkov ne zbira namerno osebnih podatkov v zvezi z mladoletnimi osebami. \u010ce se podatki o mladoletnih osebah nenamerno registrirajo, jih bo upravljavec podatkov na zahtevo uporabnikov nemudoma izbrisal. Za\u0161\u010dita varnosti in zaupnosti mladoletnih oseb je za nas zelo pomembna. Z registracijo na spletnem mestu v ustreznem razdelku in tudi ob izpolnjevanju kakr\u0161nih koli obrazcev za zbiranje podatkov na tem spletnem mestu ali ob zahtevi za po\u0161iljanje\/registracijo za prejemanje e-novic, posameznik, na katerega se nana\u0161ajo osebni podatki, potrjuje in izjavlja, da je starej\u0161i od 16&nbsp;let ali v vsakem primeru ni mlaj\u0161i od starosti, kot je dolo\u010dena z zakonodajo dr\u017eave prebivali\u0161\u010da, s katero so dolo\u010dene starostne omejitve.<\/p>\n\n\n\n<h4 class=\"wp-block-heading\"><strong>4. NAMEN OBDELAVE<\/strong><\/h4>\n\n\n\n<p>Osebne podatke, ki jih posameznik, na katerega se nana\u0161ajo osebni podatki, posreduje prek spletnega mesta, upravljavec podatkov zbira in obdeluje za naslednje namene in v okviru naslednjih pravnih podlag:<\/p>\n\n\n\n<p><strong>A. brez predhodnega soglasja za namene izvajanja storitev in zlasti za:<\/strong><\/p>\n\n\n\n<p>1. vse storitve telefonske tehni\u010dne pomo\u010di, ki se zagotavljajo posameznikom, na katere se nana\u0161ajo osebni podatki, za kriti\u010dna vpra\u0161anja, ki izhajajo iz uporabe spletnega mesta (npr. prikaz vsebine, uporaba spletnega mesta in nekatere njegove funkcije);&nbsp;<\/p>\n\n\n\n<ul class=\"wp-block-list\">\n<li>obravnavanje zahteve za stik s strani posameznika, na katerega se nana\u0161ajo osebni podatki;<\/li>\n<\/ul>\n\n\n\n<p>2. izpolnjevanje zakonskih obveznosti s strani upravljavca podatkov, kot so:<\/p>\n\n\n\n<ul class=\"wp-block-list\">\n<li>izpolnjevanje obveznosti, ki jih dolo\u010dajo zakoni, predpisi ali nacionalna zakonodaja in zakonodaja EU ali ki jih nalagajo pristojni organi;<\/li>\n<\/ul>\n\n\n\n<p>3. izpolnjevanje zakonitega interesa upravljavca podatkov;<\/p>\n\n\n\n<ul class=\"wp-block-list\">\n<li>upravljanje in vzdr\u017eevanje spletnega mesta: interes upravljavca podatkov je v splo\u0161nem interesu dru\u017ebe za zagotavljanje njenega poslovanja, vklju\u010dno z delovanjem spletnega mesta in sprejetjem mo\u017ene u\u010dinkovitosti ponujene storitve;<\/li>\n\n\n\n<li>prepre\u010devanje ali odkrivanje goljufivih dejanj ali zlorab, ki \u0161kodujejo spletnemu mestu, ter uveljavljanje in varstvo pravic upravljavca podatkov na sodi\u0161\u010du in pri vodenju pravdnih postopkov: interes upravljavca podatkov v zvezi s splo\u0161nim, dejanskim in trenutnim interesom, da ne utrpi \u0161kode zaradi nezakonitega ravnanja drugih, ki kot tak prevladuje v zvezi z interesi posameznika, na katerega se nana\u0161ajo osebni podatki;<\/li>\n<\/ul>\n\n\n\n<p><strong>B. samo s predhodnim soglasjem za:<\/strong><\/p>\n\n\n\n<p>1. Namen uporabe orodij Facebook za merjenje in analizo interakcij s spletnimi stranmi, ki jih obi\u0161\u010dejo posamezniki, na katere se nana\u0161ajo osebni podatki, in zagotavljanje ciljno usmerjenega ogla\u0161evanja na dru\u017ebenem omre\u017eju platforme Facebook, zlasti:<\/p>\n\n\n\n<ul class=\"wp-block-list\">\n<li>dru\u017eba in Facebook Ireland Limited bosta kot neodvisna upravljavca podatkov, kot je opisano v odstavku\u00a01, obdelala podatke, ki se nana\u0161ajo na interakcije s spletnimi mesti, ki so jih obiskali posamezniki, na katere se nana\u0161ajo osebni podatki, z uporabo poslovnih orodij Facebook (na primer Pi\u0161kotki, Vpogledi in Pixel). Dodatne informacije o tem, kako dru\u017eba Meta Platforms Ireland Ltd. obdeluje podatke, vklju\u010dno s pravno podlago, ki jo uporablja dru\u017ebaMeta Platforms Ireland Ltd. , in kako uveljavljati pravice posameznika, na katerega se nana\u0161ajo osebni podatki, zoper dru\u017ebo Meta Platforms Ireland Ltd., so na voljo v aktu o podatkih dru\u017ebe Facebook Ireland, ki je dostopen prek povezave https:\/\/www.facebook.com\/privacy\/explanation;<\/li>\n\n\n\n<li>spletno mesto dru\u017ebe Mutti zlasti uporablja t.\u00a0i.\u00a0socialne vti\u010dnike. Socialni vti\u010dniki so posebna orodja, ki vam omogo\u010dajo, da se funkcije dru\u017ebenega omre\u017eja vdelajo neposredno v spletno mesto (npr. gumb \u00bbDeli\u00ab ikona Facebook za preusmeritev na stran Facebook s spletnega mesta Mutti). Vsi socialni vti\u010dniki na spletnem mestu so ozna\u010deni z ustreznim logotipom, ki je v lasti platforme dru\u017ebenega omre\u017eja. Zbiranje in uporabo informacij, pridobljenih prek vti\u010dnika, urejajo ustrezne politike zasebnosti zadevnih dru\u017ebenih omre\u017eij..<\/li>\n<\/ul>\n\n\n\n<p>Ko obi\u0161\u010dete stran na\u0161ega spletnega mesta in komunicirate z vti\u010dnikom (npr. s klikom gumba Deli ali ikone Facebook za preusmeritev na stran Facebook s spletnega mesta Mutti) ali se odlo\u010dite, da pustite komentar, se ustrezne informacije iz brskalnika prenesejo neposredno na platformo dru\u017ebenega omre\u017eja (v tem primeru Facebook) in se shranijo. Dodatne informacije o tem, kako dru\u017eba Meta Platforms Ireland Ltd. obdeluje podatke, vklju\u010dno s pravno podlago, ki jo uporablja dru\u017ebaMeta Platforms Ireland Ltd. , in kako uveljavljati pravice posameznika, na katerega se nana\u0161ajo osebni podatki, zoper dru\u017ebo Meta Platforms Ireland Ltd., so na voljo v aktu o podatkih dru\u017ebe Meta Platforms Ireland Ltd., ki je dostopen prek povezave https:\/\/www.facebook.com\/privacy\/explanation;<\/p>\n\n\n\n<h4 class=\"wp-block-heading\"><strong>5. VRSTE PI\u0160KOTKOV<\/strong><\/h4>\n\n\n\n<p>Zagotavljanje podatkov v zvezi z nameni iz to\u010dke A) je obvezno in upravljavec podatkov zaradi vsake zavrnitve ne more izpolniti prevzetih pogodbenih obveznosti ali izpolniti zahteve posameznika, na katerega se nana\u0161ajo osebni podatki, ali izpolniti pravne obveznosti. V zvezi z nameni iz to\u010dke B.1) je zagotavljanje osebnih podatkov neobvezno, njihova uporaba pa je predmet prostovoljne interakcije s socialnim vti\u010dnikom s strani posameznika, na katerega se nana\u0161ajo osebni podatki. Nezmo\u017enost interakcije nima nobenih posledic in posameznik, na katerega se nana\u0161ajo osebni podatki, lahko nadaljuje brskanje po spletnem mestu, ne da bi neposredno sodeloval s platformo dru\u017ebenega omre\u017eja.<\/p>\n\n\n\n<h4 class=\"wp-block-heading\"><strong>6. NA\u010cIN OBDELAVE<\/strong><\/h4>\n\n\n\n<p>Obdelava podatkov posameznikov, na katere se nana\u0161ajo osebni podatki, se izvaja \u2013 z elektronskimi sredstvi \u2013 s postopki zbiranja, bele\u017eenja, posodabljanja, organizacije, shranjevanja, posvetovanja, obdelave, izbire, ekstrakcije, primerjave, uporabe, povezovanja, blokiranja, izbrisa in uni\u010denja podatkov. Podatke bodo obdelovali dru\u017eba in njeni zaposleni, odgovorni za ra\u010dunalni\u0161ke (in ro\u010dno vodene) sisteme v skladu z na\u010deli pravilnosti, zakonitosti in preglednosti, ki jih dolo\u010da veljavna zakonodaja o varstvu osebnih podatkov, varovanju zaupnosti posameznika, na katerega se nana\u0161ajo osebni podatki, in njegovih pravic s sprejetjem ustreznih tehni\u010dnih in organizacijskih ukrepov, da se zagotovi raven varnosti glede na sprejeto tveganje. Upo\u0161tevajo se posebni varnostni ukrepi za prepre\u010devanje izgube podatkov, nezakonite ali nepravilne uporabe in nepoobla\u0161\u010denega dostopa.&nbsp;<\/p>\n\n\n\n<h4 class=\"wp-block-heading\"><strong>7. SHRANJEVANJE PODATKOV<\/strong><\/h4>\n\n\n\n<p>V zvezi z nameni iz \u010detrte alinee to\u010dke A) (Namen obdelave) se bodo podatki obdelovali za celotno trajanje razmerja, da bi dosegli zgoraj navedene namene, v vsakem primeru pa najve\u010d 10&nbsp;let od izvr\u0161itve dogovora, \u010de je bil dogovor sklenjen. Podatki o brskanju se bodo obdelovali in hranili 7&nbsp;dni. Osebni podatki, ki so potrebni za izpolnjevanje vseh zakonskih obveznosti, bodo shranjeni tudi dlje, v skladu s temi obveznostmi in v skladu z obdobji hrambe, ki jih dolo\u010dajo pravila, ki veljajo v zvezi s tem.&nbsp;<\/p>\n\n\n\n<p>Za podatke, predlo\u017eene za namene iz druge alinee to\u010dke&nbsp;B (Uporaba poslovnih orodij Facebook) in \u010detrte alinee (Namen obdelave) bodo podatki obdelani v skladu z nameni dru\u017ebe Meta Platforms Ireland Ltd., &nbsp;kot je predvideno v aktu o podatkih platforme Facebook, ki je dostopen prek povezave https:\/\/www.facebook.com\/privacy\/explanation.&nbsp;<\/p>\n\n\n\n<h4 class=\"wp-block-heading\"><strong>8. OKOLJE OBDELAVE, SPORO\u010cANJA, RAZ\u0160IRJANJA&nbsp;<\/strong><\/h4>\n\n\n\n<p>Podatki posameznikov, na katere se nana\u0161ajo osebni podatki, bodo dostopni in obdelani za namene iz to\u010dke&nbsp;4 tega obvestila:<\/p>\n\n\n\n<ul class=\"wp-block-list\">\n<li>notranjemu osebju in sodelavcem upravljavca podatkov kot odgovorne osebe in\/ali notranjim obdelovalcem podatkov in\/ali upravljavcem sistemov;<\/li>\n\n\n\n<li>dru\u017ebam, ki so del podjetij skupine Mutti;<\/li>\n\n\n\n<li>tretjim osebam, ki izvajajo dejavnosti, oddane v zunanje izvajanje v imenu upravljavca podatkov, kot so ponudniki za upravljanje in vzdr\u017eevanje spletnega mesta, dobavitelji itd., po imenovanju obdelovalcev podatkov, omejeni na namene, dolo\u010dene v teh informacijah, in v skladu s predpisi Splo\u0161ne uredbe o varstvu podatkov.<\/li>\n<\/ul>\n\n\n\n<p>Zbrani podatki ne bodo razkriti in ne bodo posredovani brez izrecnega soglasja posameznika, na katerega se nana\u0161ajo osebni podatki.<\/p>\n\n\n\n<p>Upravljavec pa lahko brez potrebe po izrecnem soglasju (prej\u0161nji \u010dlen&nbsp;6 Splo\u0161ne uredbe o varstvu podatkov) va\u0161e podatke posreduje organom za nadzor, javnim organom, nadzornim organom, organom kazenskega pregona in pravosodnim organom ter vsem subjektom, sporo\u010danje katerim zakonsko obvezno za izpolnitev zgoraj navedenih namenov. Ti subjekti bodo podatke obdelovali kot neodvisni upravljavci podatkov.<\/p>\n\n\n\n<p>Popoln in posodobljen seznam subjektov, ki obdelujejo podatke kot upravitelji in neodvisni upravljavci podatkov, je mogo\u010de na zahtevo pridobiti pri dru\u017ebi Mutti S.p.A. s sede\u017eem v kraju Montechiarugolo, Via Traversetolo 28, I-43022 Parma (PR).<\/p>\n\n\n\n<h4 class=\"wp-block-heading\"><strong>9. PRENOS ZUNAJ EU&nbsp;<\/strong><\/h4>\n\n\n\n<p>Dru\u017eba Mutti S.p.A. podatkov sme prenesti podatke zunaj Evropske unije in zlasti v Zdru\u017eene dr\u017eave Amerike za namen tehni\u010dnega upravljanja dolo\u010denih obdelav (npr. upravljanje po\u0161tnih seznamov in registriranih ra\u010dunov). V ta dru\u017eba oceni u\u010dinek prenosa podatkov in zato sprejme najustreznej\u0161e za\u0161\u010ditne ukrepe (na primer odlo\u010ditve o ustreznosti, kjer so sprejete, standardne pogodbene klavzule in v nekaterih omejene primere odstopanja, ki jih dovoljuje zakonodaja).&nbsp;<\/p>\n\n\n\n<p>Za informacije o prenosu osebnih podatkov, zbranih s pi\u0161kotki, vklju\u010dno s tretjimi osebami, si oglejte Politiko uporabe pi\u0161kotkov dru\u017ebe Mutti in politike zasebnosti vsake tretje osebe, ki so na voljo na njihovih spletnih mestih in so navedeni v preglednicah, zajetih v Politiko uporabe pi\u0161kotkov. Zlasti za te namene bodo dru\u017ebena omre\u017eja obdelovala podatke posameznikov, na katere se nana\u0161ajo osebni podatki, kot neodvisni upravljavci podatkov. Za ve\u010d informacij o obdelavi podatkov, ki jo izvajajo ta dru\u017ebena omre\u017eja (npr. Facebook, Instagram, Twitter in YouTube), si oglejte politike zasebnosti dru\u017eabnih omre\u017eij na naslednjih povezavah:<\/p>\n\n\n\n<ul class=\"wp-block-list\">\n<li><a href=\"https:\/\/www.facebook.com\/privacy\/explanation\">https:\/\/www.facebook.com\/privacy\/explanation<\/a>;<\/li>\n\n\n\n<li><a href=\"https:\/\/help.instagram.com\/519522125107875\">https:\/\/help.instagram.com\/519522125107875<\/a>;<\/li>\n\n\n\n<li><a href=\"https:\/\/twitter.com\/en\/privacy\">https:\/\/twitter.com\/en\/privacy<\/a>;<\/li>\n\n\n\n<li><a href=\"https:\/\/policies.google.com\/privacy?hl=sl\">https:\/\/policies.google.com\/privacy?hl=sl<\/a>.&nbsp;<\/li>\n<\/ul>\n\n\n\n<h4 class=\"wp-block-heading\"><strong>10. PRAVICE POSAMEZNIKA, NA KATEREGA SE NANA\u0160AJO OSEBNI PODATKI<\/strong><\/h4>\n\n\n\n<p>Posamezniki, na katere se nana\u0161ajo osebni podatki, lahko v zvezi z obdelavo podatkov, opisanih v tem dokumentu, uveljavljajo pravice iz \u010dlenov&nbsp;15\u201322 Splo\u0161ne uredbe o varstvu podatkov, in sicer:<\/p>\n\n\n\n<ul class=\"wp-block-list\">\n<li>pravico do pridobitve potrditve obstoja osebnih podatkov v zvezi z vami, tudi \u010de \u0161e niso registrirani, in dostopa do njihove vsebine (pravica do dostopa);<\/li>\n\n\n\n<li>pravico do posodobitve, spremembe in\/ali popravka osebnih podatkov (pravica do popravka);<\/li>\n\n\n\n<li>pravico do zahteve preklica ali omejitve obdelave osebnih podatkov, obdelanih v nasprotju z zakonom, vklju\u010dno s tistimi, katerih hramba ni potrebna za namene, za katere so bili podatki zbrani ali kako druga\u010de obdelani (pravica do pozabe in pravica do omejitve);<\/li>\n\n\n\n<li>pravico do vlo\u017eitve prito\u017ebe pri nadzornem organu v primeru kr\u0161itve predpisov o varstvu podatkov;<\/li>\n\n\n\n<li>pravico do nasprotovanja obdelavi (pravica do ugovora);<\/li>\n\n\n\n<li>pravico do preklica soglasja, \u010de je bilo podano, brez poseganja v zakonitost obdelave, ki temelji na privolitvi, dani pred preklicem;<\/li>\n\n\n\n<li>pravico do delnega ugovora zoper avtomatiziran postopek zbiranja, vklju\u010dno s profiliranjem;<\/li>\n\n\n\n<li>pravico do prejema kopije osebnih podatkov, posredovanih upravljavcu podatkov, v strukturirani obliki, ki se navadno uporablja in je berljiva z avtomatsko napravo, vklju\u010dno z zahtevo, da se taki podatki posredujejo drugemu upravljavcu podatkov, kadar je to tehni\u010dno izvedljivo (pravica do prenosljivosti podatkov).<\/li>\n<\/ul>\n\n\n\n<h4 class=\"wp-block-heading\"><strong>11. NA\u010cIN UVELJAVLJANJA PRAVIC<\/strong><\/h4>\n\n\n\n<p>Svoje pravice lahko kadar koli uveljavite tako, da s priporo\u010deno po\u0161iljko po\u0161ljete upravljavcu podatkov sporo\u010dilo na naslov: Mutti S.p.A., Via Traversetolo 28, Montechiarugolo (PR \u2013 43022), tako da po\u0161lje elektronsko sporo\u010dilo na naslov: <a href=\"mailto:muttispa@muttispa.it\">muttispa@muttispa.it<\/a>.<\/p>\n\n\n\n<h4 class=\"wp-block-heading\"><strong>12. SPREMEMBE TE POLITIKE ZASEBNOSTI<\/strong><\/h4>\n\n\n\n<p>To obvestilo se lahko s\u010dasoma spremeni glede na izvajanje zakonskih dolo\u010db, izdanih na podro\u010dju varstva zasebnosti. Posamezniki, na katere se nana\u0161ajo osebni podatki, so zato vabljeni, da redno spremljajo to stran. V ta namen informacije je naveden tudi datum posodobitve.<\/p>\n\n\n\n<p><em>Zadnja revizija opravljena oktobra&nbsp;2023&nbsp;<\/em><\/p>\n","protected":false},"excerpt":{"rendered":"<p>OBVESTILO O POLITIKI ZASEBNOSTI V SKLADU Z UREDBO (EU)\u00a02016\/679 \u2013 SPLO\u0160NA UREDBA O VARSTVU PODATKOV S tem obvestilom vas obve\u0161\u010damo, da v skladu z Uredbo (EU)&nbsp;2016\/679 (v nadaljnjem besedilu: SPLO\u0160NA UREDBA O VARSTVU PODATKOV) v zvezi z varstvom veljavnih osebnih podatkov (v nadaljnjem besedilu: zakonodaja o zasebnosti), da bodo osebni podatki (v nadaljnjem besedilu: podatki)<\/p>\n","protected":false},"author":1,"featured_media":0,"parent":0,"menu_order":15,"comment_status":"closed","ping_status":"closed","template":"template-privacy-policy.php","meta":{"_acf_changed":false,"_relevanssi_hide_post":"","_relevanssi_hide_content":"","_relevanssi_pin_for_all":"","_relevanssi_pin_keywords":"","_relevanssi_unpin_keywords":"","_relevanssi_related_keywords":"","_relevanssi_related_include_ids":"","_relevanssi_related_exclude_ids":"","_relevanssi_related_no_append":"","_relevanssi_related_not_related":"","_relevanssi_related_posts":"","_relevanssi_noindex_reason":"","footnotes":""},"class_list":["post-16","page","type-page","status-publish","hentry"],"acf":[],"_links":{"self":[{"href":"https:\/\/mutti-parma.com\/si\/wp-json\/wp\/v2\/pages\/16","targetHints":{"allow":["GET"]}}],"collection":[{"href":"https:\/\/mutti-parma.com\/si\/wp-json\/wp\/v2\/pages"}],"about":[{"href":"https:\/\/mutti-parma.com\/si\/wp-json\/wp\/v2\/types\/page"}],"author":[{"embeddable":true,"href":"https:\/\/mutti-parma.com\/si\/wp-json\/wp\/v2\/users\/1"}],"replies":[{"embeddable":true,"href":"https:\/\/mutti-parma.com\/si\/wp-json\/wp\/v2\/comments?post=16"}],"version-history":[{"count":2,"href":"https:\/\/mutti-parma.com\/si\/wp-json\/wp\/v2\/pages\/16\/revisions"}],"predecessor-version":[{"id":238,"href":"https:\/\/mutti-parma.com\/si\/wp-json\/wp\/v2\/pages\/16\/revisions\/238"}],"wp:attachment":[{"href":"https:\/\/mutti-parma.com\/si\/wp-json\/wp\/v2\/media?parent=16"}],"curies":[{"name":"wp","href":"https:\/\/api.w.org\/{rel}","templated":true}]}}