{"id":253,"date":"2024-05-30T12:46:26","date_gmt":"2024-05-30T12:46:26","guid":{"rendered":"https:\/\/mutti-parma.com\/si\/?page_id=253"},"modified":"2024-05-30T12:46:27","modified_gmt":"2024-05-30T12:46:27","slug":"predelajte-odpadke-z-mutti","status":"publish","type":"page","link":"https:\/\/mutti-parma.com\/si\/predelajte-odpadke-z-mutti\/","title":{"rendered":"Predelajte odpadke z Mutti"},"content":{"rendered":"\n<div class=\"wp-block-cover alignfull is-style-full-height\" style=\"margin-top:0;margin-bottom:0;min-height:736px;aspect-ratio:unset;\" data-hide-on=\"tablet desktop\"><span aria-hidden=\"true\" class=\"wp-block-cover__background has-background-dim-0 has-background-dim\"><\/span><img loading=\"lazy\" decoding=\"async\" class=\"wp-block-cover__image-background wp-image-9040\" alt=\"\" src=\"https:\/\/mutti-parma.com\/app\/uploads\/2023\/07\/1-hero-mobile.jpg\" data-object-fit=\"cover\" \/><div class=\"wp-block-cover__inner-container is-layout-flow wp-block-cover-is-layout-flow\">\n<h1 class=\"wp-block-heading has-text-align-center is-style-cursive has-xxl-heading-font-size\">Postanite sami svoj ustvarjalni mojster<\/h1>\n\n\n\n<h2 class=\"wp-block-heading is-style-default\" style=\"text-transform:none\">Predelajte odpadke z Mutti<\/h2>\n\n\n\n<p class=\"has-text-align-center\">Dobrodo\u0161li v na\u0161em razdelku Do-Art-Yourself za doma\u010de ustvarjalne mojstre, kjer raziskujemo neomejene mo\u017enosti predelave Muttijevih izdelkov. Za nas je trajnost na\u010din \u017eivljenja in kaj je bolj\u0161i na\u010din recikliranja kot vdihniti novo \u017eivljenje na\u0161im priljubljenim izdelkom?<\/p>\n\n\n\n<p class=\"has-text-align-center\">Tu boste odkrili zakladnico domiselnih idej in spretnih projektov, ki na\u0161o embala\u017eo spreminjajo v funkcionalne in estetske dekorativne predmete. Od elegantnega okrasja za dom do prakti\u010dnih re\u0161itev za shranjevanje \u2013 na\u0161e kreacije DIY izkori\u0161\u010dajo lepoto in trajnost embala\u017ee Mutti, da bi izbolj\u0161ale va\u0161e \u017eivljenjske prostore.<\/p>\n\n\n\n<div class=\"wp-block-buttons is-content-justification-center is-layout-flex wp-container-core-buttons-is-layout-16018d1d wp-block-buttons-is-layout-flex\">\n<div class=\"wp-block-button\"><a class=\"wp-block-button__link wp-element-button\" href=\"#listing\">ODKRIJTE PROJEKTE<\/a><\/div>\n<\/div>\n<\/div><\/div>\n\n\n\n<div class=\"wp-block-cover alignfull is-style-full-height\" style=\"margin-top:0;margin-bottom:0;min-height:736px;aspect-ratio:unset;\" data-hide-on=\"mobile\"><span aria-hidden=\"true\" class=\"wp-block-cover__background has-background-dim-0 has-background-dim\"><\/span><img loading=\"lazy\" decoding=\"async\" class=\"wp-block-cover__image-background wp-image-9039\" alt=\"\" src=\"https:\/\/mutti-parma.com\/app\/uploads\/2023\/07\/1-hero-desktop.jpg\" data-object-fit=\"cover\" \/><div class=\"wp-block-cover__inner-container is-layout-flow wp-block-cover-is-layout-flow\">\n<h1 class=\"wp-block-heading has-text-align-center is-style-cursive has-xxl-heading-font-size\">Postanite sami svoj ustvarjalni mojster<\/h1>\n\n\n\n<h2 class=\"wp-block-heading\" style=\"text-transform:none\">Predelajte odpadke z Mutti<\/h2>\n\n\n\n<p class=\"has-text-align-center\">Dobrodo\u0161li v na\u0161em razdelku Do-Art-Yourself za doma\u010de ustvarjalne mojstre, kjer raziskujemo neomejene mo\u017enosti predelave Muttijevih izdelkov. Za nas je trajnost na\u010din \u017eivljenja in kaj je bolj\u0161i na\u010din recikliranja kot vdihniti novo \u017eivljenje na\u0161im priljubljenim izdelkom?<\/p>\n\n\n\n<p class=\"has-text-align-center\">Tu boste odkrili zakladnico domiselnih idej in spretnih projektov, ki na\u0161o embala\u017eo spreminjajo v funkcionalne in estetske dekorativne predmete. Od elegantnega okrasja za dom do prakti\u010dnih re\u0161itev za shranjevanje \u2013 na\u0161e kreacije DIY izkori\u0161\u010dajo lepoto in trajnost embala\u017ee Mutti, da bi izbolj\u0161ale va\u0161e \u017eivljenjske prostore.<\/p>\n\n\n\n<div class=\"wp-block-buttons is-content-justification-center is-layout-flex wp-container-core-buttons-is-layout-16018d1d wp-block-buttons-is-layout-flex\">\n<div class=\"wp-block-button\"><a class=\"wp-block-button__link wp-element-button\" href=\"#listing\">ODKRIJTE PROJEKTE<\/a><\/div>\n<\/div>\n<\/div><\/div>\n\n\n\n<div class=\"wp-block-group alignfull has-background is-layout-constrained wp-block-group-is-layout-constrained\" style=\"background-color:#f0e9d7\"><div class=\"facetwp-facet facetwp-facet-project_category facetwp-type-radio\" data-name=\"project_category\" data-type=\"radio\"><\/div>\n<\/div>\n\n\n<div\n  class=\"acf-content-listing is-style-filtered alignwide\"\n   id=\"listing\" >\n  <div class=\"facetwp-template\">\n    <div class=\"flex -mx-6 -mt-5 md:-mt-6 flex-wrap\">\n               <div class=\"w-1\/1 sm:w-1\/2 md:w-1\/3 px-6 py-5 md:py-6\">\n          <div class=\"text-center\" data-vue-wrapper>\n      <a href=\"https:\/\/mutti-parma.com\/si\/project\/jojo-mutti-passata\/\" class=\"relative block mb-4 max-w-96 mx-auto\">\n      <div class=\"responsive-embed \" style=\"padding-bottom: 108.79765395894%;\">\n        <img decoding=\"async\" width=\"1024\" height=\"1024\" src=\"https:\/\/mutti-parma.com\/app\/uploads\/sites\/35\/2024\/03\/ww-socialped-2021-08-doartyourself-04-1024x1024-1.jpg\" class=\"inline-block wp-image-258\" alt=\"Jojo Mutti Passata\" sizes=\"auto, (max-width: 600px) 72vw, 431px\" data-spai-crop=\"true\" title=\"Jojo Mutti Passata\" srcset=\"https:\/\/mutti-parma.com\/app\/uploads\/sites\/35\/2024\/03\/ww-socialped-2021-08-doartyourself-04-1024x1024-1.jpg 1024w, https:\/\/mutti-parma.com\/app\/uploads\/sites\/35\/2024\/03\/ww-socialped-2021-08-doartyourself-04-1024x1024-1-500x500.jpg 500w, https:\/\/mutti-parma.com\/app\/uploads\/sites\/35\/2024\/03\/ww-socialped-2021-08-doartyourself-04-1024x1024-1-200x200.jpg 200w, https:\/\/mutti-parma.com\/app\/uploads\/sites\/35\/2024\/03\/ww-socialped-2021-08-doartyourself-04-1024x1024-1-768x768.jpg 768w, https:\/\/mutti-parma.com\/app\/uploads\/sites\/35\/2024\/03\/ww-socialped-2021-08-doartyourself-04-1024x1024-1-150x150.jpg 150w, https:\/\/mutti-parma.com\/app\/uploads\/sites\/35\/2024\/03\/ww-socialped-2021-08-doartyourself-04-1024x1024-1-600x600.jpg 600w, https:\/\/mutti-parma.com\/app\/uploads\/sites\/35\/2024\/03\/ww-socialped-2021-08-doartyourself-04-1024x1024-1-50x50.jpg 50w\" loading=\"lazy\" \/>\n      <\/div>\n    <\/a>\n  \n  <a class=\"block mb-4\" href=\"https:\/\/mutti-parma.com\/si\/project\/jojo-mutti-passata\/\">\n    <h3>Jojo Mutti Passata<\/h3>\n  <\/a>\n\n  <rate-post\n    namespace=\"mutti\/v1\"\n    :votes=\"0\"\n    :post-id=\"257\"\n  ><\/rate-post>\n<\/div>\n        <\/div>\n               <div class=\"w-1\/1 sm:w-1\/2 md:w-1\/3 px-6 py-5 md:py-6\">\n          <div class=\"text-center\" data-vue-wrapper>\n      <a href=\"https:\/\/mutti-parma.com\/si\/project\/lonec-za-sukulento-mutti\/\" class=\"relative block mb-4 max-w-96 mx-auto\">\n      <div class=\"responsive-embed \" style=\"padding-bottom: 108.79765395894%;\">\n        <img decoding=\"async\" width=\"1024\" height=\"1024\" src=\"https:\/\/mutti-parma.com\/app\/uploads\/sites\/35\/2024\/03\/ww-socialped-2021-09-doartyourself-01-fb-ig-1024x1024-1.jpg\" class=\"inline-block wp-image-262\" alt=\"Lonec za sukulento Mutti\" sizes=\"auto, (max-width: 600px) 72vw, 431px\" data-spai-crop=\"true\" title=\"Lonec za sukulento Mutti\" srcset=\"https:\/\/mutti-parma.com\/app\/uploads\/sites\/35\/2024\/03\/ww-socialped-2021-09-doartyourself-01-fb-ig-1024x1024-1.jpg 1024w, https:\/\/mutti-parma.com\/app\/uploads\/sites\/35\/2024\/03\/ww-socialped-2021-09-doartyourself-01-fb-ig-1024x1024-1-500x500.jpg 500w, https:\/\/mutti-parma.com\/app\/uploads\/sites\/35\/2024\/03\/ww-socialped-2021-09-doartyourself-01-fb-ig-1024x1024-1-200x200.jpg 200w, https:\/\/mutti-parma.com\/app\/uploads\/sites\/35\/2024\/03\/ww-socialped-2021-09-doartyourself-01-fb-ig-1024x1024-1-768x768.jpg 768w, https:\/\/mutti-parma.com\/app\/uploads\/sites\/35\/2024\/03\/ww-socialped-2021-09-doartyourself-01-fb-ig-1024x1024-1-150x150.jpg 150w, https:\/\/mutti-parma.com\/app\/uploads\/sites\/35\/2024\/03\/ww-socialped-2021-09-doartyourself-01-fb-ig-1024x1024-1-600x600.jpg 600w, https:\/\/mutti-parma.com\/app\/uploads\/sites\/35\/2024\/03\/ww-socialped-2021-09-doartyourself-01-fb-ig-1024x1024-1-50x50.jpg 50w\" loading=\"lazy\" \/>\n      <\/div>\n    <\/a>\n  \n  <a class=\"block mb-4\" href=\"https:\/\/mutti-parma.com\/si\/project\/lonec-za-sukulento-mutti\/\">\n    <h3>Lonec za sukulento Mutti<\/h3>\n  <\/a>\n\n  <rate-post\n    namespace=\"mutti\/v1\"\n    :votes=\"0\"\n    :post-id=\"261\"\n  ><\/rate-post>\n<\/div>\n        <\/div>\n               <div class=\"w-1\/1 sm:w-1\/2 md:w-1\/3 px-6 py-5 md:py-6\">\n          <div class=\"text-center\" data-vue-wrapper>\n      <a href=\"https:\/\/mutti-parma.com\/si\/project\/podstavki-iz-pokrovckov-izdelkov-mutti\/\" class=\"relative block mb-4 max-w-96 mx-auto\">\n      <div class=\"responsive-embed \" style=\"padding-bottom: 108.79765395894%;\">\n        <img decoding=\"async\" width=\"1024\" height=\"1024\" src=\"https:\/\/mutti-parma.com\/app\/uploads\/sites\/35\/2024\/03\/ww-socialped-2021-10-doartyourself-01-1024x1024-1.jpg\" class=\"inline-block wp-image-265\" alt=\"Podstavki iz pokrov\u010dkov izdelkov Mutti\" sizes=\"auto, (max-width: 600px) 72vw, 431px\" data-spai-crop=\"true\" title=\"Podstavki iz pokrov\u010dkov izdelkov Mutti\" srcset=\"https:\/\/mutti-parma.com\/app\/uploads\/sites\/35\/2024\/03\/ww-socialped-2021-10-doartyourself-01-1024x1024-1.jpg 1024w, https:\/\/mutti-parma.com\/app\/uploads\/sites\/35\/2024\/03\/ww-socialped-2021-10-doartyourself-01-1024x1024-1-500x500.jpg 500w, https:\/\/mutti-parma.com\/app\/uploads\/sites\/35\/2024\/03\/ww-socialped-2021-10-doartyourself-01-1024x1024-1-200x200.jpg 200w, https:\/\/mutti-parma.com\/app\/uploads\/sites\/35\/2024\/03\/ww-socialped-2021-10-doartyourself-01-1024x1024-1-768x768.jpg 768w, https:\/\/mutti-parma.com\/app\/uploads\/sites\/35\/2024\/03\/ww-socialped-2021-10-doartyourself-01-1024x1024-1-150x150.jpg 150w, https:\/\/mutti-parma.com\/app\/uploads\/sites\/35\/2024\/03\/ww-socialped-2021-10-doartyourself-01-1024x1024-1-600x600.jpg 600w, https:\/\/mutti-parma.com\/app\/uploads\/sites\/35\/2024\/03\/ww-socialped-2021-10-doartyourself-01-1024x1024-1-50x50.jpg 50w\" loading=\"lazy\" \/>\n      <\/div>\n    <\/a>\n  \n  <a class=\"block mb-4\" href=\"https:\/\/mutti-parma.com\/si\/project\/podstavki-iz-pokrovckov-izdelkov-mutti\/\">\n    <h3>Podstavki iz pokrov\u010dkov izdelkov Mutti<\/h3>\n  <\/a>\n\n  <rate-post\n    namespace=\"mutti\/v1\"\n    :votes=\"0\"\n    :post-id=\"264\"\n  ><\/rate-post>\n<\/div>\n        <\/div>\n               <div class=\"w-1\/1 sm:w-1\/2 md:w-1\/3 px-6 py-5 md:py-6\">\n          <div class=\"text-center\" data-vue-wrapper>\n      <a href=\"https:\/\/mutti-parma.com\/si\/project\/kuhinjski-pomocnik-mutti\/\" class=\"relative block mb-4 max-w-96 mx-auto\">\n      <div class=\"responsive-embed \" style=\"padding-bottom: 108.79765395894%;\">\n        <img decoding=\"async\" width=\"1024\" height=\"1024\" src=\"https:\/\/mutti-parma.com\/app\/uploads\/sites\/35\/2024\/03\/ww-socialped-2021-11-doartyourself-07-1024x1024-1.png\" class=\"inline-block wp-image-268\" alt=\"Kuhinjski pomo\u010dnik Mutti\" sizes=\"auto, (max-width: 600px) 72vw, 431px\" data-spai-crop=\"true\" title=\"Kuhinjski pomo\u010dnik Mutti\" srcset=\"https:\/\/mutti-parma.com\/app\/uploads\/sites\/35\/2024\/03\/ww-socialped-2021-11-doartyourself-07-1024x1024-1.png 1024w, https:\/\/mutti-parma.com\/app\/uploads\/sites\/35\/2024\/03\/ww-socialped-2021-11-doartyourself-07-1024x1024-1-500x500.png 500w, https:\/\/mutti-parma.com\/app\/uploads\/sites\/35\/2024\/03\/ww-socialped-2021-11-doartyourself-07-1024x1024-1-200x200.png 200w, https:\/\/mutti-parma.com\/app\/uploads\/sites\/35\/2024\/03\/ww-socialped-2021-11-doartyourself-07-1024x1024-1-768x768.png 768w, https:\/\/mutti-parma.com\/app\/uploads\/sites\/35\/2024\/03\/ww-socialped-2021-11-doartyourself-07-1024x1024-1-150x150.png 150w, https:\/\/mutti-parma.com\/app\/uploads\/sites\/35\/2024\/03\/ww-socialped-2021-11-doartyourself-07-1024x1024-1-600x600.png 600w, https:\/\/mutti-parma.com\/app\/uploads\/sites\/35\/2024\/03\/ww-socialped-2021-11-doartyourself-07-1024x1024-1-50x50.png 50w\" loading=\"lazy\" \/>\n      <\/div>\n    <\/a>\n  \n  <a class=\"block mb-4\" href=\"https:\/\/mutti-parma.com\/si\/project\/kuhinjski-pomocnik-mutti\/\">\n    <h3>Kuhinjski pomo\u010dnik Mutti<\/h3>\n  <\/a>\n\n  <rate-post\n    namespace=\"mutti\/v1\"\n    :votes=\"0\"\n    :post-id=\"267\"\n  ><\/rate-post>\n<\/div>\n        <\/div>\n               <div class=\"w-1\/1 sm:w-1\/2 md:w-1\/3 px-6 py-5 md:py-6\">\n          <div class=\"text-center\" data-vue-wrapper>\n      <a href=\"https:\/\/mutti-parma.com\/si\/project\/nosilec-bidona-mutti\/\" class=\"relative block mb-4 max-w-96 mx-auto\">\n      <div class=\"responsive-embed \" style=\"padding-bottom: 108.79765395894%;\">\n        <img decoding=\"async\" width=\"539\" height=\"1024\" src=\"https:\/\/mutti-parma.com\/app\/uploads\/sites\/35\/2024\/03\/borraccia-vert-04-lr-539x1024-1.jpg\" class=\"inline-block wp-image-272\" alt=\"Nosilec bidona Mutti\" sizes=\"auto, (max-width: 600px) 72vw, 431px\" data-spai-crop=\"true\" title=\"Nosilec bidona Mutti\" srcset=\"https:\/\/mutti-parma.com\/app\/uploads\/sites\/35\/2024\/03\/borraccia-vert-04-lr-539x1024-1.jpg 539w, https:\/\/mutti-parma.com\/app\/uploads\/sites\/35\/2024\/03\/borraccia-vert-04-lr-539x1024-1-263x500.jpg 263w, https:\/\/mutti-parma.com\/app\/uploads\/sites\/35\/2024\/03\/borraccia-vert-04-lr-539x1024-1-105x200.jpg 105w, https:\/\/mutti-parma.com\/app\/uploads\/sites\/35\/2024\/03\/borraccia-vert-04-lr-539x1024-1-150x285.jpg 150w\" loading=\"lazy\" \/>\n      <\/div>\n    <\/a>\n  \n  <a class=\"block mb-4\" href=\"https:\/\/mutti-parma.com\/si\/project\/nosilec-bidona-mutti\/\">\n    <h3>Nosilec bidona Mutti<\/h3>\n  <\/a>\n\n  <rate-post\n    namespace=\"mutti\/v1\"\n    :votes=\"0\"\n    :post-id=\"270\"\n  ><\/rate-post>\n<\/div>\n        <\/div>\n               <div class=\"w-1\/1 sm:w-1\/2 md:w-1\/3 px-6 py-5 md:py-6\">\n          <div class=\"text-center\" data-vue-wrapper>\n      <a href=\"https:\/\/mutti-parma.com\/si\/project\/igra-spomina-mutti\/\" class=\"relative block mb-4 max-w-96 mx-auto\">\n      <div class=\"responsive-embed \" style=\"padding-bottom: 108.79765395894%;\">\n        <img decoding=\"async\" width=\"1024\" height=\"1024\" src=\"https:\/\/mutti-parma.com\/app\/uploads\/sites\/35\/2024\/03\/memory-orizzontale-06-hr-1-1024x1024-1.jpg\" class=\"inline-block wp-image-276\" alt=\"Igra spomina Mutti\" sizes=\"auto, (max-width: 600px) 72vw, 431px\" data-spai-crop=\"true\" title=\"Igra spomina Mutti\" srcset=\"https:\/\/mutti-parma.com\/app\/uploads\/sites\/35\/2024\/03\/memory-orizzontale-06-hr-1-1024x1024-1.jpg 1024w, https:\/\/mutti-parma.com\/app\/uploads\/sites\/35\/2024\/03\/memory-orizzontale-06-hr-1-1024x1024-1-500x500.jpg 500w, https:\/\/mutti-parma.com\/app\/uploads\/sites\/35\/2024\/03\/memory-orizzontale-06-hr-1-1024x1024-1-200x200.jpg 200w, https:\/\/mutti-parma.com\/app\/uploads\/sites\/35\/2024\/03\/memory-orizzontale-06-hr-1-1024x1024-1-768x768.jpg 768w, https:\/\/mutti-parma.com\/app\/uploads\/sites\/35\/2024\/03\/memory-orizzontale-06-hr-1-1024x1024-1-150x150.jpg 150w, https:\/\/mutti-parma.com\/app\/uploads\/sites\/35\/2024\/03\/memory-orizzontale-06-hr-1-1024x1024-1-600x600.jpg 600w, https:\/\/mutti-parma.com\/app\/uploads\/sites\/35\/2024\/03\/memory-orizzontale-06-hr-1-1024x1024-1-50x50.jpg 50w\" loading=\"lazy\" \/>\n      <\/div>\n    <\/a>\n  \n  <a class=\"block mb-4\" href=\"https:\/\/mutti-parma.com\/si\/project\/igra-spomina-mutti\/\">\n    <h3>Igra spomina Mutti<\/h3>\n  <\/a>\n\n  <rate-post\n    namespace=\"mutti\/v1\"\n    :votes=\"0\"\n    :post-id=\"274\"\n  ><\/rate-post>\n<\/div>\n        <\/div>\n               <div class=\"w-1\/1 sm:w-1\/2 md:w-1\/3 px-6 py-5 md:py-6\">\n          <div class=\"text-center\" data-vue-wrapper>\n      <a href=\"https:\/\/mutti-parma.com\/si\/project\/ploscice-za-imena-mutti\/\" class=\"relative block mb-4 max-w-96 mx-auto\">\n      <div class=\"responsive-embed \" style=\"padding-bottom: 108.79765395894%;\">\n        <img decoding=\"async\" width=\"1024\" height=\"1024\" src=\"https:\/\/mutti-parma.com\/app\/uploads\/sites\/35\/2024\/03\/32-1024x1024-1.jpg\" class=\"inline-block wp-image-280\" alt=\"Plo\u0161\u010dice za imena Mutti\" sizes=\"auto, (max-width: 600px) 72vw, 431px\" data-spai-crop=\"true\" title=\"Plo\u0161\u010dice za imena Mutti\" srcset=\"https:\/\/mutti-parma.com\/app\/uploads\/sites\/35\/2024\/03\/32-1024x1024-1.jpg 1024w, https:\/\/mutti-parma.com\/app\/uploads\/sites\/35\/2024\/03\/32-1024x1024-1-500x500.jpg 500w, https:\/\/mutti-parma.com\/app\/uploads\/sites\/35\/2024\/03\/32-1024x1024-1-200x200.jpg 200w, https:\/\/mutti-parma.com\/app\/uploads\/sites\/35\/2024\/03\/32-1024x1024-1-768x768.jpg 768w, https:\/\/mutti-parma.com\/app\/uploads\/sites\/35\/2024\/03\/32-1024x1024-1-150x150.jpg 150w, https:\/\/mutti-parma.com\/app\/uploads\/sites\/35\/2024\/03\/32-1024x1024-1-600x600.jpg 600w, https:\/\/mutti-parma.com\/app\/uploads\/sites\/35\/2024\/03\/32-1024x1024-1-50x50.jpg 50w\" loading=\"lazy\" \/>\n      <\/div>\n    <\/a>\n  \n  <a class=\"block mb-4\" href=\"https:\/\/mutti-parma.com\/si\/project\/ploscice-za-imena-mutti\/\">\n    <h3>Plo\u0161\u010dice za imena Mutti<\/h3>\n  <\/a>\n\n  <rate-post\n    namespace=\"mutti\/v1\"\n    :votes=\"0\"\n    :post-id=\"278\"\n  ><\/rate-post>\n<\/div>\n        <\/div>\n                <\/div>\n  <\/div>\n\n      <div class=\"text-center\">\n      <div class=\"facetwp-pager\"><\/div>\n    <\/div>\n  <\/div>\n","protected":false},"excerpt":{"rendered":"","protected":false},"author":1,"featured_media":0,"parent":0,"menu_order":1,"comment_status":"closed","ping_status":"closed","template":"","meta":{"_acf_changed":false,"_relevanssi_hide_post":"","_relevanssi_hide_content":"","_relevanssi_pin_for_all":"","_relevanssi_pin_keywords":"","_relevanssi_unpin_keywords":"","_relevanssi_related_keywords":"","_relevanssi_related_include_ids":"","_relevanssi_related_exclude_ids":"","_relevanssi_related_no_append":"","_relevanssi_related_not_related":"","_relevanssi_related_posts":"","_relevanssi_noindex_reason":"","footnotes":""},"class_list":["post-253","page","type-page","status-publish","hentry"],"acf":[],"_links":{"self":[{"href":"https:\/\/mutti-parma.com\/si\/wp-json\/wp\/v2\/pages\/253","targetHints":{"allow":["GET"]}}],"collection":[{"href":"https:\/\/mutti-parma.com\/si\/wp-json\/wp\/v2\/pages"}],"about":[{"href":"https:\/\/mutti-parma.com\/si\/wp-json\/wp\/v2\/types\/page"}],"author":[{"embeddable":true,"href":"https:\/\/mutti-parma.com\/si\/wp-json\/wp\/v2\/users\/1"}],"replies":[{"embeddable":true,"href":"https:\/\/mutti-parma.com\/si\/wp-json\/wp\/v2\/comments?post=253"}],"version-history":[{"count":2,"href":"https:\/\/mutti-parma.com\/si\/wp-json\/wp\/v2\/pages\/253\/revisions"}],"predecessor-version":[{"id":255,"href":"https:\/\/mutti-parma.com\/si\/wp-json\/wp\/v2\/pages\/253\/revisions\/255"}],"wp:attachment":[{"href":"https:\/\/mutti-parma.com\/si\/wp-json\/wp\/v2\/media?parent=253"}],"curies":[{"name":"wp","href":"https:\/\/api.w.org\/{rel}","templated":true}]}}