{"id":3,"date":"2023-10-24T12:25:44","date_gmt":"2023-10-24T12:25:44","guid":{"rendered":"https:\/\/mutti-parma.com\/si\/home\/"},"modified":"2024-03-12T11:20:31","modified_gmt":"2024-03-12T11:20:31","slug":"home","status":"publish","type":"page","link":"https:\/\/mutti-parma.com\/si\/","title":{"rendered":"O nas"},"content":{"rendered":"<div class=\"acf-hero-video-player alignfull acf-video-player has-fill-stretch bg-cover bg-center\" style=\"background-image: url('https:\/\/mutti-parma.com\/app\/uploads\/sites\/35\/2024\/03\/mutti-slo-20sec-150721-web-mix-02-08.jpg')\" data-vue-wrapper>\n      <div class=\"responsive-embed \" style=\"padding-bottom: 56.25%;\">\n      <div class=\"responsive-embed-item\">\n        <video-player\n          :volume=\"50\"\n          :repeat=\"true\"\n          :autostart=\"true\"\n          :mute=\"true\"\n          :start-position=\"0\"\n          :show-controls=\"true\"\n          :chapters='[]'\n          :fullscreen=\"false\"\n          placeholder-image=\"https:\/\/mutti-parma.com\/app\/uploads\/sites\/35\/2024\/03\/mutti-slo-20sec-150721-web-mix-02-08.jpg\"\n          aspect-ratio=\"16:9\"\n          name=\"MUTTI_SLO_20sec_150721_TV_Mix_02_08-crf24\"\n                  >\n                      <source src=\"https:\/\/cdn.mutti-parma.com\/app\/uploads\/sites\/35\/2024\/03\/mutti-slo-20sec-150721-tv-mix-02-08-crf24.mp4\">\n                  <\/video-player>\n      <\/div>\n    <\/div>\n  <\/div>\n\n\n\n<div style=\"--media-width: 48\" class=\"wp-block-media-text alignwide has-media-on-the-right is-stacked-on-mobile is-vertically-aligned-bottom is-style-centered has-background-image\"><img loading=\"lazy\" decoding=\"async\" class=\"wp-block-media-text__background\" alt=\"\" data-spai-crop=\"true\" src=\"https:\/\/mutti-parma.com\/app\/uploads\/sites\/3\/2019\/09\/feeling-image-cooking-polpa.jpg\" \/><div class=\"wp-block-media-text__content\">\n<h2 class=\"wp-block-heading\"><strong>Izdelki Mutti<\/strong><\/h2>\n\n\n\n<p class=\"is-style-cursive has-xxl-font-size\">Odkrijte Polpo, Passato, Concentrato in Pelate<\/p>\n\n\n\n<p>Vsak recept potrebuje svojega najve\u010djega zaveznika. Razli\u010dni okusi, teksture in barve: poi\u0161\u010dite popolno sestavino, ki bo va\u0161o jed spremenila v okusno mojstrovino.<\/p>\n\n\n\n<div class=\"wp-block-button\"><a class=\"wp-block-button__link wp-element-button\" href=\"https:\/\/mutti-parma.com\/si\/izdelki\/\">Odkrijte na\u0161e izdelke<\/a><\/div>\n<\/div><figure class=\"wp-block-media-text__media\"><img loading=\"lazy\" decoding=\"async\" src=\"https:\/\/mutti-parma.com\/app\/uploads\/sites\/3\/2020\/02\/products-essentials-e1582204403666.png\" alt=\"\" class=\"wp-image-300000352 size-full\" sizes=\"(min-width: 1440px) 461px,32vw\" data-spai-crop=\"false\" srcset=\"https:\/\/mutti-parma.com\/app\/uploads\/sites\/3\/2020\/02\/products-essentials-e1582204403666.png 565w, https:\/\/mutti-parma.com\/app\/uploads\/sites\/3\/2020\/02\/products-essentials-e1582204403666-200x173.png 200w, https:\/\/mutti-parma.com\/app\/uploads\/sites\/3\/2020\/02\/products-essentials-e1582204403666-500x432.png 500w, https:\/\/mutti-parma.com\/app\/uploads\/sites\/3\/2020\/02\/products-essentials-e1582204403666-150x130.png 150w\" \/><\/figure><\/div>\n\n\n\n\n\n\n\n<div class=\"wp-block-media-text alignwide is-stacked-on-mobile\"><figure class=\"wp-block-media-text__media\"><img loading=\"lazy\" decoding=\"async\" src=\"https:\/\/mutti-parma.com\/app\/uploads\/sites\/3\/2019\/09\/banner-golden-tomato-1024x683.jpg\" alt=\"\" class=\"wp-image-300000162 size-full\" sizes=\"(max-width: 600px) 100vw, (min-width: 1440px) 792px,55vw\" data-spai-crop=\"false\" srcset=\"https:\/\/mutti-parma.com\/app\/uploads\/sites\/3\/2019\/09\/banner-golden-tomato-1024x683.jpg 1024w, https:\/\/mutti-parma.com\/app\/uploads\/sites\/3\/2019\/09\/banner-golden-tomato-200x133.jpg 200w, https:\/\/mutti-parma.com\/app\/uploads\/sites\/3\/2019\/09\/banner-golden-tomato-500x333.jpg 500w, https:\/\/mutti-parma.com\/app\/uploads\/sites\/3\/2019\/09\/banner-golden-tomato-768x512.jpg 768w, https:\/\/mutti-parma.com\/app\/uploads\/sites\/3\/2019\/09\/banner-golden-tomato-150x100.jpg 150w, https:\/\/mutti-parma.com\/app\/uploads\/sites\/3\/2019\/09\/banner-golden-tomato-600x400.jpg 600w\" \/><\/figure><div class=\"wp-block-media-text__content\">\n<h2 class=\"wp-block-heading\">Pomodorino d\u00b4Oro <\/h2>\n\n\n\n<p class=\"is-style-cursive has-xxl-font-size\">Prizadevanje za popolnost<\/p>\n\n\n\n<p>Delamo vse, kar je v na\u0161i mo\u010di, da vam ponudimo izdelke najbolj\u0161e kakovosti. Zato podjetje Mutti vsako leto podeli nagrado za kakovost Pomodorino d&#8217;oro (Zlati paradi\u017enik) najbolj\u0161emu pridelovalcu v severni Italiji in na ju\u017enih pridelovalnih obmo\u010djih.<\/p>\n\n\n\n<div class=\"wp-block-button\"><a class=\"wp-block-button__link wp-element-button\" href=\"https:\/\/mutti-parma.com\/si\/about-us\/pomodorino-doro\/\">Preberite ve\u010d o nagradi<\/a><\/div>\n<\/div><\/div>\n\n\n","protected":false},"excerpt":{"rendered":"","protected":false},"author":1,"featured_media":0,"parent":0,"menu_order":3,"comment_status":"closed","ping_status":"closed","template":"template-frontpage.php","meta":{"_acf_changed":false,"_relevanssi_hide_post":"","_relevanssi_hide_content":"","_relevanssi_pin_for_all":"","_relevanssi_pin_keywords":"","_relevanssi_unpin_keywords":"","_relevanssi_related_keywords":"","_relevanssi_related_include_ids":"","_relevanssi_related_exclude_ids":"","_relevanssi_related_no_append":"","_relevanssi_related_not_related":"","_relevanssi_related_posts":"","_relevanssi_noindex_reason":"","footnotes":""},"class_list":["post-3","page","type-page","status-publish","hentry"],"acf":[],"_links":{"self":[{"href":"https:\/\/mutti-parma.com\/si\/wp-json\/wp\/v2\/pages\/3","targetHints":{"allow":["GET"]}}],"collection":[{"href":"https:\/\/mutti-parma.com\/si\/wp-json\/wp\/v2\/pages"}],"about":[{"href":"https:\/\/mutti-parma.com\/si\/wp-json\/wp\/v2\/types\/page"}],"author":[{"embeddable":true,"href":"https:\/\/mutti-parma.com\/si\/wp-json\/wp\/v2\/users\/1"}],"replies":[{"embeddable":true,"href":"https:\/\/mutti-parma.com\/si\/wp-json\/wp\/v2\/comments?post=3"}],"version-history":[{"count":15,"href":"https:\/\/mutti-parma.com\/si\/wp-json\/wp\/v2\/pages\/3\/revisions"}],"predecessor-version":[{"id":305,"href":"https:\/\/mutti-parma.com\/si\/wp-json\/wp\/v2\/pages\/3\/revisions\/305"}],"wp:attachment":[{"href":"https:\/\/mutti-parma.com\/si\/wp-json\/wp\/v2\/media?parent=3"}],"curies":[{"name":"wp","href":"https:\/\/api.w.org\/{rel}","templated":true}]}}